{"id":43524,"date":"2024-10-28T15:44:04","date_gmt":"2024-10-28T15:44:04","guid":{"rendered":"https:\/\/kooistra.com\/?page_id=43524"},"modified":"2025-11-06T12:38:05","modified_gmt":"2025-11-06T11:38:05","slug":"datenschutzbestimmungen","status":"publish","type":"page","link":"https:\/\/kooistra.com\/de\/privacybeleid\/","title":{"rendered":"Datenschutzbestimmungen"},"content":{"rendered":"<div data-elementor-type=\"wp-page\" data-elementor-id=\"43524\" class=\"elementor elementor-43524\" data-elementor-post-type=\"page\">\n\t\t\t\t<div class=\"elementor-element elementor-element-12fe76f e-flex e-con-boxed e-con e-parent\" data-id=\"12fe76f\" data-element_type=\"container\" data-e-type=\"container\">\n\t\t\t\t\t<div class=\"e-con-inner\">\n\t\t\t\t<div class=\"elementor-element elementor-element-fb4bd86 elementor-widget elementor-widget-heading\" data-id=\"fb4bd86\" data-element_type=\"widget\" data-e-type=\"widget\" data-widget_type=\"heading.default\">\n\t\t\t\t<div class=\"elementor-widget-container\">\n\t\t\t\t\t<h1 class=\"elementor-heading-title elementor-size-default\">Datenschutz &amp; Cookies <\/h1>\t\t\t\t<\/div>\n\t\t\t\t<\/div>\n\t\t\t\t<div class=\"elementor-element elementor-element-5a5dc60 elementor-widget elementor-widget-text-editor\" data-id=\"5a5dc60\" data-element_type=\"widget\" data-e-type=\"widget\" data-widget_type=\"text-editor.default\">\n\t\t\t\t<div class=\"elementor-widget-container\">\n\t\t\t\t\t\t\t\t\t<p class=\"p1\"><b>Datenschutzerkl\u00e4rung von Kooistra.com BV<\/b><\/p><p class=\"p1\">\u00dcber unsere Website www.kooistra.com sammeln und verarbeiten wir verschiedene pers\u00f6nliche Daten von Ihnen und anderen Besuchern. Verantwortlich daf\u00fcr ist die Kooistra.com BV (nachstehend \"Kooistra.com\" genannt). In dieser Datenschutzerkl\u00e4rung erfahren Sie, welche (pers\u00f6nlichen) Informationen wir von Ihnen erhalten und zu welchem Zweck wir diese Informationen verwenden. Wir respektieren die Privatsph\u00e4re der Besucher unserer Websites und sorgen daf\u00fcr, dass Ihre Daten in \u00dcbereinstimmung mit den geltenden Datenschutzgesetzen und -vorschriften vertraulich behandelt werden.<\/p><p class=\"p1\"><b>Zwecke der Datenverarbeitung<\/b><\/p><p class=\"p1\">Ihre pers\u00f6nlichen Daten werden von uns f\u00fcr den Abschluss und die Ausf\u00fchrung von Vertr\u00e4gen \u00fcber den Verkauf oder den Kauf von Artikeln auf Kooistra.com verarbeitet, einschlie\u00dflich Aktivit\u00e4ten zur Erweiterung unseres Kundenstamms.<\/p><p class=\"p1\"><b>Allgemeine Besuchsdaten<\/b><\/p><p class=\"p1\">Wir erfassen allgemeine Besucherdaten \u00fcber die Nutzung unserer Website, einschlie\u00dflich der IP-Adresse Ihres Computers, eines etwaigen Benutzernamens, des Zeitpunkts des Abrufs und der vom Browser eines Besuchers \u00fcbermittelten Daten. Wir versuchen, diese Daten so weit wie m\u00f6glich zu anonymisieren, bevor wir sie verwenden. Diese Daten werden nicht ohne Ihre Zustimmung an Dritte weitergegeben.<\/p><p class=\"p1\"><b>Kontakt- oder Anmeldeformular, E-Mail und Chat<\/b><\/p><p class=\"p1\">Wenn Sie auf der Website ein Kontakt- oder Anmeldeformular ausf\u00fcllen, uns eine Chat-Nachricht oder eine E-Mail senden, werden die von Ihnen \u00fcbermittelten Daten so lange aufbewahrt, wie es die Art des Formulars oder der Inhalt Ihrer Chat-Nachricht oder E-Mail erfordert, um sie vollst\u00e4ndig beantworten und bearbeiten zu k\u00f6nnen. Diese Daten werden nicht ohne Ihre Zustimmung an Dritte weitergegeben.<\/p><p class=\"p1\"><b>Cookies<\/b><\/p><p class=\"p1\">Unsere Websites verwenden Cookies. Ein Cookie ist eine kleine Datei, die mit den Seiten dieser Website verschickt und von Ihrem Browser auf der Festplatte Ihres Computers gespeichert wird. Sie k\u00f6nnen die Platzierung von Cookies verweigern oder platzierte Cookies \u00fcber Ihren Browser l\u00f6schen, was allerdings die Funktionsweise der Website beeintr\u00e4chtigen kann. Erkl\u00e4rungen hierzu finden Sie beim Verbraucherverband: http:\/\/www.consumentenbond.nl\/... cookies. Wir verwenden funktionale Cookies f\u00fcr den Betrieb unserer Website, z. B. um sich zu merken, ob Sie der Platzierung von Cookies zugestimmt haben und welche Artikel Sie in den Einkaufswagen gelegt haben.<\/p><p class=\"p1\"><b>Analytische Cookies<\/b><\/p><p class=\"p1\">Mit Ihrem Einverst\u00e4ndnis verwenden wir auch analytische Cookies, die es uns erm\u00f6glichen, das Funktionieren unserer Website zu optimieren. Mit diesen Cookies k\u00f6nnen wir zum Beispiel nachvollziehen, wie Sie unsere Website gefunden haben und welche Bereiche Sie besuchen.<\/p><p class=\"p1\"><b>Tracking-Cookies<\/b><\/p><p class=\"p1\">Mit Ihrer Erlaubnis platzieren wir Tracking-Cookies auf unserer Website. Diese Cookies helfen uns, ein (anonymes) Profil Ihres Surfverhaltens zu erstellen, das dazu dient, Werbung auf Ihre Interessen abzustimmen.<\/p><p class=\"p1\">Weitere Informationen \u00fcber Cookies, die \u00fcber unsere Website platziert werden, finden Sie in unserer Cookie-\u00dcbersicht.<\/p><p class=\"p1\"><b>Newsletter<\/b><\/p><p class=\"p1\">Wir bieten einen Newsletter an, um Interessenten \u00fcber unsere Produkte, Neuigkeiten und Angebote zu informieren. F\u00fcr den Versand nutzen wir E-Mail (\u00fcber Emailoctopus) und\/oder Whatsapp. Ihre E-Mail-Adresse und\/oder Telefonnummer wird nur mit Ihrer Zustimmung in die Liste der Abonnenten aufgenommen. Jeder Newsletter enth\u00e4lt einen Link zum Abbestellen. In der Nachricht, mit der Sie sich f\u00fcr den Newsletter \u00fcber Whatsapp anmelden, werden Sie auch dar\u00fcber informiert, wie Sie sich abmelden k\u00f6nnen. Die Datei der Newsletter-Abonnenten wird nicht an Dritte weitergegeben.<\/p><p class=\"p1\"><b>Empf\u00e4nger<\/b><\/p><p class=\"p1\">Die personenbezogenen Daten, die Sie uns zur Verf\u00fcgung stellen, k\u00f6nnen zur Erbringung unserer Dienstleistungen an Dritte weitergegeben werden (z. B. an die Partei, die unsere Websites hostet). Mit diesen Parteien schlie\u00dfen wir einen Verarbeitungsvertrag, in dem sie sich verpflichten, diese Datenschutzerkl\u00e4rung einzuhalten.<\/p><p class=\"p1\"><b>Aufbewahrungsfristen<\/b><\/p><p class=\"p1\">Wir bewahren Ihre personenbezogenen Daten so lange auf, wie es f\u00fcr die in dieser Datenschutzerkl\u00e4rung dargelegten Zwecke erforderlich ist. Mit Ihrer Zustimmung k\u00f6nnen wir die Daten auch l\u00e4nger aufbewahren.<\/p><p class=\"p1\"><b>Sicherheit personenbezogener Daten<\/b><\/p><p class=\"p1\">Wir wenden strenge Sicherheitsverfahren an, um den unbefugten Zugriff auf personenbezogene Daten zu verhindern. Der Zugang zu Protokolldateien und anderen personenbezogenen Daten wird durch Passw\u00f6rter und Verschl\u00fcsselung eingeschr\u00e4nkt.<\/p><p class=\"p1\"><b>Websites von Dritten<\/b><\/p><p class=\"p1\">Diese Erkl\u00e4rung gilt nicht f\u00fcr Websites Dritter, die \u00fcber Hyperlinks mit unserer Website verbunden sind. Wir k\u00f6nnen nicht garantieren, dass diese Parteien Ihre Daten zuverl\u00e4ssig oder sicher behandeln. Wir empfehlen Ihnen, die Datenschutzerkl\u00e4rungen dieser Websites zu lesen, bevor Sie sie nutzen.<\/p><p class=\"p1\"><b>Einsichtnahme und \u00c4nderung von personenbezogenen Daten<\/b><\/p><p class=\"p1\">Sie haben das Recht zu erfahren, welche personenbezogenen Daten wir \u00fcber Sie verarbeiten. Wenn Ihre Daten unrichtig, unvollst\u00e4ndig oder irrelevant sind, werden wir sie auf Ihren Wunsch hin berichtigen oder l\u00f6schen (es sei denn, wir sind verpflichtet, sie aufzubewahren). Au\u00dferdem haben Sie unter bestimmten Umst\u00e4nden das Recht, die Verarbeitung Ihrer Daten einzuschr\u00e4nken, Widerspruch gegen die Verarbeitung einzulegen und das Recht auf Daten\u00fcbertragbarkeit in Anspruch zu nehmen. Diese Antr\u00e4ge k\u00f6nnen Sie uns vorzugsweise per E-Mail zukommen lassen.<\/p><p class=\"p1\">Weitere Informationen erhalten Sie per E-Mail unter info@kooistra.com oder per Post: Apolloweg 2, 8938AT, Leeuwarden<\/p><p class=\"p1\">Von Zeit zu Zeit k\u00f6nnen \u00c4nderungen an dieser Datenschutzerkl\u00e4rung vorgenommen werden. Wir empfehlen Ihnen, sie regelm\u00e4\u00dfig zu \u00fcberpr\u00fcfen. Die letzte \u00c4nderung dieser Datenschutz- und Cookie-Erkl\u00e4rung erfolgte am 31-10-2024<\/p>\t\t\t\t\t\t\t\t<\/div>\n\t\t\t\t<\/div>\n\t\t\t\t\t<\/div>\n\t\t\t\t<\/div>\n\t\t\t\t<\/div>","protected":false},"excerpt":{"rendered":"<p>Privacybeleid &amp; cookies Privacyverklaring van Kooistra.com BV Via onze website www.kooistra.com verzamelen en verwerken wij diverse persoonsgegevens van u en andere bezoekers. Verantwoordelijke hiervoor is Kooistra.com BV (hierna te noemen \u2018Kooistra.com\u2019). In deze privacyverklaring leest u welke (persoonlijke) informatie wij van u ontvangen en met welk doel wij deze informatie gebruiken. Wij respecteren de privacy [&hellip;]<\/p>\n","protected":false},"author":1,"featured_media":0,"parent":0,"menu_order":0,"comment_status":"closed","ping_status":"closed","template":"","meta":{"footnotes":""},"class_list":["post-43524","page","type-page","status-publish","hentry"],"yoast_head":"<!-- This site is optimized with the Yoast SEO plugin v27.4 - https:\/\/yoast.com\/product\/yoast-seo-wordpress\/ -->\n<title>Privacybeleid - Kooistra.com - Opkoper en verkoper restpartijen<\/title>\n<meta name=\"robots\" content=\"index, follow, max-snippet:-1, max-image-preview:large, max-video-preview:-1\" \/>\n<link rel=\"canonical\" href=\"https:\/\/kooistra.com\/de\/datenschutzbestimmungen\/\" \/>\n<meta property=\"og:locale\" content=\"de_DE\" \/>\n<meta property=\"og:type\" content=\"article\" \/>\n<meta property=\"og:title\" content=\"Privacybeleid - Kooistra.com - Opkoper en verkoper restpartijen\" \/>\n<meta property=\"og:description\" content=\"Privacybeleid &amp; cookies Privacyverklaring van Kooistra.com BV Via onze website www.kooistra.com verzamelen en verwerken wij diverse persoonsgegevens van u en andere bezoekers. Verantwoordelijke hiervoor is Kooistra.com BV (hierna te noemen \u2018Kooistra.com\u2019). In deze privacyverklaring leest u welke (persoonlijke) informatie wij van u ontvangen en met welk doel wij deze informatie gebruiken. Wij respecteren de privacy [&hellip;]\" \/>\n<meta property=\"og:url\" content=\"https:\/\/kooistra.com\/de\/datenschutzbestimmungen\/\" \/>\n<meta property=\"og:site_name\" content=\"Kooistra.com - Opkoper en verkoper restpartijen\" \/>\n<meta property=\"article:publisher\" content=\"https:\/\/www.facebook.com\/kooistracom\/?locale=nl_NL\" \/>\n<meta property=\"article:modified_time\" content=\"2025-11-06T11:38:05+00:00\" \/>\n<meta property=\"og:image\" content=\"https:\/\/kooistra.com\/wp-content\/uploads\/2024\/11\/logo-Kooistra.com-nieuw-2024-kopie.png\" \/>\n\t<meta property=\"og:image:width\" content=\"3000\" \/>\n\t<meta property=\"og:image:height\" content=\"1240\" \/>\n\t<meta property=\"og:image:type\" content=\"image\/png\" \/>\n<meta name=\"twitter:card\" content=\"summary_large_image\" \/>\n<meta name=\"twitter:label1\" content=\"Gesch\u00e4tzte Lesezeit\" \/>\n\t<meta name=\"twitter:data1\" content=\"4\u00a0Minuten\" \/>\n<script type=\"application\/ld+json\" class=\"yoast-schema-graph\">{\"@context\":\"https:\\\/\\\/schema.org\",\"@graph\":[{\"@type\":\"WebPage\",\"@id\":\"https:\\\/\\\/kooistra.com\\\/privacybeleid\\\/\",\"url\":\"https:\\\/\\\/kooistra.com\\\/privacybeleid\\\/\",\"name\":\"Privacybeleid - Kooistra.com - Opkoper en verkoper restpartijen\",\"isPartOf\":{\"@id\":\"https:\\\/\\\/kooistra.com\\\/#website\"},\"datePublished\":\"2024-10-28T15:44:04+00:00\",\"dateModified\":\"2025-11-06T11:38:05+00:00\",\"breadcrumb\":{\"@id\":\"https:\\\/\\\/kooistra.com\\\/privacybeleid\\\/#breadcrumb\"},\"inLanguage\":\"de\",\"potentialAction\":[{\"@type\":\"ReadAction\",\"target\":[\"https:\\\/\\\/kooistra.com\\\/privacybeleid\\\/\"]}]},{\"@type\":\"BreadcrumbList\",\"@id\":\"https:\\\/\\\/kooistra.com\\\/privacybeleid\\\/#breadcrumb\",\"itemListElement\":[{\"@type\":\"ListItem\",\"position\":1,\"name\":\"Home\",\"item\":\"https:\\\/\\\/kooistra.com\\\/\"},{\"@type\":\"ListItem\",\"position\":2,\"name\":\"Privacybeleid\"}]},{\"@type\":\"WebSite\",\"@id\":\"https:\\\/\\\/kooistra.com\\\/#website\",\"url\":\"https:\\\/\\\/kooistra.com\\\/\",\"name\":\"Kooistra.com Partijhandel Restpartijen\",\"description\":\"Wij kopen al uw voorraad. Partijen, retouren, restpartijen en andere voorraden.\",\"publisher\":{\"@id\":\"https:\\\/\\\/kooistra.com\\\/#organization\"},\"alternateName\":\"Opkoper en verkoper restpartijen\",\"potentialAction\":[{\"@type\":\"SearchAction\",\"target\":{\"@type\":\"EntryPoint\",\"urlTemplate\":\"https:\\\/\\\/kooistra.com\\\/?s={search_term_string}\"},\"query-input\":{\"@type\":\"PropertyValueSpecification\",\"valueRequired\":true,\"valueName\":\"search_term_string\"}}],\"inLanguage\":\"de\"},{\"@type\":\"Organization\",\"@id\":\"https:\\\/\\\/kooistra.com\\\/#organization\",\"name\":\"Kooistra.com BV\",\"alternateName\":\"Restpartij opkopers\",\"url\":\"https:\\\/\\\/kooistra.com\\\/\",\"logo\":{\"@type\":\"ImageObject\",\"inLanguage\":\"de\",\"@id\":\"https:\\\/\\\/kooistra.com\\\/#\\\/schema\\\/logo\\\/image\\\/\",\"url\":\"https:\\\/\\\/kooistra.com\\\/wp-content\\\/uploads\\\/2024\\\/11\\\/logo-Kooistra.com-nieuw-2024-kopie.png\",\"contentUrl\":\"https:\\\/\\\/kooistra.com\\\/wp-content\\\/uploads\\\/2024\\\/11\\\/logo-Kooistra.com-nieuw-2024-kopie.png\",\"width\":3000,\"height\":1240,\"caption\":\"Kooistra.com BV\"},\"image\":{\"@id\":\"https:\\\/\\\/kooistra.com\\\/#\\\/schema\\\/logo\\\/image\\\/\"},\"sameAs\":[\"https:\\\/\\\/www.facebook.com\\\/kooistracom\\\/?locale=nl_NL\",\"https:\\\/\\\/nl.linkedin.com\\\/company\\\/kooistra-com-b.v.\"]}]}<\/script>\n<!-- \/ Yoast SEO plugin. -->","yoast_head_json":{"title":"Datenschutzerkl\u00e4rung - Kooistra.com - K\u00e4ufer und Verk\u00e4ufer von Restposten","robots":{"index":"index","follow":"follow","max-snippet":"max-snippet:-1","max-image-preview":"max-image-preview:large","max-video-preview":"max-video-preview:-1"},"canonical":"https:\/\/kooistra.com\/de\/datenschutzbestimmungen\/","og_locale":"de_DE","og_type":"article","og_title":"Privacybeleid - Kooistra.com - Opkoper en verkoper restpartijen","og_description":"Privacybeleid &amp; cookies Privacyverklaring van Kooistra.com BV Via onze website www.kooistra.com verzamelen en verwerken wij diverse persoonsgegevens van u en andere bezoekers. Verantwoordelijke hiervoor is Kooistra.com BV (hierna te noemen \u2018Kooistra.com\u2019). In deze privacyverklaring leest u welke (persoonlijke) informatie wij van u ontvangen en met welk doel wij deze informatie gebruiken. Wij respecteren de privacy [&hellip;]","og_url":"https:\/\/kooistra.com\/de\/datenschutzbestimmungen\/","og_site_name":"Kooistra.com - Opkoper en verkoper restpartijen","article_publisher":"https:\/\/www.facebook.com\/kooistracom\/?locale=nl_NL","article_modified_time":"2025-11-06T11:38:05+00:00","og_image":[{"width":3000,"height":1240,"url":"https:\/\/kooistra.com\/wp-content\/uploads\/2024\/11\/logo-Kooistra.com-nieuw-2024-kopie.png","type":"image\/png"}],"twitter_card":"summary_large_image","twitter_misc":{"Gesch\u00e4tzte Lesezeit":"4\u00a0Minuten"},"schema":{"@context":"https:\/\/schema.org","@graph":[{"@type":"WebPage","@id":"https:\/\/kooistra.com\/privacybeleid\/","url":"https:\/\/kooistra.com\/privacybeleid\/","name":"Datenschutzerkl\u00e4rung - Kooistra.com - K\u00e4ufer und Verk\u00e4ufer von Restposten","isPartOf":{"@id":"https:\/\/kooistra.com\/#website"},"datePublished":"2024-10-28T15:44:04+00:00","dateModified":"2025-11-06T11:38:05+00:00","breadcrumb":{"@id":"https:\/\/kooistra.com\/privacybeleid\/#breadcrumb"},"inLanguage":"de","potentialAction":[{"@type":"ReadAction","target":["https:\/\/kooistra.com\/privacybeleid\/"]}]},{"@type":"BreadcrumbList","@id":"https:\/\/kooistra.com\/privacybeleid\/#breadcrumb","itemListElement":[{"@type":"ListItem","position":1,"name":"Home","item":"https:\/\/kooistra.com\/"},{"@type":"ListItem","position":2,"name":"Privacybeleid"}]},{"@type":"WebSite","@id":"https:\/\/kooistra.com\/#website","url":"https:\/\/kooistra.com\/","name":"Kooistra.com Partei Handel Reste","description":"Wir kaufen alle Ihre Best\u00e4nde. Chargen, Retouren, Restchargen und andere Best\u00e4nde.","publisher":{"@id":"https:\/\/kooistra.com\/#organization"},"alternateName":"Opkoper en verkoper restpartijen","potentialAction":[{"@type":"SearchAction","target":{"@type":"EntryPoint","urlTemplate":"https:\/\/kooistra.com\/?s={search_term_string}"},"query-input":{"@type":"PropertyValueSpecification","valueRequired":true,"valueName":"search_term_string"}}],"inLanguage":"de"},{"@type":"Organization","@id":"https:\/\/kooistra.com\/#organization","name":"Kooistra.com BV","alternateName":"Restpartij opkopers","url":"https:\/\/kooistra.com\/","logo":{"@type":"ImageObject","inLanguage":"de","@id":"https:\/\/kooistra.com\/#\/schema\/logo\/image\/","url":"https:\/\/kooistra.com\/wp-content\/uploads\/2024\/11\/logo-Kooistra.com-nieuw-2024-kopie.png","contentUrl":"https:\/\/kooistra.com\/wp-content\/uploads\/2024\/11\/logo-Kooistra.com-nieuw-2024-kopie.png","width":3000,"height":1240,"caption":"Kooistra.com BV"},"image":{"@id":"https:\/\/kooistra.com\/#\/schema\/logo\/image\/"},"sameAs":["https:\/\/www.facebook.com\/kooistracom\/?locale=nl_NL","https:\/\/nl.linkedin.com\/company\/kooistra-com-b.v."]}]}},"_links":{"self":[{"href":"https:\/\/kooistra.com\/de\/wp-json\/wp\/v2\/pages\/43524","targetHints":{"allow":["GET"]}}],"collection":[{"href":"https:\/\/kooistra.com\/de\/wp-json\/wp\/v2\/pages"}],"about":[{"href":"https:\/\/kooistra.com\/de\/wp-json\/wp\/v2\/types\/page"}],"author":[{"embeddable":true,"href":"https:\/\/kooistra.com\/de\/wp-json\/wp\/v2\/users\/1"}],"replies":[{"embeddable":true,"href":"https:\/\/kooistra.com\/de\/wp-json\/wp\/v2\/comments?post=43524"}],"version-history":[{"count":3,"href":"https:\/\/kooistra.com\/de\/wp-json\/wp\/v2\/pages\/43524\/revisions"}],"predecessor-version":[{"id":89052,"href":"https:\/\/kooistra.com\/de\/wp-json\/wp\/v2\/pages\/43524\/revisions\/89052"}],"wp:attachment":[{"href":"https:\/\/kooistra.com\/de\/wp-json\/wp\/v2\/media?parent=43524"}],"curies":[{"name":"wp","href":"https:\/\/api.w.org\/{rel}","templated":true}]}}