{"id":78359,"date":"2022-09-27T09:05:57","date_gmt":"2022-09-27T08:05:57","guid":{"rendered":"https:\/\/kooistra.com\/product\/jaws-refill-allesreiniger-concentraat-2\/"},"modified":"2026-04-08T15:15:31","modified_gmt":"2026-04-08T14:15:31","slug":"kiefer-nachfullpackung-allzweckreiniger-konzentrat-2","status":"publish","type":"product","link":"https:\/\/kooistra.com\/de\/product\/jaws-refill-allesreiniger-concentraat-2\/","title":{"rendered":"Jaws refill Pods - Konzentrierter Allzweckreiniger - 2 x 95 ml"},"content":{"rendered":"<p>Jaws refill kitchen cleaner ist ein extrem leistungsstarker, ungiftiger Allzweckreiniger zur Entfernung von Fett und Schmutz. Dieser schnell wirkende K\u00fcchenentfetter reinigt Oberfl\u00e4chen streifenfrei, ohne Granit, Edelstahl oder andere moderne Oberfl\u00e4chen anzugreifen.<\/p>","protected":false},"excerpt":{"rendered":"<div class=\"slot slot--description slot--seperated js_slot-description\" data-group-name=\"ProductDescription\" data-bltgg=\"u-FfuOKnb-J9nv5DN9VFqw.2_13\">\n<div data-test=\"product-description\" data-bltgi=\"u-FfuOKnb-J9nv5DN9VFqw.2_13.14\">\n<div class=\"product-description\" data-test=\"description\">\n<p><strong>Eigenschaften<\/strong><\/p>\n<ul>\n<li>Jaws nachf\u00fcllen - K\u00fcchenreiniger Konzentrat, 2x95ml<\/li>\n<li>Nachf\u00fcllen f\u00fcr 2 mal eine 750 ml Flasche<\/li>\n<li>Ungiftige Formel<\/li>\n<li>\u00c4u\u00dferst wirksam gegen Schmierfett<\/li>\n<li>Leichter Duft nach Orange und Zimt<\/li>\n<li>Niederl\u00e4ndischer, franz\u00f6sischer und deutscher Text<\/li>\n<li><\/li>\n<\/ul>\n<\/div>\n<\/div>\n<\/div>","protected":false},"featured_media":78360,"template":"","meta":[],"product_brand":[],"product_cat":[335,336],"product_tag":[],"class_list":{"0":"post-78359","1":"product","2":"type-product","3":"status-publish","4":"has-post-thumbnail","6":"product_cat-huis-tuin","7":"product_cat-huishouden-sanitair","9":"first","10":"instock","11":"sale","12":"taxable","13":"shipping-taxable","14":"product-type-simple"},"yoast_head":"<!-- This site is optimized with the Yoast SEO plugin v27.4 - https:\/\/yoast.com\/product\/yoast-seo-wordpress\/ -->\n<title>Jaws refill Pods - Geconcentreerde allesreiniger - 2 x 95 ml - Kooistra.com - Opkoper en verkoper restpartijen<\/title>\n<meta name=\"robots\" content=\"index, follow, max-snippet:-1, max-image-preview:large, max-video-preview:-1\" \/>\n<link rel=\"canonical\" href=\"https:\/\/kooistra.com\/de\/produkt\/kiefer-nachfullpackung-allzweckreiniger-konzentrat-2\/\" \/>\n<meta property=\"og:locale\" content=\"de_DE\" \/>\n<meta property=\"og:type\" content=\"article\" \/>\n<meta property=\"og:title\" content=\"Jaws refill Pods - Geconcentreerde allesreiniger - 2 x 95 ml - Kooistra.com - Opkoper en verkoper restpartijen\" \/>\n<meta property=\"og:description\" content=\"Kenmerken   Jaws refill \u2013 Keukenreiniger concentraat, 2x95ml  Navulling voor 2 keer een fles van 750 ml  Niet-giftige formule  Enorm doeltreffend tegen vet  Lichte geur van sinaasappel en kaneel  Nederlandse, Franse en Duitse tekst\" \/>\n<meta property=\"og:url\" content=\"https:\/\/kooistra.com\/de\/produkt\/kiefer-nachfullpackung-allzweckreiniger-konzentrat-2\/\" \/>\n<meta property=\"og:site_name\" content=\"Kooistra.com - Opkoper en verkoper restpartijen\" \/>\n<meta property=\"article:publisher\" content=\"https:\/\/www.facebook.com\/kooistracom\/?locale=nl_NL\" \/>\n<meta property=\"article:modified_time\" content=\"2026-04-08T14:15:31+00:00\" \/>\n<meta property=\"og:image\" content=\"https:\/\/kooistra.com\/wp-content\/uploads\/2025\/01\/8718907303835.jpg\" \/>\n\t<meta property=\"og:image:width\" content=\"700\" \/>\n\t<meta property=\"og:image:height\" content=\"700\" \/>\n\t<meta property=\"og:image:type\" content=\"image\/jpeg\" \/>\n<meta name=\"twitter:card\" content=\"summary_large_image\" \/>\n<meta name=\"twitter:label1\" content=\"Gesch\u00e4tzte Lesezeit\" \/>\n\t<meta name=\"twitter:data1\" content=\"1\u00a0Minute\" \/>\n<script type=\"application\/ld+json\" class=\"yoast-schema-graph\">{\"@context\":\"https:\\\/\\\/schema.org\",\"@graph\":[{\"@type\":\"WebPage\",\"@id\":\"https:\\\/\\\/kooistra.com\\\/product\\\/jaws-refill-allesreiniger-concentraat-2\\\/\",\"url\":\"https:\\\/\\\/kooistra.com\\\/product\\\/jaws-refill-allesreiniger-concentraat-2\\\/\",\"name\":\"Jaws refill Pods - Geconcentreerde allesreiniger - 2 x 95 ml - Kooistra.com - Opkoper en verkoper restpartijen\",\"isPartOf\":{\"@id\":\"https:\\\/\\\/kooistra.com\\\/#website\"},\"primaryImageOfPage\":{\"@id\":\"https:\\\/\\\/kooistra.com\\\/product\\\/jaws-refill-allesreiniger-concentraat-2\\\/#primaryimage\"},\"image\":{\"@id\":\"https:\\\/\\\/kooistra.com\\\/product\\\/jaws-refill-allesreiniger-concentraat-2\\\/#primaryimage\"},\"thumbnailUrl\":\"https:\\\/\\\/kooistra.com\\\/wp-content\\\/uploads\\\/2025\\\/01\\\/8718907303835.jpg\",\"datePublished\":\"2022-09-27T08:05:57+00:00\",\"dateModified\":\"2026-04-08T14:15:31+00:00\",\"breadcrumb\":{\"@id\":\"https:\\\/\\\/kooistra.com\\\/product\\\/jaws-refill-allesreiniger-concentraat-2\\\/#breadcrumb\"},\"inLanguage\":\"de\",\"potentialAction\":[{\"@type\":\"ReadAction\",\"target\":[\"https:\\\/\\\/kooistra.com\\\/product\\\/jaws-refill-allesreiniger-concentraat-2\\\/\"]}]},{\"@type\":\"ImageObject\",\"inLanguage\":\"de\",\"@id\":\"https:\\\/\\\/kooistra.com\\\/product\\\/jaws-refill-allesreiniger-concentraat-2\\\/#primaryimage\",\"url\":\"https:\\\/\\\/kooistra.com\\\/wp-content\\\/uploads\\\/2025\\\/01\\\/8718907303835.jpg\",\"contentUrl\":\"https:\\\/\\\/kooistra.com\\\/wp-content\\\/uploads\\\/2025\\\/01\\\/8718907303835.jpg\",\"width\":700,\"height\":700},{\"@type\":\"BreadcrumbList\",\"@id\":\"https:\\\/\\\/kooistra.com\\\/product\\\/jaws-refill-allesreiniger-concentraat-2\\\/#breadcrumb\",\"itemListElement\":[{\"@type\":\"ListItem\",\"position\":1,\"name\":\"Home\",\"item\":\"https:\\\/\\\/kooistra.com\\\/\"},{\"@type\":\"ListItem\",\"position\":2,\"name\":\"Webshop\",\"item\":\"https:\\\/\\\/kooistra.com\\\/webshop\\\/\"},{\"@type\":\"ListItem\",\"position\":3,\"name\":\"Jaws refill Pods &#8211; Geconcentreerde allesreiniger &#8211; 2 x 95 ml\"}]},{\"@type\":\"WebSite\",\"@id\":\"https:\\\/\\\/kooistra.com\\\/#website\",\"url\":\"https:\\\/\\\/kooistra.com\\\/\",\"name\":\"Kooistra.com Partijhandel Restpartijen\",\"description\":\"Wij kopen al uw voorraad. Partijen, retouren, restpartijen en andere voorraden.\",\"publisher\":{\"@id\":\"https:\\\/\\\/kooistra.com\\\/#organization\"},\"alternateName\":\"Opkoper en verkoper restpartijen\",\"potentialAction\":[{\"@type\":\"SearchAction\",\"target\":{\"@type\":\"EntryPoint\",\"urlTemplate\":\"https:\\\/\\\/kooistra.com\\\/?s={search_term_string}\"},\"query-input\":{\"@type\":\"PropertyValueSpecification\",\"valueRequired\":true,\"valueName\":\"search_term_string\"}}],\"inLanguage\":\"de\"},{\"@type\":\"Organization\",\"@id\":\"https:\\\/\\\/kooistra.com\\\/#organization\",\"name\":\"Kooistra.com BV\",\"alternateName\":\"Restpartij opkopers\",\"url\":\"https:\\\/\\\/kooistra.com\\\/\",\"logo\":{\"@type\":\"ImageObject\",\"inLanguage\":\"de\",\"@id\":\"https:\\\/\\\/kooistra.com\\\/#\\\/schema\\\/logo\\\/image\\\/\",\"url\":\"https:\\\/\\\/kooistra.com\\\/wp-content\\\/uploads\\\/2024\\\/11\\\/logo-Kooistra.com-nieuw-2024-kopie.png\",\"contentUrl\":\"https:\\\/\\\/kooistra.com\\\/wp-content\\\/uploads\\\/2024\\\/11\\\/logo-Kooistra.com-nieuw-2024-kopie.png\",\"width\":3000,\"height\":1240,\"caption\":\"Kooistra.com BV\"},\"image\":{\"@id\":\"https:\\\/\\\/kooistra.com\\\/#\\\/schema\\\/logo\\\/image\\\/\"},\"sameAs\":[\"https:\\\/\\\/www.facebook.com\\\/kooistracom\\\/?locale=nl_NL\",\"https:\\\/\\\/nl.linkedin.com\\\/company\\\/kooistra-com-b.v.\"]}]}<\/script>\n<!-- \/ Yoast SEO plugin. -->","yoast_head_json":{"title":"Jaws refill Pods - Konzentrierter Allzweckreiniger - 2 x 95 ml - Kooistra.de - Restposten f\u00fcr K\u00e4ufer und Verk\u00e4ufer","robots":{"index":"index","follow":"follow","max-snippet":"max-snippet:-1","max-image-preview":"max-image-preview:large","max-video-preview":"max-video-preview:-1"},"canonical":"https:\/\/kooistra.com\/de\/produkt\/kiefer-nachfullpackung-allzweckreiniger-konzentrat-2\/","og_locale":"de_DE","og_type":"article","og_title":"Jaws refill Pods - Geconcentreerde allesreiniger - 2 x 95 ml - Kooistra.com - Opkoper en verkoper restpartijen","og_description":"Kenmerken   Jaws refill \u2013 Keukenreiniger concentraat, 2x95ml  Navulling voor 2 keer een fles van 750 ml  Niet-giftige formule  Enorm doeltreffend tegen vet  Lichte geur van sinaasappel en kaneel  Nederlandse, Franse en Duitse tekst","og_url":"https:\/\/kooistra.com\/de\/produkt\/kiefer-nachfullpackung-allzweckreiniger-konzentrat-2\/","og_site_name":"Kooistra.com - Opkoper en verkoper restpartijen","article_publisher":"https:\/\/www.facebook.com\/kooistracom\/?locale=nl_NL","article_modified_time":"2026-04-08T14:15:31+00:00","og_image":[{"width":700,"height":700,"url":"https:\/\/kooistra.com\/wp-content\/uploads\/2025\/01\/8718907303835.jpg","type":"image\/jpeg"}],"twitter_card":"summary_large_image","twitter_misc":{"Gesch\u00e4tzte Lesezeit":"1\u00a0Minute"},"schema":{"@context":"https:\/\/schema.org","@graph":[{"@type":"WebPage","@id":"https:\/\/kooistra.com\/product\/jaws-refill-allesreiniger-concentraat-2\/","url":"https:\/\/kooistra.com\/product\/jaws-refill-allesreiniger-concentraat-2\/","name":"Jaws refill Pods - Konzentrierter Allzweckreiniger - 2 x 95 ml - Kooistra.de - Restposten f\u00fcr K\u00e4ufer und Verk\u00e4ufer","isPartOf":{"@id":"https:\/\/kooistra.com\/#website"},"primaryImageOfPage":{"@id":"https:\/\/kooistra.com\/product\/jaws-refill-allesreiniger-concentraat-2\/#primaryimage"},"image":{"@id":"https:\/\/kooistra.com\/product\/jaws-refill-allesreiniger-concentraat-2\/#primaryimage"},"thumbnailUrl":"https:\/\/kooistra.com\/wp-content\/uploads\/2025\/01\/8718907303835.jpg","datePublished":"2022-09-27T08:05:57+00:00","dateModified":"2026-04-08T14:15:31+00:00","breadcrumb":{"@id":"https:\/\/kooistra.com\/product\/jaws-refill-allesreiniger-concentraat-2\/#breadcrumb"},"inLanguage":"de","potentialAction":[{"@type":"ReadAction","target":["https:\/\/kooistra.com\/product\/jaws-refill-allesreiniger-concentraat-2\/"]}]},{"@type":"ImageObject","inLanguage":"de","@id":"https:\/\/kooistra.com\/product\/jaws-refill-allesreiniger-concentraat-2\/#primaryimage","url":"https:\/\/kooistra.com\/wp-content\/uploads\/2025\/01\/8718907303835.jpg","contentUrl":"https:\/\/kooistra.com\/wp-content\/uploads\/2025\/01\/8718907303835.jpg","width":700,"height":700},{"@type":"BreadcrumbList","@id":"https:\/\/kooistra.com\/product\/jaws-refill-allesreiniger-concentraat-2\/#breadcrumb","itemListElement":[{"@type":"ListItem","position":1,"name":"Home","item":"https:\/\/kooistra.com\/"},{"@type":"ListItem","position":2,"name":"Webshop","item":"https:\/\/kooistra.com\/webshop\/"},{"@type":"ListItem","position":3,"name":"Jaws refill Pods &#8211; Geconcentreerde allesreiniger &#8211; 2 x 95 ml"}]},{"@type":"WebSite","@id":"https:\/\/kooistra.com\/#website","url":"https:\/\/kooistra.com\/","name":"Kooistra.com Partei Handel Reste","description":"Wir kaufen alle Ihre Best\u00e4nde. Chargen, Retouren, Restchargen und andere Best\u00e4nde.","publisher":{"@id":"https:\/\/kooistra.com\/#organization"},"alternateName":"Opkoper en verkoper restpartijen","potentialAction":[{"@type":"SearchAction","target":{"@type":"EntryPoint","urlTemplate":"https:\/\/kooistra.com\/?s={search_term_string}"},"query-input":{"@type":"PropertyValueSpecification","valueRequired":true,"valueName":"search_term_string"}}],"inLanguage":"de"},{"@type":"Organization","@id":"https:\/\/kooistra.com\/#organization","name":"Kooistra.com BV","alternateName":"Restpartij opkopers","url":"https:\/\/kooistra.com\/","logo":{"@type":"ImageObject","inLanguage":"de","@id":"https:\/\/kooistra.com\/#\/schema\/logo\/image\/","url":"https:\/\/kooistra.com\/wp-content\/uploads\/2024\/11\/logo-Kooistra.com-nieuw-2024-kopie.png","contentUrl":"https:\/\/kooistra.com\/wp-content\/uploads\/2024\/11\/logo-Kooistra.com-nieuw-2024-kopie.png","width":3000,"height":1240,"caption":"Kooistra.com BV"},"image":{"@id":"https:\/\/kooistra.com\/#\/schema\/logo\/image\/"},"sameAs":["https:\/\/www.facebook.com\/kooistracom\/?locale=nl_NL","https:\/\/nl.linkedin.com\/company\/kooistra-com-b.v."]}]}},"_links":{"self":[{"href":"https:\/\/kooistra.com\/de\/wp-json\/wp\/v2\/product\/78359","targetHints":{"allow":["GET"]}}],"collection":[{"href":"https:\/\/kooistra.com\/de\/wp-json\/wp\/v2\/product"}],"about":[{"href":"https:\/\/kooistra.com\/de\/wp-json\/wp\/v2\/types\/product"}],"wp:featuredmedia":[{"embeddable":true,"href":"https:\/\/kooistra.com\/de\/wp-json\/wp\/v2\/media\/78360"}],"wp:attachment":[{"href":"https:\/\/kooistra.com\/de\/wp-json\/wp\/v2\/media?parent=78359"}],"wp:term":[{"taxonomy":"product_brand","embeddable":true,"href":"https:\/\/kooistra.com\/de\/wp-json\/wp\/v2\/product_brand?post=78359"},{"taxonomy":"product_cat","embeddable":true,"href":"https:\/\/kooistra.com\/de\/wp-json\/wp\/v2\/product_cat?post=78359"},{"taxonomy":"product_tag","embeddable":true,"href":"https:\/\/kooistra.com\/de\/wp-json\/wp\/v2\/product_tag?post=78359"}],"curies":[{"name":"wp","href":"https:\/\/api.w.org\/{rel}","templated":true}]}}