{"id":78550,"date":"2022-05-25T10:21:46","date_gmt":"2022-05-25T09:21:46","guid":{"rendered":"https:\/\/kooistra.com\/product\/maxxmee-sup-light-with-strap-12-rgb-leds\/"},"modified":"2026-04-08T15:06:02","modified_gmt":"2026-04-08T14:06:02","slug":"maxxmee-sup-licht-mit-band-12-rgb-leds","status":"publish","type":"product","link":"https:\/\/kooistra.com\/de\/product\/maxxmee-sup-light-with-strap-12-rgb-leds\/","title":{"rendered":"Maxxmee - SUP Beleuchtung mit Spanngurt - 12 RGB LEDS"},"content":{"rendered":"<p>Lust auf eine SUP-Tour mit besonderem Flair? Dann entdecken Sie das effektvolle Highlight f\u00fcr alle SUP-Fans - die LED-Beleuchtung \"MAXXMEE\" f\u00fcr Stand-Up-Paddleboards! Das Besondere: Die Beleuchtung l\u00e4sst sich mit einem verstellbaren Gurt an allen Boards befestigen - an Hardboards ebenso wie an aufblasbaren Boards und sogar an Kanus und Kajaks. Das Board braucht keine besondere Vorbereitung, z. B. kann es gereinigt werden, und man spart sich auch den \u00c4rger mit Saugn\u00e4pfen oder Klebern. Einfach den Gurt anlegen, die Schnalle schlie\u00dfen und fertig! Die Leuchte punktet mit einem nat\u00fcrlich wasserdichten*, robusten und sto\u00dffesten Geh\u00e4use, das auch ruckartigen Landeman\u00f6vern standh\u00e4lt. Die 360\u00b0-Anordnung der 12 LEDs leuchtet Ihr Board oder Kajak aus. Genie\u00dfen Sie einzigartige Farbeffekte dank der 3 einstellbaren Lichtmodi: Sie k\u00f6nnen w\u00e4hlen, ob Sie gr\u00fcn, rot oder blau separat als Dauerlicht, alle Farben zusammen oder alle Farben abwechselnd einstellen. Erleben Sie faszinierende Einblicke in die Unterwasserwelt und erh\u00f6hen Sie den Spa\u00dffaktor bei Ihren SUP-Ausfl\u00fcgen!<\/p>","protected":false},"excerpt":{"rendered":"<p>F\u00fcr faszinierende Lichteffekte beim Paddeln im Stehen<\/p>\n<p>Mit 12 LEDs in einer 360\u00b0-Anordnung<\/p>\n<p>3 verschiedene Modi: Konstantes Licht in einer Farbe (gr\u00fcn, rot, blau), konstantes Licht in allen Farben und Farbwechselmodus<\/p>\n<p>L\u00e4ngenverstellbarer Gurt mit Schnalle - passend f\u00fcr alle SUP-Boards<\/p>\n<p>Sehr einfach anzubringen und r\u00fcckstandsfrei zu entfernen<\/p>\n<p>Abmessungen: 8 x 8 x 7,5 cm<\/p>\n<p>Gewicht: 110 Gramm<\/p>","protected":false},"featured_media":78551,"template":"","meta":[],"product_brand":[],"product_cat":[348,335,350],"product_tag":[],"class_list":{"0":"post-78550","1":"product","2":"type-product","3":"status-publish","4":"has-post-thumbnail","6":"product_cat-elektronica","7":"product_cat-huis-tuin","8":"product_cat-op-aanvraag","10":"first","11":"instock","12":"taxable","13":"shipping-taxable","14":"product-type-simple"},"yoast_head":"<!-- This site is optimized with the Yoast SEO plugin v27.4 - https:\/\/yoast.com\/product\/yoast-seo-wordpress\/ -->\n<title>Maxxmee - SUP verlichting met spanriem - 12 RGB LEDS - Kooistra.com - Opkoper en verkoper restpartijen<\/title>\n<meta name=\"robots\" content=\"index, follow, max-snippet:-1, max-image-preview:large, max-video-preview:-1\" \/>\n<link rel=\"canonical\" href=\"https:\/\/kooistra.com\/de\/produkt\/maxxmee-sup-licht-mit-band-12-rgb-leds\/\" \/>\n<meta property=\"og:locale\" content=\"de_DE\" \/>\n<meta property=\"og:type\" content=\"article\" \/>\n<meta property=\"og:title\" content=\"Maxxmee - SUP verlichting met spanriem - 12 RGB LEDS - Kooistra.com - Opkoper en verkoper restpartijen\" \/>\n<meta property=\"og:description\" content=\"Voor fascinerende lichteffecten bij staand peddelen Met 12 LED&#039;s in een 360\u00b0-opstelling 3 verschillende modi: constant licht in \u00e9\u00e9n kleur (groen, rood, blauw), constant licht in alle kleuren &amp; kleurveranderingsmodus In lengte verstelbare riem met gesp - geschikt voor alle SUP-boards Zeer eenvoudig te bevestigen en kan worden verwijderd zonder resten achter te laten Afmetingen: 8 x 8 x 7,5 cm Gewicht: 110 gram\" \/>\n<meta property=\"og:url\" content=\"https:\/\/kooistra.com\/de\/produkt\/maxxmee-sup-licht-mit-band-12-rgb-leds\/\" \/>\n<meta property=\"og:site_name\" content=\"Kooistra.com - Opkoper en verkoper restpartijen\" \/>\n<meta property=\"article:publisher\" content=\"https:\/\/www.facebook.com\/kooistracom\/?locale=nl_NL\" \/>\n<meta property=\"article:modified_time\" content=\"2026-04-08T14:06:02+00:00\" \/>\n<meta property=\"og:image\" content=\"https:\/\/kooistra.com\/wp-content\/uploads\/2025\/01\/4052926096281_01.jpg\" \/>\n\t<meta property=\"og:image:width\" content=\"700\" \/>\n\t<meta property=\"og:image:height\" content=\"700\" \/>\n\t<meta property=\"og:image:type\" content=\"image\/jpeg\" \/>\n<meta name=\"twitter:card\" content=\"summary_large_image\" \/>\n<meta name=\"twitter:label1\" content=\"Gesch\u00e4tzte Lesezeit\" \/>\n\t<meta name=\"twitter:data1\" content=\"1\u00a0Minute\" \/>\n<script type=\"application\/ld+json\" class=\"yoast-schema-graph\">{\"@context\":\"https:\\\/\\\/schema.org\",\"@graph\":[{\"@type\":\"WebPage\",\"@id\":\"https:\\\/\\\/kooistra.com\\\/product\\\/maxxmee-sup-light-with-strap-12-rgb-leds\\\/\",\"url\":\"https:\\\/\\\/kooistra.com\\\/product\\\/maxxmee-sup-light-with-strap-12-rgb-leds\\\/\",\"name\":\"Maxxmee - SUP verlichting met spanriem - 12 RGB LEDS - Kooistra.com - Opkoper en verkoper restpartijen\",\"isPartOf\":{\"@id\":\"https:\\\/\\\/kooistra.com\\\/#website\"},\"primaryImageOfPage\":{\"@id\":\"https:\\\/\\\/kooistra.com\\\/product\\\/maxxmee-sup-light-with-strap-12-rgb-leds\\\/#primaryimage\"},\"image\":{\"@id\":\"https:\\\/\\\/kooistra.com\\\/product\\\/maxxmee-sup-light-with-strap-12-rgb-leds\\\/#primaryimage\"},\"thumbnailUrl\":\"https:\\\/\\\/kooistra.com\\\/wp-content\\\/uploads\\\/2025\\\/01\\\/4052926096281_01.jpg\",\"datePublished\":\"2022-05-25T09:21:46+00:00\",\"dateModified\":\"2026-04-08T14:06:02+00:00\",\"breadcrumb\":{\"@id\":\"https:\\\/\\\/kooistra.com\\\/product\\\/maxxmee-sup-light-with-strap-12-rgb-leds\\\/#breadcrumb\"},\"inLanguage\":\"de\",\"potentialAction\":[{\"@type\":\"ReadAction\",\"target\":[\"https:\\\/\\\/kooistra.com\\\/product\\\/maxxmee-sup-light-with-strap-12-rgb-leds\\\/\"]}]},{\"@type\":\"ImageObject\",\"inLanguage\":\"de\",\"@id\":\"https:\\\/\\\/kooistra.com\\\/product\\\/maxxmee-sup-light-with-strap-12-rgb-leds\\\/#primaryimage\",\"url\":\"https:\\\/\\\/kooistra.com\\\/wp-content\\\/uploads\\\/2025\\\/01\\\/4052926096281_01.jpg\",\"contentUrl\":\"https:\\\/\\\/kooistra.com\\\/wp-content\\\/uploads\\\/2025\\\/01\\\/4052926096281_01.jpg\",\"width\":700,\"height\":700},{\"@type\":\"BreadcrumbList\",\"@id\":\"https:\\\/\\\/kooistra.com\\\/product\\\/maxxmee-sup-light-with-strap-12-rgb-leds\\\/#breadcrumb\",\"itemListElement\":[{\"@type\":\"ListItem\",\"position\":1,\"name\":\"Home\",\"item\":\"https:\\\/\\\/kooistra.com\\\/\"},{\"@type\":\"ListItem\",\"position\":2,\"name\":\"Webshop\",\"item\":\"https:\\\/\\\/kooistra.com\\\/webshop\\\/\"},{\"@type\":\"ListItem\",\"position\":3,\"name\":\"Maxxmee &#8211; SUP verlichting met spanriem &#8211; 12 RGB LEDS\"}]},{\"@type\":\"WebSite\",\"@id\":\"https:\\\/\\\/kooistra.com\\\/#website\",\"url\":\"https:\\\/\\\/kooistra.com\\\/\",\"name\":\"Kooistra.com Partijhandel Restpartijen\",\"description\":\"Wij kopen al uw voorraad. Partijen, retouren, restpartijen en andere voorraden.\",\"publisher\":{\"@id\":\"https:\\\/\\\/kooistra.com\\\/#organization\"},\"alternateName\":\"Opkoper en verkoper restpartijen\",\"potentialAction\":[{\"@type\":\"SearchAction\",\"target\":{\"@type\":\"EntryPoint\",\"urlTemplate\":\"https:\\\/\\\/kooistra.com\\\/?s={search_term_string}\"},\"query-input\":{\"@type\":\"PropertyValueSpecification\",\"valueRequired\":true,\"valueName\":\"search_term_string\"}}],\"inLanguage\":\"de\"},{\"@type\":\"Organization\",\"@id\":\"https:\\\/\\\/kooistra.com\\\/#organization\",\"name\":\"Kooistra.com BV\",\"alternateName\":\"Restpartij opkopers\",\"url\":\"https:\\\/\\\/kooistra.com\\\/\",\"logo\":{\"@type\":\"ImageObject\",\"inLanguage\":\"de\",\"@id\":\"https:\\\/\\\/kooistra.com\\\/#\\\/schema\\\/logo\\\/image\\\/\",\"url\":\"https:\\\/\\\/kooistra.com\\\/wp-content\\\/uploads\\\/2024\\\/11\\\/logo-Kooistra.com-nieuw-2024-kopie.png\",\"contentUrl\":\"https:\\\/\\\/kooistra.com\\\/wp-content\\\/uploads\\\/2024\\\/11\\\/logo-Kooistra.com-nieuw-2024-kopie.png\",\"width\":3000,\"height\":1240,\"caption\":\"Kooistra.com BV\"},\"image\":{\"@id\":\"https:\\\/\\\/kooistra.com\\\/#\\\/schema\\\/logo\\\/image\\\/\"},\"sameAs\":[\"https:\\\/\\\/www.facebook.com\\\/kooistracom\\\/?locale=nl_NL\",\"https:\\\/\\\/nl.linkedin.com\\\/company\\\/kooistra-com-b.v.\"]}]}<\/script>\n<!-- \/ Yoast SEO plugin. -->","yoast_head_json":{"title":"Maxxmee - SUP-Beleuchtung mit Spanngurt - 12 RGB LEDS - Kooistra.de - K\u00e4ufer- und Verk\u00e4ufer-Restparteien","robots":{"index":"index","follow":"follow","max-snippet":"max-snippet:-1","max-image-preview":"max-image-preview:large","max-video-preview":"max-video-preview:-1"},"canonical":"https:\/\/kooistra.com\/de\/produkt\/maxxmee-sup-licht-mit-band-12-rgb-leds\/","og_locale":"de_DE","og_type":"article","og_title":"Maxxmee - SUP verlichting met spanriem - 12 RGB LEDS - Kooistra.com - Opkoper en verkoper restpartijen","og_description":"Voor fascinerende lichteffecten bij staand peddelen Met 12 LED's in een 360\u00b0-opstelling 3 verschillende modi: constant licht in \u00e9\u00e9n kleur (groen, rood, blauw), constant licht in alle kleuren &amp; kleurveranderingsmodus In lengte verstelbare riem met gesp - geschikt voor alle SUP-boards Zeer eenvoudig te bevestigen en kan worden verwijderd zonder resten achter te laten Afmetingen: 8 x 8 x 7,5 cm Gewicht: 110 gram","og_url":"https:\/\/kooistra.com\/de\/produkt\/maxxmee-sup-licht-mit-band-12-rgb-leds\/","og_site_name":"Kooistra.com - Opkoper en verkoper restpartijen","article_publisher":"https:\/\/www.facebook.com\/kooistracom\/?locale=nl_NL","article_modified_time":"2026-04-08T14:06:02+00:00","og_image":[{"width":700,"height":700,"url":"https:\/\/kooistra.com\/wp-content\/uploads\/2025\/01\/4052926096281_01.jpg","type":"image\/jpeg"}],"twitter_card":"summary_large_image","twitter_misc":{"Gesch\u00e4tzte Lesezeit":"1\u00a0Minute"},"schema":{"@context":"https:\/\/schema.org","@graph":[{"@type":"WebPage","@id":"https:\/\/kooistra.com\/product\/maxxmee-sup-light-with-strap-12-rgb-leds\/","url":"https:\/\/kooistra.com\/product\/maxxmee-sup-light-with-strap-12-rgb-leds\/","name":"Maxxmee - SUP-Beleuchtung mit Spanngurt - 12 RGB LEDS - Kooistra.de - K\u00e4ufer- und Verk\u00e4ufer-Restparteien","isPartOf":{"@id":"https:\/\/kooistra.com\/#website"},"primaryImageOfPage":{"@id":"https:\/\/kooistra.com\/product\/maxxmee-sup-light-with-strap-12-rgb-leds\/#primaryimage"},"image":{"@id":"https:\/\/kooistra.com\/product\/maxxmee-sup-light-with-strap-12-rgb-leds\/#primaryimage"},"thumbnailUrl":"https:\/\/kooistra.com\/wp-content\/uploads\/2025\/01\/4052926096281_01.jpg","datePublished":"2022-05-25T09:21:46+00:00","dateModified":"2026-04-08T14:06:02+00:00","breadcrumb":{"@id":"https:\/\/kooistra.com\/product\/maxxmee-sup-light-with-strap-12-rgb-leds\/#breadcrumb"},"inLanguage":"de","potentialAction":[{"@type":"ReadAction","target":["https:\/\/kooistra.com\/product\/maxxmee-sup-light-with-strap-12-rgb-leds\/"]}]},{"@type":"ImageObject","inLanguage":"de","@id":"https:\/\/kooistra.com\/product\/maxxmee-sup-light-with-strap-12-rgb-leds\/#primaryimage","url":"https:\/\/kooistra.com\/wp-content\/uploads\/2025\/01\/4052926096281_01.jpg","contentUrl":"https:\/\/kooistra.com\/wp-content\/uploads\/2025\/01\/4052926096281_01.jpg","width":700,"height":700},{"@type":"BreadcrumbList","@id":"https:\/\/kooistra.com\/product\/maxxmee-sup-light-with-strap-12-rgb-leds\/#breadcrumb","itemListElement":[{"@type":"ListItem","position":1,"name":"Home","item":"https:\/\/kooistra.com\/"},{"@type":"ListItem","position":2,"name":"Webshop","item":"https:\/\/kooistra.com\/webshop\/"},{"@type":"ListItem","position":3,"name":"Maxxmee &#8211; SUP verlichting met spanriem &#8211; 12 RGB LEDS"}]},{"@type":"WebSite","@id":"https:\/\/kooistra.com\/#website","url":"https:\/\/kooistra.com\/","name":"Kooistra.com Partei Handel Reste","description":"Wir kaufen alle Ihre Best\u00e4nde. Chargen, Retouren, Restchargen und andere Best\u00e4nde.","publisher":{"@id":"https:\/\/kooistra.com\/#organization"},"alternateName":"Opkoper en verkoper restpartijen","potentialAction":[{"@type":"SearchAction","target":{"@type":"EntryPoint","urlTemplate":"https:\/\/kooistra.com\/?s={search_term_string}"},"query-input":{"@type":"PropertyValueSpecification","valueRequired":true,"valueName":"search_term_string"}}],"inLanguage":"de"},{"@type":"Organization","@id":"https:\/\/kooistra.com\/#organization","name":"Kooistra.com BV","alternateName":"Restpartij opkopers","url":"https:\/\/kooistra.com\/","logo":{"@type":"ImageObject","inLanguage":"de","@id":"https:\/\/kooistra.com\/#\/schema\/logo\/image\/","url":"https:\/\/kooistra.com\/wp-content\/uploads\/2024\/11\/logo-Kooistra.com-nieuw-2024-kopie.png","contentUrl":"https:\/\/kooistra.com\/wp-content\/uploads\/2024\/11\/logo-Kooistra.com-nieuw-2024-kopie.png","width":3000,"height":1240,"caption":"Kooistra.com BV"},"image":{"@id":"https:\/\/kooistra.com\/#\/schema\/logo\/image\/"},"sameAs":["https:\/\/www.facebook.com\/kooistracom\/?locale=nl_NL","https:\/\/nl.linkedin.com\/company\/kooistra-com-b.v."]}]}},"_links":{"self":[{"href":"https:\/\/kooistra.com\/de\/wp-json\/wp\/v2\/product\/78550","targetHints":{"allow":["GET"]}}],"collection":[{"href":"https:\/\/kooistra.com\/de\/wp-json\/wp\/v2\/product"}],"about":[{"href":"https:\/\/kooistra.com\/de\/wp-json\/wp\/v2\/types\/product"}],"wp:featuredmedia":[{"embeddable":true,"href":"https:\/\/kooistra.com\/de\/wp-json\/wp\/v2\/media\/78551"}],"wp:attachment":[{"href":"https:\/\/kooistra.com\/de\/wp-json\/wp\/v2\/media?parent=78550"}],"wp:term":[{"taxonomy":"product_brand","embeddable":true,"href":"https:\/\/kooistra.com\/de\/wp-json\/wp\/v2\/product_brand?post=78550"},{"taxonomy":"product_cat","embeddable":true,"href":"https:\/\/kooistra.com\/de\/wp-json\/wp\/v2\/product_cat?post=78550"},{"taxonomy":"product_tag","embeddable":true,"href":"https:\/\/kooistra.com\/de\/wp-json\/wp\/v2\/product_tag?post=78550"}],"curies":[{"name":"wp","href":"https:\/\/api.w.org\/{rel}","templated":true}]}}