{"id":78853,"date":"2023-09-21T11:43:08","date_gmt":"2023-09-21T10:43:08","guid":{"rendered":"https:\/\/kooistra.com\/product\/kien-portable-speaker-black\/"},"modified":"2026-04-20T09:01:15","modified_gmt":"2026-04-20T08:01:15","slug":"kien-tragbarer-lautsprecher-schwarz","status":"publish","type":"product","link":"https:\/\/kooistra.com\/de\/product\/kien-portable-speaker-black\/","title":{"rendered":"Kien - Sat &amp; tragbarer Lautsprecher - schwarz"},"content":{"rendered":"<p><strong>kien SAT<\/strong><\/p>\n<p>Der kien SAT-Lautsprecher wurde entwickelt, um wirklich zu beeindrucken, und l\u00e4sst sich mit einer einzigen magischen Ber\u00fchrung bedienen, um Ihnen unterwegs einen hochwertigen Klang zu bieten. Dank seiner kompakten Gr\u00f6\u00dfe und seines geringen Gewichts k\u00f6nnen Sie den kien SAT \u00fcberallhin mitnehmen. Verwenden Sie den kabellosen Lautsprecher f\u00fcr eine lustige Party, als Bluetooth-Lautsprecher f\u00fcr den Park oder genie\u00dfen Sie Ihre Lieblingssongs in geschlossenen R\u00e4umen. Da der kien SAT eine Akkulaufzeit von nicht weniger als 12 Stunden hat, werden Sie nie ohne Musik sein.<\/p>\n<p><strong>Vom Heimkino-Set zum flexiblen Multiroom-System.<\/strong><\/p>\n<p>Dank einer propriet\u00e4ren kabellosen digitalen Audioverbindung k\u00f6nnen die kien-Lautsprecher einfach miteinander gruppiert werden. Auf diese Weise k\u00f6nnen Sie die SATs mit dem SUB f\u00fcr Hi-Fi-Stereo oder Surround-Sound gruppieren; gruppiert ohne den SUB f\u00fcr gr\u00f6\u00dferen tragbaren Sound oder einfach als eigenst\u00e4ndige Bluetooth-Lautsprecher verwendet.<\/p>\n<ul>\n<li>Gruppieren Sie die Lautsprecher, um Ihr Wohnzimmer in ein Heimkino mit realistischem Surround Sound zu verwandeln.<\/li>\n<li>Schnappen Sie sich 1 oder mehrere SAT-Lautsprecher und genie\u00dfen Sie Ihre Musik \u00fcberall. Ob Sie in der K\u00fcche oder im Garten sind, kien bewegt sich mit Ihnen.<\/li>\n<\/ul>\n<p><strong>Bringen Sie den Klang von Zuhause nach drau\u00dfen.<\/strong><\/p>\n<p>Der kien SAT ist batteriebetrieben, so dass Sie sowohl im Haus als auch unterwegs hochwertigen Klang genie\u00dfen k\u00f6nnen. Nehmen Sie Ihren kien SAT mit in den Park oder genie\u00dfen Sie Ihre Lieblingsmusik in Ihrem Garten. Mit dem Touch-Ring k\u00f6nnen Sie den kabellosen Lautsprecher auf magische Weise steuern. Streichen Sie einfach mit dem Finger \u00fcber den Ring, um die Lautst\u00e4rke zu regeln. Oder verwenden Sie die kien-App, um die gew\u00fcnschte Lautst\u00e4rke einzustellen.<\/p>\n<p><strong>Genie\u00dfen Sie Ihre Lieblingsmusik \u00fcberall.<\/strong><\/p>\n<ul>\n<li>Verwendung als Standalone-Lautsprecher<\/li>\n<\/ul>\n<p>Der innovative SAT-Lautsprecher kann kabellos verwendet werden, so dass Sie ihn auch als eigenst\u00e4ndigen Lautsprecher nutzen k\u00f6nnen. Bringen Sie den Sound von drinnen nach drau\u00dfen (18 Stunden Akkulaufzeit).<\/p>\n<ul>\n<li>Erstellen Sie Ihren eigenen Surround-Sound<\/li>\n<\/ul>\n<p>Dank einer drahtlosen digitalen Audioverbindung k\u00f6nnen Sie mehrere Lautsprecher miteinander verbinden. Gruppieren Sie die Lautsprecher oder verwenden Sie die SATs als eigenst\u00e4ndige Bluetooth-Lautsprecher.<\/p>\n<ul>\n<li>Sanftes Umschalten<\/li>\n<\/ul>\n<p>Genie\u00dfen Sie abends ein Konzert mit Surround-Sound, und nehmen Sie am n\u00e4chsten Tag einen separaten SAT-Lautsprecher mit in den Park. Kein \u00c4rger. Keine Kopplung erforderlich.<\/p>\n<p>&nbsp;<\/p>","protected":false},"excerpt":{"rendered":"<ul>\n<li>Sanfte Ber\u00fchrungssteuerung<\/li>\n<li>Aufgeladen in nur 2 Stunden<\/li>\n<li>Streamen mit Bluetooth (wifi i.c.w. SUB)<\/li>\n<li>12 Stunden Akkulaufzeit<\/li>\n<li>3D-Gewebe und Kunststoff<\/li>\n<li>Frequenzbereich 70-20.000 Hz<\/li>\n<li>Streamen mit Apple Airplay und Spotify<\/li>\n<li>Benutzerfreundliche kien-App<\/li>\n<\/ul>\n<p>Siehe\u00a0<a href=\"https:\/\/kooistra.com\/wp-content\/uploads\/2023\/09\/202112_Handleiding_kien_SAT-1.pdf\" target=\"_blank\" rel=\"noopener\">hier<\/a>\u00a0das Handbuch (Niederl\u00e4ndisch)<\/p>","protected":false},"featured_media":78854,"template":"","meta":[],"product_brand":[],"product_cat":[348,335],"product_tag":[],"class_list":{"0":"post-78853","1":"product","2":"type-product","3":"status-publish","4":"has-post-thumbnail","6":"product_cat-elektronica","7":"product_cat-huis-tuin","9":"first","10":"instock","11":"taxable","12":"shipping-taxable","13":"product-type-simple"},"yoast_head":"<!-- This site is optimized with the Yoast SEO plugin v27.4 - https:\/\/yoast.com\/product\/yoast-seo-wordpress\/ -->\n<title>Kien - Sat &amp; draagbare speaker - zwart - Kooistra.com - Opkoper en verkoper restpartijen<\/title>\n<meta name=\"robots\" content=\"index, follow, max-snippet:-1, max-image-preview:large, max-video-preview:-1\" \/>\n<link rel=\"canonical\" href=\"https:\/\/kooistra.com\/de\/produkt\/kien-tragbarer-lautsprecher-schwarz\/\" \/>\n<meta property=\"og:locale\" content=\"de_DE\" \/>\n<meta property=\"og:type\" content=\"article\" \/>\n<meta property=\"og:title\" content=\"Kien - Sat &amp; draagbare speaker - zwart - Kooistra.com - Opkoper en verkoper restpartijen\" \/>\n<meta property=\"og:description\" content=\"Vloeiende touchbediening  In slechts 2 uur opgeladen  Stream met bluetooth (wifi i.c.m. SUB)  12 uur batterijduur  3D mesh stof en kunststof  Frequentiebereik 70-20.000 Hz  Stream met Apple Airplay &amp; Spotify  Gebruiksvriendelijke kien-app Bekijk\u00a0hier\u00a0de handleiding (Nederlands)\" \/>\n<meta property=\"og:url\" content=\"https:\/\/kooistra.com\/de\/produkt\/kien-tragbarer-lautsprecher-schwarz\/\" \/>\n<meta property=\"og:site_name\" content=\"Kooistra.com - Opkoper en verkoper restpartijen\" \/>\n<meta property=\"article:publisher\" content=\"https:\/\/www.facebook.com\/kooistracom\/?locale=nl_NL\" \/>\n<meta property=\"article:modified_time\" content=\"2026-04-20T08:01:15+00:00\" \/>\n<meta property=\"og:image\" content=\"https:\/\/kooistra.com\/wp-content\/uploads\/2025\/01\/8720299549227_03.jpg\" \/>\n\t<meta property=\"og:image:width\" content=\"700\" \/>\n\t<meta property=\"og:image:height\" content=\"700\" \/>\n\t<meta property=\"og:image:type\" content=\"image\/jpeg\" \/>\n<meta name=\"twitter:card\" content=\"summary_large_image\" \/>\n<meta name=\"twitter:label1\" content=\"Gesch\u00e4tzte Lesezeit\" \/>\n\t<meta name=\"twitter:data1\" content=\"2\u00a0Minuten\" \/>\n<script type=\"application\/ld+json\" class=\"yoast-schema-graph\">{\"@context\":\"https:\\\/\\\/schema.org\",\"@graph\":[{\"@type\":\"WebPage\",\"@id\":\"https:\\\/\\\/kooistra.com\\\/product\\\/kien-portable-speaker-black\\\/\",\"url\":\"https:\\\/\\\/kooistra.com\\\/product\\\/kien-portable-speaker-black\\\/\",\"name\":\"Kien - Sat &amp; draagbare speaker - zwart - Kooistra.com - Opkoper en verkoper restpartijen\",\"isPartOf\":{\"@id\":\"https:\\\/\\\/kooistra.com\\\/#website\"},\"primaryImageOfPage\":{\"@id\":\"https:\\\/\\\/kooistra.com\\\/product\\\/kien-portable-speaker-black\\\/#primaryimage\"},\"image\":{\"@id\":\"https:\\\/\\\/kooistra.com\\\/product\\\/kien-portable-speaker-black\\\/#primaryimage\"},\"thumbnailUrl\":\"https:\\\/\\\/kooistra.com\\\/wp-content\\\/uploads\\\/2025\\\/01\\\/8720299549227_03.jpg\",\"datePublished\":\"2023-09-21T10:43:08+00:00\",\"dateModified\":\"2026-04-20T08:01:15+00:00\",\"breadcrumb\":{\"@id\":\"https:\\\/\\\/kooistra.com\\\/product\\\/kien-portable-speaker-black\\\/#breadcrumb\"},\"inLanguage\":\"de\",\"potentialAction\":[{\"@type\":\"ReadAction\",\"target\":[\"https:\\\/\\\/kooistra.com\\\/product\\\/kien-portable-speaker-black\\\/\"]}]},{\"@type\":\"ImageObject\",\"inLanguage\":\"de\",\"@id\":\"https:\\\/\\\/kooistra.com\\\/product\\\/kien-portable-speaker-black\\\/#primaryimage\",\"url\":\"https:\\\/\\\/kooistra.com\\\/wp-content\\\/uploads\\\/2025\\\/01\\\/8720299549227_03.jpg\",\"contentUrl\":\"https:\\\/\\\/kooistra.com\\\/wp-content\\\/uploads\\\/2025\\\/01\\\/8720299549227_03.jpg\",\"width\":700,\"height\":700},{\"@type\":\"BreadcrumbList\",\"@id\":\"https:\\\/\\\/kooistra.com\\\/product\\\/kien-portable-speaker-black\\\/#breadcrumb\",\"itemListElement\":[{\"@type\":\"ListItem\",\"position\":1,\"name\":\"Home\",\"item\":\"https:\\\/\\\/kooistra.com\\\/\"},{\"@type\":\"ListItem\",\"position\":2,\"name\":\"Webshop\",\"item\":\"https:\\\/\\\/kooistra.com\\\/webshop\\\/\"},{\"@type\":\"ListItem\",\"position\":3,\"name\":\"Kien &#8211; Sat &amp; draagbare speaker &#8211; zwart\"}]},{\"@type\":\"WebSite\",\"@id\":\"https:\\\/\\\/kooistra.com\\\/#website\",\"url\":\"https:\\\/\\\/kooistra.com\\\/\",\"name\":\"Kooistra.com Partijhandel Restpartijen\",\"description\":\"Wij kopen al uw voorraad. Partijen, retouren, restpartijen en andere voorraden.\",\"publisher\":{\"@id\":\"https:\\\/\\\/kooistra.com\\\/#organization\"},\"alternateName\":\"Opkoper en verkoper restpartijen\",\"potentialAction\":[{\"@type\":\"SearchAction\",\"target\":{\"@type\":\"EntryPoint\",\"urlTemplate\":\"https:\\\/\\\/kooistra.com\\\/?s={search_term_string}\"},\"query-input\":{\"@type\":\"PropertyValueSpecification\",\"valueRequired\":true,\"valueName\":\"search_term_string\"}}],\"inLanguage\":\"de\"},{\"@type\":\"Organization\",\"@id\":\"https:\\\/\\\/kooistra.com\\\/#organization\",\"name\":\"Kooistra.com BV\",\"alternateName\":\"Restpartij opkopers\",\"url\":\"https:\\\/\\\/kooistra.com\\\/\",\"logo\":{\"@type\":\"ImageObject\",\"inLanguage\":\"de\",\"@id\":\"https:\\\/\\\/kooistra.com\\\/#\\\/schema\\\/logo\\\/image\\\/\",\"url\":\"https:\\\/\\\/kooistra.com\\\/wp-content\\\/uploads\\\/2024\\\/11\\\/logo-Kooistra.com-nieuw-2024-kopie.png\",\"contentUrl\":\"https:\\\/\\\/kooistra.com\\\/wp-content\\\/uploads\\\/2024\\\/11\\\/logo-Kooistra.com-nieuw-2024-kopie.png\",\"width\":3000,\"height\":1240,\"caption\":\"Kooistra.com BV\"},\"image\":{\"@id\":\"https:\\\/\\\/kooistra.com\\\/#\\\/schema\\\/logo\\\/image\\\/\"},\"sameAs\":[\"https:\\\/\\\/www.facebook.com\\\/kooistracom\\\/?locale=nl_NL\",\"https:\\\/\\\/nl.linkedin.com\\\/company\\\/kooistra-com-b.v.\"]}]}<\/script>\n<!-- \/ Yoast SEO plugin. -->","yoast_head_json":{"title":"Kien - Sat &amp; tragbarer Lautsprecher - schwarz - Kooistra.de - K\u00e4ufer und Verk\u00e4ufer von Restposten","robots":{"index":"index","follow":"follow","max-snippet":"max-snippet:-1","max-image-preview":"max-image-preview:large","max-video-preview":"max-video-preview:-1"},"canonical":"https:\/\/kooistra.com\/de\/produkt\/kien-tragbarer-lautsprecher-schwarz\/","og_locale":"de_DE","og_type":"article","og_title":"Kien - Sat &amp; draagbare speaker - zwart - Kooistra.com - Opkoper en verkoper restpartijen","og_description":"Vloeiende touchbediening  In slechts 2 uur opgeladen  Stream met bluetooth (wifi i.c.m. SUB)  12 uur batterijduur  3D mesh stof en kunststof  Frequentiebereik 70-20.000 Hz  Stream met Apple Airplay &amp; Spotify  Gebruiksvriendelijke kien-app Bekijk\u00a0hier\u00a0de handleiding (Nederlands)","og_url":"https:\/\/kooistra.com\/de\/produkt\/kien-tragbarer-lautsprecher-schwarz\/","og_site_name":"Kooistra.com - Opkoper en verkoper restpartijen","article_publisher":"https:\/\/www.facebook.com\/kooistracom\/?locale=nl_NL","article_modified_time":"2026-04-20T08:01:15+00:00","og_image":[{"width":700,"height":700,"url":"https:\/\/kooistra.com\/wp-content\/uploads\/2025\/01\/8720299549227_03.jpg","type":"image\/jpeg"}],"twitter_card":"summary_large_image","twitter_misc":{"Gesch\u00e4tzte Lesezeit":"2\u00a0Minuten"},"schema":{"@context":"https:\/\/schema.org","@graph":[{"@type":"WebPage","@id":"https:\/\/kooistra.com\/product\/kien-portable-speaker-black\/","url":"https:\/\/kooistra.com\/product\/kien-portable-speaker-black\/","name":"Kien - Sat &amp; tragbarer Lautsprecher - schwarz - Kooistra.de - K\u00e4ufer und Verk\u00e4ufer von Restposten","isPartOf":{"@id":"https:\/\/kooistra.com\/#website"},"primaryImageOfPage":{"@id":"https:\/\/kooistra.com\/product\/kien-portable-speaker-black\/#primaryimage"},"image":{"@id":"https:\/\/kooistra.com\/product\/kien-portable-speaker-black\/#primaryimage"},"thumbnailUrl":"https:\/\/kooistra.com\/wp-content\/uploads\/2025\/01\/8720299549227_03.jpg","datePublished":"2023-09-21T10:43:08+00:00","dateModified":"2026-04-20T08:01:15+00:00","breadcrumb":{"@id":"https:\/\/kooistra.com\/product\/kien-portable-speaker-black\/#breadcrumb"},"inLanguage":"de","potentialAction":[{"@type":"ReadAction","target":["https:\/\/kooistra.com\/product\/kien-portable-speaker-black\/"]}]},{"@type":"ImageObject","inLanguage":"de","@id":"https:\/\/kooistra.com\/product\/kien-portable-speaker-black\/#primaryimage","url":"https:\/\/kooistra.com\/wp-content\/uploads\/2025\/01\/8720299549227_03.jpg","contentUrl":"https:\/\/kooistra.com\/wp-content\/uploads\/2025\/01\/8720299549227_03.jpg","width":700,"height":700},{"@type":"BreadcrumbList","@id":"https:\/\/kooistra.com\/product\/kien-portable-speaker-black\/#breadcrumb","itemListElement":[{"@type":"ListItem","position":1,"name":"Home","item":"https:\/\/kooistra.com\/"},{"@type":"ListItem","position":2,"name":"Webshop","item":"https:\/\/kooistra.com\/webshop\/"},{"@type":"ListItem","position":3,"name":"Kien &#8211; Sat &amp; draagbare speaker &#8211; zwart"}]},{"@type":"WebSite","@id":"https:\/\/kooistra.com\/#website","url":"https:\/\/kooistra.com\/","name":"Kooistra.com Partei Handel Reste","description":"Wir kaufen alle Ihre Best\u00e4nde. Chargen, Retouren, Restchargen und andere Best\u00e4nde.","publisher":{"@id":"https:\/\/kooistra.com\/#organization"},"alternateName":"Opkoper en verkoper restpartijen","potentialAction":[{"@type":"SearchAction","target":{"@type":"EntryPoint","urlTemplate":"https:\/\/kooistra.com\/?s={search_term_string}"},"query-input":{"@type":"PropertyValueSpecification","valueRequired":true,"valueName":"search_term_string"}}],"inLanguage":"de"},{"@type":"Organization","@id":"https:\/\/kooistra.com\/#organization","name":"Kooistra.com BV","alternateName":"Restpartij opkopers","url":"https:\/\/kooistra.com\/","logo":{"@type":"ImageObject","inLanguage":"de","@id":"https:\/\/kooistra.com\/#\/schema\/logo\/image\/","url":"https:\/\/kooistra.com\/wp-content\/uploads\/2024\/11\/logo-Kooistra.com-nieuw-2024-kopie.png","contentUrl":"https:\/\/kooistra.com\/wp-content\/uploads\/2024\/11\/logo-Kooistra.com-nieuw-2024-kopie.png","width":3000,"height":1240,"caption":"Kooistra.com BV"},"image":{"@id":"https:\/\/kooistra.com\/#\/schema\/logo\/image\/"},"sameAs":["https:\/\/www.facebook.com\/kooistracom\/?locale=nl_NL","https:\/\/nl.linkedin.com\/company\/kooistra-com-b.v."]}]}},"_links":{"self":[{"href":"https:\/\/kooistra.com\/de\/wp-json\/wp\/v2\/product\/78853","targetHints":{"allow":["GET"]}}],"collection":[{"href":"https:\/\/kooistra.com\/de\/wp-json\/wp\/v2\/product"}],"about":[{"href":"https:\/\/kooistra.com\/de\/wp-json\/wp\/v2\/types\/product"}],"wp:featuredmedia":[{"embeddable":true,"href":"https:\/\/kooistra.com\/de\/wp-json\/wp\/v2\/media\/78854"}],"wp:attachment":[{"href":"https:\/\/kooistra.com\/de\/wp-json\/wp\/v2\/media?parent=78853"}],"wp:term":[{"taxonomy":"product_brand","embeddable":true,"href":"https:\/\/kooistra.com\/de\/wp-json\/wp\/v2\/product_brand?post=78853"},{"taxonomy":"product_cat","embeddable":true,"href":"https:\/\/kooistra.com\/de\/wp-json\/wp\/v2\/product_cat?post=78853"},{"taxonomy":"product_tag","embeddable":true,"href":"https:\/\/kooistra.com\/de\/wp-json\/wp\/v2\/product_tag?post=78853"}],"curies":[{"name":"wp","href":"https:\/\/api.w.org\/{rel}","templated":true}]}}