{"id":78868,"date":"2023-09-21T11:43:28","date_gmt":"2023-09-21T10:43:28","guid":{"rendered":"https:\/\/kooistra.com\/product\/kien-2-1-subwoofer-2-portable-speakers-white\/"},"modified":"2026-01-30T14:21:09","modified_gmt":"2026-01-30T13:21:09","slug":"kien-2-1-subwoofer-2-tragbare-lautsprecher-weis","status":"publish","type":"product","link":"https:\/\/kooistra.com\/de\/product\/kien-2-1-subwoofer-2-portable-speakers-white\/","title":{"rendered":"Kien 2.1 - Subwoofer - 2 tragbare Sat-Lautsprecher - wei\u00df"},"content":{"rendered":"<p><strong>Kien 2.1<\/strong><\/p>\n<p>Das kien 2.1 besteht aus einem leistungsstarken SUB und zwei tragbaren (drahtlosen) SATs. Damit k\u00f6nnen Sie einen atemberaubenden High-Fidelity-Stereoklang genie\u00dfen. Stellen Sie die SAT-Lautsprecher dort auf, wo es Ihnen am besten passt, spielen Sie Ihre Lieblingsmusik und entdecken Sie, was Sie noch nie zuvor geh\u00f6rt haben: die Ber\u00fchrung von Fingern auf Saiten oder den Atem eines Trompetenspielers.<\/p>\n<p><strong>Flexibles und leistungsstarkes Soundsystem.<\/strong><\/p>\n<p>Das flexible System von Kien ist multifunktional, f\u00fcr so ziemlich alle Ger\u00e4usche, die Sie t\u00e4glich aufnehmen, egal wo Sie sind. Selbst bei einem Ortswechsel passt sich Kien an Sie an. So k\u00f6nnen Sie das leistungsstarke Soundsystem als Heimkino- oder Stereoanlage nutzen oder es in mehrere tragbare Lautsprecher aufteilen. Andere SATS k\u00f6nnen endlos an den SUB angeschlossen werden. Sie k\u00f6nnen Ihr Kien-System so gro\u00df oder klein machen, wie Sie m\u00f6chten. Die Lautsprecher funktionieren mit allen Plattformen und allen Apps, so dass Sie nichts extra installieren m\u00fcssen.<\/p>\n<p><strong>Atemberaubend. High Fidelity Audio.<\/strong><\/p>\n<p>Bei kien sind wir besessen von gro\u00dfartigem Sound, sch\u00f6nem Design und benutzerfreundlichen Erfahrungen. Wir glauben nicht an die Grenzen von Zeit und Raum. Wir leben ein flie\u00dfendes Leben, angetrieben von Spontaneit\u00e4t, angetrieben vom Beat. Musik ist der Soundtrack f\u00fcr die Momente, auf die es ankommt. Wenn wir nur in einer Welt leben k\u00f6nnten, in der unser Sound so kompromisslos, so grenzenlos und so intelligent ist wie wir selbst. Mit kien erleben Sie High-Fidelity-Audio wie nie zuvor. \u00dcberzeugen Sie sich selbst von der Leistungsf\u00e4higkeit von kien und entdecken Sie, wie Musik klingen kann, wenn sie perfekt wiedergegeben wird. Sie werden von den Details, die Sie h\u00f6ren, und den Emotionen, die sie hervorrufen, begeistert sein. kien ist die Zukunft der Audiotechnik und wir freuen uns, dass Sie ein Teil davon sind.<\/p>","protected":false},"excerpt":{"rendered":"<ul>\n<li>Sanfte Ber\u00fchrungssteuerung<\/li>\n<li>1 x 80W Klasse D Verst\u00e4rker<\/li>\n<li>Streamen mit WiFi und Bluetooth<\/li>\n<li>1 x 6,5\" Subwoofer<\/li>\n<li>3D-Gewebe und Kunststoff<\/li>\n<li>Frequenzbereich 35-20.000 Hz<\/li>\n<li>Apple Airplay und Spotify streamen<\/li>\n<li>Benutzerfreundliche kien-App<\/li>\n<li>Kompakte Fernbedienung<\/li>\n<li>Kabellose und flexible Lautsprecher<\/li>\n<\/ul>\n<p>Siehe <a href=\"https:\/\/kooistra.com\/wp-content\/uploads\/2023\/09\/202305_Handleiding_kien-2.1-_-5.1.pdf\" target=\"_blank\" rel=\"noopener\">hier<\/a> das Handbuch (Niederl\u00e4ndisch)<\/p>","protected":false},"featured_media":78869,"template":"","meta":[],"product_brand":[],"product_cat":[348,335],"product_tag":[],"class_list":{"0":"post-78868","1":"product","2":"type-product","3":"status-publish","4":"has-post-thumbnail","6":"product_cat-elektronica","7":"product_cat-huis-tuin","9":"first","10":"instock","11":"taxable","12":"shipping-taxable","13":"product-type-simple"},"yoast_head":"<!-- This site is optimized with the Yoast SEO plugin v27.4 - https:\/\/yoast.com\/product\/yoast-seo-wordpress\/ -->\n<title>Kien 2.1 - Subwoofer - 2 draagbare sat speakers - wit - Kooistra.com - Opkoper en verkoper restpartijen<\/title>\n<meta name=\"robots\" content=\"index, follow, max-snippet:-1, max-image-preview:large, max-video-preview:-1\" \/>\n<link rel=\"canonical\" href=\"https:\/\/kooistra.com\/de\/produkt\/kien-2-1-subwoofer-2-tragbare-lautsprecher-weis\/\" \/>\n<meta property=\"og:locale\" content=\"de_DE\" \/>\n<meta property=\"og:type\" content=\"article\" \/>\n<meta property=\"og:title\" content=\"Kien 2.1 - Subwoofer - 2 draagbare sat speakers - wit - Kooistra.com - Opkoper en verkoper restpartijen\" \/>\n<meta property=\"og:description\" content=\"Vloeiende touchbediening  1 x 80W class D versterker  Stream met wifi en bluetooth  1 x 6.5\u201d subwoofer  3D mesh stof en kunststof  Frequentiebereik 35-20.000 Hz  Stream Apple Airplay &amp; Spotify  Gebruiksvriendelijke kien-app  Compacte afstandsbediening  Draadloze en flexibele speakers Bekijk hier de handleiding (Nederlands)\" \/>\n<meta property=\"og:url\" content=\"https:\/\/kooistra.com\/de\/produkt\/kien-2-1-subwoofer-2-tragbare-lautsprecher-weis\/\" \/>\n<meta property=\"og:site_name\" content=\"Kooistra.com - Opkoper en verkoper restpartijen\" \/>\n<meta property=\"article:publisher\" content=\"https:\/\/www.facebook.com\/kooistracom\/?locale=nl_NL\" \/>\n<meta property=\"article:modified_time\" content=\"2026-01-30T13:21:09+00:00\" \/>\n<meta property=\"og:image\" content=\"https:\/\/kooistra.com\/wp-content\/uploads\/2025\/01\/8720299549296_01.jpg\" \/>\n\t<meta property=\"og:image:width\" content=\"700\" \/>\n\t<meta property=\"og:image:height\" content=\"700\" \/>\n\t<meta property=\"og:image:type\" content=\"image\/jpeg\" \/>\n<meta name=\"twitter:card\" content=\"summary_large_image\" \/>\n<meta name=\"twitter:label1\" content=\"Gesch\u00e4tzte Lesezeit\" \/>\n\t<meta name=\"twitter:data1\" content=\"1\u00a0Minute\" \/>\n<script type=\"application\/ld+json\" class=\"yoast-schema-graph\">{\"@context\":\"https:\\\/\\\/schema.org\",\"@graph\":[{\"@type\":\"WebPage\",\"@id\":\"https:\\\/\\\/kooistra.com\\\/product\\\/kien-2-1-subwoofer-2-portable-speakers-white\\\/\",\"url\":\"https:\\\/\\\/kooistra.com\\\/product\\\/kien-2-1-subwoofer-2-portable-speakers-white\\\/\",\"name\":\"Kien 2.1 - Subwoofer - 2 draagbare sat speakers - wit - Kooistra.com - Opkoper en verkoper restpartijen\",\"isPartOf\":{\"@id\":\"https:\\\/\\\/kooistra.com\\\/#website\"},\"primaryImageOfPage\":{\"@id\":\"https:\\\/\\\/kooistra.com\\\/product\\\/kien-2-1-subwoofer-2-portable-speakers-white\\\/#primaryimage\"},\"image\":{\"@id\":\"https:\\\/\\\/kooistra.com\\\/product\\\/kien-2-1-subwoofer-2-portable-speakers-white\\\/#primaryimage\"},\"thumbnailUrl\":\"https:\\\/\\\/kooistra.com\\\/wp-content\\\/uploads\\\/2025\\\/01\\\/8720299549296_01.jpg\",\"datePublished\":\"2023-09-21T10:43:28+00:00\",\"dateModified\":\"2026-01-30T13:21:09+00:00\",\"breadcrumb\":{\"@id\":\"https:\\\/\\\/kooistra.com\\\/product\\\/kien-2-1-subwoofer-2-portable-speakers-white\\\/#breadcrumb\"},\"inLanguage\":\"de\",\"potentialAction\":[{\"@type\":\"ReadAction\",\"target\":[\"https:\\\/\\\/kooistra.com\\\/product\\\/kien-2-1-subwoofer-2-portable-speakers-white\\\/\"]}]},{\"@type\":\"ImageObject\",\"inLanguage\":\"de\",\"@id\":\"https:\\\/\\\/kooistra.com\\\/product\\\/kien-2-1-subwoofer-2-portable-speakers-white\\\/#primaryimage\",\"url\":\"https:\\\/\\\/kooistra.com\\\/wp-content\\\/uploads\\\/2025\\\/01\\\/8720299549296_01.jpg\",\"contentUrl\":\"https:\\\/\\\/kooistra.com\\\/wp-content\\\/uploads\\\/2025\\\/01\\\/8720299549296_01.jpg\",\"width\":700,\"height\":700},{\"@type\":\"BreadcrumbList\",\"@id\":\"https:\\\/\\\/kooistra.com\\\/product\\\/kien-2-1-subwoofer-2-portable-speakers-white\\\/#breadcrumb\",\"itemListElement\":[{\"@type\":\"ListItem\",\"position\":1,\"name\":\"Home\",\"item\":\"https:\\\/\\\/kooistra.com\\\/\"},{\"@type\":\"ListItem\",\"position\":2,\"name\":\"Webshop\",\"item\":\"https:\\\/\\\/kooistra.com\\\/webshop\\\/\"},{\"@type\":\"ListItem\",\"position\":3,\"name\":\"Kien 2.1 &#8211; Subwoofer &#8211; 2 draagbare sat speakers &#8211; wit\"}]},{\"@type\":\"WebSite\",\"@id\":\"https:\\\/\\\/kooistra.com\\\/#website\",\"url\":\"https:\\\/\\\/kooistra.com\\\/\",\"name\":\"Kooistra.com Partijhandel Restpartijen\",\"description\":\"Wij kopen al uw voorraad. Partijen, retouren, restpartijen en andere voorraden.\",\"publisher\":{\"@id\":\"https:\\\/\\\/kooistra.com\\\/#organization\"},\"alternateName\":\"Opkoper en verkoper restpartijen\",\"potentialAction\":[{\"@type\":\"SearchAction\",\"target\":{\"@type\":\"EntryPoint\",\"urlTemplate\":\"https:\\\/\\\/kooistra.com\\\/?s={search_term_string}\"},\"query-input\":{\"@type\":\"PropertyValueSpecification\",\"valueRequired\":true,\"valueName\":\"search_term_string\"}}],\"inLanguage\":\"de\"},{\"@type\":\"Organization\",\"@id\":\"https:\\\/\\\/kooistra.com\\\/#organization\",\"name\":\"Kooistra.com BV\",\"alternateName\":\"Restpartij opkopers\",\"url\":\"https:\\\/\\\/kooistra.com\\\/\",\"logo\":{\"@type\":\"ImageObject\",\"inLanguage\":\"de\",\"@id\":\"https:\\\/\\\/kooistra.com\\\/#\\\/schema\\\/logo\\\/image\\\/\",\"url\":\"https:\\\/\\\/kooistra.com\\\/wp-content\\\/uploads\\\/2024\\\/11\\\/logo-Kooistra.com-nieuw-2024-kopie.png\",\"contentUrl\":\"https:\\\/\\\/kooistra.com\\\/wp-content\\\/uploads\\\/2024\\\/11\\\/logo-Kooistra.com-nieuw-2024-kopie.png\",\"width\":3000,\"height\":1240,\"caption\":\"Kooistra.com BV\"},\"image\":{\"@id\":\"https:\\\/\\\/kooistra.com\\\/#\\\/schema\\\/logo\\\/image\\\/\"},\"sameAs\":[\"https:\\\/\\\/www.facebook.com\\\/kooistracom\\\/?locale=nl_NL\",\"https:\\\/\\\/nl.linkedin.com\\\/company\\\/kooistra-com-b.v.\"]}]}<\/script>\n<!-- \/ Yoast SEO plugin. -->","yoast_head_json":{"title":"Kien 2.1 - Subwoofer - 2 tragbare Sat-Lautsprecher - wei\u00df - Kooistra.de - K\u00e4ufer und Verk\u00e4ufer bleiben unter sich","robots":{"index":"index","follow":"follow","max-snippet":"max-snippet:-1","max-image-preview":"max-image-preview:large","max-video-preview":"max-video-preview:-1"},"canonical":"https:\/\/kooistra.com\/de\/produkt\/kien-2-1-subwoofer-2-tragbare-lautsprecher-weis\/","og_locale":"de_DE","og_type":"article","og_title":"Kien 2.1 - Subwoofer - 2 draagbare sat speakers - wit - Kooistra.com - Opkoper en verkoper restpartijen","og_description":"Vloeiende touchbediening  1 x 80W class D versterker  Stream met wifi en bluetooth  1 x 6.5\u201d subwoofer  3D mesh stof en kunststof  Frequentiebereik 35-20.000 Hz  Stream Apple Airplay &amp; Spotify  Gebruiksvriendelijke kien-app  Compacte afstandsbediening  Draadloze en flexibele speakers Bekijk hier de handleiding (Nederlands)","og_url":"https:\/\/kooistra.com\/de\/produkt\/kien-2-1-subwoofer-2-tragbare-lautsprecher-weis\/","og_site_name":"Kooistra.com - Opkoper en verkoper restpartijen","article_publisher":"https:\/\/www.facebook.com\/kooistracom\/?locale=nl_NL","article_modified_time":"2026-01-30T13:21:09+00:00","og_image":[{"width":700,"height":700,"url":"https:\/\/kooistra.com\/wp-content\/uploads\/2025\/01\/8720299549296_01.jpg","type":"image\/jpeg"}],"twitter_card":"summary_large_image","twitter_misc":{"Gesch\u00e4tzte Lesezeit":"1\u00a0Minute"},"schema":{"@context":"https:\/\/schema.org","@graph":[{"@type":"WebPage","@id":"https:\/\/kooistra.com\/product\/kien-2-1-subwoofer-2-portable-speakers-white\/","url":"https:\/\/kooistra.com\/product\/kien-2-1-subwoofer-2-portable-speakers-white\/","name":"Kien 2.1 - Subwoofer - 2 tragbare Sat-Lautsprecher - wei\u00df - Kooistra.de - K\u00e4ufer und Verk\u00e4ufer bleiben unter sich","isPartOf":{"@id":"https:\/\/kooistra.com\/#website"},"primaryImageOfPage":{"@id":"https:\/\/kooistra.com\/product\/kien-2-1-subwoofer-2-portable-speakers-white\/#primaryimage"},"image":{"@id":"https:\/\/kooistra.com\/product\/kien-2-1-subwoofer-2-portable-speakers-white\/#primaryimage"},"thumbnailUrl":"https:\/\/kooistra.com\/wp-content\/uploads\/2025\/01\/8720299549296_01.jpg","datePublished":"2023-09-21T10:43:28+00:00","dateModified":"2026-01-30T13:21:09+00:00","breadcrumb":{"@id":"https:\/\/kooistra.com\/product\/kien-2-1-subwoofer-2-portable-speakers-white\/#breadcrumb"},"inLanguage":"de","potentialAction":[{"@type":"ReadAction","target":["https:\/\/kooistra.com\/product\/kien-2-1-subwoofer-2-portable-speakers-white\/"]}]},{"@type":"ImageObject","inLanguage":"de","@id":"https:\/\/kooistra.com\/product\/kien-2-1-subwoofer-2-portable-speakers-white\/#primaryimage","url":"https:\/\/kooistra.com\/wp-content\/uploads\/2025\/01\/8720299549296_01.jpg","contentUrl":"https:\/\/kooistra.com\/wp-content\/uploads\/2025\/01\/8720299549296_01.jpg","width":700,"height":700},{"@type":"BreadcrumbList","@id":"https:\/\/kooistra.com\/product\/kien-2-1-subwoofer-2-portable-speakers-white\/#breadcrumb","itemListElement":[{"@type":"ListItem","position":1,"name":"Home","item":"https:\/\/kooistra.com\/"},{"@type":"ListItem","position":2,"name":"Webshop","item":"https:\/\/kooistra.com\/webshop\/"},{"@type":"ListItem","position":3,"name":"Kien 2.1 &#8211; Subwoofer &#8211; 2 draagbare sat speakers &#8211; wit"}]},{"@type":"WebSite","@id":"https:\/\/kooistra.com\/#website","url":"https:\/\/kooistra.com\/","name":"Kooistra.com Partei Handel Reste","description":"Wir kaufen alle Ihre Best\u00e4nde. Chargen, Retouren, Restchargen und andere Best\u00e4nde.","publisher":{"@id":"https:\/\/kooistra.com\/#organization"},"alternateName":"Opkoper en verkoper restpartijen","potentialAction":[{"@type":"SearchAction","target":{"@type":"EntryPoint","urlTemplate":"https:\/\/kooistra.com\/?s={search_term_string}"},"query-input":{"@type":"PropertyValueSpecification","valueRequired":true,"valueName":"search_term_string"}}],"inLanguage":"de"},{"@type":"Organization","@id":"https:\/\/kooistra.com\/#organization","name":"Kooistra.com BV","alternateName":"Restpartij opkopers","url":"https:\/\/kooistra.com\/","logo":{"@type":"ImageObject","inLanguage":"de","@id":"https:\/\/kooistra.com\/#\/schema\/logo\/image\/","url":"https:\/\/kooistra.com\/wp-content\/uploads\/2024\/11\/logo-Kooistra.com-nieuw-2024-kopie.png","contentUrl":"https:\/\/kooistra.com\/wp-content\/uploads\/2024\/11\/logo-Kooistra.com-nieuw-2024-kopie.png","width":3000,"height":1240,"caption":"Kooistra.com BV"},"image":{"@id":"https:\/\/kooistra.com\/#\/schema\/logo\/image\/"},"sameAs":["https:\/\/www.facebook.com\/kooistracom\/?locale=nl_NL","https:\/\/nl.linkedin.com\/company\/kooistra-com-b.v."]}]}},"_links":{"self":[{"href":"https:\/\/kooistra.com\/de\/wp-json\/wp\/v2\/product\/78868","targetHints":{"allow":["GET"]}}],"collection":[{"href":"https:\/\/kooistra.com\/de\/wp-json\/wp\/v2\/product"}],"about":[{"href":"https:\/\/kooistra.com\/de\/wp-json\/wp\/v2\/types\/product"}],"wp:featuredmedia":[{"embeddable":true,"href":"https:\/\/kooistra.com\/de\/wp-json\/wp\/v2\/media\/78869"}],"wp:attachment":[{"href":"https:\/\/kooistra.com\/de\/wp-json\/wp\/v2\/media?parent=78868"}],"wp:term":[{"taxonomy":"product_brand","embeddable":true,"href":"https:\/\/kooistra.com\/de\/wp-json\/wp\/v2\/product_brand?post=78868"},{"taxonomy":"product_cat","embeddable":true,"href":"https:\/\/kooistra.com\/de\/wp-json\/wp\/v2\/product_cat?post=78868"},{"taxonomy":"product_tag","embeddable":true,"href":"https:\/\/kooistra.com\/de\/wp-json\/wp\/v2\/product_tag?post=78868"}],"curies":[{"name":"wp","href":"https:\/\/api.w.org\/{rel}","templated":true}]}}