{"id":79345,"date":"2024-04-15T09:13:36","date_gmt":"2024-04-15T08:13:36","guid":{"rendered":"https:\/\/kooistra.com\/product\/gartenstar-vegetable-seeds-55-assorted-exp-01-2026\/"},"modified":"2026-04-18T04:07:26","modified_gmt":"2026-04-18T03:07:26","slug":"gartenstar-gemusesamen-23-sortiert-exp-01-2026","status":"publish","type":"product","link":"https:\/\/kooistra.com\/de\/produkt\/gartenstar-gemusesamen-23-sortiert-exp-01-2026\/","title":{"rendered":"Gartenstar - Gem\u00fcsesamen - 13 sortiert - g\u00fcltig bis 01-2026"},"content":{"rendered":"<p>13 verschiedene Arten von Gem\u00fcsesamen<\/p>","protected":false},"excerpt":{"rendered":"<ul>\n<li>Marke: Gartenstar<\/li>\n<li>Anzahl der Arten: 13<\/li>\n<li>Verfallsdatum: 01-2026<\/li>\n<\/ul>","protected":false},"featured_media":79346,"template":"","meta":[],"product_brand":[],"product_cat":[335,349],"product_tag":[653,662,657,659,3918,663,654,661,656,3916,660,655,3917,658,650],"class_list":{"0":"post-79345","1":"product","2":"type-product","3":"status-publish","4":"has-post-thumbnail","6":"product_cat-huis-tuin","7":"product_cat-tuinieren","8":"product_tag-bloemzaden","9":"product_tag-blumensamen","10":"product_tag-flower-seeds","11":"product_tag-garden-seeds","12":"product_tag-garten-samen","13":"product_tag-gemusesamen","14":"product_tag-groentezaden","15":"product_tag-pflanzensamen","16":"product_tag-plant-seeds","17":"product_tag-planten-zaden","18":"product_tag-samen","19":"product_tag-seeds","20":"product_tag-tuinzaden","21":"product_tag-vegetable-seeds","22":"product_tag-zaden","24":"first","25":"instock","26":"taxable","27":"shipping-taxable","28":"product-type-simple"},"yoast_head":"<!-- This site is optimized with the Yoast SEO plugin v26.6 - https:\/\/yoast.com\/wordpress\/plugins\/seo\/ -->\n<title>Gartenstar - Vegetable seeds - 13 assorted - exp. 01-2026 - Kooistra.com - Opkoper en verkoper restpartijen<\/title>\n<meta name=\"robots\" content=\"index, follow, max-snippet:-1, max-image-preview:large, max-video-preview:-1\" \/>\n<link rel=\"canonical\" href=\"https:\/\/kooistra.com\/de\/produkt\/gartenstar-gemusesamen-23-sortiert-exp-01-2026\/\" \/>\n<meta property=\"og:locale\" content=\"de_DE\" \/>\n<meta property=\"og:type\" content=\"article\" \/>\n<meta property=\"og:title\" content=\"Gartenstar - Vegetable seeds - 13 assorted - exp. 01-2026 - Kooistra.com - Opkoper en verkoper restpartijen\" \/>\n<meta property=\"og:description\" content=\"Merk: Gartenstar  Aantal soorten: 13  Uiterste gebruiksdatum: 01-2026\" \/>\n<meta property=\"og:url\" content=\"https:\/\/kooistra.com\/de\/produkt\/gartenstar-gemusesamen-23-sortiert-exp-01-2026\/\" \/>\n<meta property=\"og:site_name\" content=\"Kooistra.com - Opkoper en verkoper restpartijen\" \/>\n<meta property=\"article:publisher\" content=\"https:\/\/www.facebook.com\/kooistracom\/?locale=nl_NL\" \/>\n<meta property=\"article:modified_time\" content=\"2026-04-18T03:07:26+00:00\" \/>\n<meta property=\"og:image\" content=\"https:\/\/kooistra.com\/wp-content\/uploads\/2025\/01\/4049497005286_05.jpg\" \/>\n\t<meta property=\"og:image:width\" content=\"700\" \/>\n\t<meta property=\"og:image:height\" content=\"700\" \/>\n\t<meta property=\"og:image:type\" content=\"image\/jpeg\" \/>\n<meta name=\"twitter:card\" content=\"summary_large_image\" \/>\n<meta name=\"twitter:label1\" content=\"Gesch\u00e4tzte Lesezeit\" \/>\n\t<meta name=\"twitter:data1\" content=\"1\u00a0Minute\" \/>\n<script type=\"application\/ld+json\" class=\"yoast-schema-graph\">{\"@context\":\"https:\/\/schema.org\",\"@graph\":[{\"@type\":\"WebPage\",\"@id\":\"https:\/\/kooistra.com\/product\/gartenstar-vegetable-seeds-23-assorted-exp-01-2026\/\",\"url\":\"https:\/\/kooistra.com\/product\/gartenstar-vegetable-seeds-23-assorted-exp-01-2026\/\",\"name\":\"Gartenstar - Vegetable seeds - 13 assorted - exp. 01-2026 - Kooistra.com - Opkoper en verkoper restpartijen\",\"isPartOf\":{\"@id\":\"https:\/\/kooistra.com\/#website\"},\"primaryImageOfPage\":{\"@id\":\"https:\/\/kooistra.com\/product\/gartenstar-vegetable-seeds-23-assorted-exp-01-2026\/#primaryimage\"},\"image\":{\"@id\":\"https:\/\/kooistra.com\/product\/gartenstar-vegetable-seeds-23-assorted-exp-01-2026\/#primaryimage\"},\"thumbnailUrl\":\"https:\/\/kooistra.com\/wp-content\/uploads\/2025\/01\/4049497005286_05.jpg\",\"datePublished\":\"2024-04-15T08:13:36+00:00\",\"dateModified\":\"2026-04-18T03:07:26+00:00\",\"breadcrumb\":{\"@id\":\"https:\/\/kooistra.com\/product\/gartenstar-vegetable-seeds-23-assorted-exp-01-2026\/#breadcrumb\"},\"inLanguage\":\"de\",\"potentialAction\":[{\"@type\":\"ReadAction\",\"target\":[\"https:\/\/kooistra.com\/product\/gartenstar-vegetable-seeds-23-assorted-exp-01-2026\/\"]}]},{\"@type\":\"ImageObject\",\"inLanguage\":\"de\",\"@id\":\"https:\/\/kooistra.com\/product\/gartenstar-vegetable-seeds-23-assorted-exp-01-2026\/#primaryimage\",\"url\":\"https:\/\/kooistra.com\/wp-content\/uploads\/2025\/01\/4049497005286_05.jpg\",\"contentUrl\":\"https:\/\/kooistra.com\/wp-content\/uploads\/2025\/01\/4049497005286_05.jpg\",\"width\":700,\"height\":700},{\"@type\":\"BreadcrumbList\",\"@id\":\"https:\/\/kooistra.com\/product\/gartenstar-vegetable-seeds-23-assorted-exp-01-2026\/#breadcrumb\",\"itemListElement\":[{\"@type\":\"ListItem\",\"position\":1,\"name\":\"Home\",\"item\":\"https:\/\/kooistra.com\/\"},{\"@type\":\"ListItem\",\"position\":2,\"name\":\"Webshop\",\"item\":\"https:\/\/kooistra.com\/webshop\/\"},{\"@type\":\"ListItem\",\"position\":3,\"name\":\"Gartenstar &#8211; Vegetable seeds &#8211; 13 assorted &#8211; exp. 01-2026\"}]},{\"@type\":\"WebSite\",\"@id\":\"https:\/\/kooistra.com\/#website\",\"url\":\"https:\/\/kooistra.com\/\",\"name\":\"Kooistra.com Partijhandel Restpartijen\",\"description\":\"Wij kopen al uw voorraad. Partijen, retouren, restpartijen en andere voorraden.\",\"publisher\":{\"@id\":\"https:\/\/kooistra.com\/#organization\"},\"alternateName\":\"Opkoper en verkoper restpartijen\",\"potentialAction\":[{\"@type\":\"SearchAction\",\"target\":{\"@type\":\"EntryPoint\",\"urlTemplate\":\"https:\/\/kooistra.com\/?s={search_term_string}\"},\"query-input\":{\"@type\":\"PropertyValueSpecification\",\"valueRequired\":true,\"valueName\":\"search_term_string\"}}],\"inLanguage\":\"de\"},{\"@type\":\"Organization\",\"@id\":\"https:\/\/kooistra.com\/#organization\",\"name\":\"Kooistra.com BV\",\"alternateName\":\"Restpartij opkopers\",\"url\":\"https:\/\/kooistra.com\/\",\"logo\":{\"@type\":\"ImageObject\",\"inLanguage\":\"de\",\"@id\":\"https:\/\/kooistra.com\/#\/schema\/logo\/image\/\",\"url\":\"https:\/\/kooistra.com\/wp-content\/uploads\/2024\/11\/logo-Kooistra.com-nieuw-2024-kopie.png\",\"contentUrl\":\"https:\/\/kooistra.com\/wp-content\/uploads\/2024\/11\/logo-Kooistra.com-nieuw-2024-kopie.png\",\"width\":3000,\"height\":1240,\"caption\":\"Kooistra.com BV\"},\"image\":{\"@id\":\"https:\/\/kooistra.com\/#\/schema\/logo\/image\/\"},\"sameAs\":[\"https:\/\/www.facebook.com\/kooistracom\/?locale=nl_NL\",\"https:\/\/nl.linkedin.com\/company\/kooistra-com-b.v.\"]}]}<\/script>\n<!-- \/ Yoast SEO plugin. -->","yoast_head_json":{"title":"Gartenstar - Gem\u00fcsesamen - 13 sortiert - exp. 01-2026 - Kooistra.com - K\u00e4ufer und Verk\u00e4ufer von Restposten","robots":{"index":"index","follow":"follow","max-snippet":"max-snippet:-1","max-image-preview":"max-image-preview:large","max-video-preview":"max-video-preview:-1"},"canonical":"https:\/\/kooistra.com\/de\/produkt\/gartenstar-gemusesamen-23-sortiert-exp-01-2026\/","og_locale":"de_DE","og_type":"article","og_title":"Gartenstar - Vegetable seeds - 13 assorted - exp. 01-2026 - Kooistra.com - Opkoper en verkoper restpartijen","og_description":"Merk: Gartenstar  Aantal soorten: 13  Uiterste gebruiksdatum: 01-2026","og_url":"https:\/\/kooistra.com\/de\/produkt\/gartenstar-gemusesamen-23-sortiert-exp-01-2026\/","og_site_name":"Kooistra.com - Opkoper en verkoper restpartijen","article_publisher":"https:\/\/www.facebook.com\/kooistracom\/?locale=nl_NL","article_modified_time":"2026-04-18T03:07:26+00:00","og_image":[{"width":700,"height":700,"url":"https:\/\/kooistra.com\/wp-content\/uploads\/2025\/01\/4049497005286_05.jpg","type":"image\/jpeg"}],"twitter_card":"summary_large_image","twitter_misc":{"Gesch\u00e4tzte Lesezeit":"1\u00a0Minute"},"schema":{"@context":"https:\/\/schema.org","@graph":[{"@type":"WebPage","@id":"https:\/\/kooistra.com\/product\/gartenstar-vegetable-seeds-23-assorted-exp-01-2026\/","url":"https:\/\/kooistra.com\/product\/gartenstar-vegetable-seeds-23-assorted-exp-01-2026\/","name":"Gartenstar - Gem\u00fcsesamen - 13 sortiert - exp. 01-2026 - Kooistra.com - K\u00e4ufer und Verk\u00e4ufer von Restposten","isPartOf":{"@id":"https:\/\/kooistra.com\/#website"},"primaryImageOfPage":{"@id":"https:\/\/kooistra.com\/product\/gartenstar-vegetable-seeds-23-assorted-exp-01-2026\/#primaryimage"},"image":{"@id":"https:\/\/kooistra.com\/product\/gartenstar-vegetable-seeds-23-assorted-exp-01-2026\/#primaryimage"},"thumbnailUrl":"https:\/\/kooistra.com\/wp-content\/uploads\/2025\/01\/4049497005286_05.jpg","datePublished":"2024-04-15T08:13:36+00:00","dateModified":"2026-04-18T03:07:26+00:00","breadcrumb":{"@id":"https:\/\/kooistra.com\/product\/gartenstar-vegetable-seeds-23-assorted-exp-01-2026\/#breadcrumb"},"inLanguage":"de","potentialAction":[{"@type":"ReadAction","target":["https:\/\/kooistra.com\/product\/gartenstar-vegetable-seeds-23-assorted-exp-01-2026\/"]}]},{"@type":"ImageObject","inLanguage":"de","@id":"https:\/\/kooistra.com\/product\/gartenstar-vegetable-seeds-23-assorted-exp-01-2026\/#primaryimage","url":"https:\/\/kooistra.com\/wp-content\/uploads\/2025\/01\/4049497005286_05.jpg","contentUrl":"https:\/\/kooistra.com\/wp-content\/uploads\/2025\/01\/4049497005286_05.jpg","width":700,"height":700},{"@type":"BreadcrumbList","@id":"https:\/\/kooistra.com\/product\/gartenstar-vegetable-seeds-23-assorted-exp-01-2026\/#breadcrumb","itemListElement":[{"@type":"ListItem","position":1,"name":"Home","item":"https:\/\/kooistra.com\/"},{"@type":"ListItem","position":2,"name":"Webshop","item":"https:\/\/kooistra.com\/webshop\/"},{"@type":"ListItem","position":3,"name":"Gartenstar &#8211; Vegetable seeds &#8211; 13 assorted &#8211; exp. 01-2026"}]},{"@type":"WebSite","@id":"https:\/\/kooistra.com\/#website","url":"https:\/\/kooistra.com\/","name":"Kooistra.com Partei Handel Reste","description":"Wir kaufen alle Ihre Best\u00e4nde. Chargen, Retouren, Restchargen und andere Best\u00e4nde.","publisher":{"@id":"https:\/\/kooistra.com\/#organization"},"alternateName":"Opkoper en verkoper restpartijen","potentialAction":[{"@type":"SearchAction","target":{"@type":"EntryPoint","urlTemplate":"https:\/\/kooistra.com\/?s={search_term_string}"},"query-input":{"@type":"PropertyValueSpecification","valueRequired":true,"valueName":"search_term_string"}}],"inLanguage":"de"},{"@type":"Organization","@id":"https:\/\/kooistra.com\/#organization","name":"Kooistra.com BV","alternateName":"Restpartij opkopers","url":"https:\/\/kooistra.com\/","logo":{"@type":"ImageObject","inLanguage":"de","@id":"https:\/\/kooistra.com\/#\/schema\/logo\/image\/","url":"https:\/\/kooistra.com\/wp-content\/uploads\/2024\/11\/logo-Kooistra.com-nieuw-2024-kopie.png","contentUrl":"https:\/\/kooistra.com\/wp-content\/uploads\/2024\/11\/logo-Kooistra.com-nieuw-2024-kopie.png","width":3000,"height":1240,"caption":"Kooistra.com BV"},"image":{"@id":"https:\/\/kooistra.com\/#\/schema\/logo\/image\/"},"sameAs":["https:\/\/www.facebook.com\/kooistracom\/?locale=nl_NL","https:\/\/nl.linkedin.com\/company\/kooistra-com-b.v."]}]}},"_links":{"self":[{"href":"https:\/\/kooistra.com\/de\/wp-json\/wp\/v2\/product\/79345","targetHints":{"allow":["GET"]}}],"collection":[{"href":"https:\/\/kooistra.com\/de\/wp-json\/wp\/v2\/product"}],"about":[{"href":"https:\/\/kooistra.com\/de\/wp-json\/wp\/v2\/types\/product"}],"wp:featuredmedia":[{"embeddable":true,"href":"https:\/\/kooistra.com\/de\/wp-json\/wp\/v2\/media\/79346"}],"wp:attachment":[{"href":"https:\/\/kooistra.com\/de\/wp-json\/wp\/v2\/media?parent=79345"}],"wp:term":[{"taxonomy":"product_brand","embeddable":true,"href":"https:\/\/kooistra.com\/de\/wp-json\/wp\/v2\/product_brand?post=79345"},{"taxonomy":"product_cat","embeddable":true,"href":"https:\/\/kooistra.com\/de\/wp-json\/wp\/v2\/product_cat?post=79345"},{"taxonomy":"product_tag","embeddable":true,"href":"https:\/\/kooistra.com\/de\/wp-json\/wp\/v2\/product_tag?post=79345"}],"curies":[{"name":"wp","href":"https:\/\/api.w.org\/{rel}","templated":true}]}}