{"id":79520,"date":"2024-05-12T08:58:26","date_gmt":"2024-05-12T07:58:26","guid":{"rendered":"https:\/\/kooistra.com\/product\/hbk-candle-stand-3x55x2cm-gold\/"},"modified":"2026-02-04T16:51:00","modified_gmt":"2026-02-04T15:51:00","slug":"hbk-kerzenstander-3x55x2cm-gold","status":"publish","type":"product","link":"https:\/\/kooistra.com\/de\/product\/hbk-candle-stand-3x55x2cm-gold\/","title":{"rendered":"Homebound by Kolony - Kerzenst\u00e4nder - 3\u00d75.5x2cm - gold"},"content":{"rendered":"<p>Kerzen sorgen garantiert f\u00fcr Stimmung! Und auch wenn die Kerze nicht brennt, ein niedlicher Kerzenst\u00e4nder l\u00e4sst es immer gem\u00fctlich aussehen. Dieser hier ist klein, aber sehr gem\u00fctlich! Die Gr\u00f6\u00dfe dieses goldenen Kerzenst\u00e4nders ist 3\u00d75,5x2cm.<\/p>","protected":false},"excerpt":{"rendered":"<ul>\n<li>Marke: Homebound by Kolony<\/li>\n<li>Abmessungen: 3\u00d75,5x2cm<\/li>\n<li>Farbe: gold<\/li>\n<li>Abmessungen: Metall<\/li>\n<\/ul>","protected":false},"featured_media":79521,"template":"","meta":[],"product_brand":[],"product_cat":[335,339],"product_tag":[3206,3179,3208,3492,3205,3174,3600,3203,3202,3599,3211,3185,3493,3210,3209],"class_list":{"0":"post-79520","1":"product","2":"type-product","3":"status-publish","4":"has-post-thumbnail","6":"product_cat-huis-tuin","7":"product_cat-wonen-decoratie","8":"product_tag-candelabra","9":"product_tag-candle-holder","10":"product_tag-candle-holder-stand","11":"product_tag-candle-rack","12":"product_tag-candle-stand","13":"product_tag-kaarsenhouder","14":"product_tag-kaarsenhouder-voor-op-tafel","15":"product_tag-kaarsenrek","16":"product_tag-kaarsenstandaard","17":"product_tag-kandelaar","18":"product_tag-kandelaber","19":"product_tag-kerzenhalter","20":"product_tag-kerzenhalterung","21":"product_tag-kerzenleuchter","22":"product_tag-kerzenstander","24":"first","25":"instock","26":"taxable","27":"shipping-taxable","28":"product-type-simple"},"yoast_head":"<!-- This site is optimized with the Yoast SEO plugin v27.4 - https:\/\/yoast.com\/product\/yoast-seo-wordpress\/ -->\n<title>Homebound by Kolony - Kaarsenstandaard - 3x5,5x2cm - goud - Kooistra.com - Opkoper en verkoper restpartijen<\/title>\n<meta name=\"robots\" content=\"index, follow, max-snippet:-1, max-image-preview:large, max-video-preview:-1\" \/>\n<link rel=\"canonical\" href=\"https:\/\/kooistra.com\/de\/produkt\/hbk-kerzenstander-3x55x2cm-gold\/\" \/>\n<meta property=\"og:locale\" content=\"de_DE\" \/>\n<meta property=\"og:type\" content=\"article\" \/>\n<meta property=\"og:title\" content=\"Homebound by Kolony - Kaarsenstandaard - 3x5,5x2cm - goud - Kooistra.com - Opkoper en verkoper restpartijen\" \/>\n<meta property=\"og:description\" content=\"Merk: Homebound by Kolony  Afmetingen: 3x5,5x2cm  Kleur: goud  Afmetingen: metaal\" \/>\n<meta property=\"og:url\" content=\"https:\/\/kooistra.com\/de\/produkt\/hbk-kerzenstander-3x55x2cm-gold\/\" \/>\n<meta property=\"og:site_name\" content=\"Kooistra.com - Opkoper en verkoper restpartijen\" \/>\n<meta property=\"article:publisher\" content=\"https:\/\/www.facebook.com\/kooistracom\/?locale=nl_NL\" \/>\n<meta property=\"article:modified_time\" content=\"2026-02-04T15:51:00+00:00\" \/>\n<meta property=\"og:image\" content=\"https:\/\/kooistra.com\/wp-content\/uploads\/2025\/01\/8719097057256_01.jpg\" \/>\n\t<meta property=\"og:image:width\" content=\"700\" \/>\n\t<meta property=\"og:image:height\" content=\"700\" \/>\n\t<meta property=\"og:image:type\" content=\"image\/jpeg\" \/>\n<meta name=\"twitter:card\" content=\"summary_large_image\" \/>\n<meta name=\"twitter:label1\" content=\"Gesch\u00e4tzte Lesezeit\" \/>\n\t<meta name=\"twitter:data1\" content=\"1\u00a0Minute\" \/>\n<script type=\"application\/ld+json\" class=\"yoast-schema-graph\">{\"@context\":\"https:\\\/\\\/schema.org\",\"@graph\":[{\"@type\":\"WebPage\",\"@id\":\"https:\\\/\\\/kooistra.com\\\/product\\\/hbk-candle-stand-3x55x2cm-gold\\\/\",\"url\":\"https:\\\/\\\/kooistra.com\\\/product\\\/hbk-candle-stand-3x55x2cm-gold\\\/\",\"name\":\"Homebound by Kolony - Kaarsenstandaard - 3x5,5x2cm - goud - Kooistra.com - Opkoper en verkoper restpartijen\",\"isPartOf\":{\"@id\":\"https:\\\/\\\/kooistra.com\\\/#website\"},\"primaryImageOfPage\":{\"@id\":\"https:\\\/\\\/kooistra.com\\\/product\\\/hbk-candle-stand-3x55x2cm-gold\\\/#primaryimage\"},\"image\":{\"@id\":\"https:\\\/\\\/kooistra.com\\\/product\\\/hbk-candle-stand-3x55x2cm-gold\\\/#primaryimage\"},\"thumbnailUrl\":\"https:\\\/\\\/kooistra.com\\\/wp-content\\\/uploads\\\/2025\\\/01\\\/8719097057256_01.jpg\",\"datePublished\":\"2024-05-12T07:58:26+00:00\",\"dateModified\":\"2026-02-04T15:51:00+00:00\",\"breadcrumb\":{\"@id\":\"https:\\\/\\\/kooistra.com\\\/product\\\/hbk-candle-stand-3x55x2cm-gold\\\/#breadcrumb\"},\"inLanguage\":\"de\",\"potentialAction\":[{\"@type\":\"ReadAction\",\"target\":[\"https:\\\/\\\/kooistra.com\\\/product\\\/hbk-candle-stand-3x55x2cm-gold\\\/\"]}]},{\"@type\":\"ImageObject\",\"inLanguage\":\"de\",\"@id\":\"https:\\\/\\\/kooistra.com\\\/product\\\/hbk-candle-stand-3x55x2cm-gold\\\/#primaryimage\",\"url\":\"https:\\\/\\\/kooistra.com\\\/wp-content\\\/uploads\\\/2025\\\/01\\\/8719097057256_01.jpg\",\"contentUrl\":\"https:\\\/\\\/kooistra.com\\\/wp-content\\\/uploads\\\/2025\\\/01\\\/8719097057256_01.jpg\",\"width\":700,\"height\":700},{\"@type\":\"BreadcrumbList\",\"@id\":\"https:\\\/\\\/kooistra.com\\\/product\\\/hbk-candle-stand-3x55x2cm-gold\\\/#breadcrumb\",\"itemListElement\":[{\"@type\":\"ListItem\",\"position\":1,\"name\":\"Home\",\"item\":\"https:\\\/\\\/kooistra.com\\\/\"},{\"@type\":\"ListItem\",\"position\":2,\"name\":\"Webshop\",\"item\":\"https:\\\/\\\/kooistra.com\\\/webshop\\\/\"},{\"@type\":\"ListItem\",\"position\":3,\"name\":\"Homebound by Kolony &#8211; Kaarsenstandaard &#8211; 3&#215;5,5x2cm &#8211; goud\"}]},{\"@type\":\"WebSite\",\"@id\":\"https:\\\/\\\/kooistra.com\\\/#website\",\"url\":\"https:\\\/\\\/kooistra.com\\\/\",\"name\":\"Kooistra.com Partijhandel Restpartijen\",\"description\":\"Wij kopen al uw voorraad. Partijen, retouren, restpartijen en andere voorraden.\",\"publisher\":{\"@id\":\"https:\\\/\\\/kooistra.com\\\/#organization\"},\"alternateName\":\"Opkoper en verkoper restpartijen\",\"potentialAction\":[{\"@type\":\"SearchAction\",\"target\":{\"@type\":\"EntryPoint\",\"urlTemplate\":\"https:\\\/\\\/kooistra.com\\\/?s={search_term_string}\"},\"query-input\":{\"@type\":\"PropertyValueSpecification\",\"valueRequired\":true,\"valueName\":\"search_term_string\"}}],\"inLanguage\":\"de\"},{\"@type\":\"Organization\",\"@id\":\"https:\\\/\\\/kooistra.com\\\/#organization\",\"name\":\"Kooistra.com BV\",\"alternateName\":\"Restpartij opkopers\",\"url\":\"https:\\\/\\\/kooistra.com\\\/\",\"logo\":{\"@type\":\"ImageObject\",\"inLanguage\":\"de\",\"@id\":\"https:\\\/\\\/kooistra.com\\\/#\\\/schema\\\/logo\\\/image\\\/\",\"url\":\"https:\\\/\\\/kooistra.com\\\/wp-content\\\/uploads\\\/2024\\\/11\\\/logo-Kooistra.com-nieuw-2024-kopie.png\",\"contentUrl\":\"https:\\\/\\\/kooistra.com\\\/wp-content\\\/uploads\\\/2024\\\/11\\\/logo-Kooistra.com-nieuw-2024-kopie.png\",\"width\":3000,\"height\":1240,\"caption\":\"Kooistra.com BV\"},\"image\":{\"@id\":\"https:\\\/\\\/kooistra.com\\\/#\\\/schema\\\/logo\\\/image\\\/\"},\"sameAs\":[\"https:\\\/\\\/www.facebook.com\\\/kooistracom\\\/?locale=nl_NL\",\"https:\\\/\\\/nl.linkedin.com\\\/company\\\/kooistra-com-b.v.\"]}]}<\/script>\n<!-- \/ Yoast SEO plugin. -->","yoast_head_json":{"title":"Homebound by Kolony - Kerzenst\u00e4nder - 3x5.5x2cm - gold - Kooistra.de - K\u00e4ufer- und Verk\u00e4ufer-Restparteien","robots":{"index":"index","follow":"follow","max-snippet":"max-snippet:-1","max-image-preview":"max-image-preview:large","max-video-preview":"max-video-preview:-1"},"canonical":"https:\/\/kooistra.com\/de\/produkt\/hbk-kerzenstander-3x55x2cm-gold\/","og_locale":"de_DE","og_type":"article","og_title":"Homebound by Kolony - Kaarsenstandaard - 3x5,5x2cm - goud - Kooistra.com - Opkoper en verkoper restpartijen","og_description":"Merk: Homebound by Kolony  Afmetingen: 3x5,5x2cm  Kleur: goud  Afmetingen: metaal","og_url":"https:\/\/kooistra.com\/de\/produkt\/hbk-kerzenstander-3x55x2cm-gold\/","og_site_name":"Kooistra.com - Opkoper en verkoper restpartijen","article_publisher":"https:\/\/www.facebook.com\/kooistracom\/?locale=nl_NL","article_modified_time":"2026-02-04T15:51:00+00:00","og_image":[{"width":700,"height":700,"url":"https:\/\/kooistra.com\/wp-content\/uploads\/2025\/01\/8719097057256_01.jpg","type":"image\/jpeg"}],"twitter_card":"summary_large_image","twitter_misc":{"Gesch\u00e4tzte Lesezeit":"1\u00a0Minute"},"schema":{"@context":"https:\/\/schema.org","@graph":[{"@type":"WebPage","@id":"https:\/\/kooistra.com\/product\/hbk-candle-stand-3x55x2cm-gold\/","url":"https:\/\/kooistra.com\/product\/hbk-candle-stand-3x55x2cm-gold\/","name":"Homebound by Kolony - Kerzenst\u00e4nder - 3x5.5x2cm - gold - Kooistra.de - K\u00e4ufer- und Verk\u00e4ufer-Restparteien","isPartOf":{"@id":"https:\/\/kooistra.com\/#website"},"primaryImageOfPage":{"@id":"https:\/\/kooistra.com\/product\/hbk-candle-stand-3x55x2cm-gold\/#primaryimage"},"image":{"@id":"https:\/\/kooistra.com\/product\/hbk-candle-stand-3x55x2cm-gold\/#primaryimage"},"thumbnailUrl":"https:\/\/kooistra.com\/wp-content\/uploads\/2025\/01\/8719097057256_01.jpg","datePublished":"2024-05-12T07:58:26+00:00","dateModified":"2026-02-04T15:51:00+00:00","breadcrumb":{"@id":"https:\/\/kooistra.com\/product\/hbk-candle-stand-3x55x2cm-gold\/#breadcrumb"},"inLanguage":"de","potentialAction":[{"@type":"ReadAction","target":["https:\/\/kooistra.com\/product\/hbk-candle-stand-3x55x2cm-gold\/"]}]},{"@type":"ImageObject","inLanguage":"de","@id":"https:\/\/kooistra.com\/product\/hbk-candle-stand-3x55x2cm-gold\/#primaryimage","url":"https:\/\/kooistra.com\/wp-content\/uploads\/2025\/01\/8719097057256_01.jpg","contentUrl":"https:\/\/kooistra.com\/wp-content\/uploads\/2025\/01\/8719097057256_01.jpg","width":700,"height":700},{"@type":"BreadcrumbList","@id":"https:\/\/kooistra.com\/product\/hbk-candle-stand-3x55x2cm-gold\/#breadcrumb","itemListElement":[{"@type":"ListItem","position":1,"name":"Home","item":"https:\/\/kooistra.com\/"},{"@type":"ListItem","position":2,"name":"Webshop","item":"https:\/\/kooistra.com\/webshop\/"},{"@type":"ListItem","position":3,"name":"Homebound by Kolony &#8211; Kaarsenstandaard &#8211; 3&#215;5,5x2cm &#8211; goud"}]},{"@type":"WebSite","@id":"https:\/\/kooistra.com\/#website","url":"https:\/\/kooistra.com\/","name":"Kooistra.com Partei Handel Reste","description":"Wir kaufen alle Ihre Best\u00e4nde. Chargen, Retouren, Restchargen und andere Best\u00e4nde.","publisher":{"@id":"https:\/\/kooistra.com\/#organization"},"alternateName":"Opkoper en verkoper restpartijen","potentialAction":[{"@type":"SearchAction","target":{"@type":"EntryPoint","urlTemplate":"https:\/\/kooistra.com\/?s={search_term_string}"},"query-input":{"@type":"PropertyValueSpecification","valueRequired":true,"valueName":"search_term_string"}}],"inLanguage":"de"},{"@type":"Organization","@id":"https:\/\/kooistra.com\/#organization","name":"Kooistra.com BV","alternateName":"Restpartij opkopers","url":"https:\/\/kooistra.com\/","logo":{"@type":"ImageObject","inLanguage":"de","@id":"https:\/\/kooistra.com\/#\/schema\/logo\/image\/","url":"https:\/\/kooistra.com\/wp-content\/uploads\/2024\/11\/logo-Kooistra.com-nieuw-2024-kopie.png","contentUrl":"https:\/\/kooistra.com\/wp-content\/uploads\/2024\/11\/logo-Kooistra.com-nieuw-2024-kopie.png","width":3000,"height":1240,"caption":"Kooistra.com BV"},"image":{"@id":"https:\/\/kooistra.com\/#\/schema\/logo\/image\/"},"sameAs":["https:\/\/www.facebook.com\/kooistracom\/?locale=nl_NL","https:\/\/nl.linkedin.com\/company\/kooistra-com-b.v."]}]}},"_links":{"self":[{"href":"https:\/\/kooistra.com\/de\/wp-json\/wp\/v2\/product\/79520","targetHints":{"allow":["GET"]}}],"collection":[{"href":"https:\/\/kooistra.com\/de\/wp-json\/wp\/v2\/product"}],"about":[{"href":"https:\/\/kooistra.com\/de\/wp-json\/wp\/v2\/types\/product"}],"wp:featuredmedia":[{"embeddable":true,"href":"https:\/\/kooistra.com\/de\/wp-json\/wp\/v2\/media\/79521"}],"wp:attachment":[{"href":"https:\/\/kooistra.com\/de\/wp-json\/wp\/v2\/media?parent=79520"}],"wp:term":[{"taxonomy":"product_brand","embeddable":true,"href":"https:\/\/kooistra.com\/de\/wp-json\/wp\/v2\/product_brand?post=79520"},{"taxonomy":"product_cat","embeddable":true,"href":"https:\/\/kooistra.com\/de\/wp-json\/wp\/v2\/product_cat?post=79520"},{"taxonomy":"product_tag","embeddable":true,"href":"https:\/\/kooistra.com\/de\/wp-json\/wp\/v2\/product_tag?post=79520"}],"curies":[{"name":"wp","href":"https:\/\/api.w.org\/{rel}","templated":true}]}}