{"id":79557,"date":"2024-06-18T11:27:19","date_gmt":"2024-06-18T10:27:19","guid":{"rendered":"https:\/\/kooistra.com\/product\/hbk-candle-stand-star-3x25x125-black\/"},"modified":"2026-03-30T08:22:13","modified_gmt":"2026-03-30T07:22:13","slug":"hbk-kerzenstander-star-3x25x125-schwarz","status":"publish","type":"product","link":"https:\/\/kooistra.com\/de\/product\/hbk-candle-stand-star-3x25x125-black\/","title":{"rendered":"Homebound by Kolony - Kerzenst\u00e4nder - Stern - 3\u00d72.5\u00d712.5 - schwarz"},"content":{"rendered":"<p>Dieser schwarze Kerzenst\u00e4nder in Form eines Sterns besteht aus 6 trapezf\u00f6rmigen Glasplatten, die von 6 Metallrahmen umschlossen werden. Zusammen ergibt dies die Sternform und ist somit ein besonderer Kerzenst\u00e4nder f\u00fcr Tafelkerzen. Das Besondere ist, dass man die Farbe der Oberfl\u00e4che durch das Glas hindurch sehen kann. Das bedeutet, dass man eigentlich jedes Mal einen anderen Kerzenst\u00e4nder hat. Mit der richtigen Farbkombination ist er eine stimmungsvolle Erg\u00e4nzung f\u00fcr Ihr Sideboard oder Ihren Tisch. Auf diese Weise entsteht eine gelungene Kombination, die ein luxuri\u00f6ses und reiches Gef\u00fchl vermittelt.<\/p>","protected":false},"excerpt":{"rendered":"<ul>\n<li>Marke: Homebound by Kolony<\/li>\n<li>Modell: Stern<\/li>\n<li>Abmessungen: 3\u00d72,5\u00d712,5<\/li>\n<li>Farbe: schwarz<\/li>\n<li>Material: Glas \/ Metall<\/li>\n<\/ul>","protected":false},"featured_media":79558,"template":"","meta":[],"product_brand":[],"product_cat":[335,339],"product_tag":[3206,3179,3208,3492,3205,3174,3600,3203,3202,3599,3211,3185,3493,3210,3209],"class_list":{"0":"post-79557","1":"product","2":"type-product","3":"status-publish","4":"has-post-thumbnail","6":"product_cat-huis-tuin","7":"product_cat-wonen-decoratie","8":"product_tag-candelabra","9":"product_tag-candle-holder","10":"product_tag-candle-holder-stand","11":"product_tag-candle-rack","12":"product_tag-candle-stand","13":"product_tag-kaarsenhouder","14":"product_tag-kaarsenhouder-voor-op-tafel","15":"product_tag-kaarsenrek","16":"product_tag-kaarsenstandaard","17":"product_tag-kandelaar","18":"product_tag-kandelaber","19":"product_tag-kerzenhalter","20":"product_tag-kerzenhalterung","21":"product_tag-kerzenleuchter","22":"product_tag-kerzenstander","24":"first","25":"instock","26":"taxable","27":"shipping-taxable","28":"product-type-simple"},"yoast_head":"<!-- This site is optimized with the Yoast SEO plugin v27.4 - https:\/\/yoast.com\/product\/yoast-seo-wordpress\/ -->\n<title>Homebound by Kolony - Kaarsenstandaard - Ster - 3x2,5x12,5 - zwart - Kooistra.com - Opkoper en verkoper restpartijen<\/title>\n<meta name=\"robots\" content=\"index, follow, max-snippet:-1, max-image-preview:large, max-video-preview:-1\" \/>\n<link rel=\"canonical\" href=\"https:\/\/kooistra.com\/de\/produkt\/hbk-kerzenstander-star-3x25x125-schwarz\/\" \/>\n<meta property=\"og:locale\" content=\"de_DE\" \/>\n<meta property=\"og:type\" content=\"article\" \/>\n<meta property=\"og:title\" content=\"Homebound by Kolony - Kaarsenstandaard - Ster - 3x2,5x12,5 - zwart - Kooistra.com - Opkoper en verkoper restpartijen\" \/>\n<meta property=\"og:description\" content=\"Merk: Homebound by Kolony  Model: Star  Afmetingen: 3x2,5x12,5  Kleur: zwart  Materiaal: glas \/ metaal\" \/>\n<meta property=\"og:url\" content=\"https:\/\/kooistra.com\/de\/produkt\/hbk-kerzenstander-star-3x25x125-schwarz\/\" \/>\n<meta property=\"og:site_name\" content=\"Kooistra.com - Opkoper en verkoper restpartijen\" \/>\n<meta property=\"article:publisher\" content=\"https:\/\/www.facebook.com\/kooistracom\/?locale=nl_NL\" \/>\n<meta property=\"article:modified_time\" content=\"2026-03-30T07:22:13+00:00\" \/>\n<meta property=\"og:image\" content=\"https:\/\/kooistra.com\/wp-content\/uploads\/2025\/01\/8719097057676_01.jpg\" \/>\n\t<meta property=\"og:image:width\" content=\"700\" \/>\n\t<meta property=\"og:image:height\" content=\"700\" \/>\n\t<meta property=\"og:image:type\" content=\"image\/jpeg\" \/>\n<meta name=\"twitter:card\" content=\"summary_large_image\" \/>\n<meta name=\"twitter:label1\" content=\"Gesch\u00e4tzte Lesezeit\" \/>\n\t<meta name=\"twitter:data1\" content=\"1\u00a0Minute\" \/>\n<script type=\"application\/ld+json\" class=\"yoast-schema-graph\">{\"@context\":\"https:\\\/\\\/schema.org\",\"@graph\":[{\"@type\":\"WebPage\",\"@id\":\"https:\\\/\\\/kooistra.com\\\/product\\\/hbk-candle-stand-star-3x25x125-black\\\/\",\"url\":\"https:\\\/\\\/kooistra.com\\\/product\\\/hbk-candle-stand-star-3x25x125-black\\\/\",\"name\":\"Homebound by Kolony - Kaarsenstandaard - Ster - 3x2,5x12,5 - zwart - Kooistra.com - Opkoper en verkoper restpartijen\",\"isPartOf\":{\"@id\":\"https:\\\/\\\/kooistra.com\\\/#website\"},\"primaryImageOfPage\":{\"@id\":\"https:\\\/\\\/kooistra.com\\\/product\\\/hbk-candle-stand-star-3x25x125-black\\\/#primaryimage\"},\"image\":{\"@id\":\"https:\\\/\\\/kooistra.com\\\/product\\\/hbk-candle-stand-star-3x25x125-black\\\/#primaryimage\"},\"thumbnailUrl\":\"https:\\\/\\\/kooistra.com\\\/wp-content\\\/uploads\\\/2025\\\/01\\\/8719097057676_01.jpg\",\"datePublished\":\"2024-06-18T10:27:19+00:00\",\"dateModified\":\"2026-03-30T07:22:13+00:00\",\"breadcrumb\":{\"@id\":\"https:\\\/\\\/kooistra.com\\\/product\\\/hbk-candle-stand-star-3x25x125-black\\\/#breadcrumb\"},\"inLanguage\":\"de\",\"potentialAction\":[{\"@type\":\"ReadAction\",\"target\":[\"https:\\\/\\\/kooistra.com\\\/product\\\/hbk-candle-stand-star-3x25x125-black\\\/\"]}]},{\"@type\":\"ImageObject\",\"inLanguage\":\"de\",\"@id\":\"https:\\\/\\\/kooistra.com\\\/product\\\/hbk-candle-stand-star-3x25x125-black\\\/#primaryimage\",\"url\":\"https:\\\/\\\/kooistra.com\\\/wp-content\\\/uploads\\\/2025\\\/01\\\/8719097057676_01.jpg\",\"contentUrl\":\"https:\\\/\\\/kooistra.com\\\/wp-content\\\/uploads\\\/2025\\\/01\\\/8719097057676_01.jpg\",\"width\":700,\"height\":700},{\"@type\":\"BreadcrumbList\",\"@id\":\"https:\\\/\\\/kooistra.com\\\/product\\\/hbk-candle-stand-star-3x25x125-black\\\/#breadcrumb\",\"itemListElement\":[{\"@type\":\"ListItem\",\"position\":1,\"name\":\"Home\",\"item\":\"https:\\\/\\\/kooistra.com\\\/\"},{\"@type\":\"ListItem\",\"position\":2,\"name\":\"Webshop\",\"item\":\"https:\\\/\\\/kooistra.com\\\/webshop\\\/\"},{\"@type\":\"ListItem\",\"position\":3,\"name\":\"Homebound by Kolony &#8211; Kaarsenstandaard &#8211; Ster &#8211; 3&#215;2,5&#215;12,5 &#8211; zwart\"}]},{\"@type\":\"WebSite\",\"@id\":\"https:\\\/\\\/kooistra.com\\\/#website\",\"url\":\"https:\\\/\\\/kooistra.com\\\/\",\"name\":\"Kooistra.com Partijhandel Restpartijen\",\"description\":\"Wij kopen al uw voorraad. Partijen, retouren, restpartijen en andere voorraden.\",\"publisher\":{\"@id\":\"https:\\\/\\\/kooistra.com\\\/#organization\"},\"alternateName\":\"Opkoper en verkoper restpartijen\",\"potentialAction\":[{\"@type\":\"SearchAction\",\"target\":{\"@type\":\"EntryPoint\",\"urlTemplate\":\"https:\\\/\\\/kooistra.com\\\/?s={search_term_string}\"},\"query-input\":{\"@type\":\"PropertyValueSpecification\",\"valueRequired\":true,\"valueName\":\"search_term_string\"}}],\"inLanguage\":\"de\"},{\"@type\":\"Organization\",\"@id\":\"https:\\\/\\\/kooistra.com\\\/#organization\",\"name\":\"Kooistra.com BV\",\"alternateName\":\"Restpartij opkopers\",\"url\":\"https:\\\/\\\/kooistra.com\\\/\",\"logo\":{\"@type\":\"ImageObject\",\"inLanguage\":\"de\",\"@id\":\"https:\\\/\\\/kooistra.com\\\/#\\\/schema\\\/logo\\\/image\\\/\",\"url\":\"https:\\\/\\\/kooistra.com\\\/wp-content\\\/uploads\\\/2024\\\/11\\\/logo-Kooistra.com-nieuw-2024-kopie.png\",\"contentUrl\":\"https:\\\/\\\/kooistra.com\\\/wp-content\\\/uploads\\\/2024\\\/11\\\/logo-Kooistra.com-nieuw-2024-kopie.png\",\"width\":3000,\"height\":1240,\"caption\":\"Kooistra.com BV\"},\"image\":{\"@id\":\"https:\\\/\\\/kooistra.com\\\/#\\\/schema\\\/logo\\\/image\\\/\"},\"sameAs\":[\"https:\\\/\\\/www.facebook.com\\\/kooistracom\\\/?locale=nl_NL\",\"https:\\\/\\\/nl.linkedin.com\\\/company\\\/kooistra-com-b.v.\"]}]}<\/script>\n<!-- \/ Yoast SEO plugin. -->","yoast_head_json":{"title":"Homebound by Kolony - Kerzenst\u00e4nder - Stern - 3x2.5x12.5 - schwarz - Kooistra.de - K\u00e4ufer und Verk\u00e4ufer bleiben unter sich","robots":{"index":"index","follow":"follow","max-snippet":"max-snippet:-1","max-image-preview":"max-image-preview:large","max-video-preview":"max-video-preview:-1"},"canonical":"https:\/\/kooistra.com\/de\/produkt\/hbk-kerzenstander-star-3x25x125-schwarz\/","og_locale":"de_DE","og_type":"article","og_title":"Homebound by Kolony - Kaarsenstandaard - Ster - 3x2,5x12,5 - zwart - Kooistra.com - Opkoper en verkoper restpartijen","og_description":"Merk: Homebound by Kolony  Model: Star  Afmetingen: 3x2,5x12,5  Kleur: zwart  Materiaal: glas \/ metaal","og_url":"https:\/\/kooistra.com\/de\/produkt\/hbk-kerzenstander-star-3x25x125-schwarz\/","og_site_name":"Kooistra.com - Opkoper en verkoper restpartijen","article_publisher":"https:\/\/www.facebook.com\/kooistracom\/?locale=nl_NL","article_modified_time":"2026-03-30T07:22:13+00:00","og_image":[{"width":700,"height":700,"url":"https:\/\/kooistra.com\/wp-content\/uploads\/2025\/01\/8719097057676_01.jpg","type":"image\/jpeg"}],"twitter_card":"summary_large_image","twitter_misc":{"Gesch\u00e4tzte Lesezeit":"1\u00a0Minute"},"schema":{"@context":"https:\/\/schema.org","@graph":[{"@type":"WebPage","@id":"https:\/\/kooistra.com\/product\/hbk-candle-stand-star-3x25x125-black\/","url":"https:\/\/kooistra.com\/product\/hbk-candle-stand-star-3x25x125-black\/","name":"Homebound by Kolony - Kerzenst\u00e4nder - Stern - 3x2.5x12.5 - schwarz - Kooistra.de - K\u00e4ufer und Verk\u00e4ufer bleiben unter sich","isPartOf":{"@id":"https:\/\/kooistra.com\/#website"},"primaryImageOfPage":{"@id":"https:\/\/kooistra.com\/product\/hbk-candle-stand-star-3x25x125-black\/#primaryimage"},"image":{"@id":"https:\/\/kooistra.com\/product\/hbk-candle-stand-star-3x25x125-black\/#primaryimage"},"thumbnailUrl":"https:\/\/kooistra.com\/wp-content\/uploads\/2025\/01\/8719097057676_01.jpg","datePublished":"2024-06-18T10:27:19+00:00","dateModified":"2026-03-30T07:22:13+00:00","breadcrumb":{"@id":"https:\/\/kooistra.com\/product\/hbk-candle-stand-star-3x25x125-black\/#breadcrumb"},"inLanguage":"de","potentialAction":[{"@type":"ReadAction","target":["https:\/\/kooistra.com\/product\/hbk-candle-stand-star-3x25x125-black\/"]}]},{"@type":"ImageObject","inLanguage":"de","@id":"https:\/\/kooistra.com\/product\/hbk-candle-stand-star-3x25x125-black\/#primaryimage","url":"https:\/\/kooistra.com\/wp-content\/uploads\/2025\/01\/8719097057676_01.jpg","contentUrl":"https:\/\/kooistra.com\/wp-content\/uploads\/2025\/01\/8719097057676_01.jpg","width":700,"height":700},{"@type":"BreadcrumbList","@id":"https:\/\/kooistra.com\/product\/hbk-candle-stand-star-3x25x125-black\/#breadcrumb","itemListElement":[{"@type":"ListItem","position":1,"name":"Home","item":"https:\/\/kooistra.com\/"},{"@type":"ListItem","position":2,"name":"Webshop","item":"https:\/\/kooistra.com\/webshop\/"},{"@type":"ListItem","position":3,"name":"Homebound by Kolony &#8211; Kaarsenstandaard &#8211; Ster &#8211; 3&#215;2,5&#215;12,5 &#8211; zwart"}]},{"@type":"WebSite","@id":"https:\/\/kooistra.com\/#website","url":"https:\/\/kooistra.com\/","name":"Kooistra.com Partei Handel Reste","description":"Wir kaufen alle Ihre Best\u00e4nde. Chargen, Retouren, Restchargen und andere Best\u00e4nde.","publisher":{"@id":"https:\/\/kooistra.com\/#organization"},"alternateName":"Opkoper en verkoper restpartijen","potentialAction":[{"@type":"SearchAction","target":{"@type":"EntryPoint","urlTemplate":"https:\/\/kooistra.com\/?s={search_term_string}"},"query-input":{"@type":"PropertyValueSpecification","valueRequired":true,"valueName":"search_term_string"}}],"inLanguage":"de"},{"@type":"Organization","@id":"https:\/\/kooistra.com\/#organization","name":"Kooistra.com BV","alternateName":"Restpartij opkopers","url":"https:\/\/kooistra.com\/","logo":{"@type":"ImageObject","inLanguage":"de","@id":"https:\/\/kooistra.com\/#\/schema\/logo\/image\/","url":"https:\/\/kooistra.com\/wp-content\/uploads\/2024\/11\/logo-Kooistra.com-nieuw-2024-kopie.png","contentUrl":"https:\/\/kooistra.com\/wp-content\/uploads\/2024\/11\/logo-Kooistra.com-nieuw-2024-kopie.png","width":3000,"height":1240,"caption":"Kooistra.com BV"},"image":{"@id":"https:\/\/kooistra.com\/#\/schema\/logo\/image\/"},"sameAs":["https:\/\/www.facebook.com\/kooistracom\/?locale=nl_NL","https:\/\/nl.linkedin.com\/company\/kooistra-com-b.v."]}]}},"_links":{"self":[{"href":"https:\/\/kooistra.com\/de\/wp-json\/wp\/v2\/product\/79557","targetHints":{"allow":["GET"]}}],"collection":[{"href":"https:\/\/kooistra.com\/de\/wp-json\/wp\/v2\/product"}],"about":[{"href":"https:\/\/kooistra.com\/de\/wp-json\/wp\/v2\/types\/product"}],"wp:featuredmedia":[{"embeddable":true,"href":"https:\/\/kooistra.com\/de\/wp-json\/wp\/v2\/media\/79558"}],"wp:attachment":[{"href":"https:\/\/kooistra.com\/de\/wp-json\/wp\/v2\/media?parent=79557"}],"wp:term":[{"taxonomy":"product_brand","embeddable":true,"href":"https:\/\/kooistra.com\/de\/wp-json\/wp\/v2\/product_brand?post=79557"},{"taxonomy":"product_cat","embeddable":true,"href":"https:\/\/kooistra.com\/de\/wp-json\/wp\/v2\/product_cat?post=79557"},{"taxonomy":"product_tag","embeddable":true,"href":"https:\/\/kooistra.com\/de\/wp-json\/wp\/v2\/product_tag?post=79557"}],"curies":[{"name":"wp","href":"https:\/\/api.w.org\/{rel}","templated":true}]}}