{"id":80680,"date":"2024-08-12T08:04:22","date_gmt":"2024-08-12T07:04:22","guid":{"rendered":"https:\/\/kooistra.com\/product\/geschenkanhanger-scratch-ca-127-x-178-cm-schwarz\/"},"modified":"2025-11-17T09:45:59","modified_gmt":"2025-11-17T08:45:59","slug":"geschenkanhanger-kratzer-ca-127-x-178-cm-schwarz","status":"publish","type":"product","link":"https:\/\/kooistra.com\/de\/product\/geschenkanhanger-scratch-ca-127-x-178-cm-schwarz\/","title":{"rendered":"Geschenkanh\u00e4nger Kratzer - ca. 12,7 x 17,8 cm - schwarz"},"content":{"rendered":"","protected":false},"excerpt":{"rendered":"","protected":false},"featured_media":80681,"template":"","meta":[],"product_brand":[],"product_cat":[335,356],"product_tag":[2453,1887,1889,1858,1897,2456,1891,1892,2454,1890,1895,1893,2455],"class_list":{"0":"post-80680","1":"product","2":"type-product","3":"status-publish","4":"has-post-thumbnail","6":"product_cat-huis-tuin","7":"product_cat-kerst","8":"product_tag-cadeauhanger","9":"product_tag-cadeaukaart","10":"product_tag-cadeaulabel","11":"product_tag-geschenkanhanger","12":"product_tag-geschenketikett","13":"product_tag-geschenkkartenanhanger","14":"product_tag-geschenklabel","15":"product_tag-gift-label","16":"product_tag-gift-marker","17":"product_tag-gift-tag","18":"product_tag-holiday-tag","19":"product_tag-present-tag","20":"product_tag-weihnachtsanhanger","22":"first","23":"instock","24":"taxable","25":"shipping-taxable","26":"product-type-simple"},"yoast_head":"<!-- This site is optimized with the Yoast SEO plugin v27.4 - https:\/\/yoast.com\/product\/yoast-seo-wordpress\/ -->\n<title>Gift tag scratch - approx. 12.7 x 17.8 cm - black - Kooistra.com - Opkoper en verkoper restpartijen<\/title>\n<meta name=\"robots\" content=\"index, follow, max-snippet:-1, max-image-preview:large, max-video-preview:-1\" \/>\n<link rel=\"canonical\" href=\"https:\/\/kooistra.com\/de\/produkt\/geschenkanhanger-kratzer-ca-127-x-178-cm-schwarz\/\" \/>\n<meta property=\"og:locale\" content=\"de_DE\" \/>\n<meta property=\"og:type\" content=\"article\" \/>\n<meta property=\"og:title\" content=\"Gift tag scratch - approx. 12.7 x 17.8 cm - black - Kooistra.com - Opkoper en verkoper restpartijen\" \/>\n<meta property=\"og:url\" content=\"https:\/\/kooistra.com\/de\/produkt\/geschenkanhanger-kratzer-ca-127-x-178-cm-schwarz\/\" \/>\n<meta property=\"og:site_name\" content=\"Kooistra.com - Opkoper en verkoper restpartijen\" \/>\n<meta property=\"article:publisher\" content=\"https:\/\/www.facebook.com\/kooistracom\/?locale=nl_NL\" \/>\n<meta property=\"article:modified_time\" content=\"2025-11-17T08:45:59+00:00\" \/>\n<meta property=\"og:image\" content=\"https:\/\/kooistra.com\/wp-content\/uploads\/2025\/01\/SAM_5989.jpg\" \/>\n\t<meta property=\"og:image:width\" content=\"1024\" \/>\n\t<meta property=\"og:image:height\" content=\"1024\" \/>\n\t<meta property=\"og:image:type\" content=\"image\/jpeg\" \/>\n<meta name=\"twitter:card\" content=\"summary_large_image\" \/>\n<meta name=\"twitter:label1\" content=\"Gesch\u00e4tzte Lesezeit\" \/>\n\t<meta name=\"twitter:data1\" content=\"1\u00a0Minute\" \/>\n<script type=\"application\/ld+json\" class=\"yoast-schema-graph\">{\"@context\":\"https:\\\/\\\/schema.org\",\"@graph\":[{\"@type\":\"WebPage\",\"@id\":\"https:\\\/\\\/kooistra.com\\\/product\\\/geschenkanhanger-scratch-ca-127-x-178-cm-schwarz\\\/\",\"url\":\"https:\\\/\\\/kooistra.com\\\/product\\\/geschenkanhanger-scratch-ca-127-x-178-cm-schwarz\\\/\",\"name\":\"Gift tag scratch - approx. 12.7 x 17.8 cm - black - Kooistra.com - Opkoper en verkoper restpartijen\",\"isPartOf\":{\"@id\":\"https:\\\/\\\/kooistra.com\\\/#website\"},\"primaryImageOfPage\":{\"@id\":\"https:\\\/\\\/kooistra.com\\\/product\\\/geschenkanhanger-scratch-ca-127-x-178-cm-schwarz\\\/#primaryimage\"},\"image\":{\"@id\":\"https:\\\/\\\/kooistra.com\\\/product\\\/geschenkanhanger-scratch-ca-127-x-178-cm-schwarz\\\/#primaryimage\"},\"thumbnailUrl\":\"https:\\\/\\\/kooistra.com\\\/wp-content\\\/uploads\\\/2025\\\/01\\\/SAM_5989.jpg\",\"datePublished\":\"2024-08-12T07:04:22+00:00\",\"dateModified\":\"2025-11-17T08:45:59+00:00\",\"breadcrumb\":{\"@id\":\"https:\\\/\\\/kooistra.com\\\/product\\\/geschenkanhanger-scratch-ca-127-x-178-cm-schwarz\\\/#breadcrumb\"},\"inLanguage\":\"de\",\"potentialAction\":[{\"@type\":\"ReadAction\",\"target\":[\"https:\\\/\\\/kooistra.com\\\/product\\\/geschenkanhanger-scratch-ca-127-x-178-cm-schwarz\\\/\"]}]},{\"@type\":\"ImageObject\",\"inLanguage\":\"de\",\"@id\":\"https:\\\/\\\/kooistra.com\\\/product\\\/geschenkanhanger-scratch-ca-127-x-178-cm-schwarz\\\/#primaryimage\",\"url\":\"https:\\\/\\\/kooistra.com\\\/wp-content\\\/uploads\\\/2025\\\/01\\\/SAM_5989.jpg\",\"contentUrl\":\"https:\\\/\\\/kooistra.com\\\/wp-content\\\/uploads\\\/2025\\\/01\\\/SAM_5989.jpg\",\"width\":1024,\"height\":1024},{\"@type\":\"BreadcrumbList\",\"@id\":\"https:\\\/\\\/kooistra.com\\\/product\\\/geschenkanhanger-scratch-ca-127-x-178-cm-schwarz\\\/#breadcrumb\",\"itemListElement\":[{\"@type\":\"ListItem\",\"position\":1,\"name\":\"Home\",\"item\":\"https:\\\/\\\/kooistra.com\\\/\"},{\"@type\":\"ListItem\",\"position\":2,\"name\":\"Webshop\",\"item\":\"https:\\\/\\\/kooistra.com\\\/webshop\\\/\"},{\"@type\":\"ListItem\",\"position\":3,\"name\":\"Gift tag scratch &#8211; approx. 12.7 x 17.8 cm &#8211; black\"}]},{\"@type\":\"WebSite\",\"@id\":\"https:\\\/\\\/kooistra.com\\\/#website\",\"url\":\"https:\\\/\\\/kooistra.com\\\/\",\"name\":\"Kooistra.com Partijhandel Restpartijen\",\"description\":\"Wij kopen al uw voorraad. Partijen, retouren, restpartijen en andere voorraden.\",\"publisher\":{\"@id\":\"https:\\\/\\\/kooistra.com\\\/#organization\"},\"alternateName\":\"Opkoper en verkoper restpartijen\",\"potentialAction\":[{\"@type\":\"SearchAction\",\"target\":{\"@type\":\"EntryPoint\",\"urlTemplate\":\"https:\\\/\\\/kooistra.com\\\/?s={search_term_string}\"},\"query-input\":{\"@type\":\"PropertyValueSpecification\",\"valueRequired\":true,\"valueName\":\"search_term_string\"}}],\"inLanguage\":\"de\"},{\"@type\":\"Organization\",\"@id\":\"https:\\\/\\\/kooistra.com\\\/#organization\",\"name\":\"Kooistra.com BV\",\"alternateName\":\"Restpartij opkopers\",\"url\":\"https:\\\/\\\/kooistra.com\\\/\",\"logo\":{\"@type\":\"ImageObject\",\"inLanguage\":\"de\",\"@id\":\"https:\\\/\\\/kooistra.com\\\/#\\\/schema\\\/logo\\\/image\\\/\",\"url\":\"https:\\\/\\\/kooistra.com\\\/wp-content\\\/uploads\\\/2024\\\/11\\\/logo-Kooistra.com-nieuw-2024-kopie.png\",\"contentUrl\":\"https:\\\/\\\/kooistra.com\\\/wp-content\\\/uploads\\\/2024\\\/11\\\/logo-Kooistra.com-nieuw-2024-kopie.png\",\"width\":3000,\"height\":1240,\"caption\":\"Kooistra.com BV\"},\"image\":{\"@id\":\"https:\\\/\\\/kooistra.com\\\/#\\\/schema\\\/logo\\\/image\\\/\"},\"sameAs\":[\"https:\\\/\\\/www.facebook.com\\\/kooistracom\\\/?locale=nl_NL\",\"https:\\\/\\\/nl.linkedin.com\\\/company\\\/kooistra-com-b.v.\"]}]}<\/script>\n<!-- \/ Yoast SEO plugin. -->","yoast_head_json":{"title":"Geschenkanh\u00e4nger Kratzer - ca. 12,7 x 17,8 cm - schwarz - Kooistra.de - K\u00e4ufer und Verk\u00e4ufer Restposten","robots":{"index":"index","follow":"follow","max-snippet":"max-snippet:-1","max-image-preview":"max-image-preview:large","max-video-preview":"max-video-preview:-1"},"canonical":"https:\/\/kooistra.com\/de\/produkt\/geschenkanhanger-kratzer-ca-127-x-178-cm-schwarz\/","og_locale":"de_DE","og_type":"article","og_title":"Gift tag scratch - approx. 12.7 x 17.8 cm - black - Kooistra.com - Opkoper en verkoper restpartijen","og_url":"https:\/\/kooistra.com\/de\/produkt\/geschenkanhanger-kratzer-ca-127-x-178-cm-schwarz\/","og_site_name":"Kooistra.com - Opkoper en verkoper restpartijen","article_publisher":"https:\/\/www.facebook.com\/kooistracom\/?locale=nl_NL","article_modified_time":"2025-11-17T08:45:59+00:00","og_image":[{"width":1024,"height":1024,"url":"https:\/\/kooistra.com\/wp-content\/uploads\/2025\/01\/SAM_5989.jpg","type":"image\/jpeg"}],"twitter_card":"summary_large_image","twitter_misc":{"Gesch\u00e4tzte Lesezeit":"1\u00a0Minute"},"schema":{"@context":"https:\/\/schema.org","@graph":[{"@type":"WebPage","@id":"https:\/\/kooistra.com\/product\/geschenkanhanger-scratch-ca-127-x-178-cm-schwarz\/","url":"https:\/\/kooistra.com\/product\/geschenkanhanger-scratch-ca-127-x-178-cm-schwarz\/","name":"Geschenkanh\u00e4nger Kratzer - ca. 12,7 x 17,8 cm - schwarz - Kooistra.de - K\u00e4ufer und Verk\u00e4ufer Restposten","isPartOf":{"@id":"https:\/\/kooistra.com\/#website"},"primaryImageOfPage":{"@id":"https:\/\/kooistra.com\/product\/geschenkanhanger-scratch-ca-127-x-178-cm-schwarz\/#primaryimage"},"image":{"@id":"https:\/\/kooistra.com\/product\/geschenkanhanger-scratch-ca-127-x-178-cm-schwarz\/#primaryimage"},"thumbnailUrl":"https:\/\/kooistra.com\/wp-content\/uploads\/2025\/01\/SAM_5989.jpg","datePublished":"2024-08-12T07:04:22+00:00","dateModified":"2025-11-17T08:45:59+00:00","breadcrumb":{"@id":"https:\/\/kooistra.com\/product\/geschenkanhanger-scratch-ca-127-x-178-cm-schwarz\/#breadcrumb"},"inLanguage":"de","potentialAction":[{"@type":"ReadAction","target":["https:\/\/kooistra.com\/product\/geschenkanhanger-scratch-ca-127-x-178-cm-schwarz\/"]}]},{"@type":"ImageObject","inLanguage":"de","@id":"https:\/\/kooistra.com\/product\/geschenkanhanger-scratch-ca-127-x-178-cm-schwarz\/#primaryimage","url":"https:\/\/kooistra.com\/wp-content\/uploads\/2025\/01\/SAM_5989.jpg","contentUrl":"https:\/\/kooistra.com\/wp-content\/uploads\/2025\/01\/SAM_5989.jpg","width":1024,"height":1024},{"@type":"BreadcrumbList","@id":"https:\/\/kooistra.com\/product\/geschenkanhanger-scratch-ca-127-x-178-cm-schwarz\/#breadcrumb","itemListElement":[{"@type":"ListItem","position":1,"name":"Home","item":"https:\/\/kooistra.com\/"},{"@type":"ListItem","position":2,"name":"Webshop","item":"https:\/\/kooistra.com\/webshop\/"},{"@type":"ListItem","position":3,"name":"Gift tag scratch &#8211; approx. 12.7 x 17.8 cm &#8211; black"}]},{"@type":"WebSite","@id":"https:\/\/kooistra.com\/#website","url":"https:\/\/kooistra.com\/","name":"Kooistra.com Partei Handel Reste","description":"Wir kaufen alle Ihre Best\u00e4nde. Chargen, Retouren, Restchargen und andere Best\u00e4nde.","publisher":{"@id":"https:\/\/kooistra.com\/#organization"},"alternateName":"Opkoper en verkoper restpartijen","potentialAction":[{"@type":"SearchAction","target":{"@type":"EntryPoint","urlTemplate":"https:\/\/kooistra.com\/?s={search_term_string}"},"query-input":{"@type":"PropertyValueSpecification","valueRequired":true,"valueName":"search_term_string"}}],"inLanguage":"de"},{"@type":"Organization","@id":"https:\/\/kooistra.com\/#organization","name":"Kooistra.com BV","alternateName":"Restpartij opkopers","url":"https:\/\/kooistra.com\/","logo":{"@type":"ImageObject","inLanguage":"de","@id":"https:\/\/kooistra.com\/#\/schema\/logo\/image\/","url":"https:\/\/kooistra.com\/wp-content\/uploads\/2024\/11\/logo-Kooistra.com-nieuw-2024-kopie.png","contentUrl":"https:\/\/kooistra.com\/wp-content\/uploads\/2024\/11\/logo-Kooistra.com-nieuw-2024-kopie.png","width":3000,"height":1240,"caption":"Kooistra.com BV"},"image":{"@id":"https:\/\/kooistra.com\/#\/schema\/logo\/image\/"},"sameAs":["https:\/\/www.facebook.com\/kooistracom\/?locale=nl_NL","https:\/\/nl.linkedin.com\/company\/kooistra-com-b.v."]}]}},"_links":{"self":[{"href":"https:\/\/kooistra.com\/de\/wp-json\/wp\/v2\/product\/80680","targetHints":{"allow":["GET"]}}],"collection":[{"href":"https:\/\/kooistra.com\/de\/wp-json\/wp\/v2\/product"}],"about":[{"href":"https:\/\/kooistra.com\/de\/wp-json\/wp\/v2\/types\/product"}],"wp:featuredmedia":[{"embeddable":true,"href":"https:\/\/kooistra.com\/de\/wp-json\/wp\/v2\/media\/80681"}],"wp:attachment":[{"href":"https:\/\/kooistra.com\/de\/wp-json\/wp\/v2\/media?parent=80680"}],"wp:term":[{"taxonomy":"product_brand","embeddable":true,"href":"https:\/\/kooistra.com\/de\/wp-json\/wp\/v2\/product_brand?post=80680"},{"taxonomy":"product_cat","embeddable":true,"href":"https:\/\/kooistra.com\/de\/wp-json\/wp\/v2\/product_cat?post=80680"},{"taxonomy":"product_tag","embeddable":true,"href":"https:\/\/kooistra.com\/de\/wp-json\/wp\/v2\/product_tag?post=80680"}],"curies":[{"name":"wp","href":"https:\/\/api.w.org\/{rel}","templated":true}]}}