{"id":81019,"date":"2024-10-23T12:52:01","date_gmt":"2024-10-23T11:52:01","guid":{"rendered":"https:\/\/kooistra.com\/product\/lowenthal-multifunctional-vegetable-cutter-colander\/"},"modified":"2025-08-08T11:35:50","modified_gmt":"2025-08-08T10:35:50","slug":"lowenthal-multifunktions-gemuseschneider-sieb","status":"publish","type":"product","link":"https:\/\/kooistra.com\/de\/product\/lowenthal-multifunctional-vegetable-cutter-colander\/","title":{"rendered":"Lowenthal - Multifunktions-Gem\u00fcseschneider und -sieb"},"content":{"rendered":"<p>Hohe Qualit\u00e4t - Edelstahl in Lebensmittelqualit\u00e4t und BPA-freies ABS-Material. Sehr leicht und einfach zu reinigen, sogar ein Kind kann es benutzen.<\/p>\n<p>Abmessungen: 21,6 x 21,8 x 10,9 cm.<\/p>\n<p>Multifunktionaler Gem\u00fcseschneider mit Abtropfkorb, Mehrzweck-K\u00fcchenhobel. Mit 7 auswechselbaren Klingen k\u00f6nnen Sie K\u00e4se, Tomaten, Zwiebeln, Gurken und Kohl in verschiedenen Formen, Gr\u00f6\u00dfen und St\u00e4rken schneiden.<\/p>\n<p>Abnehmbarer Gem\u00fcseschneider: Die obere Abdeckung der Schneideschale kann frei abgenommen werden. Bequemer, rutschfester Griff. Der bequeme Griff kann einh\u00e4ndig und einh\u00e4ndig frei bedient werden.<\/p>\n<p>Neues Upgrade - Der neue Gem\u00fcseschneider 2020 verf\u00fcgt \u00fcber eine einzigartige Drainagefunktion, mit der Sie Gem\u00fcse nach dem Schneiden direkt durch das Drainagesystem reinigen k\u00f6nnen.<\/p>\n<p>Leicht zu reinigen und aufzubewahren: H\u00e4ngen Sie ihn am Griff des Topfhalters auf, um Platz im Schrank zu sparen.<\/p>","protected":false},"excerpt":{"rendered":"<ul>\n<li>Marke: Lowenthal<\/li>\n<li>Material: rostfreier Stahl<\/li>\n<li>Besondere Merkmale: Auswechselbare Klingen, Multifunktional<\/li>\n<li>Pflegehinweise: Nur Handw\u00e4sche<\/li>\n<li>Klingenmaterial: Rostfreier Stahl<\/li>\n<li>Gewicht des Artikels: 650 Gramm<\/li>\n<\/ul>","protected":false},"featured_media":81020,"template":"","meta":[],"product_brand":[],"product_cat":[335,340],"product_tag":[1368,1363,1367,1091,1359,1356,1366,1362,1360,1355,1358,1365,1357,1361,1364],"class_list":{"0":"post-81019","1":"product","2":"type-product","3":"status-publish","4":"has-post-thumbnail","6":"product_cat-huis-tuin","7":"product_cat-keuken-koken","8":"product_tag-allzweck-schneider","9":"product_tag-food-processor","10":"product_tag-gemuseschneidemaschine","11":"product_tag-gemuseschneider","12":"product_tag-groenten-snijmachine","13":"product_tag-groentesnijper","14":"product_tag-mehrzweck-gemuseschneider","15":"product_tag-multi-purpose-vegetable-slicer","16":"product_tag-multifunctional-vegetable-slicer","17":"product_tag-multifunctionele-groentesnijder","18":"product_tag-multifunctionele-snijder","19":"product_tag-multifunktions-gemuseschneider","20":"product_tag-snijder-voor-groenten","21":"product_tag-vegetable-chopper","22":"product_tag-vegetable-cutter","24":"first","25":"outofstock","26":"taxable","27":"shipping-taxable","28":"product-type-simple"},"yoast_head":"<!-- This site is optimized with the Yoast SEO plugin v27.4 - https:\/\/yoast.com\/product\/yoast-seo-wordpress\/ -->\n<title>Lowenthal - Multifunctionele groentesnijder &amp; vergiet - Kooistra.com - Opkoper en verkoper restpartijen<\/title>\n<meta name=\"robots\" content=\"index, follow, max-snippet:-1, max-image-preview:large, max-video-preview:-1\" \/>\n<link rel=\"canonical\" href=\"https:\/\/kooistra.com\/de\/produkt\/lowenthal-multifunktions-gemuseschneider-sieb\/\" \/>\n<meta property=\"og:locale\" content=\"de_DE\" \/>\n<meta property=\"og:type\" content=\"article\" \/>\n<meta property=\"og:title\" content=\"Lowenthal - Multifunctionele groentesnijder &amp; vergiet - Kooistra.com - Opkoper en verkoper restpartijen\" \/>\n<meta property=\"og:description\" content=\"Merk: Lowenthal  Materiaal: Roestvrij staal  Speciale kenmerken: Uitwisselbare messen, Multifunctioneel  Instructies voor productverzorging: Alleen handwas  Bladmateriaal: Roestvrij staal  Gewicht van item: 650 Gram\" \/>\n<meta property=\"og:url\" content=\"https:\/\/kooistra.com\/de\/produkt\/lowenthal-multifunktions-gemuseschneider-sieb\/\" \/>\n<meta property=\"og:site_name\" content=\"Kooistra.com - Opkoper en verkoper restpartijen\" \/>\n<meta property=\"article:publisher\" content=\"https:\/\/www.facebook.com\/kooistracom\/?locale=nl_NL\" \/>\n<meta property=\"article:modified_time\" content=\"2025-08-08T10:35:50+00:00\" \/>\n<meta property=\"og:image\" content=\"https:\/\/kooistra.com\/wp-content\/uploads\/2025\/01\/8715986704980_09.jpeg\" \/>\n\t<meta property=\"og:image:width\" content=\"700\" \/>\n\t<meta property=\"og:image:height\" content=\"700\" \/>\n\t<meta property=\"og:image:type\" content=\"image\/jpeg\" \/>\n<meta name=\"twitter:card\" content=\"summary_large_image\" \/>\n<meta name=\"twitter:label1\" content=\"Gesch\u00e4tzte Lesezeit\" \/>\n\t<meta name=\"twitter:data1\" content=\"1\u00a0Minute\" \/>\n<script type=\"application\/ld+json\" class=\"yoast-schema-graph\">{\"@context\":\"https:\\\/\\\/schema.org\",\"@graph\":[{\"@type\":\"WebPage\",\"@id\":\"https:\\\/\\\/kooistra.com\\\/product\\\/lowenthal-multifunctional-vegetable-cutter-colander\\\/\",\"url\":\"https:\\\/\\\/kooistra.com\\\/product\\\/lowenthal-multifunctional-vegetable-cutter-colander\\\/\",\"name\":\"Lowenthal - Multifunctionele groentesnijder &amp; vergiet - Kooistra.com - Opkoper en verkoper restpartijen\",\"isPartOf\":{\"@id\":\"https:\\\/\\\/kooistra.com\\\/#website\"},\"primaryImageOfPage\":{\"@id\":\"https:\\\/\\\/kooistra.com\\\/product\\\/lowenthal-multifunctional-vegetable-cutter-colander\\\/#primaryimage\"},\"image\":{\"@id\":\"https:\\\/\\\/kooistra.com\\\/product\\\/lowenthal-multifunctional-vegetable-cutter-colander\\\/#primaryimage\"},\"thumbnailUrl\":\"https:\\\/\\\/kooistra.com\\\/wp-content\\\/uploads\\\/2025\\\/01\\\/8715986704980_09.jpeg\",\"datePublished\":\"2024-10-23T11:52:01+00:00\",\"dateModified\":\"2025-08-08T10:35:50+00:00\",\"breadcrumb\":{\"@id\":\"https:\\\/\\\/kooistra.com\\\/product\\\/lowenthal-multifunctional-vegetable-cutter-colander\\\/#breadcrumb\"},\"inLanguage\":\"de\",\"potentialAction\":[{\"@type\":\"ReadAction\",\"target\":[\"https:\\\/\\\/kooistra.com\\\/product\\\/lowenthal-multifunctional-vegetable-cutter-colander\\\/\"]}]},{\"@type\":\"ImageObject\",\"inLanguage\":\"de\",\"@id\":\"https:\\\/\\\/kooistra.com\\\/product\\\/lowenthal-multifunctional-vegetable-cutter-colander\\\/#primaryimage\",\"url\":\"https:\\\/\\\/kooistra.com\\\/wp-content\\\/uploads\\\/2025\\\/01\\\/8715986704980_09.jpeg\",\"contentUrl\":\"https:\\\/\\\/kooistra.com\\\/wp-content\\\/uploads\\\/2025\\\/01\\\/8715986704980_09.jpeg\",\"width\":700,\"height\":700},{\"@type\":\"BreadcrumbList\",\"@id\":\"https:\\\/\\\/kooistra.com\\\/product\\\/lowenthal-multifunctional-vegetable-cutter-colander\\\/#breadcrumb\",\"itemListElement\":[{\"@type\":\"ListItem\",\"position\":1,\"name\":\"Home\",\"item\":\"https:\\\/\\\/kooistra.com\\\/\"},{\"@type\":\"ListItem\",\"position\":2,\"name\":\"Webshop\",\"item\":\"https:\\\/\\\/kooistra.com\\\/webshop\\\/\"},{\"@type\":\"ListItem\",\"position\":3,\"name\":\"Lowenthal &#8211; Multifunctionele groentesnijder &amp; vergiet\"}]},{\"@type\":\"WebSite\",\"@id\":\"https:\\\/\\\/kooistra.com\\\/#website\",\"url\":\"https:\\\/\\\/kooistra.com\\\/\",\"name\":\"Kooistra.com Partijhandel Restpartijen\",\"description\":\"Wij kopen al uw voorraad. Partijen, retouren, restpartijen en andere voorraden.\",\"publisher\":{\"@id\":\"https:\\\/\\\/kooistra.com\\\/#organization\"},\"alternateName\":\"Opkoper en verkoper restpartijen\",\"potentialAction\":[{\"@type\":\"SearchAction\",\"target\":{\"@type\":\"EntryPoint\",\"urlTemplate\":\"https:\\\/\\\/kooistra.com\\\/?s={search_term_string}\"},\"query-input\":{\"@type\":\"PropertyValueSpecification\",\"valueRequired\":true,\"valueName\":\"search_term_string\"}}],\"inLanguage\":\"de\"},{\"@type\":\"Organization\",\"@id\":\"https:\\\/\\\/kooistra.com\\\/#organization\",\"name\":\"Kooistra.com BV\",\"alternateName\":\"Restpartij opkopers\",\"url\":\"https:\\\/\\\/kooistra.com\\\/\",\"logo\":{\"@type\":\"ImageObject\",\"inLanguage\":\"de\",\"@id\":\"https:\\\/\\\/kooistra.com\\\/#\\\/schema\\\/logo\\\/image\\\/\",\"url\":\"https:\\\/\\\/kooistra.com\\\/wp-content\\\/uploads\\\/2024\\\/11\\\/logo-Kooistra.com-nieuw-2024-kopie.png\",\"contentUrl\":\"https:\\\/\\\/kooistra.com\\\/wp-content\\\/uploads\\\/2024\\\/11\\\/logo-Kooistra.com-nieuw-2024-kopie.png\",\"width\":3000,\"height\":1240,\"caption\":\"Kooistra.com BV\"},\"image\":{\"@id\":\"https:\\\/\\\/kooistra.com\\\/#\\\/schema\\\/logo\\\/image\\\/\"},\"sameAs\":[\"https:\\\/\\\/www.facebook.com\\\/kooistracom\\\/?locale=nl_NL\",\"https:\\\/\\\/nl.linkedin.com\\\/company\\\/kooistra-com-b.v.\"]}]}<\/script>\n<!-- \/ Yoast SEO plugin. -->","yoast_head_json":{"title":"Lowenthal - Multifunktions-Gem\u00fcseschneider &amp; -sieb - Kooistra.de - K\u00e4ufer und Verk\u00e4ufer von Restposten","robots":{"index":"index","follow":"follow","max-snippet":"max-snippet:-1","max-image-preview":"max-image-preview:large","max-video-preview":"max-video-preview:-1"},"canonical":"https:\/\/kooistra.com\/de\/produkt\/lowenthal-multifunktions-gemuseschneider-sieb\/","og_locale":"de_DE","og_type":"article","og_title":"Lowenthal - Multifunctionele groentesnijder &amp; vergiet - Kooistra.com - Opkoper en verkoper restpartijen","og_description":"Merk: Lowenthal  Materiaal: Roestvrij staal  Speciale kenmerken: Uitwisselbare messen, Multifunctioneel  Instructies voor productverzorging: Alleen handwas  Bladmateriaal: Roestvrij staal  Gewicht van item: 650 Gram","og_url":"https:\/\/kooistra.com\/de\/produkt\/lowenthal-multifunktions-gemuseschneider-sieb\/","og_site_name":"Kooistra.com - Opkoper en verkoper restpartijen","article_publisher":"https:\/\/www.facebook.com\/kooistracom\/?locale=nl_NL","article_modified_time":"2025-08-08T10:35:50+00:00","og_image":[{"width":700,"height":700,"url":"https:\/\/kooistra.com\/wp-content\/uploads\/2025\/01\/8715986704980_09.jpeg","type":"image\/jpeg"}],"twitter_card":"summary_large_image","twitter_misc":{"Gesch\u00e4tzte Lesezeit":"1\u00a0Minute"},"schema":{"@context":"https:\/\/schema.org","@graph":[{"@type":"WebPage","@id":"https:\/\/kooistra.com\/product\/lowenthal-multifunctional-vegetable-cutter-colander\/","url":"https:\/\/kooistra.com\/product\/lowenthal-multifunctional-vegetable-cutter-colander\/","name":"Lowenthal - Multifunktions-Gem\u00fcseschneider &amp; -sieb - Kooistra.de - K\u00e4ufer und Verk\u00e4ufer von Restposten","isPartOf":{"@id":"https:\/\/kooistra.com\/#website"},"primaryImageOfPage":{"@id":"https:\/\/kooistra.com\/product\/lowenthal-multifunctional-vegetable-cutter-colander\/#primaryimage"},"image":{"@id":"https:\/\/kooistra.com\/product\/lowenthal-multifunctional-vegetable-cutter-colander\/#primaryimage"},"thumbnailUrl":"https:\/\/kooistra.com\/wp-content\/uploads\/2025\/01\/8715986704980_09.jpeg","datePublished":"2024-10-23T11:52:01+00:00","dateModified":"2025-08-08T10:35:50+00:00","breadcrumb":{"@id":"https:\/\/kooistra.com\/product\/lowenthal-multifunctional-vegetable-cutter-colander\/#breadcrumb"},"inLanguage":"de","potentialAction":[{"@type":"ReadAction","target":["https:\/\/kooistra.com\/product\/lowenthal-multifunctional-vegetable-cutter-colander\/"]}]},{"@type":"ImageObject","inLanguage":"de","@id":"https:\/\/kooistra.com\/product\/lowenthal-multifunctional-vegetable-cutter-colander\/#primaryimage","url":"https:\/\/kooistra.com\/wp-content\/uploads\/2025\/01\/8715986704980_09.jpeg","contentUrl":"https:\/\/kooistra.com\/wp-content\/uploads\/2025\/01\/8715986704980_09.jpeg","width":700,"height":700},{"@type":"BreadcrumbList","@id":"https:\/\/kooistra.com\/product\/lowenthal-multifunctional-vegetable-cutter-colander\/#breadcrumb","itemListElement":[{"@type":"ListItem","position":1,"name":"Home","item":"https:\/\/kooistra.com\/"},{"@type":"ListItem","position":2,"name":"Webshop","item":"https:\/\/kooistra.com\/webshop\/"},{"@type":"ListItem","position":3,"name":"Lowenthal &#8211; Multifunctionele groentesnijder &amp; vergiet"}]},{"@type":"WebSite","@id":"https:\/\/kooistra.com\/#website","url":"https:\/\/kooistra.com\/","name":"Kooistra.com Partei Handel Reste","description":"Wir kaufen alle Ihre Best\u00e4nde. Chargen, Retouren, Restchargen und andere Best\u00e4nde.","publisher":{"@id":"https:\/\/kooistra.com\/#organization"},"alternateName":"Opkoper en verkoper restpartijen","potentialAction":[{"@type":"SearchAction","target":{"@type":"EntryPoint","urlTemplate":"https:\/\/kooistra.com\/?s={search_term_string}"},"query-input":{"@type":"PropertyValueSpecification","valueRequired":true,"valueName":"search_term_string"}}],"inLanguage":"de"},{"@type":"Organization","@id":"https:\/\/kooistra.com\/#organization","name":"Kooistra.com BV","alternateName":"Restpartij opkopers","url":"https:\/\/kooistra.com\/","logo":{"@type":"ImageObject","inLanguage":"de","@id":"https:\/\/kooistra.com\/#\/schema\/logo\/image\/","url":"https:\/\/kooistra.com\/wp-content\/uploads\/2024\/11\/logo-Kooistra.com-nieuw-2024-kopie.png","contentUrl":"https:\/\/kooistra.com\/wp-content\/uploads\/2024\/11\/logo-Kooistra.com-nieuw-2024-kopie.png","width":3000,"height":1240,"caption":"Kooistra.com BV"},"image":{"@id":"https:\/\/kooistra.com\/#\/schema\/logo\/image\/"},"sameAs":["https:\/\/www.facebook.com\/kooistracom\/?locale=nl_NL","https:\/\/nl.linkedin.com\/company\/kooistra-com-b.v."]}]}},"_links":{"self":[{"href":"https:\/\/kooistra.com\/de\/wp-json\/wp\/v2\/product\/81019","targetHints":{"allow":["GET"]}}],"collection":[{"href":"https:\/\/kooistra.com\/de\/wp-json\/wp\/v2\/product"}],"about":[{"href":"https:\/\/kooistra.com\/de\/wp-json\/wp\/v2\/types\/product"}],"wp:featuredmedia":[{"embeddable":true,"href":"https:\/\/kooistra.com\/de\/wp-json\/wp\/v2\/media\/81020"}],"wp:attachment":[{"href":"https:\/\/kooistra.com\/de\/wp-json\/wp\/v2\/media?parent=81019"}],"wp:term":[{"taxonomy":"product_brand","embeddable":true,"href":"https:\/\/kooistra.com\/de\/wp-json\/wp\/v2\/product_brand?post=81019"},{"taxonomy":"product_cat","embeddable":true,"href":"https:\/\/kooistra.com\/de\/wp-json\/wp\/v2\/product_cat?post=81019"},{"taxonomy":"product_tag","embeddable":true,"href":"https:\/\/kooistra.com\/de\/wp-json\/wp\/v2\/product_tag?post=81019"}],"curies":[{"name":"wp","href":"https:\/\/api.w.org\/{rel}","templated":true}]}}