{"id":81245,"date":"2024-12-05T07:13:54","date_gmt":"2024-12-05T06:13:54","guid":{"rendered":"https:\/\/kooistra.com\/product\/stanley-connector-reducer-3-8ma-1-4ma\/"},"modified":"2026-04-24T10:27:04","modified_gmt":"2026-04-24T09:27:04","slug":"stanley-stecker-reduzierstuck-3-8ma-1-4ma","status":"publish","type":"product","link":"https:\/\/kooistra.com\/de\/product\/stanley-connector-reducer-3-8ma-1-4ma\/","title":{"rendered":"Stanley - Reduzierst\u00fcck - 3\/8M(A) 1\/4M(A)"},"content":{"rendered":"<div class=\"flex-shrink-0 flex flex-col relative items-end\">\n<div>\n<div class=\"pt-0\">\n<div class=\"gizmo-bot-avatar flex h-8 w-8 items-center justify-center overflow-hidden rounded-full\">\n<div class=\"relative p-1 rounded-sm flex items-center justify-center bg-token-main-surface-primary text-token-text-primary h-8 w-8\"><\/div>\n<\/div>\n<\/div>\n<\/div>\n<\/div>\n<div class=\"group\/conversation-turn relative flex w-full min-w-0 flex-col agent-turn\">\n<div class=\"flex-col gap-1 md:gap-3\">\n<div class=\"flex max-w-full flex-col flex-grow\">\n<div class=\"min-h-8 text-message flex w-full flex-col items-end gap-2 whitespace-normal break-words text-start [.text-message+&amp;]:mt-5\" dir=\"auto\" data-message-author-role=\"assistant\" data-message-id=\"f7565a5d-a9a1-4dd3-8993-49bb3ef259ab\" data-message-model-slug=\"gpt-4o-mini\">\n<div class=\"flex w-full flex-col gap-1 empty:hidden first:pt-[3px]\">\n<div class=\"markdown prose w-full break-words dark:prose-invert light\">\n<p>De <strong>Stanley Connector 3\/8&#8243;<\/strong> is een robuuste en betrouwbare snelkoppeling die ontworpen is om verschillende gereedschappen of accessoires met 3\/8&#8243; aansluiting snel en veilig aan te sluiten. Deze connector is ideaal voor gebruik in de bouw, werkplaatsen en diverse industri\u00eble toepassingen. Het biedt een stevige, lekvrije verbinding die het mogelijk maakt om snel van gereedschap te wisselen zonder in te boeten op prestaties.<\/p>\n<\/div>\n<\/div>\n<\/div>\n<\/div>\n<\/div>\n<\/div>\n","protected":false},"excerpt":{"rendered":"<ul>\n<li>Marke: Stanley<\/li>\n<li>Abmessungen: 5x5x5 cm<\/li>\n<\/ul>","protected":false},"featured_media":83428,"template":"","meta":[],"product_brand":[],"product_cat":[345,335],"product_tag":[668,666,673,670,672,669,671,665,676,675,677,679,674,678,667],"class_list":{"0":"post-81245","1":"product","2":"type-product","3":"status-publish","4":"has-post-thumbnail","6":"product_cat-gereedschap-klussen","7":"product_cat-huis-tuin","8":"product_tag-afname-aansluiting","9":"product_tag-reducer-aansluiting","10":"product_tag-reducer-coupling","11":"product_tag-reducer-fitting","12":"product_tag-reducing-connection","13":"product_tag-reductiestuk","14":"product_tag-reduction-fitting","15":"product_tag-reductor-aansluiting","16":"product_tag-reduktionsanschluss","17":"product_tag-reduzieranschluss","18":"product_tag-reduzierstuck","19":"product_tag-reduzierverbindung","20":"product_tag-step-down-connection","21":"product_tag-verbindungstuck","22":"product_tag-verloopaansluiting","24":"first","25":"instock","26":"taxable","27":"shipping-taxable","28":"product-type-simple"},"yoast_head":"<!-- This site is optimized with the Yoast SEO plugin v27.4 - https:\/\/yoast.com\/product\/yoast-seo-wordpress\/ -->\n<title>Stanley \u2013 reductor aansluiting \u2013 3\/8M(A) 1\/4M(A) - Kooistra.com - Opkoper en verkoper restpartijen<\/title>\n<meta name=\"robots\" content=\"index, follow, max-snippet:-1, max-image-preview:large, max-video-preview:-1\" \/>\n<link rel=\"canonical\" href=\"https:\/\/kooistra.com\/de\/produkt\/stanley-stecker-reduzierstuck-3-8ma-1-4ma\/\" \/>\n<meta property=\"og:locale\" content=\"de_DE\" \/>\n<meta property=\"og:type\" content=\"article\" \/>\n<meta property=\"og:title\" content=\"Stanley \u2013 reductor aansluiting \u2013 3\/8M(A) 1\/4M(A) - Kooistra.com - Opkoper en verkoper restpartijen\" \/>\n<meta property=\"og:description\" content=\"Merk: Stanley  Afmeting: 5x5x5 cm\" \/>\n<meta property=\"og:url\" content=\"https:\/\/kooistra.com\/de\/produkt\/stanley-stecker-reduzierstuck-3-8ma-1-4ma\/\" \/>\n<meta property=\"og:site_name\" content=\"Kooistra.com - Opkoper en verkoper restpartijen\" \/>\n<meta property=\"article:publisher\" content=\"https:\/\/www.facebook.com\/kooistracom\/?locale=nl_NL\" \/>\n<meta property=\"article:modified_time\" content=\"2026-04-24T09:27:04+00:00\" \/>\n<meta property=\"og:image\" content=\"https:\/\/kooistra.com\/wp-content\/uploads\/2025\/01\/8016738719741_01.jpg\" \/>\n\t<meta property=\"og:image:width\" content=\"700\" \/>\n\t<meta property=\"og:image:height\" content=\"700\" \/>\n\t<meta property=\"og:image:type\" content=\"image\/jpeg\" \/>\n<meta name=\"twitter:card\" content=\"summary_large_image\" \/>\n<meta name=\"twitter:label1\" content=\"Gesch\u00e4tzte Lesezeit\" \/>\n\t<meta name=\"twitter:data1\" content=\"1\u00a0Minute\" \/>\n<script type=\"application\/ld+json\" class=\"yoast-schema-graph\">{\"@context\":\"https:\\\/\\\/schema.org\",\"@graph\":[{\"@type\":\"WebPage\",\"@id\":\"https:\\\/\\\/kooistra.com\\\/product\\\/stanley-connector-reducer-3-8ma-1-4ma\\\/\",\"url\":\"https:\\\/\\\/kooistra.com\\\/product\\\/stanley-connector-reducer-3-8ma-1-4ma\\\/\",\"name\":\"Stanley \u2013 reductor aansluiting \u2013 3\\\/8M(A) 1\\\/4M(A) - Kooistra.com - Opkoper en verkoper restpartijen\",\"isPartOf\":{\"@id\":\"https:\\\/\\\/kooistra.com\\\/#website\"},\"primaryImageOfPage\":{\"@id\":\"https:\\\/\\\/kooistra.com\\\/product\\\/stanley-connector-reducer-3-8ma-1-4ma\\\/#primaryimage\"},\"image\":{\"@id\":\"https:\\\/\\\/kooistra.com\\\/product\\\/stanley-connector-reducer-3-8ma-1-4ma\\\/#primaryimage\"},\"thumbnailUrl\":\"https:\\\/\\\/kooistra.com\\\/wp-content\\\/uploads\\\/2025\\\/01\\\/8016738719741_01.jpg\",\"datePublished\":\"2024-12-05T06:13:54+00:00\",\"dateModified\":\"2026-04-24T09:27:04+00:00\",\"breadcrumb\":{\"@id\":\"https:\\\/\\\/kooistra.com\\\/product\\\/stanley-connector-reducer-3-8ma-1-4ma\\\/#breadcrumb\"},\"inLanguage\":\"de\",\"potentialAction\":[{\"@type\":\"ReadAction\",\"target\":[\"https:\\\/\\\/kooistra.com\\\/product\\\/stanley-connector-reducer-3-8ma-1-4ma\\\/\"]}]},{\"@type\":\"ImageObject\",\"inLanguage\":\"de\",\"@id\":\"https:\\\/\\\/kooistra.com\\\/product\\\/stanley-connector-reducer-3-8ma-1-4ma\\\/#primaryimage\",\"url\":\"https:\\\/\\\/kooistra.com\\\/wp-content\\\/uploads\\\/2025\\\/01\\\/8016738719741_01.jpg\",\"contentUrl\":\"https:\\\/\\\/kooistra.com\\\/wp-content\\\/uploads\\\/2025\\\/01\\\/8016738719741_01.jpg\",\"width\":700,\"height\":700},{\"@type\":\"BreadcrumbList\",\"@id\":\"https:\\\/\\\/kooistra.com\\\/product\\\/stanley-connector-reducer-3-8ma-1-4ma\\\/#breadcrumb\",\"itemListElement\":[{\"@type\":\"ListItem\",\"position\":1,\"name\":\"Home\",\"item\":\"https:\\\/\\\/kooistra.com\\\/\"},{\"@type\":\"ListItem\",\"position\":2,\"name\":\"Webshop\",\"item\":\"https:\\\/\\\/kooistra.com\\\/webshop\\\/\"},{\"@type\":\"ListItem\",\"position\":3,\"name\":\"Stanley \u2013 reductor aansluiting \u2013 3\\\/8M(A) 1\\\/4M(A)\"}]},{\"@type\":\"WebSite\",\"@id\":\"https:\\\/\\\/kooistra.com\\\/#website\",\"url\":\"https:\\\/\\\/kooistra.com\\\/\",\"name\":\"Kooistra.com Partijhandel Restpartijen\",\"description\":\"Wij kopen al uw voorraad. Partijen, retouren, restpartijen en andere voorraden.\",\"publisher\":{\"@id\":\"https:\\\/\\\/kooistra.com\\\/#organization\"},\"alternateName\":\"Opkoper en verkoper restpartijen\",\"potentialAction\":[{\"@type\":\"SearchAction\",\"target\":{\"@type\":\"EntryPoint\",\"urlTemplate\":\"https:\\\/\\\/kooistra.com\\\/?s={search_term_string}\"},\"query-input\":{\"@type\":\"PropertyValueSpecification\",\"valueRequired\":true,\"valueName\":\"search_term_string\"}}],\"inLanguage\":\"de\"},{\"@type\":\"Organization\",\"@id\":\"https:\\\/\\\/kooistra.com\\\/#organization\",\"name\":\"Kooistra.com BV\",\"alternateName\":\"Restpartij opkopers\",\"url\":\"https:\\\/\\\/kooistra.com\\\/\",\"logo\":{\"@type\":\"ImageObject\",\"inLanguage\":\"de\",\"@id\":\"https:\\\/\\\/kooistra.com\\\/#\\\/schema\\\/logo\\\/image\\\/\",\"url\":\"https:\\\/\\\/kooistra.com\\\/wp-content\\\/uploads\\\/2024\\\/11\\\/logo-Kooistra.com-nieuw-2024-kopie.png\",\"contentUrl\":\"https:\\\/\\\/kooistra.com\\\/wp-content\\\/uploads\\\/2024\\\/11\\\/logo-Kooistra.com-nieuw-2024-kopie.png\",\"width\":3000,\"height\":1240,\"caption\":\"Kooistra.com BV\"},\"image\":{\"@id\":\"https:\\\/\\\/kooistra.com\\\/#\\\/schema\\\/logo\\\/image\\\/\"},\"sameAs\":[\"https:\\\/\\\/www.facebook.com\\\/kooistracom\\\/?locale=nl_NL\",\"https:\\\/\\\/nl.linkedin.com\\\/company\\\/kooistra-com-b.v.\"]}]}<\/script>\n<!-- \/ Yoast SEO plugin. -->","yoast_head_json":{"title":"Stanley - Reduzierst\u00fcck - 3\/8M(A) 1\/4M(A) - Kooistra.de - Restposten f\u00fcr K\u00e4ufer und Verk\u00e4ufer","robots":{"index":"index","follow":"follow","max-snippet":"max-snippet:-1","max-image-preview":"max-image-preview:large","max-video-preview":"max-video-preview:-1"},"canonical":"https:\/\/kooistra.com\/de\/produkt\/stanley-stecker-reduzierstuck-3-8ma-1-4ma\/","og_locale":"de_DE","og_type":"article","og_title":"Stanley \u2013 reductor aansluiting \u2013 3\/8M(A) 1\/4M(A) - Kooistra.com - Opkoper en verkoper restpartijen","og_description":"Merk: Stanley  Afmeting: 5x5x5 cm","og_url":"https:\/\/kooistra.com\/de\/produkt\/stanley-stecker-reduzierstuck-3-8ma-1-4ma\/","og_site_name":"Kooistra.com - Opkoper en verkoper restpartijen","article_publisher":"https:\/\/www.facebook.com\/kooistracom\/?locale=nl_NL","article_modified_time":"2026-04-24T09:27:04+00:00","og_image":[{"width":700,"height":700,"url":"https:\/\/kooistra.com\/wp-content\/uploads\/2025\/01\/8016738719741_01.jpg","type":"image\/jpeg"}],"twitter_card":"summary_large_image","twitter_misc":{"Gesch\u00e4tzte Lesezeit":"1\u00a0Minute"},"schema":{"@context":"https:\/\/schema.org","@graph":[{"@type":"WebPage","@id":"https:\/\/kooistra.com\/product\/stanley-connector-reducer-3-8ma-1-4ma\/","url":"https:\/\/kooistra.com\/product\/stanley-connector-reducer-3-8ma-1-4ma\/","name":"Stanley - Reduzierst\u00fcck - 3\/8M(A) 1\/4M(A) - Kooistra.de - Restposten f\u00fcr K\u00e4ufer und Verk\u00e4ufer","isPartOf":{"@id":"https:\/\/kooistra.com\/#website"},"primaryImageOfPage":{"@id":"https:\/\/kooistra.com\/product\/stanley-connector-reducer-3-8ma-1-4ma\/#primaryimage"},"image":{"@id":"https:\/\/kooistra.com\/product\/stanley-connector-reducer-3-8ma-1-4ma\/#primaryimage"},"thumbnailUrl":"https:\/\/kooistra.com\/wp-content\/uploads\/2025\/01\/8016738719741_01.jpg","datePublished":"2024-12-05T06:13:54+00:00","dateModified":"2026-04-24T09:27:04+00:00","breadcrumb":{"@id":"https:\/\/kooistra.com\/product\/stanley-connector-reducer-3-8ma-1-4ma\/#breadcrumb"},"inLanguage":"de","potentialAction":[{"@type":"ReadAction","target":["https:\/\/kooistra.com\/product\/stanley-connector-reducer-3-8ma-1-4ma\/"]}]},{"@type":"ImageObject","inLanguage":"de","@id":"https:\/\/kooistra.com\/product\/stanley-connector-reducer-3-8ma-1-4ma\/#primaryimage","url":"https:\/\/kooistra.com\/wp-content\/uploads\/2025\/01\/8016738719741_01.jpg","contentUrl":"https:\/\/kooistra.com\/wp-content\/uploads\/2025\/01\/8016738719741_01.jpg","width":700,"height":700},{"@type":"BreadcrumbList","@id":"https:\/\/kooistra.com\/product\/stanley-connector-reducer-3-8ma-1-4ma\/#breadcrumb","itemListElement":[{"@type":"ListItem","position":1,"name":"Home","item":"https:\/\/kooistra.com\/"},{"@type":"ListItem","position":2,"name":"Webshop","item":"https:\/\/kooistra.com\/webshop\/"},{"@type":"ListItem","position":3,"name":"Stanley \u2013 reductor aansluiting \u2013 3\/8M(A) 1\/4M(A)"}]},{"@type":"WebSite","@id":"https:\/\/kooistra.com\/#website","url":"https:\/\/kooistra.com\/","name":"Kooistra.com Partei Handel Reste","description":"Wir kaufen alle Ihre Best\u00e4nde. Chargen, Retouren, Restchargen und andere Best\u00e4nde.","publisher":{"@id":"https:\/\/kooistra.com\/#organization"},"alternateName":"Opkoper en verkoper restpartijen","potentialAction":[{"@type":"SearchAction","target":{"@type":"EntryPoint","urlTemplate":"https:\/\/kooistra.com\/?s={search_term_string}"},"query-input":{"@type":"PropertyValueSpecification","valueRequired":true,"valueName":"search_term_string"}}],"inLanguage":"de"},{"@type":"Organization","@id":"https:\/\/kooistra.com\/#organization","name":"Kooistra.com BV","alternateName":"Restpartij opkopers","url":"https:\/\/kooistra.com\/","logo":{"@type":"ImageObject","inLanguage":"de","@id":"https:\/\/kooistra.com\/#\/schema\/logo\/image\/","url":"https:\/\/kooistra.com\/wp-content\/uploads\/2024\/11\/logo-Kooistra.com-nieuw-2024-kopie.png","contentUrl":"https:\/\/kooistra.com\/wp-content\/uploads\/2024\/11\/logo-Kooistra.com-nieuw-2024-kopie.png","width":3000,"height":1240,"caption":"Kooistra.com BV"},"image":{"@id":"https:\/\/kooistra.com\/#\/schema\/logo\/image\/"},"sameAs":["https:\/\/www.facebook.com\/kooistracom\/?locale=nl_NL","https:\/\/nl.linkedin.com\/company\/kooistra-com-b.v."]}]}},"_links":{"self":[{"href":"https:\/\/kooistra.com\/de\/wp-json\/wp\/v2\/product\/81245","targetHints":{"allow":["GET"]}}],"collection":[{"href":"https:\/\/kooistra.com\/de\/wp-json\/wp\/v2\/product"}],"about":[{"href":"https:\/\/kooistra.com\/de\/wp-json\/wp\/v2\/types\/product"}],"wp:featuredmedia":[{"embeddable":true,"href":"https:\/\/kooistra.com\/de\/wp-json\/wp\/v2\/media\/83428"}],"wp:attachment":[{"href":"https:\/\/kooistra.com\/de\/wp-json\/wp\/v2\/media?parent=81245"}],"wp:term":[{"taxonomy":"product_brand","embeddable":true,"href":"https:\/\/kooistra.com\/de\/wp-json\/wp\/v2\/product_brand?post=81245"},{"taxonomy":"product_cat","embeddable":true,"href":"https:\/\/kooistra.com\/de\/wp-json\/wp\/v2\/product_cat?post=81245"},{"taxonomy":"product_tag","embeddable":true,"href":"https:\/\/kooistra.com\/de\/wp-json\/wp\/v2\/product_tag?post=81245"}],"curies":[{"name":"wp","href":"https:\/\/api.w.org\/{rel}","templated":true}]}}