{"id":83562,"date":"2025-01-21T14:33:45","date_gmt":"2025-01-21T13:33:45","guid":{"rendered":"https:\/\/kooistra.com\/product\/blokker-kinderplaid-leeuw-90x90cm-bruin\/"},"modified":"2026-04-18T13:31:51","modified_gmt":"2026-04-18T12:31:51","slug":"blokker-kinderplaid-leeuw-90x90cm-bruin","status":"publish","type":"product","link":"https:\/\/kooistra.com\/de\/product\/blokker-kinderplaid-leeuw-90x90cm-bruin\/","title":{"rendered":"Blokker Kindertuch kariert L\u00f6we 90x90cm - braun"},"content":{"rendered":"<p>Tauchen Sie das Kinderzimmer in eine magische Welt der Tiere mit diesem zauberhaften Kinderplaid von Blokkker! Das Plaid dient auch als Umhang, der die Fantasie Ihres Kindes anregen wird. Mit diesem weichen und bequemen Plaid k\u00f6nnen sie sich einkuscheln, w\u00e4hrend sie ein Buch lesen oder einfach nur entspannen.<\/p>\n<p>Das hochwertige Material schafft ein gem\u00fctliches Gef\u00fchl und h\u00e4lt Ihr Kind an kalten Tagen warm. Das Blokker Kinderplaid mit Tiermotiven ist nicht nur funktional, sondern auch eine wunderbare dekorative Erg\u00e4nzung f\u00fcr das Zimmer. Schaffen Sie mit diesem bezaubernden Plaid eine gem\u00fctliche und phantasievolle Umgebung f\u00fcr Ihr Kind!<\/p>","protected":false},"excerpt":{"rendered":"<ul>\n<li>Marke: Blokker<\/li>\n<li>Serie: Blokker Kids<\/li>\n<li>Farbe: Braun<\/li>\n<li>Model: Leeuw<\/li>\n<li>Materiaal: Polyester<\/li>\n<li>Afmetingen: 90x90x3cm<\/li>\n<li>Gewicht: 200gr<\/li>\n<\/ul>","protected":false},"featured_media":82004,"template":"","meta":[],"product_brand":[],"product_cat":[4311,4328],"product_tag":[],"class_list":{"0":"post-83562","1":"product","2":"type-product","3":"status-publish","4":"has-post-thumbnail","6":"product_cat-blokker","7":"product_cat-blokker-vrije-tijd","9":"first","10":"instock","11":"taxable","12":"shipping-taxable","13":"product-type-simple"},"yoast_head":"<!-- This site is optimized with the Yoast SEO plugin v27.4 - https:\/\/yoast.com\/product\/yoast-seo-wordpress\/ -->\n<title>Blokker kinderplaid leeuw 90x90cm - bruin - Kooistra.com - Opkoper en verkoper restpartijen<\/title>\n<meta name=\"robots\" content=\"index, follow, max-snippet:-1, max-image-preview:large, max-video-preview:-1\" \/>\n<link rel=\"canonical\" href=\"https:\/\/kooistra.com\/de\/produkt\/blokker-kinderplaid-leeuw-90x90cm-bruin\/\" \/>\n<meta property=\"og:locale\" content=\"de_DE\" \/>\n<meta property=\"og:type\" content=\"article\" \/>\n<meta property=\"og:title\" content=\"Blokker kinderplaid leeuw 90x90cm - bruin - Kooistra.com - Opkoper en verkoper restpartijen\" \/>\n<meta property=\"og:description\" content=\"Merk: Blokker  Serie: Blokker Kids  Kleur: Bruin  Model: Leeuw  Materiaal: Polyester  Afmetingen: 90x90x3cm  Gewicht: 200gr\" \/>\n<meta property=\"og:url\" content=\"https:\/\/kooistra.com\/de\/produkt\/blokker-kinderplaid-leeuw-90x90cm-bruin\/\" \/>\n<meta property=\"og:site_name\" content=\"Kooistra.com - Opkoper en verkoper restpartijen\" \/>\n<meta property=\"article:publisher\" content=\"https:\/\/www.facebook.com\/kooistracom\/?locale=nl_NL\" \/>\n<meta property=\"article:modified_time\" content=\"2026-04-18T12:31:51+00:00\" \/>\n<meta property=\"og:image\" content=\"https:\/\/kooistra.com\/wp-content\/uploads\/2025\/01\/8718827340835_0013312_01.webp\" \/>\n\t<meta property=\"og:image:width\" content=\"1500\" \/>\n\t<meta property=\"og:image:height\" content=\"1500\" \/>\n\t<meta property=\"og:image:type\" content=\"image\/webp\" \/>\n<meta name=\"twitter:card\" content=\"summary_large_image\" \/>\n<meta name=\"twitter:label1\" content=\"Gesch\u00e4tzte Lesezeit\" \/>\n\t<meta name=\"twitter:data1\" content=\"1\u00a0Minute\" \/>\n<script type=\"application\/ld+json\" class=\"yoast-schema-graph\">{\"@context\":\"https:\\\/\\\/schema.org\",\"@graph\":[{\"@type\":\"WebPage\",\"@id\":\"https:\\\/\\\/kooistra.com\\\/product\\\/blokker-kinderplaid-leeuw-90x90cm-bruin\\\/\",\"url\":\"https:\\\/\\\/kooistra.com\\\/product\\\/blokker-kinderplaid-leeuw-90x90cm-bruin\\\/\",\"name\":\"Blokker kinderplaid leeuw 90x90cm - bruin - Kooistra.com - Opkoper en verkoper restpartijen\",\"isPartOf\":{\"@id\":\"https:\\\/\\\/kooistra.com\\\/#website\"},\"primaryImageOfPage\":{\"@id\":\"https:\\\/\\\/kooistra.com\\\/product\\\/blokker-kinderplaid-leeuw-90x90cm-bruin\\\/#primaryimage\"},\"image\":{\"@id\":\"https:\\\/\\\/kooistra.com\\\/product\\\/blokker-kinderplaid-leeuw-90x90cm-bruin\\\/#primaryimage\"},\"thumbnailUrl\":\"https:\\\/\\\/kooistra.com\\\/wp-content\\\/uploads\\\/2025\\\/01\\\/8718827340835_0013312_01.webp\",\"datePublished\":\"2025-01-21T13:33:45+00:00\",\"dateModified\":\"2026-04-18T12:31:51+00:00\",\"breadcrumb\":{\"@id\":\"https:\\\/\\\/kooistra.com\\\/product\\\/blokker-kinderplaid-leeuw-90x90cm-bruin\\\/#breadcrumb\"},\"inLanguage\":\"de\",\"potentialAction\":[{\"@type\":\"ReadAction\",\"target\":[\"https:\\\/\\\/kooistra.com\\\/product\\\/blokker-kinderplaid-leeuw-90x90cm-bruin\\\/\"]}]},{\"@type\":\"ImageObject\",\"inLanguage\":\"de\",\"@id\":\"https:\\\/\\\/kooistra.com\\\/product\\\/blokker-kinderplaid-leeuw-90x90cm-bruin\\\/#primaryimage\",\"url\":\"https:\\\/\\\/kooistra.com\\\/wp-content\\\/uploads\\\/2025\\\/01\\\/8718827340835_0013312_01.webp\",\"contentUrl\":\"https:\\\/\\\/kooistra.com\\\/wp-content\\\/uploads\\\/2025\\\/01\\\/8718827340835_0013312_01.webp\",\"width\":1500,\"height\":1500},{\"@type\":\"BreadcrumbList\",\"@id\":\"https:\\\/\\\/kooistra.com\\\/product\\\/blokker-kinderplaid-leeuw-90x90cm-bruin\\\/#breadcrumb\",\"itemListElement\":[{\"@type\":\"ListItem\",\"position\":1,\"name\":\"Home\",\"item\":\"https:\\\/\\\/kooistra.com\\\/\"},{\"@type\":\"ListItem\",\"position\":2,\"name\":\"Webshop\",\"item\":\"https:\\\/\\\/kooistra.com\\\/webshop\\\/\"},{\"@type\":\"ListItem\",\"position\":3,\"name\":\"Blokker kinderplaid leeuw 90x90cm &#8211; bruin\"}]},{\"@type\":\"WebSite\",\"@id\":\"https:\\\/\\\/kooistra.com\\\/#website\",\"url\":\"https:\\\/\\\/kooistra.com\\\/\",\"name\":\"Kooistra.com Partijhandel Restpartijen\",\"description\":\"Wij kopen al uw voorraad. Partijen, retouren, restpartijen en andere voorraden.\",\"publisher\":{\"@id\":\"https:\\\/\\\/kooistra.com\\\/#organization\"},\"alternateName\":\"Opkoper en verkoper restpartijen\",\"potentialAction\":[{\"@type\":\"SearchAction\",\"target\":{\"@type\":\"EntryPoint\",\"urlTemplate\":\"https:\\\/\\\/kooistra.com\\\/?s={search_term_string}\"},\"query-input\":{\"@type\":\"PropertyValueSpecification\",\"valueRequired\":true,\"valueName\":\"search_term_string\"}}],\"inLanguage\":\"de\"},{\"@type\":\"Organization\",\"@id\":\"https:\\\/\\\/kooistra.com\\\/#organization\",\"name\":\"Kooistra.com BV\",\"alternateName\":\"Restpartij opkopers\",\"url\":\"https:\\\/\\\/kooistra.com\\\/\",\"logo\":{\"@type\":\"ImageObject\",\"inLanguage\":\"de\",\"@id\":\"https:\\\/\\\/kooistra.com\\\/#\\\/schema\\\/logo\\\/image\\\/\",\"url\":\"https:\\\/\\\/kooistra.com\\\/wp-content\\\/uploads\\\/2024\\\/11\\\/logo-Kooistra.com-nieuw-2024-kopie.png\",\"contentUrl\":\"https:\\\/\\\/kooistra.com\\\/wp-content\\\/uploads\\\/2024\\\/11\\\/logo-Kooistra.com-nieuw-2024-kopie.png\",\"width\":3000,\"height\":1240,\"caption\":\"Kooistra.com BV\"},\"image\":{\"@id\":\"https:\\\/\\\/kooistra.com\\\/#\\\/schema\\\/logo\\\/image\\\/\"},\"sameAs\":[\"https:\\\/\\\/www.facebook.com\\\/kooistracom\\\/?locale=nl_NL\",\"https:\\\/\\\/nl.linkedin.com\\\/company\\\/kooistra-com-b.v.\"]}]}<\/script>\n<!-- \/ Yoast SEO plugin. -->","yoast_head_json":{"title":"Blokker kinderplaid leeuw 90x90cm - bruin - Kooistra.com - Opkoper en verkoper restpartijen","robots":{"index":"index","follow":"follow","max-snippet":"max-snippet:-1","max-image-preview":"max-image-preview:large","max-video-preview":"max-video-preview:-1"},"canonical":"https:\/\/kooistra.com\/de\/produkt\/blokker-kinderplaid-leeuw-90x90cm-bruin\/","og_locale":"de_DE","og_type":"article","og_title":"Blokker kinderplaid leeuw 90x90cm - bruin - Kooistra.com - Opkoper en verkoper restpartijen","og_description":"Merk: Blokker  Serie: Blokker Kids  Kleur: Bruin  Model: Leeuw  Materiaal: Polyester  Afmetingen: 90x90x3cm  Gewicht: 200gr","og_url":"https:\/\/kooistra.com\/de\/produkt\/blokker-kinderplaid-leeuw-90x90cm-bruin\/","og_site_name":"Kooistra.com - Opkoper en verkoper restpartijen","article_publisher":"https:\/\/www.facebook.com\/kooistracom\/?locale=nl_NL","article_modified_time":"2026-04-18T12:31:51+00:00","og_image":[{"width":1500,"height":1500,"url":"https:\/\/kooistra.com\/wp-content\/uploads\/2025\/01\/8718827340835_0013312_01.webp","type":"image\/webp"}],"twitter_card":"summary_large_image","twitter_misc":{"Gesch\u00e4tzte Lesezeit":"1\u00a0Minute"},"schema":{"@context":"https:\/\/schema.org","@graph":[{"@type":"WebPage","@id":"https:\/\/kooistra.com\/product\/blokker-kinderplaid-leeuw-90x90cm-bruin\/","url":"https:\/\/kooistra.com\/product\/blokker-kinderplaid-leeuw-90x90cm-bruin\/","name":"Blokker kinderplaid leeuw 90x90cm - bruin - Kooistra.com - Opkoper en verkoper restpartijen","isPartOf":{"@id":"https:\/\/kooistra.com\/#website"},"primaryImageOfPage":{"@id":"https:\/\/kooistra.com\/product\/blokker-kinderplaid-leeuw-90x90cm-bruin\/#primaryimage"},"image":{"@id":"https:\/\/kooistra.com\/product\/blokker-kinderplaid-leeuw-90x90cm-bruin\/#primaryimage"},"thumbnailUrl":"https:\/\/kooistra.com\/wp-content\/uploads\/2025\/01\/8718827340835_0013312_01.webp","datePublished":"2025-01-21T13:33:45+00:00","dateModified":"2026-04-18T12:31:51+00:00","breadcrumb":{"@id":"https:\/\/kooistra.com\/product\/blokker-kinderplaid-leeuw-90x90cm-bruin\/#breadcrumb"},"inLanguage":"de","potentialAction":[{"@type":"ReadAction","target":["https:\/\/kooistra.com\/product\/blokker-kinderplaid-leeuw-90x90cm-bruin\/"]}]},{"@type":"ImageObject","inLanguage":"de","@id":"https:\/\/kooistra.com\/product\/blokker-kinderplaid-leeuw-90x90cm-bruin\/#primaryimage","url":"https:\/\/kooistra.com\/wp-content\/uploads\/2025\/01\/8718827340835_0013312_01.webp","contentUrl":"https:\/\/kooistra.com\/wp-content\/uploads\/2025\/01\/8718827340835_0013312_01.webp","width":1500,"height":1500},{"@type":"BreadcrumbList","@id":"https:\/\/kooistra.com\/product\/blokker-kinderplaid-leeuw-90x90cm-bruin\/#breadcrumb","itemListElement":[{"@type":"ListItem","position":1,"name":"Home","item":"https:\/\/kooistra.com\/"},{"@type":"ListItem","position":2,"name":"Webshop","item":"https:\/\/kooistra.com\/webshop\/"},{"@type":"ListItem","position":3,"name":"Blokker kinderplaid leeuw 90x90cm &#8211; bruin"}]},{"@type":"WebSite","@id":"https:\/\/kooistra.com\/#website","url":"https:\/\/kooistra.com\/","name":"Kooistra.com Partei Handel Reste","description":"Wir kaufen alle Ihre Best\u00e4nde. Chargen, Retouren, Restchargen und andere Best\u00e4nde.","publisher":{"@id":"https:\/\/kooistra.com\/#organization"},"alternateName":"Opkoper en verkoper restpartijen","potentialAction":[{"@type":"SearchAction","target":{"@type":"EntryPoint","urlTemplate":"https:\/\/kooistra.com\/?s={search_term_string}"},"query-input":{"@type":"PropertyValueSpecification","valueRequired":true,"valueName":"search_term_string"}}],"inLanguage":"de"},{"@type":"Organization","@id":"https:\/\/kooistra.com\/#organization","name":"Kooistra.com BV","alternateName":"Restpartij opkopers","url":"https:\/\/kooistra.com\/","logo":{"@type":"ImageObject","inLanguage":"de","@id":"https:\/\/kooistra.com\/#\/schema\/logo\/image\/","url":"https:\/\/kooistra.com\/wp-content\/uploads\/2024\/11\/logo-Kooistra.com-nieuw-2024-kopie.png","contentUrl":"https:\/\/kooistra.com\/wp-content\/uploads\/2024\/11\/logo-Kooistra.com-nieuw-2024-kopie.png","width":3000,"height":1240,"caption":"Kooistra.com BV"},"image":{"@id":"https:\/\/kooistra.com\/#\/schema\/logo\/image\/"},"sameAs":["https:\/\/www.facebook.com\/kooistracom\/?locale=nl_NL","https:\/\/nl.linkedin.com\/company\/kooistra-com-b.v."]}]}},"_links":{"self":[{"href":"https:\/\/kooistra.com\/de\/wp-json\/wp\/v2\/product\/83562","targetHints":{"allow":["GET"]}}],"collection":[{"href":"https:\/\/kooistra.com\/de\/wp-json\/wp\/v2\/product"}],"about":[{"href":"https:\/\/kooistra.com\/de\/wp-json\/wp\/v2\/types\/product"}],"wp:featuredmedia":[{"embeddable":true,"href":"https:\/\/kooistra.com\/de\/wp-json\/wp\/v2\/media\/82004"}],"wp:attachment":[{"href":"https:\/\/kooistra.com\/de\/wp-json\/wp\/v2\/media?parent=83562"}],"wp:term":[{"taxonomy":"product_brand","embeddable":true,"href":"https:\/\/kooistra.com\/de\/wp-json\/wp\/v2\/product_brand?post=83562"},{"taxonomy":"product_cat","embeddable":true,"href":"https:\/\/kooistra.com\/de\/wp-json\/wp\/v2\/product_cat?post=83562"},{"taxonomy":"product_tag","embeddable":true,"href":"https:\/\/kooistra.com\/de\/wp-json\/wp\/v2\/product_tag?post=83562"}],"curies":[{"name":"wp","href":"https:\/\/api.w.org\/{rel}","templated":true}]}}