{"id":83625,"date":"2026-03-02T14:43:32","date_gmt":"2026-03-02T13:43:32","guid":{"rendered":"https:\/\/kooistra.com\/product\/blokker-mok-mantua-310-ml-beige\/"},"modified":"2026-03-03T14:34:51","modified_gmt":"2026-03-03T13:34:51","slug":"blokker-becher-mantua-310-ml-beige","status":"publish","type":"product","link":"https:\/\/kooistra.com\/de\/product\/blokker-mok-mantua-310-ml-beige\/","title":{"rendered":"Blokker Mok Mantua \u2013 310 ml \u2013 Beige \u2013 LETZTE"},"content":{"rendered":"<p>Genie\u00dfen Sie Ihren Kaffee oder Tee mit dem Blokker Becher Mantua. Dieser beigefarbene Keramikbecher hat ein Fassungsverm\u00f6gen von 310 ml, liegt gut in der Hand und passt in jede K\u00fcche. Geeignet f\u00fcr die Sp\u00fclmaschine und die Mikrowelle.<\/p>","protected":false},"excerpt":{"rendered":"<p>\u2022 Inhalt: 310 ml<br \/>\n- Material: Keramik<br \/>\n- Farbe: beige<br \/>\n\u2022 Geeignet f\u00fcr Sp\u00fclmaschine und Mikrowelle<br \/>\n\u2022 Griff f\u00fcr angenehmen Gebrauch<\/p>","protected":false},"featured_media":83047,"template":"","meta":[],"product_brand":[],"product_cat":[4311,4321],"product_tag":[],"class_list":{"0":"post-83625","1":"product","2":"type-product","3":"status-publish","4":"has-post-thumbnail","6":"product_cat-blokker","7":"product_cat-blokker-eten-tafelen","9":"first","10":"instock","11":"taxable","12":"shipping-taxable","13":"product-type-simple"},"yoast_head":"<!-- This site is optimized with the Yoast SEO plugin v27.4 - https:\/\/yoast.com\/product\/yoast-seo-wordpress\/ -->\n<title>Blokker Mok Mantua - 310 ml - Beige - LAATSTE - Kooistra.com - Opkoper en verkoper restpartijen<\/title>\n<meta name=\"robots\" content=\"index, follow, max-snippet:-1, max-image-preview:large, max-video-preview:-1\" \/>\n<link rel=\"canonical\" href=\"https:\/\/kooistra.com\/de\/produkt\/blokker-becher-mantua-310-ml-beige\/\" \/>\n<meta property=\"og:locale\" content=\"de_DE\" \/>\n<meta property=\"og:type\" content=\"article\" \/>\n<meta property=\"og:title\" content=\"Blokker Mok Mantua - 310 ml - Beige - LAATSTE - Kooistra.com - Opkoper en verkoper restpartijen\" \/>\n<meta property=\"og:description\" content=\"\u2022 Inhoud: 310 ml \u2022 Materiaal: keramiek \u2022 Kleur: beige \u2022 Geschikt voor vaatwasser en magnetron \u2022 Handgreep voor comfortabel gebruik\" \/>\n<meta property=\"og:url\" content=\"https:\/\/kooistra.com\/de\/produkt\/blokker-becher-mantua-310-ml-beige\/\" \/>\n<meta property=\"og:site_name\" content=\"Kooistra.com - Opkoper en verkoper restpartijen\" \/>\n<meta property=\"article:publisher\" content=\"https:\/\/www.facebook.com\/kooistracom\/?locale=nl_NL\" \/>\n<meta property=\"article:modified_time\" content=\"2026-03-03T13:34:51+00:00\" \/>\n<meta property=\"og:image\" content=\"https:\/\/kooistra.com\/wp-content\/uploads\/2025\/01\/8718827356942_1134273_01.webp\" \/>\n\t<meta property=\"og:image:width\" content=\"1500\" \/>\n\t<meta property=\"og:image:height\" content=\"1500\" \/>\n\t<meta property=\"og:image:type\" content=\"image\/webp\" \/>\n<meta name=\"twitter:card\" content=\"summary_large_image\" \/>\n<meta name=\"twitter:label1\" content=\"Gesch\u00e4tzte Lesezeit\" \/>\n\t<meta name=\"twitter:data1\" content=\"1\u00a0Minute\" \/>\n<script type=\"application\/ld+json\" class=\"yoast-schema-graph\">{\"@context\":\"https:\\\/\\\/schema.org\",\"@graph\":[{\"@type\":\"WebPage\",\"@id\":\"https:\\\/\\\/kooistra.com\\\/product\\\/blokker-mok-mantua-310-ml-beige\\\/\",\"url\":\"https:\\\/\\\/kooistra.com\\\/product\\\/blokker-mok-mantua-310-ml-beige\\\/\",\"name\":\"Blokker Mok Mantua - 310 ml - Beige - LAATSTE - Kooistra.com - Opkoper en verkoper restpartijen\",\"isPartOf\":{\"@id\":\"https:\\\/\\\/kooistra.com\\\/#website\"},\"primaryImageOfPage\":{\"@id\":\"https:\\\/\\\/kooistra.com\\\/product\\\/blokker-mok-mantua-310-ml-beige\\\/#primaryimage\"},\"image\":{\"@id\":\"https:\\\/\\\/kooistra.com\\\/product\\\/blokker-mok-mantua-310-ml-beige\\\/#primaryimage\"},\"thumbnailUrl\":\"https:\\\/\\\/kooistra.com\\\/wp-content\\\/uploads\\\/2025\\\/01\\\/8718827356942_1134273_01.webp\",\"datePublished\":\"2026-03-02T13:43:32+00:00\",\"dateModified\":\"2026-03-03T13:34:51+00:00\",\"breadcrumb\":{\"@id\":\"https:\\\/\\\/kooistra.com\\\/product\\\/blokker-mok-mantua-310-ml-beige\\\/#breadcrumb\"},\"inLanguage\":\"de\",\"potentialAction\":[{\"@type\":\"ReadAction\",\"target\":[\"https:\\\/\\\/kooistra.com\\\/product\\\/blokker-mok-mantua-310-ml-beige\\\/\"]}]},{\"@type\":\"ImageObject\",\"inLanguage\":\"de\",\"@id\":\"https:\\\/\\\/kooistra.com\\\/product\\\/blokker-mok-mantua-310-ml-beige\\\/#primaryimage\",\"url\":\"https:\\\/\\\/kooistra.com\\\/wp-content\\\/uploads\\\/2025\\\/01\\\/8718827356942_1134273_01.webp\",\"contentUrl\":\"https:\\\/\\\/kooistra.com\\\/wp-content\\\/uploads\\\/2025\\\/01\\\/8718827356942_1134273_01.webp\",\"width\":1500,\"height\":1500},{\"@type\":\"BreadcrumbList\",\"@id\":\"https:\\\/\\\/kooistra.com\\\/product\\\/blokker-mok-mantua-310-ml-beige\\\/#breadcrumb\",\"itemListElement\":[{\"@type\":\"ListItem\",\"position\":1,\"name\":\"Home\",\"item\":\"https:\\\/\\\/kooistra.com\\\/\"},{\"@type\":\"ListItem\",\"position\":2,\"name\":\"Webshop\",\"item\":\"https:\\\/\\\/kooistra.com\\\/webshop\\\/\"},{\"@type\":\"ListItem\",\"position\":3,\"name\":\"Blokker Mok Mantua &#8211; 310 ml &#8211; Beige &#8211; LAATSTE\"}]},{\"@type\":\"WebSite\",\"@id\":\"https:\\\/\\\/kooistra.com\\\/#website\",\"url\":\"https:\\\/\\\/kooistra.com\\\/\",\"name\":\"Kooistra.com Partijhandel Restpartijen\",\"description\":\"Wij kopen al uw voorraad. Partijen, retouren, restpartijen en andere voorraden.\",\"publisher\":{\"@id\":\"https:\\\/\\\/kooistra.com\\\/#organization\"},\"alternateName\":\"Opkoper en verkoper restpartijen\",\"potentialAction\":[{\"@type\":\"SearchAction\",\"target\":{\"@type\":\"EntryPoint\",\"urlTemplate\":\"https:\\\/\\\/kooistra.com\\\/?s={search_term_string}\"},\"query-input\":{\"@type\":\"PropertyValueSpecification\",\"valueRequired\":true,\"valueName\":\"search_term_string\"}}],\"inLanguage\":\"de\"},{\"@type\":\"Organization\",\"@id\":\"https:\\\/\\\/kooistra.com\\\/#organization\",\"name\":\"Kooistra.com BV\",\"alternateName\":\"Restpartij opkopers\",\"url\":\"https:\\\/\\\/kooistra.com\\\/\",\"logo\":{\"@type\":\"ImageObject\",\"inLanguage\":\"de\",\"@id\":\"https:\\\/\\\/kooistra.com\\\/#\\\/schema\\\/logo\\\/image\\\/\",\"url\":\"https:\\\/\\\/kooistra.com\\\/wp-content\\\/uploads\\\/2024\\\/11\\\/logo-Kooistra.com-nieuw-2024-kopie.png\",\"contentUrl\":\"https:\\\/\\\/kooistra.com\\\/wp-content\\\/uploads\\\/2024\\\/11\\\/logo-Kooistra.com-nieuw-2024-kopie.png\",\"width\":3000,\"height\":1240,\"caption\":\"Kooistra.com BV\"},\"image\":{\"@id\":\"https:\\\/\\\/kooistra.com\\\/#\\\/schema\\\/logo\\\/image\\\/\"},\"sameAs\":[\"https:\\\/\\\/www.facebook.com\\\/kooistracom\\\/?locale=nl_NL\",\"https:\\\/\\\/nl.linkedin.com\\\/company\\\/kooistra-com-b.v.\"]}]}<\/script>\n<!-- \/ Yoast SEO plugin. -->","yoast_head_json":{"title":"Blokker Becher Mantua - 310 ml - Beige - LETZTE - Kooistra.com - Ank\u00e4ufer und Verk\u00e4ufer von Restposten","robots":{"index":"index","follow":"follow","max-snippet":"max-snippet:-1","max-image-preview":"max-image-preview:large","max-video-preview":"max-video-preview:-1"},"canonical":"https:\/\/kooistra.com\/de\/produkt\/blokker-becher-mantua-310-ml-beige\/","og_locale":"de_DE","og_type":"article","og_title":"Blokker Mok Mantua - 310 ml - Beige - LAATSTE - Kooistra.com - Opkoper en verkoper restpartijen","og_description":"\u2022 Inhoud: 310 ml \u2022 Materiaal: keramiek \u2022 Kleur: beige \u2022 Geschikt voor vaatwasser en magnetron \u2022 Handgreep voor comfortabel gebruik","og_url":"https:\/\/kooistra.com\/de\/produkt\/blokker-becher-mantua-310-ml-beige\/","og_site_name":"Kooistra.com - Opkoper en verkoper restpartijen","article_publisher":"https:\/\/www.facebook.com\/kooistracom\/?locale=nl_NL","article_modified_time":"2026-03-03T13:34:51+00:00","og_image":[{"width":1500,"height":1500,"url":"https:\/\/kooistra.com\/wp-content\/uploads\/2025\/01\/8718827356942_1134273_01.webp","type":"image\/webp"}],"twitter_card":"summary_large_image","twitter_misc":{"Gesch\u00e4tzte Lesezeit":"1\u00a0Minute"},"schema":{"@context":"https:\/\/schema.org","@graph":[{"@type":"WebPage","@id":"https:\/\/kooistra.com\/product\/blokker-mok-mantua-310-ml-beige\/","url":"https:\/\/kooistra.com\/product\/blokker-mok-mantua-310-ml-beige\/","name":"Blokker Becher Mantua - 310 ml - Beige - LETZTE - Kooistra.com - Ank\u00e4ufer und Verk\u00e4ufer von Restposten","isPartOf":{"@id":"https:\/\/kooistra.com\/#website"},"primaryImageOfPage":{"@id":"https:\/\/kooistra.com\/product\/blokker-mok-mantua-310-ml-beige\/#primaryimage"},"image":{"@id":"https:\/\/kooistra.com\/product\/blokker-mok-mantua-310-ml-beige\/#primaryimage"},"thumbnailUrl":"https:\/\/kooistra.com\/wp-content\/uploads\/2025\/01\/8718827356942_1134273_01.webp","datePublished":"2026-03-02T13:43:32+00:00","dateModified":"2026-03-03T13:34:51+00:00","breadcrumb":{"@id":"https:\/\/kooistra.com\/product\/blokker-mok-mantua-310-ml-beige\/#breadcrumb"},"inLanguage":"de","potentialAction":[{"@type":"ReadAction","target":["https:\/\/kooistra.com\/product\/blokker-mok-mantua-310-ml-beige\/"]}]},{"@type":"ImageObject","inLanguage":"de","@id":"https:\/\/kooistra.com\/product\/blokker-mok-mantua-310-ml-beige\/#primaryimage","url":"https:\/\/kooistra.com\/wp-content\/uploads\/2025\/01\/8718827356942_1134273_01.webp","contentUrl":"https:\/\/kooistra.com\/wp-content\/uploads\/2025\/01\/8718827356942_1134273_01.webp","width":1500,"height":1500},{"@type":"BreadcrumbList","@id":"https:\/\/kooistra.com\/product\/blokker-mok-mantua-310-ml-beige\/#breadcrumb","itemListElement":[{"@type":"ListItem","position":1,"name":"Home","item":"https:\/\/kooistra.com\/"},{"@type":"ListItem","position":2,"name":"Webshop","item":"https:\/\/kooistra.com\/webshop\/"},{"@type":"ListItem","position":3,"name":"Blokker Mok Mantua &#8211; 310 ml &#8211; Beige &#8211; LAATSTE"}]},{"@type":"WebSite","@id":"https:\/\/kooistra.com\/#website","url":"https:\/\/kooistra.com\/","name":"Kooistra.com Partei Handel Reste","description":"Wir kaufen alle Ihre Best\u00e4nde. Chargen, Retouren, Restchargen und andere Best\u00e4nde.","publisher":{"@id":"https:\/\/kooistra.com\/#organization"},"alternateName":"Opkoper en verkoper restpartijen","potentialAction":[{"@type":"SearchAction","target":{"@type":"EntryPoint","urlTemplate":"https:\/\/kooistra.com\/?s={search_term_string}"},"query-input":{"@type":"PropertyValueSpecification","valueRequired":true,"valueName":"search_term_string"}}],"inLanguage":"de"},{"@type":"Organization","@id":"https:\/\/kooistra.com\/#organization","name":"Kooistra.com BV","alternateName":"Restpartij opkopers","url":"https:\/\/kooistra.com\/","logo":{"@type":"ImageObject","inLanguage":"de","@id":"https:\/\/kooistra.com\/#\/schema\/logo\/image\/","url":"https:\/\/kooistra.com\/wp-content\/uploads\/2024\/11\/logo-Kooistra.com-nieuw-2024-kopie.png","contentUrl":"https:\/\/kooistra.com\/wp-content\/uploads\/2024\/11\/logo-Kooistra.com-nieuw-2024-kopie.png","width":3000,"height":1240,"caption":"Kooistra.com BV"},"image":{"@id":"https:\/\/kooistra.com\/#\/schema\/logo\/image\/"},"sameAs":["https:\/\/www.facebook.com\/kooistracom\/?locale=nl_NL","https:\/\/nl.linkedin.com\/company\/kooistra-com-b.v."]}]}},"_links":{"self":[{"href":"https:\/\/kooistra.com\/de\/wp-json\/wp\/v2\/product\/83625","targetHints":{"allow":["GET"]}}],"collection":[{"href":"https:\/\/kooistra.com\/de\/wp-json\/wp\/v2\/product"}],"about":[{"href":"https:\/\/kooistra.com\/de\/wp-json\/wp\/v2\/types\/product"}],"wp:featuredmedia":[{"embeddable":true,"href":"https:\/\/kooistra.com\/de\/wp-json\/wp\/v2\/media\/83047"}],"wp:attachment":[{"href":"https:\/\/kooistra.com\/de\/wp-json\/wp\/v2\/media?parent=83625"}],"wp:term":[{"taxonomy":"product_brand","embeddable":true,"href":"https:\/\/kooistra.com\/de\/wp-json\/wp\/v2\/product_brand?post=83625"},{"taxonomy":"product_cat","embeddable":true,"href":"https:\/\/kooistra.com\/de\/wp-json\/wp\/v2\/product_cat?post=83625"},{"taxonomy":"product_tag","embeddable":true,"href":"https:\/\/kooistra.com\/de\/wp-json\/wp\/v2\/product_tag?post=83625"}],"curies":[{"name":"wp","href":"https:\/\/api.w.org\/{rel}","templated":true}]}}