{"id":83859,"date":"2025-01-21T15:32:33","date_gmt":"2025-01-21T14:32:33","guid":{"rendered":"https:\/\/kooistra.com\/product\/blokker-kunstbloem-eucalyptus-80cm-groen\/"},"modified":"2026-04-23T08:47:13","modified_gmt":"2026-04-23T07:47:13","slug":"blokker-kunstliche-blume-eukalyptus-80cm-grun","status":"publish","type":"product","link":"https:\/\/kooistra.com\/de\/product\/blokker-kunstbloem-eucalyptus-80cm-groen\/","title":{"rendered":"Blokker Kunstblume Eukalyptus - 80cm - gr\u00fcn (reduziert bestellen)"},"content":{"rendered":"<p>Die Blokker Kunstblume Eukalyptus ist ein 80 cm langer, gr\u00fcner Kunstzweig f\u00fcr den Innenbereich. Wartungsfrei, langlebig und naturgetreu. Ideal f\u00fcr eine stilvolle Dekoration ohne Pflege. Bestellen Sie jetzt mit reduzierter Bestellmenge!<\/p>","protected":false},"excerpt":{"rendered":"<p>\u2022 L\u00e4nge: ca. 80 cm<br \/>\n\u2022 Material: Kunstseide\/Kunststoff<br \/>\n- Farbe: gr\u00fcn<br \/>\n\u2022 Gewicht: nicht spezifiziert<br \/>\n\u2022 Geeignet f\u00fcr die Innenanwendung<\/p>","protected":false},"featured_media":85363,"template":"","meta":[],"product_brand":[],"product_cat":[4311,4317],"product_tag":[],"class_list":{"0":"post-83859","1":"product","2":"type-product","3":"status-publish","4":"has-post-thumbnail","6":"product_cat-blokker","7":"product_cat-blokker-wonen","9":"first","10":"instock","11":"taxable","12":"shipping-taxable","13":"product-type-simple"},"yoast_head":"<!-- This site is optimized with the Yoast SEO plugin v27.4 - https:\/\/yoast.com\/product\/yoast-seo-wordpress\/ -->\n<title>Blokker kunstbloem Eucalyptus - 80cm - groen (verlaagde besteleenheid) - Kooistra.com - Opkoper en verkoper restpartijen<\/title>\n<meta name=\"robots\" content=\"index, follow, max-snippet:-1, max-image-preview:large, max-video-preview:-1\" \/>\n<link rel=\"canonical\" href=\"https:\/\/kooistra.com\/de\/produkt\/blokker-kunstliche-blume-eukalyptus-80cm-grun\/\" \/>\n<meta property=\"og:locale\" content=\"de_DE\" \/>\n<meta property=\"og:type\" content=\"article\" \/>\n<meta property=\"og:title\" content=\"Blokker kunstbloem Eucalyptus - 80cm - groen (verlaagde besteleenheid) - Kooistra.com - Opkoper en verkoper restpartijen\" \/>\n<meta property=\"og:description\" content=\"\u2022 Lengte: ca. 80 cm \u2022 Materiaal: kunstzijde\/kunststof \u2022 Kleur: groen \u2022 Gewicht: niet gespecificeerd \u2022 Geschikt voor binnengebruik\" \/>\n<meta property=\"og:url\" content=\"https:\/\/kooistra.com\/de\/produkt\/blokker-kunstliche-blume-eukalyptus-80cm-grun\/\" \/>\n<meta property=\"og:site_name\" content=\"Kooistra.com - Opkoper en verkoper restpartijen\" \/>\n<meta property=\"article:publisher\" content=\"https:\/\/www.facebook.com\/kooistracom\/?locale=nl_NL\" \/>\n<meta property=\"article:modified_time\" content=\"2026-04-23T07:47:13+00:00\" \/>\n<meta property=\"og:image\" content=\"https:\/\/kooistra.com\/wp-content\/uploads\/2025\/01\/8718827409952_0018687_01.jpeg\" \/>\n\t<meta property=\"og:image:width\" content=\"1500\" \/>\n\t<meta property=\"og:image:height\" content=\"1500\" \/>\n\t<meta property=\"og:image:type\" content=\"image\/jpeg\" \/>\n<meta name=\"twitter:card\" content=\"summary_large_image\" \/>\n<meta name=\"twitter:label1\" content=\"Gesch\u00e4tzte Lesezeit\" \/>\n\t<meta name=\"twitter:data1\" content=\"1\u00a0Minute\" \/>\n<script type=\"application\/ld+json\" class=\"yoast-schema-graph\">{\"@context\":\"https:\\\/\\\/schema.org\",\"@graph\":[{\"@type\":\"WebPage\",\"@id\":\"https:\\\/\\\/kooistra.com\\\/product\\\/blokker-kunstbloem-eucalyptus-80cm-groen\\\/\",\"url\":\"https:\\\/\\\/kooistra.com\\\/product\\\/blokker-kunstbloem-eucalyptus-80cm-groen\\\/\",\"name\":\"Blokker kunstbloem Eucalyptus - 80cm - groen (verlaagde besteleenheid) - Kooistra.com - Opkoper en verkoper restpartijen\",\"isPartOf\":{\"@id\":\"https:\\\/\\\/kooistra.com\\\/#website\"},\"primaryImageOfPage\":{\"@id\":\"https:\\\/\\\/kooistra.com\\\/product\\\/blokker-kunstbloem-eucalyptus-80cm-groen\\\/#primaryimage\"},\"image\":{\"@id\":\"https:\\\/\\\/kooistra.com\\\/product\\\/blokker-kunstbloem-eucalyptus-80cm-groen\\\/#primaryimage\"},\"thumbnailUrl\":\"https:\\\/\\\/kooistra.com\\\/wp-content\\\/uploads\\\/2025\\\/01\\\/8718827409952_0018687_01.jpeg\",\"datePublished\":\"2025-01-21T14:32:33+00:00\",\"dateModified\":\"2026-04-23T07:47:13+00:00\",\"breadcrumb\":{\"@id\":\"https:\\\/\\\/kooistra.com\\\/product\\\/blokker-kunstbloem-eucalyptus-80cm-groen\\\/#breadcrumb\"},\"inLanguage\":\"de\",\"potentialAction\":[{\"@type\":\"ReadAction\",\"target\":[\"https:\\\/\\\/kooistra.com\\\/product\\\/blokker-kunstbloem-eucalyptus-80cm-groen\\\/\"]}]},{\"@type\":\"ImageObject\",\"inLanguage\":\"de\",\"@id\":\"https:\\\/\\\/kooistra.com\\\/product\\\/blokker-kunstbloem-eucalyptus-80cm-groen\\\/#primaryimage\",\"url\":\"https:\\\/\\\/kooistra.com\\\/wp-content\\\/uploads\\\/2025\\\/01\\\/8718827409952_0018687_01.jpeg\",\"contentUrl\":\"https:\\\/\\\/kooistra.com\\\/wp-content\\\/uploads\\\/2025\\\/01\\\/8718827409952_0018687_01.jpeg\",\"width\":1500,\"height\":1500},{\"@type\":\"BreadcrumbList\",\"@id\":\"https:\\\/\\\/kooistra.com\\\/product\\\/blokker-kunstbloem-eucalyptus-80cm-groen\\\/#breadcrumb\",\"itemListElement\":[{\"@type\":\"ListItem\",\"position\":1,\"name\":\"Home\",\"item\":\"https:\\\/\\\/kooistra.com\\\/\"},{\"@type\":\"ListItem\",\"position\":2,\"name\":\"Webshop\",\"item\":\"https:\\\/\\\/kooistra.com\\\/webshop\\\/\"},{\"@type\":\"ListItem\",\"position\":3,\"name\":\"Blokker kunstbloem Eucalyptus &#8211; 80cm &#8211; groen (verlaagde besteleenheid)\"}]},{\"@type\":\"WebSite\",\"@id\":\"https:\\\/\\\/kooistra.com\\\/#website\",\"url\":\"https:\\\/\\\/kooistra.com\\\/\",\"name\":\"Kooistra.com Partijhandel Restpartijen\",\"description\":\"Wij kopen al uw voorraad. Partijen, retouren, restpartijen en andere voorraden.\",\"publisher\":{\"@id\":\"https:\\\/\\\/kooistra.com\\\/#organization\"},\"alternateName\":\"Opkoper en verkoper restpartijen\",\"potentialAction\":[{\"@type\":\"SearchAction\",\"target\":{\"@type\":\"EntryPoint\",\"urlTemplate\":\"https:\\\/\\\/kooistra.com\\\/?s={search_term_string}\"},\"query-input\":{\"@type\":\"PropertyValueSpecification\",\"valueRequired\":true,\"valueName\":\"search_term_string\"}}],\"inLanguage\":\"de\"},{\"@type\":\"Organization\",\"@id\":\"https:\\\/\\\/kooistra.com\\\/#organization\",\"name\":\"Kooistra.com BV\",\"alternateName\":\"Restpartij opkopers\",\"url\":\"https:\\\/\\\/kooistra.com\\\/\",\"logo\":{\"@type\":\"ImageObject\",\"inLanguage\":\"de\",\"@id\":\"https:\\\/\\\/kooistra.com\\\/#\\\/schema\\\/logo\\\/image\\\/\",\"url\":\"https:\\\/\\\/kooistra.com\\\/wp-content\\\/uploads\\\/2024\\\/11\\\/logo-Kooistra.com-nieuw-2024-kopie.png\",\"contentUrl\":\"https:\\\/\\\/kooistra.com\\\/wp-content\\\/uploads\\\/2024\\\/11\\\/logo-Kooistra.com-nieuw-2024-kopie.png\",\"width\":3000,\"height\":1240,\"caption\":\"Kooistra.com BV\"},\"image\":{\"@id\":\"https:\\\/\\\/kooistra.com\\\/#\\\/schema\\\/logo\\\/image\\\/\"},\"sameAs\":[\"https:\\\/\\\/www.facebook.com\\\/kooistracom\\\/?locale=nl_NL\",\"https:\\\/\\\/nl.linkedin.com\\\/company\\\/kooistra-com-b.v.\"]}]}<\/script>\n<!-- \/ Yoast SEO plugin. -->","yoast_head_json":{"title":"Blokker Kunstblume Eukalyptus - 80cm - Gr\u00fcn (reduzierte Bestellmenge) - Kooistra.com - Aufk\u00e4ufer und Verk\u00e4ufer von Restposten","robots":{"index":"index","follow":"follow","max-snippet":"max-snippet:-1","max-image-preview":"max-image-preview:large","max-video-preview":"max-video-preview:-1"},"canonical":"https:\/\/kooistra.com\/de\/produkt\/blokker-kunstliche-blume-eukalyptus-80cm-grun\/","og_locale":"de_DE","og_type":"article","og_title":"Blokker kunstbloem Eucalyptus - 80cm - groen (verlaagde besteleenheid) - Kooistra.com - Opkoper en verkoper restpartijen","og_description":"\u2022 Lengte: ca. 80 cm \u2022 Materiaal: kunstzijde\/kunststof \u2022 Kleur: groen \u2022 Gewicht: niet gespecificeerd \u2022 Geschikt voor binnengebruik","og_url":"https:\/\/kooistra.com\/de\/produkt\/blokker-kunstliche-blume-eukalyptus-80cm-grun\/","og_site_name":"Kooistra.com - Opkoper en verkoper restpartijen","article_publisher":"https:\/\/www.facebook.com\/kooistracom\/?locale=nl_NL","article_modified_time":"2026-04-23T07:47:13+00:00","og_image":[{"width":1500,"height":1500,"url":"https:\/\/kooistra.com\/wp-content\/uploads\/2025\/01\/8718827409952_0018687_01.jpeg","type":"image\/jpeg"}],"twitter_card":"summary_large_image","twitter_misc":{"Gesch\u00e4tzte Lesezeit":"1\u00a0Minute"},"schema":{"@context":"https:\/\/schema.org","@graph":[{"@type":"WebPage","@id":"https:\/\/kooistra.com\/product\/blokker-kunstbloem-eucalyptus-80cm-groen\/","url":"https:\/\/kooistra.com\/product\/blokker-kunstbloem-eucalyptus-80cm-groen\/","name":"Blokker Kunstblume Eukalyptus - 80cm - Gr\u00fcn (reduzierte Bestellmenge) - Kooistra.com - Aufk\u00e4ufer und Verk\u00e4ufer von Restposten","isPartOf":{"@id":"https:\/\/kooistra.com\/#website"},"primaryImageOfPage":{"@id":"https:\/\/kooistra.com\/product\/blokker-kunstbloem-eucalyptus-80cm-groen\/#primaryimage"},"image":{"@id":"https:\/\/kooistra.com\/product\/blokker-kunstbloem-eucalyptus-80cm-groen\/#primaryimage"},"thumbnailUrl":"https:\/\/kooistra.com\/wp-content\/uploads\/2025\/01\/8718827409952_0018687_01.jpeg","datePublished":"2025-01-21T14:32:33+00:00","dateModified":"2026-04-23T07:47:13+00:00","breadcrumb":{"@id":"https:\/\/kooistra.com\/product\/blokker-kunstbloem-eucalyptus-80cm-groen\/#breadcrumb"},"inLanguage":"de","potentialAction":[{"@type":"ReadAction","target":["https:\/\/kooistra.com\/product\/blokker-kunstbloem-eucalyptus-80cm-groen\/"]}]},{"@type":"ImageObject","inLanguage":"de","@id":"https:\/\/kooistra.com\/product\/blokker-kunstbloem-eucalyptus-80cm-groen\/#primaryimage","url":"https:\/\/kooistra.com\/wp-content\/uploads\/2025\/01\/8718827409952_0018687_01.jpeg","contentUrl":"https:\/\/kooistra.com\/wp-content\/uploads\/2025\/01\/8718827409952_0018687_01.jpeg","width":1500,"height":1500},{"@type":"BreadcrumbList","@id":"https:\/\/kooistra.com\/product\/blokker-kunstbloem-eucalyptus-80cm-groen\/#breadcrumb","itemListElement":[{"@type":"ListItem","position":1,"name":"Home","item":"https:\/\/kooistra.com\/"},{"@type":"ListItem","position":2,"name":"Webshop","item":"https:\/\/kooistra.com\/webshop\/"},{"@type":"ListItem","position":3,"name":"Blokker kunstbloem Eucalyptus &#8211; 80cm &#8211; groen (verlaagde besteleenheid)"}]},{"@type":"WebSite","@id":"https:\/\/kooistra.com\/#website","url":"https:\/\/kooistra.com\/","name":"Kooistra.com Partei Handel Reste","description":"Wir kaufen alle Ihre Best\u00e4nde. Chargen, Retouren, Restchargen und andere Best\u00e4nde.","publisher":{"@id":"https:\/\/kooistra.com\/#organization"},"alternateName":"Opkoper en verkoper restpartijen","potentialAction":[{"@type":"SearchAction","target":{"@type":"EntryPoint","urlTemplate":"https:\/\/kooistra.com\/?s={search_term_string}"},"query-input":{"@type":"PropertyValueSpecification","valueRequired":true,"valueName":"search_term_string"}}],"inLanguage":"de"},{"@type":"Organization","@id":"https:\/\/kooistra.com\/#organization","name":"Kooistra.com BV","alternateName":"Restpartij opkopers","url":"https:\/\/kooistra.com\/","logo":{"@type":"ImageObject","inLanguage":"de","@id":"https:\/\/kooistra.com\/#\/schema\/logo\/image\/","url":"https:\/\/kooistra.com\/wp-content\/uploads\/2024\/11\/logo-Kooistra.com-nieuw-2024-kopie.png","contentUrl":"https:\/\/kooistra.com\/wp-content\/uploads\/2024\/11\/logo-Kooistra.com-nieuw-2024-kopie.png","width":3000,"height":1240,"caption":"Kooistra.com BV"},"image":{"@id":"https:\/\/kooistra.com\/#\/schema\/logo\/image\/"},"sameAs":["https:\/\/www.facebook.com\/kooistracom\/?locale=nl_NL","https:\/\/nl.linkedin.com\/company\/kooistra-com-b.v."]}]}},"_links":{"self":[{"href":"https:\/\/kooistra.com\/de\/wp-json\/wp\/v2\/product\/83859","targetHints":{"allow":["GET"]}}],"collection":[{"href":"https:\/\/kooistra.com\/de\/wp-json\/wp\/v2\/product"}],"about":[{"href":"https:\/\/kooistra.com\/de\/wp-json\/wp\/v2\/types\/product"}],"wp:featuredmedia":[{"embeddable":true,"href":"https:\/\/kooistra.com\/de\/wp-json\/wp\/v2\/media\/85363"}],"wp:attachment":[{"href":"https:\/\/kooistra.com\/de\/wp-json\/wp\/v2\/media?parent=83859"}],"wp:term":[{"taxonomy":"product_brand","embeddable":true,"href":"https:\/\/kooistra.com\/de\/wp-json\/wp\/v2\/product_brand?post=83859"},{"taxonomy":"product_cat","embeddable":true,"href":"https:\/\/kooistra.com\/de\/wp-json\/wp\/v2\/product_cat?post=83859"},{"taxonomy":"product_tag","embeddable":true,"href":"https:\/\/kooistra.com\/de\/wp-json\/wp\/v2\/product_tag?post=83859"}],"curies":[{"name":"wp","href":"https:\/\/api.w.org\/{rel}","templated":true}]}}