{"id":83920,"date":"2026-04-22T15:41:49","date_gmt":"2026-04-22T14:41:49","guid":{"rendered":"https:\/\/kooistra.com\/product\/bamboe-kledingrek-574x864x1554cm-bamboe-katoen\/"},"modified":"2026-04-27T13:44:52","modified_gmt":"2026-04-27T12:44:52","slug":"bambus-kleiderstander-574x864x1554cm-bambus-baumwolle","status":"publish","type":"product","link":"https:\/\/kooistra.com\/de\/product\/bamboe-kledingrek-574x864x1554cm-bamboe-katoen\/","title":{"rendered":"Bambus Kleiderst\u00e4nder - 57.4\u00d786.4\u00d7155.4cm - Bambus\/Baumwolle"},"content":{"rendered":"<p>Diese <strong>Blokker Bambus Kleiderst\u00e4nder<\/strong> Kombiniert ein elegantes und nat\u00fcrliches Design mit einer \u00fcberraschend gro\u00dfen Kapazit\u00e4t. Der Rahmen ist aus langlebigem Bambus mit einer klaren, nat\u00fcrlichen Textur gefertigt. Dank der glatten Oberfl\u00e4che des Materials m\u00fcssen Sie keine Angst haben, dass Ihre Kleidung h\u00e4ngen bleibt. Dieses Regal ist eine stilvolle L\u00f6sung f\u00fcr das Schlafzimmer, den Flur, das Wohnzimmer oder das B\u00fcro.<\/p>\n<p>Zus\u00e4tzlich zu dem Aufh\u00e4ngeraum f\u00fcr Kleidungsst\u00fccke ist das Regal mit einem praktischen Ablagefach an der Unterseite ausgestattet, gefertigt aus einer Bambus-Baumwollmischung. Das Kleiderregal enth\u00e4lt keine sch\u00e4dlichen Substanzen, ist wasserdicht und sehr pflegeleicht; Abwischen mit einem weichen, feuchten Tuch reicht aus. Das Regal ist einfach zu montieren, sodass Sie Ihre Kleidungssammlung im Handumdrehen organisiert aufh\u00e4ngen k\u00f6nnen.<\/p>\n<h4>Wichtige Merkmale:<\/h4>\n<ul>\n<li><strong>Nachhaltiges Material<\/strong> Hergestellt aus hochwertigem Bambus und Baumwolle.<\/li>\n<li><strong>Elegantes Design<\/strong> Nat\u00fcrliche Ausstrahlung, die in jedes Interieur passt.<\/li>\n<li><strong>Wartungsfreundlich<\/strong> Wasserdicht und leicht zu reinigen.<\/li>\n<li><strong>Einfache Montage<\/strong> Schnell und ohne M\u00fche zusammenzubauen.<\/li>\n<\/ul>","protected":false},"excerpt":{"rendered":"<ul>\n<li><strong>Marke:<\/strong> Blokker<\/li>\n<li><strong>EAN:<\/strong> 8718827129423<\/li>\n<li><strong>Artikel Nummer:<\/strong> 0320111<\/li>\n<li><strong>Abmessungen (L\u00e4nge x Breite x H\u00f6he)<\/strong> 57,4 x 86,4 x 155,4 cm<\/li>\n<li><strong>Material:<\/strong> Bambus, Baumwolle<\/li>\n<li><strong>Farbe:<\/strong> Braun (Nat\u00fcrlicher Bambus)<\/li>\n<li><strong>Maximal belastbares Gewicht<\/strong> vier Kilogramm<\/li>\n<\/ul>","protected":false},"featured_media":91763,"template":"","meta":[],"product_brand":[],"product_cat":[4311,4323],"product_tag":[4507,4512,4522,4516,4476,4513,4515,4509,4525,4510,4508,4523,4524,4521,4517,4520,4518,4526,4511,4514,4519],"class_list":{"0":"post-83920","1":"product","2":"type-product","3":"status-publish","4":"has-post-thumbnail","6":"product_cat-blokker","7":"product_cat-blokker-opbergen-organiseren","8":"product_tag-bamboe-kledingrek","9":"product_tag-bamboo-garment-rack","10":"product_tag-bambus-kleiderstander","11":"product_tag-bedroom-organizer","12":"product_tag-blokker","13":"product_tag-clothes-rack","14":"product_tag-coat-rack","15":"product_tag-duurzaam-wonen","16":"product_tag-garderobenstander","17":"product_tag-kapstok","18":"product_tag-kledingrek","19":"product_tag-kleiderstange","20":"product_tag-nachhaltig-leben","21":"product_tag-organisateur-de-chambre","22":"product_tag-penderie-en-bambou","23":"product_tag-porte-manteau","24":"product_tag-porte-vetements","25":"product_tag-schlafzimmer-organizer","26":"product_tag-slaapkamer-organizer","27":"product_tag-sustainable-living","28":"product_tag-vie-durable","30":"first","31":"instock","32":"taxable","33":"shipping-taxable","34":"product-type-simple"},"yoast_head":"<!-- This site is optimized with the Yoast SEO plugin v27.4 - https:\/\/yoast.com\/product\/yoast-seo-wordpress\/ -->\n<title>Bamboe kledingrek \u2013 57,4x86,4x155,4cm \u2013 bamboe\/katoen - Kooistra.com - Opkoper en verkoper restpartijen<\/title>\n<meta name=\"robots\" content=\"index, follow, max-snippet:-1, max-image-preview:large, max-video-preview:-1\" \/>\n<link rel=\"canonical\" href=\"https:\/\/kooistra.com\/de\/produkt\/bambus-kleiderstander-574x864x1554cm-bambus-baumwolle\/\" \/>\n<meta property=\"og:locale\" content=\"de_DE\" \/>\n<meta property=\"og:type\" content=\"article\" \/>\n<meta property=\"og:title\" content=\"Bamboe kledingrek \u2013 57,4x86,4x155,4cm \u2013 bamboe\/katoen - Kooistra.com - Opkoper en verkoper restpartijen\" \/>\n<meta property=\"og:description\" content=\"Merk: Blokker  EAN: 8718827129423  Artikelnummer: 0320111  Afmetingen (LxBxH): 57,4 x 86,4 x 155,4 cm  Materiaal: Bamboe, Katoen  Kleur: Bruin (Natuurlijk bamboe)  Maximaal belastbaar gewicht: 4 kg\" \/>\n<meta property=\"og:url\" content=\"https:\/\/kooistra.com\/de\/produkt\/bambus-kleiderstander-574x864x1554cm-bambus-baumwolle\/\" \/>\n<meta property=\"og:site_name\" content=\"Kooistra.com - Opkoper en verkoper restpartijen\" \/>\n<meta property=\"article:publisher\" content=\"https:\/\/www.facebook.com\/kooistracom\/?locale=nl_NL\" \/>\n<meta property=\"article:modified_time\" content=\"2026-04-27T12:44:52+00:00\" \/>\n<meta property=\"og:image\" content=\"https:\/\/kooistra.com\/wp-content\/uploads\/2026\/04\/0320111_02.webp\" \/>\n\t<meta property=\"og:image:width\" content=\"2048\" \/>\n\t<meta property=\"og:image:height\" content=\"2048\" \/>\n\t<meta property=\"og:image:type\" content=\"image\/webp\" \/>\n<meta name=\"twitter:card\" content=\"summary_large_image\" \/>\n<meta name=\"twitter:label1\" content=\"Gesch\u00e4tzte Lesezeit\" \/>\n\t<meta name=\"twitter:data1\" content=\"1\u00a0Minute\" \/>\n<script type=\"application\/ld+json\" class=\"yoast-schema-graph\">{\"@context\":\"https:\\\/\\\/schema.org\",\"@graph\":[{\"@type\":\"WebPage\",\"@id\":\"https:\\\/\\\/kooistra.com\\\/product\\\/bamboe-kledingrek-574x864x1554cm-bamboe-katoen\\\/\",\"url\":\"https:\\\/\\\/kooistra.com\\\/product\\\/bamboe-kledingrek-574x864x1554cm-bamboe-katoen\\\/\",\"name\":\"Bamboe kledingrek \u2013 57,4x86,4x155,4cm \u2013 bamboe\\\/katoen - Kooistra.com - Opkoper en verkoper restpartijen\",\"isPartOf\":{\"@id\":\"https:\\\/\\\/kooistra.com\\\/#website\"},\"primaryImageOfPage\":{\"@id\":\"https:\\\/\\\/kooistra.com\\\/product\\\/bamboe-kledingrek-574x864x1554cm-bamboe-katoen\\\/#primaryimage\"},\"image\":{\"@id\":\"https:\\\/\\\/kooistra.com\\\/product\\\/bamboe-kledingrek-574x864x1554cm-bamboe-katoen\\\/#primaryimage\"},\"thumbnailUrl\":\"https:\\\/\\\/kooistra.com\\\/wp-content\\\/uploads\\\/2026\\\/04\\\/0320111_02.webp\",\"datePublished\":\"2026-04-22T14:41:49+00:00\",\"dateModified\":\"2026-04-27T12:44:52+00:00\",\"breadcrumb\":{\"@id\":\"https:\\\/\\\/kooistra.com\\\/product\\\/bamboe-kledingrek-574x864x1554cm-bamboe-katoen\\\/#breadcrumb\"},\"inLanguage\":\"de\",\"potentialAction\":[{\"@type\":\"ReadAction\",\"target\":[\"https:\\\/\\\/kooistra.com\\\/product\\\/bamboe-kledingrek-574x864x1554cm-bamboe-katoen\\\/\"]}]},{\"@type\":\"ImageObject\",\"inLanguage\":\"de\",\"@id\":\"https:\\\/\\\/kooistra.com\\\/product\\\/bamboe-kledingrek-574x864x1554cm-bamboe-katoen\\\/#primaryimage\",\"url\":\"https:\\\/\\\/kooistra.com\\\/wp-content\\\/uploads\\\/2026\\\/04\\\/0320111_02.webp\",\"contentUrl\":\"https:\\\/\\\/kooistra.com\\\/wp-content\\\/uploads\\\/2026\\\/04\\\/0320111_02.webp\",\"width\":2048,\"height\":2048},{\"@type\":\"BreadcrumbList\",\"@id\":\"https:\\\/\\\/kooistra.com\\\/product\\\/bamboe-kledingrek-574x864x1554cm-bamboe-katoen\\\/#breadcrumb\",\"itemListElement\":[{\"@type\":\"ListItem\",\"position\":1,\"name\":\"Home\",\"item\":\"https:\\\/\\\/kooistra.com\\\/\"},{\"@type\":\"ListItem\",\"position\":2,\"name\":\"Webshop\",\"item\":\"https:\\\/\\\/kooistra.com\\\/webshop\\\/\"},{\"@type\":\"ListItem\",\"position\":3,\"name\":\"Bamboe kledingrek \u2013 57,4&#215;86,4&#215;155,4cm \u2013 bamboe\\\/katoen\"}]},{\"@type\":\"WebSite\",\"@id\":\"https:\\\/\\\/kooistra.com\\\/#website\",\"url\":\"https:\\\/\\\/kooistra.com\\\/\",\"name\":\"Kooistra.com Partijhandel Restpartijen\",\"description\":\"Wij kopen al uw voorraad. Partijen, retouren, restpartijen en andere voorraden.\",\"publisher\":{\"@id\":\"https:\\\/\\\/kooistra.com\\\/#organization\"},\"alternateName\":\"Opkoper en verkoper restpartijen\",\"potentialAction\":[{\"@type\":\"SearchAction\",\"target\":{\"@type\":\"EntryPoint\",\"urlTemplate\":\"https:\\\/\\\/kooistra.com\\\/?s={search_term_string}\"},\"query-input\":{\"@type\":\"PropertyValueSpecification\",\"valueRequired\":true,\"valueName\":\"search_term_string\"}}],\"inLanguage\":\"de\"},{\"@type\":\"Organization\",\"@id\":\"https:\\\/\\\/kooistra.com\\\/#organization\",\"name\":\"Kooistra.com BV\",\"alternateName\":\"Restpartij opkopers\",\"url\":\"https:\\\/\\\/kooistra.com\\\/\",\"logo\":{\"@type\":\"ImageObject\",\"inLanguage\":\"de\",\"@id\":\"https:\\\/\\\/kooistra.com\\\/#\\\/schema\\\/logo\\\/image\\\/\",\"url\":\"https:\\\/\\\/kooistra.com\\\/wp-content\\\/uploads\\\/2024\\\/11\\\/logo-Kooistra.com-nieuw-2024-kopie.png\",\"contentUrl\":\"https:\\\/\\\/kooistra.com\\\/wp-content\\\/uploads\\\/2024\\\/11\\\/logo-Kooistra.com-nieuw-2024-kopie.png\",\"width\":3000,\"height\":1240,\"caption\":\"Kooistra.com BV\"},\"image\":{\"@id\":\"https:\\\/\\\/kooistra.com\\\/#\\\/schema\\\/logo\\\/image\\\/\"},\"sameAs\":[\"https:\\\/\\\/www.facebook.com\\\/kooistracom\\\/?locale=nl_NL\",\"https:\\\/\\\/nl.linkedin.com\\\/company\\\/kooistra-com-b.v.\"]}]}<\/script>\n<!-- \/ Yoast SEO plugin. -->","yoast_head_json":{"title":"Bambus Kleiderst\u00e4nder \u2013 57,4x86,4x155,4cm \u2013 Bambus\/Baumwolle - Kooistra.com - Aufk\u00e4ufer und Verk\u00e4ufer von Restposten","robots":{"index":"index","follow":"follow","max-snippet":"max-snippet:-1","max-image-preview":"max-image-preview:large","max-video-preview":"max-video-preview:-1"},"canonical":"https:\/\/kooistra.com\/de\/produkt\/bambus-kleiderstander-574x864x1554cm-bambus-baumwolle\/","og_locale":"de_DE","og_type":"article","og_title":"Bamboe kledingrek \u2013 57,4x86,4x155,4cm \u2013 bamboe\/katoen - Kooistra.com - Opkoper en verkoper restpartijen","og_description":"Merk: Blokker  EAN: 8718827129423  Artikelnummer: 0320111  Afmetingen (LxBxH): 57,4 x 86,4 x 155,4 cm  Materiaal: Bamboe, Katoen  Kleur: Bruin (Natuurlijk bamboe)  Maximaal belastbaar gewicht: 4 kg","og_url":"https:\/\/kooistra.com\/de\/produkt\/bambus-kleiderstander-574x864x1554cm-bambus-baumwolle\/","og_site_name":"Kooistra.com - Opkoper en verkoper restpartijen","article_publisher":"https:\/\/www.facebook.com\/kooistracom\/?locale=nl_NL","article_modified_time":"2026-04-27T12:44:52+00:00","og_image":[{"width":2048,"height":2048,"url":"https:\/\/kooistra.com\/wp-content\/uploads\/2026\/04\/0320111_02.webp","type":"image\/webp"}],"twitter_card":"summary_large_image","twitter_misc":{"Gesch\u00e4tzte Lesezeit":"1\u00a0Minute"},"schema":{"@context":"https:\/\/schema.org","@graph":[{"@type":"WebPage","@id":"https:\/\/kooistra.com\/product\/bamboe-kledingrek-574x864x1554cm-bamboe-katoen\/","url":"https:\/\/kooistra.com\/product\/bamboe-kledingrek-574x864x1554cm-bamboe-katoen\/","name":"Bambus Kleiderst\u00e4nder \u2013 57,4x86,4x155,4cm \u2013 Bambus\/Baumwolle - Kooistra.com - Aufk\u00e4ufer und Verk\u00e4ufer von Restposten","isPartOf":{"@id":"https:\/\/kooistra.com\/#website"},"primaryImageOfPage":{"@id":"https:\/\/kooistra.com\/product\/bamboe-kledingrek-574x864x1554cm-bamboe-katoen\/#primaryimage"},"image":{"@id":"https:\/\/kooistra.com\/product\/bamboe-kledingrek-574x864x1554cm-bamboe-katoen\/#primaryimage"},"thumbnailUrl":"https:\/\/kooistra.com\/wp-content\/uploads\/2026\/04\/0320111_02.webp","datePublished":"2026-04-22T14:41:49+00:00","dateModified":"2026-04-27T12:44:52+00:00","breadcrumb":{"@id":"https:\/\/kooistra.com\/product\/bamboe-kledingrek-574x864x1554cm-bamboe-katoen\/#breadcrumb"},"inLanguage":"de","potentialAction":[{"@type":"ReadAction","target":["https:\/\/kooistra.com\/product\/bamboe-kledingrek-574x864x1554cm-bamboe-katoen\/"]}]},{"@type":"ImageObject","inLanguage":"de","@id":"https:\/\/kooistra.com\/product\/bamboe-kledingrek-574x864x1554cm-bamboe-katoen\/#primaryimage","url":"https:\/\/kooistra.com\/wp-content\/uploads\/2026\/04\/0320111_02.webp","contentUrl":"https:\/\/kooistra.com\/wp-content\/uploads\/2026\/04\/0320111_02.webp","width":2048,"height":2048},{"@type":"BreadcrumbList","@id":"https:\/\/kooistra.com\/product\/bamboe-kledingrek-574x864x1554cm-bamboe-katoen\/#breadcrumb","itemListElement":[{"@type":"ListItem","position":1,"name":"Home","item":"https:\/\/kooistra.com\/"},{"@type":"ListItem","position":2,"name":"Webshop","item":"https:\/\/kooistra.com\/webshop\/"},{"@type":"ListItem","position":3,"name":"Bamboe kledingrek \u2013 57,4&#215;86,4&#215;155,4cm \u2013 bamboe\/katoen"}]},{"@type":"WebSite","@id":"https:\/\/kooistra.com\/#website","url":"https:\/\/kooistra.com\/","name":"Kooistra.com Partei Handel Reste","description":"Wir kaufen alle Ihre Best\u00e4nde. Chargen, Retouren, Restchargen und andere Best\u00e4nde.","publisher":{"@id":"https:\/\/kooistra.com\/#organization"},"alternateName":"Opkoper en verkoper restpartijen","potentialAction":[{"@type":"SearchAction","target":{"@type":"EntryPoint","urlTemplate":"https:\/\/kooistra.com\/?s={search_term_string}"},"query-input":{"@type":"PropertyValueSpecification","valueRequired":true,"valueName":"search_term_string"}}],"inLanguage":"de"},{"@type":"Organization","@id":"https:\/\/kooistra.com\/#organization","name":"Kooistra.com BV","alternateName":"Restpartij opkopers","url":"https:\/\/kooistra.com\/","logo":{"@type":"ImageObject","inLanguage":"de","@id":"https:\/\/kooistra.com\/#\/schema\/logo\/image\/","url":"https:\/\/kooistra.com\/wp-content\/uploads\/2024\/11\/logo-Kooistra.com-nieuw-2024-kopie.png","contentUrl":"https:\/\/kooistra.com\/wp-content\/uploads\/2024\/11\/logo-Kooistra.com-nieuw-2024-kopie.png","width":3000,"height":1240,"caption":"Kooistra.com BV"},"image":{"@id":"https:\/\/kooistra.com\/#\/schema\/logo\/image\/"},"sameAs":["https:\/\/www.facebook.com\/kooistracom\/?locale=nl_NL","https:\/\/nl.linkedin.com\/company\/kooistra-com-b.v."]}]}},"_links":{"self":[{"href":"https:\/\/kooistra.com\/de\/wp-json\/wp\/v2\/product\/83920","targetHints":{"allow":["GET"]}}],"collection":[{"href":"https:\/\/kooistra.com\/de\/wp-json\/wp\/v2\/product"}],"about":[{"href":"https:\/\/kooistra.com\/de\/wp-json\/wp\/v2\/types\/product"}],"wp:featuredmedia":[{"embeddable":true,"href":"https:\/\/kooistra.com\/de\/wp-json\/wp\/v2\/media\/91763"}],"wp:attachment":[{"href":"https:\/\/kooistra.com\/de\/wp-json\/wp\/v2\/media?parent=83920"}],"wp:term":[{"taxonomy":"product_brand","embeddable":true,"href":"https:\/\/kooistra.com\/de\/wp-json\/wp\/v2\/product_brand?post=83920"},{"taxonomy":"product_cat","embeddable":true,"href":"https:\/\/kooistra.com\/de\/wp-json\/wp\/v2\/product_cat?post=83920"},{"taxonomy":"product_tag","embeddable":true,"href":"https:\/\/kooistra.com\/de\/wp-json\/wp\/v2\/product_tag?post=83920"}],"curies":[{"name":"wp","href":"https:\/\/api.w.org\/{rel}","templated":true}]}}