{"id":84534,"date":"2025-02-25T12:08:24","date_gmt":"2025-02-25T11:08:24","guid":{"rendered":"https:\/\/kooistra.com\/?post_type=product&#038;p=84534"},"modified":"2026-04-02T09:01:36","modified_gmt":"2026-04-02T08:01:36","slug":"gietijzeren-braadpan-43l-taupe","status":"publish","type":"product","link":"https:\/\/kooistra.com\/de\/product\/gietijzeren-braadpan-43l-taupe\/","title":{"rendered":"Gusseiserne Kasserolle 4.3L - Taupe (unverbindlicher Preis: \u20ac99.95)"},"content":{"rendered":"<p>Bringen Sie Eleganz und Funktionalit\u00e4t in Ihre K\u00fcche mit unserer 4,3-Liter-Kasserolle aus Gusseisen in elegantem Taupe. Diese zeitlose Kasserolle aus robustem Gusseisen bietet eine optimale W\u00e4rmeverteilung und -speicherung und eignet sich daher perfekt zum Braten, Schmoren und K\u00f6cheln. Das taupefarbene \u00c4u\u00dfere verleiht Ihrer K\u00fcche einen Hauch von Raffinesse und macht die Pfanne zu einem attraktiven Prunkst\u00fcck auf dem Herd. Diese Kasserolle eignet sich f\u00fcr verschiedene Herdarten, von Gas bis Induktion, und ist daher in der K\u00fcche vielseitig einsetzbar. Entscheiden Sie sich f\u00fcr Stil und Leistung mit unserer Gusseisen-Kasserolle in Taupe - ein unverzichtbares Element f\u00fcr k\u00f6stliche und sch\u00f6n pr\u00e4sentierte Gerichte.<\/p>","protected":false},"excerpt":{"rendered":"<ul>\n<li>Materiaal: Gietijzer<\/li>\n<li>Kleur: Taupe<\/li>\n<li>Geschikt voor gas, keramische en inductie kookplaat<\/li>\n<\/ul>","protected":false},"featured_media":84566,"template":"","meta":[],"product_brand":[],"product_cat":[4311,4331],"product_tag":[],"class_list":{"0":"post-84534","1":"product","2":"type-product","3":"status-publish","4":"has-post-thumbnail","6":"product_cat-blokker","7":"product_cat-gietijzeren-pannen","9":"first","10":"instock","11":"taxable","12":"shipping-taxable","13":"product-type-simple"},"yoast_head":"<!-- This site is optimized with the Yoast SEO plugin v27.4 - https:\/\/yoast.com\/product\/yoast-seo-wordpress\/ -->\n<title>Gietijzeren Braadpan 4,3L - Taupe (retailprijs: \u20ac99,95) - Kooistra.com - Opkoper en verkoper restpartijen<\/title>\n<meta name=\"robots\" content=\"index, follow, max-snippet:-1, max-image-preview:large, max-video-preview:-1\" \/>\n<link rel=\"canonical\" href=\"https:\/\/kooistra.com\/de\/produkt\/gietijzeren-braadpan-43l-taupe\/\" \/>\n<meta property=\"og:locale\" content=\"de_DE\" \/>\n<meta property=\"og:type\" content=\"article\" \/>\n<meta property=\"og:title\" content=\"Gietijzeren Braadpan 4,3L - Taupe (retailprijs: \u20ac99,95) - Kooistra.com - Opkoper en verkoper restpartijen\" \/>\n<meta property=\"og:description\" content=\"Materiaal: Gietijzer  Kleur: Taupe  Geschikt voor gas, keramische en inductie kookplaat\" \/>\n<meta property=\"og:url\" content=\"https:\/\/kooistra.com\/de\/produkt\/gietijzeren-braadpan-43l-taupe\/\" \/>\n<meta property=\"og:site_name\" content=\"Kooistra.com - Opkoper en verkoper restpartijen\" \/>\n<meta property=\"article:publisher\" content=\"https:\/\/www.facebook.com\/kooistracom\/?locale=nl_NL\" \/>\n<meta property=\"article:modified_time\" content=\"2026-04-02T08:01:36+00:00\" \/>\n<meta property=\"og:image\" content=\"https:\/\/kooistra.com\/wp-content\/uploads\/2025\/01\/6097115065097_01.jpg\" \/>\n\t<meta property=\"og:image:width\" content=\"1000\" \/>\n\t<meta property=\"og:image:height\" content=\"1000\" \/>\n\t<meta property=\"og:image:type\" content=\"image\/jpeg\" \/>\n<meta name=\"twitter:card\" content=\"summary_large_image\" \/>\n<meta name=\"twitter:label1\" content=\"Gesch\u00e4tzte Lesezeit\" \/>\n\t<meta name=\"twitter:data1\" content=\"1\u00a0Minute\" \/>\n<script type=\"application\/ld+json\" class=\"yoast-schema-graph\">{\"@context\":\"https:\\\/\\\/schema.org\",\"@graph\":[{\"@type\":\"WebPage\",\"@id\":\"https:\\\/\\\/kooistra.com\\\/product\\\/gietijzeren-braadpan-43l-taupe\\\/\",\"url\":\"https:\\\/\\\/kooistra.com\\\/product\\\/gietijzeren-braadpan-43l-taupe\\\/\",\"name\":\"Gietijzeren Braadpan 4,3L - Taupe (retailprijs: \u20ac99,95) - Kooistra.com - Opkoper en verkoper restpartijen\",\"isPartOf\":{\"@id\":\"https:\\\/\\\/kooistra.com\\\/#website\"},\"primaryImageOfPage\":{\"@id\":\"https:\\\/\\\/kooistra.com\\\/product\\\/gietijzeren-braadpan-43l-taupe\\\/#primaryimage\"},\"image\":{\"@id\":\"https:\\\/\\\/kooistra.com\\\/product\\\/gietijzeren-braadpan-43l-taupe\\\/#primaryimage\"},\"thumbnailUrl\":\"https:\\\/\\\/kooistra.com\\\/wp-content\\\/uploads\\\/2025\\\/01\\\/6097115065097_01.jpg\",\"datePublished\":\"2025-02-25T11:08:24+00:00\",\"dateModified\":\"2026-04-02T08:01:36+00:00\",\"breadcrumb\":{\"@id\":\"https:\\\/\\\/kooistra.com\\\/product\\\/gietijzeren-braadpan-43l-taupe\\\/#breadcrumb\"},\"inLanguage\":\"de\",\"potentialAction\":[{\"@type\":\"ReadAction\",\"target\":[\"https:\\\/\\\/kooistra.com\\\/product\\\/gietijzeren-braadpan-43l-taupe\\\/\"]}]},{\"@type\":\"ImageObject\",\"inLanguage\":\"de\",\"@id\":\"https:\\\/\\\/kooistra.com\\\/product\\\/gietijzeren-braadpan-43l-taupe\\\/#primaryimage\",\"url\":\"https:\\\/\\\/kooistra.com\\\/wp-content\\\/uploads\\\/2025\\\/01\\\/6097115065097_01.jpg\",\"contentUrl\":\"https:\\\/\\\/kooistra.com\\\/wp-content\\\/uploads\\\/2025\\\/01\\\/6097115065097_01.jpg\",\"width\":1000,\"height\":1000},{\"@type\":\"BreadcrumbList\",\"@id\":\"https:\\\/\\\/kooistra.com\\\/product\\\/gietijzeren-braadpan-43l-taupe\\\/#breadcrumb\",\"itemListElement\":[{\"@type\":\"ListItem\",\"position\":1,\"name\":\"Home\",\"item\":\"https:\\\/\\\/kooistra.com\\\/\"},{\"@type\":\"ListItem\",\"position\":2,\"name\":\"Webshop\",\"item\":\"https:\\\/\\\/kooistra.com\\\/webshop\\\/\"},{\"@type\":\"ListItem\",\"position\":3,\"name\":\"Gietijzeren Braadpan 4,3L &#8211; Taupe (retailprijs: \u20ac99,95)\"}]},{\"@type\":\"WebSite\",\"@id\":\"https:\\\/\\\/kooistra.com\\\/#website\",\"url\":\"https:\\\/\\\/kooistra.com\\\/\",\"name\":\"Kooistra.com Partijhandel Restpartijen\",\"description\":\"Wij kopen al uw voorraad. Partijen, retouren, restpartijen en andere voorraden.\",\"publisher\":{\"@id\":\"https:\\\/\\\/kooistra.com\\\/#organization\"},\"alternateName\":\"Opkoper en verkoper restpartijen\",\"potentialAction\":[{\"@type\":\"SearchAction\",\"target\":{\"@type\":\"EntryPoint\",\"urlTemplate\":\"https:\\\/\\\/kooistra.com\\\/?s={search_term_string}\"},\"query-input\":{\"@type\":\"PropertyValueSpecification\",\"valueRequired\":true,\"valueName\":\"search_term_string\"}}],\"inLanguage\":\"de\"},{\"@type\":\"Organization\",\"@id\":\"https:\\\/\\\/kooistra.com\\\/#organization\",\"name\":\"Kooistra.com BV\",\"alternateName\":\"Restpartij opkopers\",\"url\":\"https:\\\/\\\/kooistra.com\\\/\",\"logo\":{\"@type\":\"ImageObject\",\"inLanguage\":\"de\",\"@id\":\"https:\\\/\\\/kooistra.com\\\/#\\\/schema\\\/logo\\\/image\\\/\",\"url\":\"https:\\\/\\\/kooistra.com\\\/wp-content\\\/uploads\\\/2024\\\/11\\\/logo-Kooistra.com-nieuw-2024-kopie.png\",\"contentUrl\":\"https:\\\/\\\/kooistra.com\\\/wp-content\\\/uploads\\\/2024\\\/11\\\/logo-Kooistra.com-nieuw-2024-kopie.png\",\"width\":3000,\"height\":1240,\"caption\":\"Kooistra.com BV\"},\"image\":{\"@id\":\"https:\\\/\\\/kooistra.com\\\/#\\\/schema\\\/logo\\\/image\\\/\"},\"sameAs\":[\"https:\\\/\\\/www.facebook.com\\\/kooistracom\\\/?locale=nl_NL\",\"https:\\\/\\\/nl.linkedin.com\\\/company\\\/kooistra-com-b.v.\"]}]}<\/script>\n<!-- \/ Yoast SEO plugin. -->","yoast_head_json":{"title":"Gietijzeren Braadpan 4,3L - Taupe (retailprijs: \u20ac99,95) - Kooistra.com - Opkoper en verkoper restpartijen","robots":{"index":"index","follow":"follow","max-snippet":"max-snippet:-1","max-image-preview":"max-image-preview:large","max-video-preview":"max-video-preview:-1"},"canonical":"https:\/\/kooistra.com\/de\/produkt\/gietijzeren-braadpan-43l-taupe\/","og_locale":"de_DE","og_type":"article","og_title":"Gietijzeren Braadpan 4,3L - Taupe (retailprijs: \u20ac99,95) - Kooistra.com - Opkoper en verkoper restpartijen","og_description":"Materiaal: Gietijzer  Kleur: Taupe  Geschikt voor gas, keramische en inductie kookplaat","og_url":"https:\/\/kooistra.com\/de\/produkt\/gietijzeren-braadpan-43l-taupe\/","og_site_name":"Kooistra.com - Opkoper en verkoper restpartijen","article_publisher":"https:\/\/www.facebook.com\/kooistracom\/?locale=nl_NL","article_modified_time":"2026-04-02T08:01:36+00:00","og_image":[{"width":1000,"height":1000,"url":"https:\/\/kooistra.com\/wp-content\/uploads\/2025\/01\/6097115065097_01.jpg","type":"image\/jpeg"}],"twitter_card":"summary_large_image","twitter_misc":{"Gesch\u00e4tzte Lesezeit":"1\u00a0Minute"},"schema":{"@context":"https:\/\/schema.org","@graph":[{"@type":"WebPage","@id":"https:\/\/kooistra.com\/product\/gietijzeren-braadpan-43l-taupe\/","url":"https:\/\/kooistra.com\/product\/gietijzeren-braadpan-43l-taupe\/","name":"Gietijzeren Braadpan 4,3L - Taupe (retailprijs: \u20ac99,95) - Kooistra.com - Opkoper en verkoper restpartijen","isPartOf":{"@id":"https:\/\/kooistra.com\/#website"},"primaryImageOfPage":{"@id":"https:\/\/kooistra.com\/product\/gietijzeren-braadpan-43l-taupe\/#primaryimage"},"image":{"@id":"https:\/\/kooistra.com\/product\/gietijzeren-braadpan-43l-taupe\/#primaryimage"},"thumbnailUrl":"https:\/\/kooistra.com\/wp-content\/uploads\/2025\/01\/6097115065097_01.jpg","datePublished":"2025-02-25T11:08:24+00:00","dateModified":"2026-04-02T08:01:36+00:00","breadcrumb":{"@id":"https:\/\/kooistra.com\/product\/gietijzeren-braadpan-43l-taupe\/#breadcrumb"},"inLanguage":"de","potentialAction":[{"@type":"ReadAction","target":["https:\/\/kooistra.com\/product\/gietijzeren-braadpan-43l-taupe\/"]}]},{"@type":"ImageObject","inLanguage":"de","@id":"https:\/\/kooistra.com\/product\/gietijzeren-braadpan-43l-taupe\/#primaryimage","url":"https:\/\/kooistra.com\/wp-content\/uploads\/2025\/01\/6097115065097_01.jpg","contentUrl":"https:\/\/kooistra.com\/wp-content\/uploads\/2025\/01\/6097115065097_01.jpg","width":1000,"height":1000},{"@type":"BreadcrumbList","@id":"https:\/\/kooistra.com\/product\/gietijzeren-braadpan-43l-taupe\/#breadcrumb","itemListElement":[{"@type":"ListItem","position":1,"name":"Home","item":"https:\/\/kooistra.com\/"},{"@type":"ListItem","position":2,"name":"Webshop","item":"https:\/\/kooistra.com\/webshop\/"},{"@type":"ListItem","position":3,"name":"Gietijzeren Braadpan 4,3L &#8211; Taupe (retailprijs: \u20ac99,95)"}]},{"@type":"WebSite","@id":"https:\/\/kooistra.com\/#website","url":"https:\/\/kooistra.com\/","name":"Kooistra.com Partei Handel Reste","description":"Wir kaufen alle Ihre Best\u00e4nde. Chargen, Retouren, Restchargen und andere Best\u00e4nde.","publisher":{"@id":"https:\/\/kooistra.com\/#organization"},"alternateName":"Opkoper en verkoper restpartijen","potentialAction":[{"@type":"SearchAction","target":{"@type":"EntryPoint","urlTemplate":"https:\/\/kooistra.com\/?s={search_term_string}"},"query-input":{"@type":"PropertyValueSpecification","valueRequired":true,"valueName":"search_term_string"}}],"inLanguage":"de"},{"@type":"Organization","@id":"https:\/\/kooistra.com\/#organization","name":"Kooistra.com BV","alternateName":"Restpartij opkopers","url":"https:\/\/kooistra.com\/","logo":{"@type":"ImageObject","inLanguage":"de","@id":"https:\/\/kooistra.com\/#\/schema\/logo\/image\/","url":"https:\/\/kooistra.com\/wp-content\/uploads\/2024\/11\/logo-Kooistra.com-nieuw-2024-kopie.png","contentUrl":"https:\/\/kooistra.com\/wp-content\/uploads\/2024\/11\/logo-Kooistra.com-nieuw-2024-kopie.png","width":3000,"height":1240,"caption":"Kooistra.com BV"},"image":{"@id":"https:\/\/kooistra.com\/#\/schema\/logo\/image\/"},"sameAs":["https:\/\/www.facebook.com\/kooistracom\/?locale=nl_NL","https:\/\/nl.linkedin.com\/company\/kooistra-com-b.v."]}]}},"_links":{"self":[{"href":"https:\/\/kooistra.com\/de\/wp-json\/wp\/v2\/product\/84534","targetHints":{"allow":["GET"]}}],"collection":[{"href":"https:\/\/kooistra.com\/de\/wp-json\/wp\/v2\/product"}],"about":[{"href":"https:\/\/kooistra.com\/de\/wp-json\/wp\/v2\/types\/product"}],"wp:featuredmedia":[{"embeddable":true,"href":"https:\/\/kooistra.com\/de\/wp-json\/wp\/v2\/media\/84566"}],"wp:attachment":[{"href":"https:\/\/kooistra.com\/de\/wp-json\/wp\/v2\/media?parent=84534"}],"wp:term":[{"taxonomy":"product_brand","embeddable":true,"href":"https:\/\/kooistra.com\/de\/wp-json\/wp\/v2\/product_brand?post=84534"},{"taxonomy":"product_cat","embeddable":true,"href":"https:\/\/kooistra.com\/de\/wp-json\/wp\/v2\/product_cat?post=84534"},{"taxonomy":"product_tag","embeddable":true,"href":"https:\/\/kooistra.com\/de\/wp-json\/wp\/v2\/product_tag?post=84534"}],"curies":[{"name":"wp","href":"https:\/\/api.w.org\/{rel}","templated":true}]}}