{"id":85983,"date":"2025-04-29T08:43:54","date_gmt":"2025-04-29T07:43:54","guid":{"rendered":"https:\/\/kooistra.com\/product\/gusta-tea-towel-potholder-pancake-50x70cm-o-20cm\/"},"modified":"2026-04-24T09:45:18","modified_gmt":"2026-04-24T08:45:18","slug":"gusta-geschirrtuch-topflappen-pfannkuchen-50x70cm-o-20cm","status":"publish","type":"product","link":"https:\/\/kooistra.com\/de\/product\/gusta-tea-towel-potholder-pancake-50x70cm-o-20cm\/","title":{"rendered":"Gusta - Geschirrtuch &amp; Topflappen 'Pfannkuchen' - 50x70cm &amp; \u00d8 20cm"},"content":{"rendered":"<p>K\u00fcchenset f\u00fcr den echten Pfannkuchenb\u00e4cker<br \/>\n- Besteht aus einem Geschirrtuch und einem Topflappen<br \/>\n- Mit lustigem Aufdruck<br \/>\n- Hergestellt aus Baumwolle<\/p>\n<p>Das ideale Geschenk f\u00fcr die Pfannkuchenb\u00e4cker unter uns. Dieses lustige Set besteht aus einem Geschirrtuch und einem Pfannkuchendeckel. Auf dem Geschirrtuch finden Sie das Rezept f\u00fcr die leckersten Pfannkuchen und der Topflappen hat die Form und das Aussehen eines Pfannkuchens. Eine gem\u00fctliche und fr\u00f6hliche Erg\u00e4nzung f\u00fcr jeden Heimb\u00e4cker!<\/p>\n<p>Das Set ist aus Baumwolle gefertigt und wird h\u00fcbsch verpackt geliefert. Das Geschirrtuch ist 50 x 70 cm gro\u00df und der Topflappen hat einen Durchmesser von 20 cm. Bei bis zu 30 Grad waschbar.<\/p>","protected":false},"excerpt":{"rendered":"<ul>\n<li>Marke: Gusta<\/li>\n<li>2-teiliges Set<\/li>\n<li>Abmessungen: 50x70cm &amp; \u00d8 20cm<\/li>\n<li>Material: Baumwolle<\/li>\n<\/ul>","protected":false},"featured_media":85971,"template":"","meta":[],"product_brand":[],"product_cat":[4406,340],"product_tag":[],"class_list":{"0":"post-85983","1":"product","2":"type-product","3":"status-publish","4":"has-post-thumbnail","6":"product_cat-gusta","7":"product_cat-keuken-koken","9":"first","10":"instock","11":"taxable","12":"shipping-taxable","13":"product-type-simple"},"yoast_head":"<!-- This site is optimized with the Yoast SEO plugin v27.4 - https:\/\/yoast.com\/product\/yoast-seo-wordpress\/ -->\n<title>Gusta - Theedoek &amp; pannelap &#039;Pannenkoek&#039; - 50x70cm &amp; \u00d8 20cm - Kooistra.com - Opkoper en verkoper restpartijen<\/title>\n<meta name=\"robots\" content=\"index, follow, max-snippet:-1, max-image-preview:large, max-video-preview:-1\" \/>\n<link rel=\"canonical\" href=\"https:\/\/kooistra.com\/de\/produkt\/gusta-geschirrtuch-topflappen-pfannkuchen-50x70cm-o-20cm\/\" \/>\n<meta property=\"og:locale\" content=\"de_DE\" \/>\n<meta property=\"og:type\" content=\"article\" \/>\n<meta property=\"og:title\" content=\"Gusta - Theedoek &amp; pannelap &#039;Pannenkoek&#039; - 50x70cm &amp; \u00d8 20cm - Kooistra.com - Opkoper en verkoper restpartijen\" \/>\n<meta property=\"og:description\" content=\"Merk: Gusta  2-delige set  Afmetingen: 50x70cm &amp; \u00d8 20cm  Materiaal: katoen\" \/>\n<meta property=\"og:url\" content=\"https:\/\/kooistra.com\/de\/produkt\/gusta-geschirrtuch-topflappen-pfannkuchen-50x70cm-o-20cm\/\" \/>\n<meta property=\"og:site_name\" content=\"Kooistra.com - Opkoper en verkoper restpartijen\" \/>\n<meta property=\"article:publisher\" content=\"https:\/\/www.facebook.com\/kooistracom\/?locale=nl_NL\" \/>\n<meta property=\"article:modified_time\" content=\"2026-04-24T08:45:18+00:00\" \/>\n<meta property=\"og:image\" content=\"https:\/\/kooistra.com\/wp-content\/uploads\/2025\/04\/8712628324513_01.jpeg\" \/>\n\t<meta property=\"og:image:width\" content=\"1000\" \/>\n\t<meta property=\"og:image:height\" content=\"1000\" \/>\n\t<meta property=\"og:image:type\" content=\"image\/jpeg\" \/>\n<meta name=\"twitter:card\" content=\"summary_large_image\" \/>\n<meta name=\"twitter:label1\" content=\"Gesch\u00e4tzte Lesezeit\" \/>\n\t<meta name=\"twitter:data1\" content=\"1\u00a0Minute\" \/>\n<script type=\"application\/ld+json\" class=\"yoast-schema-graph\">{\"@context\":\"https:\\\/\\\/schema.org\",\"@graph\":[{\"@type\":\"WebPage\",\"@id\":\"https:\\\/\\\/kooistra.com\\\/product\\\/gusta-tea-towel-potholder-pancake-50x70cm-o-20cm\\\/\",\"url\":\"https:\\\/\\\/kooistra.com\\\/product\\\/gusta-tea-towel-potholder-pancake-50x70cm-o-20cm\\\/\",\"name\":\"Gusta - Theedoek & pannelap 'Pannenkoek' - 50x70cm & \u00d8 20cm - Kooistra.com - Opkoper en verkoper restpartijen\",\"isPartOf\":{\"@id\":\"https:\\\/\\\/kooistra.com\\\/#website\"},\"primaryImageOfPage\":{\"@id\":\"https:\\\/\\\/kooistra.com\\\/product\\\/gusta-tea-towel-potholder-pancake-50x70cm-o-20cm\\\/#primaryimage\"},\"image\":{\"@id\":\"https:\\\/\\\/kooistra.com\\\/product\\\/gusta-tea-towel-potholder-pancake-50x70cm-o-20cm\\\/#primaryimage\"},\"thumbnailUrl\":\"https:\\\/\\\/kooistra.com\\\/wp-content\\\/uploads\\\/2025\\\/04\\\/8712628324513_01.jpeg\",\"datePublished\":\"2025-04-29T07:43:54+00:00\",\"dateModified\":\"2026-04-24T08:45:18+00:00\",\"breadcrumb\":{\"@id\":\"https:\\\/\\\/kooistra.com\\\/product\\\/gusta-tea-towel-potholder-pancake-50x70cm-o-20cm\\\/#breadcrumb\"},\"inLanguage\":\"de\",\"potentialAction\":[{\"@type\":\"ReadAction\",\"target\":[\"https:\\\/\\\/kooistra.com\\\/product\\\/gusta-tea-towel-potholder-pancake-50x70cm-o-20cm\\\/\"]}]},{\"@type\":\"ImageObject\",\"inLanguage\":\"de\",\"@id\":\"https:\\\/\\\/kooistra.com\\\/product\\\/gusta-tea-towel-potholder-pancake-50x70cm-o-20cm\\\/#primaryimage\",\"url\":\"https:\\\/\\\/kooistra.com\\\/wp-content\\\/uploads\\\/2025\\\/04\\\/8712628324513_01.jpeg\",\"contentUrl\":\"https:\\\/\\\/kooistra.com\\\/wp-content\\\/uploads\\\/2025\\\/04\\\/8712628324513_01.jpeg\",\"width\":1000,\"height\":1000},{\"@type\":\"BreadcrumbList\",\"@id\":\"https:\\\/\\\/kooistra.com\\\/product\\\/gusta-tea-towel-potholder-pancake-50x70cm-o-20cm\\\/#breadcrumb\",\"itemListElement\":[{\"@type\":\"ListItem\",\"position\":1,\"name\":\"Home\",\"item\":\"https:\\\/\\\/kooistra.com\\\/\"},{\"@type\":\"ListItem\",\"position\":2,\"name\":\"Webshop\",\"item\":\"https:\\\/\\\/kooistra.com\\\/webshop\\\/\"},{\"@type\":\"ListItem\",\"position\":3,\"name\":\"Gusta &#8211; Theedoek &#038; pannelap &#8216;Pannenkoek&#8217; &#8211; 50x70cm &#038; \u00d8 20cm\"}]},{\"@type\":\"WebSite\",\"@id\":\"https:\\\/\\\/kooistra.com\\\/#website\",\"url\":\"https:\\\/\\\/kooistra.com\\\/\",\"name\":\"Kooistra.com Partijhandel Restpartijen\",\"description\":\"Wij kopen al uw voorraad. Partijen, retouren, restpartijen en andere voorraden.\",\"publisher\":{\"@id\":\"https:\\\/\\\/kooistra.com\\\/#organization\"},\"alternateName\":\"Opkoper en verkoper restpartijen\",\"potentialAction\":[{\"@type\":\"SearchAction\",\"target\":{\"@type\":\"EntryPoint\",\"urlTemplate\":\"https:\\\/\\\/kooistra.com\\\/?s={search_term_string}\"},\"query-input\":{\"@type\":\"PropertyValueSpecification\",\"valueRequired\":true,\"valueName\":\"search_term_string\"}}],\"inLanguage\":\"de\"},{\"@type\":\"Organization\",\"@id\":\"https:\\\/\\\/kooistra.com\\\/#organization\",\"name\":\"Kooistra.com BV\",\"alternateName\":\"Restpartij opkopers\",\"url\":\"https:\\\/\\\/kooistra.com\\\/\",\"logo\":{\"@type\":\"ImageObject\",\"inLanguage\":\"de\",\"@id\":\"https:\\\/\\\/kooistra.com\\\/#\\\/schema\\\/logo\\\/image\\\/\",\"url\":\"https:\\\/\\\/kooistra.com\\\/wp-content\\\/uploads\\\/2024\\\/11\\\/logo-Kooistra.com-nieuw-2024-kopie.png\",\"contentUrl\":\"https:\\\/\\\/kooistra.com\\\/wp-content\\\/uploads\\\/2024\\\/11\\\/logo-Kooistra.com-nieuw-2024-kopie.png\",\"width\":3000,\"height\":1240,\"caption\":\"Kooistra.com BV\"},\"image\":{\"@id\":\"https:\\\/\\\/kooistra.com\\\/#\\\/schema\\\/logo\\\/image\\\/\"},\"sameAs\":[\"https:\\\/\\\/www.facebook.com\\\/kooistracom\\\/?locale=nl_NL\",\"https:\\\/\\\/nl.linkedin.com\\\/company\\\/kooistra-com-b.v.\"]}]}<\/script>\n<!-- \/ Yoast SEO plugin. -->","yoast_head_json":{"title":"Gusta - Geschirrtuch &amp; Topflappen 'Pancake' - 50x70cm &amp; \u00d8 20cm - Kooistra.de - K\u00e4ufer und Verk\u00e4ufer von Restposten","robots":{"index":"index","follow":"follow","max-snippet":"max-snippet:-1","max-image-preview":"max-image-preview:large","max-video-preview":"max-video-preview:-1"},"canonical":"https:\/\/kooistra.com\/de\/produkt\/gusta-geschirrtuch-topflappen-pfannkuchen-50x70cm-o-20cm\/","og_locale":"de_DE","og_type":"article","og_title":"Gusta - Theedoek & pannelap 'Pannenkoek' - 50x70cm & \u00d8 20cm - Kooistra.com - Opkoper en verkoper restpartijen","og_description":"Merk: Gusta  2-delige set  Afmetingen: 50x70cm &amp; \u00d8 20cm  Materiaal: katoen","og_url":"https:\/\/kooistra.com\/de\/produkt\/gusta-geschirrtuch-topflappen-pfannkuchen-50x70cm-o-20cm\/","og_site_name":"Kooistra.com - Opkoper en verkoper restpartijen","article_publisher":"https:\/\/www.facebook.com\/kooistracom\/?locale=nl_NL","article_modified_time":"2026-04-24T08:45:18+00:00","og_image":[{"width":1000,"height":1000,"url":"https:\/\/kooistra.com\/wp-content\/uploads\/2025\/04\/8712628324513_01.jpeg","type":"image\/jpeg"}],"twitter_card":"summary_large_image","twitter_misc":{"Gesch\u00e4tzte Lesezeit":"1\u00a0Minute"},"schema":{"@context":"https:\/\/schema.org","@graph":[{"@type":"WebPage","@id":"https:\/\/kooistra.com\/product\/gusta-tea-towel-potholder-pancake-50x70cm-o-20cm\/","url":"https:\/\/kooistra.com\/product\/gusta-tea-towel-potholder-pancake-50x70cm-o-20cm\/","name":"Gusta - Geschirrtuch &amp; Topflappen 'Pancake' - 50x70cm &amp; \u00d8 20cm - Kooistra.de - K\u00e4ufer und Verk\u00e4ufer von Restposten","isPartOf":{"@id":"https:\/\/kooistra.com\/#website"},"primaryImageOfPage":{"@id":"https:\/\/kooistra.com\/product\/gusta-tea-towel-potholder-pancake-50x70cm-o-20cm\/#primaryimage"},"image":{"@id":"https:\/\/kooistra.com\/product\/gusta-tea-towel-potholder-pancake-50x70cm-o-20cm\/#primaryimage"},"thumbnailUrl":"https:\/\/kooistra.com\/wp-content\/uploads\/2025\/04\/8712628324513_01.jpeg","datePublished":"2025-04-29T07:43:54+00:00","dateModified":"2026-04-24T08:45:18+00:00","breadcrumb":{"@id":"https:\/\/kooistra.com\/product\/gusta-tea-towel-potholder-pancake-50x70cm-o-20cm\/#breadcrumb"},"inLanguage":"de","potentialAction":[{"@type":"ReadAction","target":["https:\/\/kooistra.com\/product\/gusta-tea-towel-potholder-pancake-50x70cm-o-20cm\/"]}]},{"@type":"ImageObject","inLanguage":"de","@id":"https:\/\/kooistra.com\/product\/gusta-tea-towel-potholder-pancake-50x70cm-o-20cm\/#primaryimage","url":"https:\/\/kooistra.com\/wp-content\/uploads\/2025\/04\/8712628324513_01.jpeg","contentUrl":"https:\/\/kooistra.com\/wp-content\/uploads\/2025\/04\/8712628324513_01.jpeg","width":1000,"height":1000},{"@type":"BreadcrumbList","@id":"https:\/\/kooistra.com\/product\/gusta-tea-towel-potholder-pancake-50x70cm-o-20cm\/#breadcrumb","itemListElement":[{"@type":"ListItem","position":1,"name":"Home","item":"https:\/\/kooistra.com\/"},{"@type":"ListItem","position":2,"name":"Webshop","item":"https:\/\/kooistra.com\/webshop\/"},{"@type":"ListItem","position":3,"name":"Gusta &#8211; Theedoek &#038; pannelap &#8216;Pannenkoek&#8217; &#8211; 50x70cm &#038; \u00d8 20cm"}]},{"@type":"WebSite","@id":"https:\/\/kooistra.com\/#website","url":"https:\/\/kooistra.com\/","name":"Kooistra.com Partei Handel Reste","description":"Wir kaufen alle Ihre Best\u00e4nde. Chargen, Retouren, Restchargen und andere Best\u00e4nde.","publisher":{"@id":"https:\/\/kooistra.com\/#organization"},"alternateName":"Opkoper en verkoper restpartijen","potentialAction":[{"@type":"SearchAction","target":{"@type":"EntryPoint","urlTemplate":"https:\/\/kooistra.com\/?s={search_term_string}"},"query-input":{"@type":"PropertyValueSpecification","valueRequired":true,"valueName":"search_term_string"}}],"inLanguage":"de"},{"@type":"Organization","@id":"https:\/\/kooistra.com\/#organization","name":"Kooistra.com BV","alternateName":"Restpartij opkopers","url":"https:\/\/kooistra.com\/","logo":{"@type":"ImageObject","inLanguage":"de","@id":"https:\/\/kooistra.com\/#\/schema\/logo\/image\/","url":"https:\/\/kooistra.com\/wp-content\/uploads\/2024\/11\/logo-Kooistra.com-nieuw-2024-kopie.png","contentUrl":"https:\/\/kooistra.com\/wp-content\/uploads\/2024\/11\/logo-Kooistra.com-nieuw-2024-kopie.png","width":3000,"height":1240,"caption":"Kooistra.com BV"},"image":{"@id":"https:\/\/kooistra.com\/#\/schema\/logo\/image\/"},"sameAs":["https:\/\/www.facebook.com\/kooistracom\/?locale=nl_NL","https:\/\/nl.linkedin.com\/company\/kooistra-com-b.v."]}]}},"_links":{"self":[{"href":"https:\/\/kooistra.com\/de\/wp-json\/wp\/v2\/product\/85983","targetHints":{"allow":["GET"]}}],"collection":[{"href":"https:\/\/kooistra.com\/de\/wp-json\/wp\/v2\/product"}],"about":[{"href":"https:\/\/kooistra.com\/de\/wp-json\/wp\/v2\/types\/product"}],"wp:featuredmedia":[{"embeddable":true,"href":"https:\/\/kooistra.com\/de\/wp-json\/wp\/v2\/media\/85971"}],"wp:attachment":[{"href":"https:\/\/kooistra.com\/de\/wp-json\/wp\/v2\/media?parent=85983"}],"wp:term":[{"taxonomy":"product_brand","embeddable":true,"href":"https:\/\/kooistra.com\/de\/wp-json\/wp\/v2\/product_brand?post=85983"},{"taxonomy":"product_cat","embeddable":true,"href":"https:\/\/kooistra.com\/de\/wp-json\/wp\/v2\/product_cat?post=85983"},{"taxonomy":"product_tag","embeddable":true,"href":"https:\/\/kooistra.com\/de\/wp-json\/wp\/v2\/product_tag?post=85983"}],"curies":[{"name":"wp","href":"https:\/\/api.w.org\/{rel}","templated":true}]}}