{"id":86166,"date":"2025-05-09T11:50:50","date_gmt":"2025-05-09T10:50:50","guid":{"rendered":"https:\/\/kooistra.com\/product\/parasol-base-gravito-38x38x65cm-tube-58cm\/"},"modified":"2025-12-02T18:05:46","modified_gmt":"2025-12-02T17:05:46","slug":"sonnenschirm-sockel-gravito-38x38x65cm-rohr-58cm","status":"publish","type":"product","link":"https:\/\/kooistra.com\/de\/produkt\/sonnenschirm-sockel-gravito-38x38x65cm-rohr-58cm\/","title":{"rendered":"Casa - Sonnenschirmfu\u00df 'Gravito' - 38x38x6,5cm - Rohr: 5,8cm - Lenkrollen"},"content":{"rendered":"<p class=\"\" data-start=\"151\" data-end=\"504\">Die <strong data-start=\"154\" data-end=\"182\">Casa Gravito Sonnenschirm Basis<\/strong> garantiert optimale Stabilit\u00e4t und Benutzerfreundlichkeit. Mit einem Gewicht von <strong data-start=\"260\" data-end=\"269\">25 kg<\/strong> und ein robustes Format von <strong data-start=\"297\" data-end=\"317\">38 x 38 x 6,5 cm<\/strong> (Gesamth\u00f6he <strong data-start=\"333\" data-end=\"342\">14 cm<\/strong>) ist dieser Fu\u00df ideal f\u00fcr mittlere bis gro\u00dfe Sonnenschirme geeignet. Das Rohr mit einem Durchmesser von <strong data-start=\"443\" data-end=\"453\">5,8 cm<\/strong> stellt sicher, dass der Sonnenschirm sicher befestigt ist.<\/p>\n<p class=\"\" data-start=\"506\" data-end=\"821\">Was diesen Fu\u00df besonders praktisch macht, sind die <strong data-start=\"551\" data-end=\"579\">vier Lenkrollen mit Bremse<\/strong>. Sie bewegen den Sonnenschirm m\u00fchelos \u00fcber die Terrasse oder den Balkon und sichern ihn, sobald er an der richtigen Stelle steht. Der schlanke <strong data-start=\"713\" data-end=\"733\">schwarze Ausf\u00fchrung<\/strong> verleiht dem Sonnenschirmfu\u00df ein modernes und neutrales Aussehen, das in jeden Au\u00dfenbereich passt.<\/p>\n<p class=\"\" data-start=\"823\" data-end=\"837\"><strong data-start=\"823\" data-end=\"837\">Merkmale:<\/strong><\/p>\n<ul data-start=\"838\" data-end=\"1027\">\n<li class=\"\" data-start=\"838\" data-end=\"852\">\n<p class=\"\" data-start=\"840\" data-end=\"852\">Marke: Casa<\/p>\n<\/li>\n<li class=\"\" data-start=\"853\" data-end=\"870\">\n<p class=\"\" data-start=\"855\" data-end=\"870\">Art: Gravito<\/p>\n<\/li>\n<li class=\"\" data-start=\"871\" data-end=\"887\">\n<p class=\"\" data-start=\"873\" data-end=\"887\">Farbe: Schwarz<\/p>\n<\/li>\n<li class=\"\" data-start=\"888\" data-end=\"906\">\n<p class=\"\" data-start=\"890\" data-end=\"906\">Gewicht: 25 kg<\/p>\n<\/li>\n<li class=\"\" data-start=\"907\" data-end=\"975\">\n<p class=\"\" data-start=\"909\" data-end=\"975\">Abmessungen Sockel: 38 x 38 x 6,5 cm (H\u00f6he mit Rohr: 14 cm)<\/p>\n<\/li>\n<li class=\"\" data-start=\"976\" data-end=\"1001\">\n<p class=\"\" data-start=\"978\" data-end=\"1001\">Rohrdurchmesser: 5,8 cm<\/p>\n<\/li>\n<li class=\"\" data-start=\"1002\" data-end=\"1027\">\n<p class=\"\" data-start=\"1004\" data-end=\"1027\">4 Lenkrollen mit Bremse<\/p>\n<\/li>\n<\/ul>\n<p class=\"\" data-start=\"1029\" data-end=\"1163\"><strong data-start=\"1029\" data-end=\"1066\">Robust, tragbar und elegant<\/strong> - Der Casa Gravito ist der ideale Sonnenschirmfu\u00df f\u00fcr alle, die Flexibilit\u00e4t und Stabilit\u00e4t miteinander verbinden wollen.<\/p>","protected":false},"excerpt":{"rendered":"<ul>\n<li>Marke: Casa<\/li>\n<li>Art: Gravito<\/li>\n<li>Abmessungen Basis: 38x38x6,5cm(mit R\u00e4dern) 14cm<\/li>\n<li>Abmessungen des Rohrs: 5,8 cm<\/li>\n<li>Farbe schwarz<\/li>\n<li>R\u00e4der: 4 Lenkrollen mit Bremse<\/li>\n<li>Gewicht: 25 kg<\/li>\n<\/ul>","protected":false},"featured_media":86206,"template":"","meta":[],"product_brand":[],"product_cat":[349],"product_tag":[],"class_list":{"0":"post-86166","1":"product","2":"type-product","3":"status-publish","4":"has-post-thumbnail","6":"product_cat-tuinieren","8":"first","9":"outofstock","10":"taxable","11":"shipping-taxable","12":"product-type-simple"},"yoast_head":"<!-- This site is optimized with the Yoast SEO plugin v26.6 - https:\/\/yoast.com\/wordpress\/plugins\/seo\/ -->\n<title>Casa - parasolvoet &#039;Gravito&#039; - 38x38x6,5cm - buis: 5,8cm - zwenkwielen - Kooistra.com - Opkoper en verkoper restpartijen<\/title>\n<meta name=\"robots\" content=\"index, follow, max-snippet:-1, max-image-preview:large, max-video-preview:-1\" \/>\n<link rel=\"canonical\" href=\"https:\/\/kooistra.com\/de\/produkt\/sonnenschirm-sockel-gravito-38x38x65cm-rohr-58cm\/\" \/>\n<meta property=\"og:locale\" content=\"de_DE\" \/>\n<meta property=\"og:type\" content=\"article\" \/>\n<meta property=\"og:title\" content=\"Casa - parasolvoet &#039;Gravito&#039; - 38x38x6,5cm - buis: 5,8cm - zwenkwielen - Kooistra.com - Opkoper en verkoper restpartijen\" \/>\n<meta property=\"og:description\" content=\"Merk: Casa  Type: Gravito  Afmetingen voet: 38x38x6,5cm(met wieltjes) 14cm  Afmetingen buis: 5,8cm  Kleur zwart  Wielen: 4 zwenkwiel met rem  Gewicht: 25 kg\" \/>\n<meta property=\"og:url\" content=\"https:\/\/kooistra.com\/de\/produkt\/sonnenschirm-sockel-gravito-38x38x65cm-rohr-58cm\/\" \/>\n<meta property=\"og:site_name\" content=\"Kooistra.com - Opkoper en verkoper restpartijen\" \/>\n<meta property=\"article:publisher\" content=\"https:\/\/www.facebook.com\/kooistracom\/?locale=nl_NL\" \/>\n<meta property=\"article:modified_time\" content=\"2025-12-02T17:05:46+00:00\" \/>\n<meta property=\"og:image\" content=\"https:\/\/kooistra.com\/wp-content\/uploads\/2025\/05\/2000006789655_01.jpeg\" \/>\n\t<meta property=\"og:image:width\" content=\"700\" \/>\n\t<meta property=\"og:image:height\" content=\"700\" \/>\n\t<meta property=\"og:image:type\" content=\"image\/jpeg\" \/>\n<meta name=\"twitter:card\" content=\"summary_large_image\" \/>\n<meta name=\"twitter:label1\" content=\"Gesch\u00e4tzte Lesezeit\" \/>\n\t<meta name=\"twitter:data1\" content=\"1\u00a0Minute\" \/>\n<script type=\"application\/ld+json\" class=\"yoast-schema-graph\">{\"@context\":\"https:\/\/schema.org\",\"@graph\":[{\"@type\":\"WebPage\",\"@id\":\"https:\/\/kooistra.com\/product\/parasol-base-gravito-38x38x65cm-tube-58cm\/\",\"url\":\"https:\/\/kooistra.com\/product\/parasol-base-gravito-38x38x65cm-tube-58cm\/\",\"name\":\"Casa - parasolvoet 'Gravito' - 38x38x6,5cm - buis: 5,8cm - zwenkwielen - Kooistra.com - Opkoper en verkoper restpartijen\",\"isPartOf\":{\"@id\":\"https:\/\/kooistra.com\/#website\"},\"primaryImageOfPage\":{\"@id\":\"https:\/\/kooistra.com\/product\/parasol-base-gravito-38x38x65cm-tube-58cm\/#primaryimage\"},\"image\":{\"@id\":\"https:\/\/kooistra.com\/product\/parasol-base-gravito-38x38x65cm-tube-58cm\/#primaryimage\"},\"thumbnailUrl\":\"https:\/\/kooistra.com\/wp-content\/uploads\/2025\/05\/2000006789655_01.jpeg\",\"datePublished\":\"2025-05-09T10:50:50+00:00\",\"dateModified\":\"2025-12-02T17:05:46+00:00\",\"breadcrumb\":{\"@id\":\"https:\/\/kooistra.com\/product\/parasol-base-gravito-38x38x65cm-tube-58cm\/#breadcrumb\"},\"inLanguage\":\"de\",\"potentialAction\":[{\"@type\":\"ReadAction\",\"target\":[\"https:\/\/kooistra.com\/product\/parasol-base-gravito-38x38x65cm-tube-58cm\/\"]}]},{\"@type\":\"ImageObject\",\"inLanguage\":\"de\",\"@id\":\"https:\/\/kooistra.com\/product\/parasol-base-gravito-38x38x65cm-tube-58cm\/#primaryimage\",\"url\":\"https:\/\/kooistra.com\/wp-content\/uploads\/2025\/05\/2000006789655_01.jpeg\",\"contentUrl\":\"https:\/\/kooistra.com\/wp-content\/uploads\/2025\/05\/2000006789655_01.jpeg\",\"width\":700,\"height\":700},{\"@type\":\"BreadcrumbList\",\"@id\":\"https:\/\/kooistra.com\/product\/parasol-base-gravito-38x38x65cm-tube-58cm\/#breadcrumb\",\"itemListElement\":[{\"@type\":\"ListItem\",\"position\":1,\"name\":\"Home\",\"item\":\"https:\/\/kooistra.com\/\"},{\"@type\":\"ListItem\",\"position\":2,\"name\":\"Webshop\",\"item\":\"https:\/\/kooistra.com\/webshop\/\"},{\"@type\":\"ListItem\",\"position\":3,\"name\":\"Casa &#8211; parasolvoet &#8216;Gravito&#8217; &#8211; 38x38x6,5cm &#8211; buis: 5,8cm &#8211; zwenkwielen\"}]},{\"@type\":\"WebSite\",\"@id\":\"https:\/\/kooistra.com\/#website\",\"url\":\"https:\/\/kooistra.com\/\",\"name\":\"Kooistra.com Partijhandel Restpartijen\",\"description\":\"Wij kopen al uw voorraad. Partijen, retouren, restpartijen en andere voorraden.\",\"publisher\":{\"@id\":\"https:\/\/kooistra.com\/#organization\"},\"alternateName\":\"Opkoper en verkoper restpartijen\",\"potentialAction\":[{\"@type\":\"SearchAction\",\"target\":{\"@type\":\"EntryPoint\",\"urlTemplate\":\"https:\/\/kooistra.com\/?s={search_term_string}\"},\"query-input\":{\"@type\":\"PropertyValueSpecification\",\"valueRequired\":true,\"valueName\":\"search_term_string\"}}],\"inLanguage\":\"de\"},{\"@type\":\"Organization\",\"@id\":\"https:\/\/kooistra.com\/#organization\",\"name\":\"Kooistra.com BV\",\"alternateName\":\"Restpartij opkopers\",\"url\":\"https:\/\/kooistra.com\/\",\"logo\":{\"@type\":\"ImageObject\",\"inLanguage\":\"de\",\"@id\":\"https:\/\/kooistra.com\/#\/schema\/logo\/image\/\",\"url\":\"https:\/\/kooistra.com\/wp-content\/uploads\/2024\/11\/logo-Kooistra.com-nieuw-2024-kopie.png\",\"contentUrl\":\"https:\/\/kooistra.com\/wp-content\/uploads\/2024\/11\/logo-Kooistra.com-nieuw-2024-kopie.png\",\"width\":3000,\"height\":1240,\"caption\":\"Kooistra.com BV\"},\"image\":{\"@id\":\"https:\/\/kooistra.com\/#\/schema\/logo\/image\/\"},\"sameAs\":[\"https:\/\/www.facebook.com\/kooistracom\/?locale=nl_NL\",\"https:\/\/nl.linkedin.com\/company\/kooistra-com-b.v.\"]}]}<\/script>\n<!-- \/ Yoast SEO plugin. -->","yoast_head_json":{"title":"Casa - Sonnenschirmfu\u00df 'Gravito' - 38x38x6,5cm - Rohr: 5,8cm - Rollen - Kooistra.com - K\u00e4ufer und Verk\u00e4ufer von Restposten","robots":{"index":"index","follow":"follow","max-snippet":"max-snippet:-1","max-image-preview":"max-image-preview:large","max-video-preview":"max-video-preview:-1"},"canonical":"https:\/\/kooistra.com\/de\/produkt\/sonnenschirm-sockel-gravito-38x38x65cm-rohr-58cm\/","og_locale":"de_DE","og_type":"article","og_title":"Casa - parasolvoet 'Gravito' - 38x38x6,5cm - buis: 5,8cm - zwenkwielen - Kooistra.com - Opkoper en verkoper restpartijen","og_description":"Merk: Casa  Type: Gravito  Afmetingen voet: 38x38x6,5cm(met wieltjes) 14cm  Afmetingen buis: 5,8cm  Kleur zwart  Wielen: 4 zwenkwiel met rem  Gewicht: 25 kg","og_url":"https:\/\/kooistra.com\/de\/produkt\/sonnenschirm-sockel-gravito-38x38x65cm-rohr-58cm\/","og_site_name":"Kooistra.com - Opkoper en verkoper restpartijen","article_publisher":"https:\/\/www.facebook.com\/kooistracom\/?locale=nl_NL","article_modified_time":"2025-12-02T17:05:46+00:00","og_image":[{"width":700,"height":700,"url":"https:\/\/kooistra.com\/wp-content\/uploads\/2025\/05\/2000006789655_01.jpeg","type":"image\/jpeg"}],"twitter_card":"summary_large_image","twitter_misc":{"Gesch\u00e4tzte Lesezeit":"1\u00a0Minute"},"schema":{"@context":"https:\/\/schema.org","@graph":[{"@type":"WebPage","@id":"https:\/\/kooistra.com\/product\/parasol-base-gravito-38x38x65cm-tube-58cm\/","url":"https:\/\/kooistra.com\/product\/parasol-base-gravito-38x38x65cm-tube-58cm\/","name":"Casa - Sonnenschirmfu\u00df 'Gravito' - 38x38x6,5cm - Rohr: 5,8cm - Rollen - Kooistra.com - K\u00e4ufer und Verk\u00e4ufer von Restposten","isPartOf":{"@id":"https:\/\/kooistra.com\/#website"},"primaryImageOfPage":{"@id":"https:\/\/kooistra.com\/product\/parasol-base-gravito-38x38x65cm-tube-58cm\/#primaryimage"},"image":{"@id":"https:\/\/kooistra.com\/product\/parasol-base-gravito-38x38x65cm-tube-58cm\/#primaryimage"},"thumbnailUrl":"https:\/\/kooistra.com\/wp-content\/uploads\/2025\/05\/2000006789655_01.jpeg","datePublished":"2025-05-09T10:50:50+00:00","dateModified":"2025-12-02T17:05:46+00:00","breadcrumb":{"@id":"https:\/\/kooistra.com\/product\/parasol-base-gravito-38x38x65cm-tube-58cm\/#breadcrumb"},"inLanguage":"de","potentialAction":[{"@type":"ReadAction","target":["https:\/\/kooistra.com\/product\/parasol-base-gravito-38x38x65cm-tube-58cm\/"]}]},{"@type":"ImageObject","inLanguage":"de","@id":"https:\/\/kooistra.com\/product\/parasol-base-gravito-38x38x65cm-tube-58cm\/#primaryimage","url":"https:\/\/kooistra.com\/wp-content\/uploads\/2025\/05\/2000006789655_01.jpeg","contentUrl":"https:\/\/kooistra.com\/wp-content\/uploads\/2025\/05\/2000006789655_01.jpeg","width":700,"height":700},{"@type":"BreadcrumbList","@id":"https:\/\/kooistra.com\/product\/parasol-base-gravito-38x38x65cm-tube-58cm\/#breadcrumb","itemListElement":[{"@type":"ListItem","position":1,"name":"Home","item":"https:\/\/kooistra.com\/"},{"@type":"ListItem","position":2,"name":"Webshop","item":"https:\/\/kooistra.com\/webshop\/"},{"@type":"ListItem","position":3,"name":"Casa &#8211; parasolvoet &#8216;Gravito&#8217; &#8211; 38x38x6,5cm &#8211; buis: 5,8cm &#8211; zwenkwielen"}]},{"@type":"WebSite","@id":"https:\/\/kooistra.com\/#website","url":"https:\/\/kooistra.com\/","name":"Kooistra.com Partei Handel Reste","description":"Wir kaufen alle Ihre Best\u00e4nde. Chargen, Retouren, Restchargen und andere Best\u00e4nde.","publisher":{"@id":"https:\/\/kooistra.com\/#organization"},"alternateName":"Opkoper en verkoper restpartijen","potentialAction":[{"@type":"SearchAction","target":{"@type":"EntryPoint","urlTemplate":"https:\/\/kooistra.com\/?s={search_term_string}"},"query-input":{"@type":"PropertyValueSpecification","valueRequired":true,"valueName":"search_term_string"}}],"inLanguage":"de"},{"@type":"Organization","@id":"https:\/\/kooistra.com\/#organization","name":"Kooistra.com BV","alternateName":"Restpartij opkopers","url":"https:\/\/kooistra.com\/","logo":{"@type":"ImageObject","inLanguage":"de","@id":"https:\/\/kooistra.com\/#\/schema\/logo\/image\/","url":"https:\/\/kooistra.com\/wp-content\/uploads\/2024\/11\/logo-Kooistra.com-nieuw-2024-kopie.png","contentUrl":"https:\/\/kooistra.com\/wp-content\/uploads\/2024\/11\/logo-Kooistra.com-nieuw-2024-kopie.png","width":3000,"height":1240,"caption":"Kooistra.com BV"},"image":{"@id":"https:\/\/kooistra.com\/#\/schema\/logo\/image\/"},"sameAs":["https:\/\/www.facebook.com\/kooistracom\/?locale=nl_NL","https:\/\/nl.linkedin.com\/company\/kooistra-com-b.v."]}]}},"_links":{"self":[{"href":"https:\/\/kooistra.com\/de\/wp-json\/wp\/v2\/product\/86166","targetHints":{"allow":["GET"]}}],"collection":[{"href":"https:\/\/kooistra.com\/de\/wp-json\/wp\/v2\/product"}],"about":[{"href":"https:\/\/kooistra.com\/de\/wp-json\/wp\/v2\/types\/product"}],"wp:featuredmedia":[{"embeddable":true,"href":"https:\/\/kooistra.com\/de\/wp-json\/wp\/v2\/media\/86206"}],"wp:attachment":[{"href":"https:\/\/kooistra.com\/de\/wp-json\/wp\/v2\/media?parent=86166"}],"wp:term":[{"taxonomy":"product_brand","embeddable":true,"href":"https:\/\/kooistra.com\/de\/wp-json\/wp\/v2\/product_brand?post=86166"},{"taxonomy":"product_cat","embeddable":true,"href":"https:\/\/kooistra.com\/de\/wp-json\/wp\/v2\/product_cat?post=86166"},{"taxonomy":"product_tag","embeddable":true,"href":"https:\/\/kooistra.com\/de\/wp-json\/wp\/v2\/product_tag?post=86166"}],"curies":[{"name":"wp","href":"https:\/\/api.w.org\/{rel}","templated":true}]}}