{"id":86891,"date":"2025-08-11T23:33:29","date_gmt":"2025-08-11T22:33:29","guid":{"rendered":"https:\/\/kooistra.com\/product\/hakmolen-900ml\/"},"modified":"2026-04-18T13:43:31","modified_gmt":"2026-04-18T12:43:31","slug":"zerkleinerer-900ml","status":"publish","type":"product","link":"https:\/\/kooistra.com\/de\/produkt\/zerkleinerer-900ml\/","title":{"rendered":"Gusta - Zerkleinerer - 900ml - Manuell - Transparent \/ Schwarz"},"content":{"rendered":"<p data-start=\"60\" data-end=\"287\">Manueller Zerkleinerer von Gusta mit einem Fassungsverm\u00f6gen von 900 ml. Geeignet zum feinen Zerkleinern von Gem\u00fcse, Obst, N\u00fcssen und Kr\u00e4utern. Funktioniert ohne Strom und ist einfach zu bedienen und zu reinigen.<\/p>","protected":false},"excerpt":{"rendered":"<ul>\n<li>Marke: Gusta<\/li>\n<li>Fassungsverm\u00f6gen: 900ml<\/li>\n<li>Farbe: transparent \/ schwarz<\/li>\n<li>Material: Kunststoff \/ Metall<\/li>\n<li>1 rutschfeste Schale mit 900 ml Fassungsverm\u00f6gen<\/li>\n<li>1 Deckel mit Kordelzug und Verschlusssystem<\/li>\n<li>1 Schneidrotor, bestehend aus 5 unabh\u00e4ngigen Schneidmessern aus rostfreiem Stahl<\/li>\n<\/ul>","protected":false},"featured_media":87409,"template":"","meta":[],"product_brand":[],"product_cat":[4406,340],"product_tag":[],"class_list":{"0":"post-86891","1":"product","2":"type-product","3":"status-publish","4":"has-post-thumbnail","6":"product_cat-gusta","7":"product_cat-keuken-koken","9":"first","10":"instock","11":"taxable","12":"shipping-taxable","13":"product-type-simple"},"yoast_head":"<!-- This site is optimized with the Yoast SEO plugin v26.6 - https:\/\/yoast.com\/wordpress\/plugins\/seo\/ -->\n<title>Gusta - Hakmolen - 900ml - Handmatig - Transparant \/ Zwart - Kooistra.com - Opkoper en verkoper restpartijen<\/title>\n<meta name=\"robots\" content=\"index, follow, max-snippet:-1, max-image-preview:large, max-video-preview:-1\" \/>\n<link rel=\"canonical\" href=\"https:\/\/kooistra.com\/de\/produkt\/zerkleinerer-900ml\/\" \/>\n<meta property=\"og:locale\" content=\"de_DE\" \/>\n<meta property=\"og:type\" content=\"article\" \/>\n<meta property=\"og:title\" content=\"Gusta - Hakmolen - 900ml - Handmatig - Transparant \/ Zwart - Kooistra.com - Opkoper en verkoper restpartijen\" \/>\n<meta property=\"og:description\" content=\"Merk: Gusta  Inhoud: 900ml  Kleur: transparant \/ zwart  Materiaal: kunststof \/ metaal  1 anti-slip kom met een capaciteit van 900 ml  1 deksel met trekkoord en slotsysteem  1 snijder rotor, bestaande uit 5 onafhankelijke RVS snijbladen\" \/>\n<meta property=\"og:url\" content=\"https:\/\/kooistra.com\/de\/produkt\/zerkleinerer-900ml\/\" \/>\n<meta property=\"og:site_name\" content=\"Kooistra.com - Opkoper en verkoper restpartijen\" \/>\n<meta property=\"article:publisher\" content=\"https:\/\/www.facebook.com\/kooistracom\/?locale=nl_NL\" \/>\n<meta property=\"article:modified_time\" content=\"2026-04-18T12:43:31+00:00\" \/>\n<meta property=\"og:image\" content=\"https:\/\/kooistra.com\/wp-content\/uploads\/2025\/08\/8712628318703_02.jpeg\" \/>\n\t<meta property=\"og:image:width\" content=\"1000\" \/>\n\t<meta property=\"og:image:height\" content=\"1000\" \/>\n\t<meta property=\"og:image:type\" content=\"image\/jpeg\" \/>\n<meta name=\"twitter:card\" content=\"summary_large_image\" \/>\n<meta name=\"twitter:label1\" content=\"Gesch\u00e4tzte Lesezeit\" \/>\n\t<meta name=\"twitter:data1\" content=\"1\u00a0Minute\" \/>\n<script type=\"application\/ld+json\" class=\"yoast-schema-graph\">{\"@context\":\"https:\/\/schema.org\",\"@graph\":[{\"@type\":\"WebPage\",\"@id\":\"https:\/\/kooistra.com\/product\/hakmolen-900ml\/\",\"url\":\"https:\/\/kooistra.com\/product\/hakmolen-900ml\/\",\"name\":\"Gusta - Hakmolen - 900ml - Handmatig - Transparant \/ Zwart - Kooistra.com - Opkoper en verkoper restpartijen\",\"isPartOf\":{\"@id\":\"https:\/\/kooistra.com\/#website\"},\"primaryImageOfPage\":{\"@id\":\"https:\/\/kooistra.com\/product\/hakmolen-900ml\/#primaryimage\"},\"image\":{\"@id\":\"https:\/\/kooistra.com\/product\/hakmolen-900ml\/#primaryimage\"},\"thumbnailUrl\":\"https:\/\/kooistra.com\/wp-content\/uploads\/2025\/08\/8712628318703_02.jpeg\",\"datePublished\":\"2025-08-11T22:33:29+00:00\",\"dateModified\":\"2026-04-18T12:43:31+00:00\",\"breadcrumb\":{\"@id\":\"https:\/\/kooistra.com\/product\/hakmolen-900ml\/#breadcrumb\"},\"inLanguage\":\"de\",\"potentialAction\":[{\"@type\":\"ReadAction\",\"target\":[\"https:\/\/kooistra.com\/product\/hakmolen-900ml\/\"]}]},{\"@type\":\"ImageObject\",\"inLanguage\":\"de\",\"@id\":\"https:\/\/kooistra.com\/product\/hakmolen-900ml\/#primaryimage\",\"url\":\"https:\/\/kooistra.com\/wp-content\/uploads\/2025\/08\/8712628318703_02.jpeg\",\"contentUrl\":\"https:\/\/kooistra.com\/wp-content\/uploads\/2025\/08\/8712628318703_02.jpeg\",\"width\":1000,\"height\":1000},{\"@type\":\"BreadcrumbList\",\"@id\":\"https:\/\/kooistra.com\/product\/hakmolen-900ml\/#breadcrumb\",\"itemListElement\":[{\"@type\":\"ListItem\",\"position\":1,\"name\":\"Home\",\"item\":\"https:\/\/kooistra.com\/\"},{\"@type\":\"ListItem\",\"position\":2,\"name\":\"Webshop\",\"item\":\"https:\/\/kooistra.com\/webshop\/\"},{\"@type\":\"ListItem\",\"position\":3,\"name\":\"Gusta &#8211; Hakmolen &#8211; 900ml &#8211; Handmatig &#8211; Transparant \/ Zwart\"}]},{\"@type\":\"WebSite\",\"@id\":\"https:\/\/kooistra.com\/#website\",\"url\":\"https:\/\/kooistra.com\/\",\"name\":\"Kooistra.com Partijhandel Restpartijen\",\"description\":\"Wij kopen al uw voorraad. Partijen, retouren, restpartijen en andere voorraden.\",\"publisher\":{\"@id\":\"https:\/\/kooistra.com\/#organization\"},\"alternateName\":\"Opkoper en verkoper restpartijen\",\"potentialAction\":[{\"@type\":\"SearchAction\",\"target\":{\"@type\":\"EntryPoint\",\"urlTemplate\":\"https:\/\/kooistra.com\/?s={search_term_string}\"},\"query-input\":{\"@type\":\"PropertyValueSpecification\",\"valueRequired\":true,\"valueName\":\"search_term_string\"}}],\"inLanguage\":\"de\"},{\"@type\":\"Organization\",\"@id\":\"https:\/\/kooistra.com\/#organization\",\"name\":\"Kooistra.com BV\",\"alternateName\":\"Restpartij opkopers\",\"url\":\"https:\/\/kooistra.com\/\",\"logo\":{\"@type\":\"ImageObject\",\"inLanguage\":\"de\",\"@id\":\"https:\/\/kooistra.com\/#\/schema\/logo\/image\/\",\"url\":\"https:\/\/kooistra.com\/wp-content\/uploads\/2024\/11\/logo-Kooistra.com-nieuw-2024-kopie.png\",\"contentUrl\":\"https:\/\/kooistra.com\/wp-content\/uploads\/2024\/11\/logo-Kooistra.com-nieuw-2024-kopie.png\",\"width\":3000,\"height\":1240,\"caption\":\"Kooistra.com BV\"},\"image\":{\"@id\":\"https:\/\/kooistra.com\/#\/schema\/logo\/image\/\"},\"sameAs\":[\"https:\/\/www.facebook.com\/kooistracom\/?locale=nl_NL\",\"https:\/\/nl.linkedin.com\/company\/kooistra-com-b.v.\"]}]}<\/script>\n<!-- \/ Yoast SEO plugin. -->","yoast_head_json":{"title":"Gusta - Zerkleinerer - 900ml - Manuell - Transparent\/Schwarz - Kooistra.de - K\u00e4ufer und Verk\u00e4ufer von Restposten","robots":{"index":"index","follow":"follow","max-snippet":"max-snippet:-1","max-image-preview":"max-image-preview:large","max-video-preview":"max-video-preview:-1"},"canonical":"https:\/\/kooistra.com\/de\/produkt\/zerkleinerer-900ml\/","og_locale":"de_DE","og_type":"article","og_title":"Gusta - Hakmolen - 900ml - Handmatig - Transparant \/ Zwart - Kooistra.com - Opkoper en verkoper restpartijen","og_description":"Merk: Gusta  Inhoud: 900ml  Kleur: transparant \/ zwart  Materiaal: kunststof \/ metaal  1 anti-slip kom met een capaciteit van 900 ml  1 deksel met trekkoord en slotsysteem  1 snijder rotor, bestaande uit 5 onafhankelijke RVS snijbladen","og_url":"https:\/\/kooistra.com\/de\/produkt\/zerkleinerer-900ml\/","og_site_name":"Kooistra.com - Opkoper en verkoper restpartijen","article_publisher":"https:\/\/www.facebook.com\/kooistracom\/?locale=nl_NL","article_modified_time":"2026-04-18T12:43:31+00:00","og_image":[{"width":1000,"height":1000,"url":"https:\/\/kooistra.com\/wp-content\/uploads\/2025\/08\/8712628318703_02.jpeg","type":"image\/jpeg"}],"twitter_card":"summary_large_image","twitter_misc":{"Gesch\u00e4tzte Lesezeit":"1\u00a0Minute"},"schema":{"@context":"https:\/\/schema.org","@graph":[{"@type":"WebPage","@id":"https:\/\/kooistra.com\/product\/hakmolen-900ml\/","url":"https:\/\/kooistra.com\/product\/hakmolen-900ml\/","name":"Gusta - Zerkleinerer - 900ml - Manuell - Transparent\/Schwarz - Kooistra.de - K\u00e4ufer und Verk\u00e4ufer von Restposten","isPartOf":{"@id":"https:\/\/kooistra.com\/#website"},"primaryImageOfPage":{"@id":"https:\/\/kooistra.com\/product\/hakmolen-900ml\/#primaryimage"},"image":{"@id":"https:\/\/kooistra.com\/product\/hakmolen-900ml\/#primaryimage"},"thumbnailUrl":"https:\/\/kooistra.com\/wp-content\/uploads\/2025\/08\/8712628318703_02.jpeg","datePublished":"2025-08-11T22:33:29+00:00","dateModified":"2026-04-18T12:43:31+00:00","breadcrumb":{"@id":"https:\/\/kooistra.com\/product\/hakmolen-900ml\/#breadcrumb"},"inLanguage":"de","potentialAction":[{"@type":"ReadAction","target":["https:\/\/kooistra.com\/product\/hakmolen-900ml\/"]}]},{"@type":"ImageObject","inLanguage":"de","@id":"https:\/\/kooistra.com\/product\/hakmolen-900ml\/#primaryimage","url":"https:\/\/kooistra.com\/wp-content\/uploads\/2025\/08\/8712628318703_02.jpeg","contentUrl":"https:\/\/kooistra.com\/wp-content\/uploads\/2025\/08\/8712628318703_02.jpeg","width":1000,"height":1000},{"@type":"BreadcrumbList","@id":"https:\/\/kooistra.com\/product\/hakmolen-900ml\/#breadcrumb","itemListElement":[{"@type":"ListItem","position":1,"name":"Home","item":"https:\/\/kooistra.com\/"},{"@type":"ListItem","position":2,"name":"Webshop","item":"https:\/\/kooistra.com\/webshop\/"},{"@type":"ListItem","position":3,"name":"Gusta &#8211; Hakmolen &#8211; 900ml &#8211; Handmatig &#8211; Transparant \/ Zwart"}]},{"@type":"WebSite","@id":"https:\/\/kooistra.com\/#website","url":"https:\/\/kooistra.com\/","name":"Kooistra.com Partei Handel Reste","description":"Wir kaufen alle Ihre Best\u00e4nde. Chargen, Retouren, Restchargen und andere Best\u00e4nde.","publisher":{"@id":"https:\/\/kooistra.com\/#organization"},"alternateName":"Opkoper en verkoper restpartijen","potentialAction":[{"@type":"SearchAction","target":{"@type":"EntryPoint","urlTemplate":"https:\/\/kooistra.com\/?s={search_term_string}"},"query-input":{"@type":"PropertyValueSpecification","valueRequired":true,"valueName":"search_term_string"}}],"inLanguage":"de"},{"@type":"Organization","@id":"https:\/\/kooistra.com\/#organization","name":"Kooistra.com BV","alternateName":"Restpartij opkopers","url":"https:\/\/kooistra.com\/","logo":{"@type":"ImageObject","inLanguage":"de","@id":"https:\/\/kooistra.com\/#\/schema\/logo\/image\/","url":"https:\/\/kooistra.com\/wp-content\/uploads\/2024\/11\/logo-Kooistra.com-nieuw-2024-kopie.png","contentUrl":"https:\/\/kooistra.com\/wp-content\/uploads\/2024\/11\/logo-Kooistra.com-nieuw-2024-kopie.png","width":3000,"height":1240,"caption":"Kooistra.com BV"},"image":{"@id":"https:\/\/kooistra.com\/#\/schema\/logo\/image\/"},"sameAs":["https:\/\/www.facebook.com\/kooistracom\/?locale=nl_NL","https:\/\/nl.linkedin.com\/company\/kooistra-com-b.v."]}]}},"_links":{"self":[{"href":"https:\/\/kooistra.com\/de\/wp-json\/wp\/v2\/product\/86891","targetHints":{"allow":["GET"]}}],"collection":[{"href":"https:\/\/kooistra.com\/de\/wp-json\/wp\/v2\/product"}],"about":[{"href":"https:\/\/kooistra.com\/de\/wp-json\/wp\/v2\/types\/product"}],"wp:featuredmedia":[{"embeddable":true,"href":"https:\/\/kooistra.com\/de\/wp-json\/wp\/v2\/media\/87409"}],"wp:attachment":[{"href":"https:\/\/kooistra.com\/de\/wp-json\/wp\/v2\/media?parent=86891"}],"wp:term":[{"taxonomy":"product_brand","embeddable":true,"href":"https:\/\/kooistra.com\/de\/wp-json\/wp\/v2\/product_brand?post=86891"},{"taxonomy":"product_cat","embeddable":true,"href":"https:\/\/kooistra.com\/de\/wp-json\/wp\/v2\/product_cat?post=86891"},{"taxonomy":"product_tag","embeddable":true,"href":"https:\/\/kooistra.com\/de\/wp-json\/wp\/v2\/product_tag?post=86891"}],"curies":[{"name":"wp","href":"https:\/\/api.w.org\/{rel}","templated":true}]}}