{"id":86908,"date":"2025-10-14T11:34:56","date_gmt":"2025-10-14T10:34:56","guid":{"rendered":"https:\/\/kooistra.com\/product\/mango-serveerplank-38x20x25cm\/"},"modified":"2026-04-17T09:07:43","modified_gmt":"2026-04-17T08:07:43","slug":"mango-servierbrett-38x20x25cm","status":"publish","type":"product","link":"https:\/\/kooistra.com\/de\/produkt\/mango-servierbrett-38x20x25cm\/","title":{"rendered":"Gusta - Servierbrett - 38 x 20 x 2.5cm - Mangoholz"},"content":{"rendered":"<p>Servieren Sie Ihre Snacks und Leckereien stilvoll mit diesem robusten Servierbrett von <b>Gusta<\/b>. Das Regal ist aus strapazierf\u00e4higem <b>Mangoholz<\/b>f\u00fcr einen warmen und nat\u00fcrlichen Look. Mit einer Gr\u00f6\u00dfe von <b>38 x 20 x 2,5 cm<\/b> das Brett ist ideal f\u00fcr die Pr\u00e4sentation von Vorspeisen, K\u00e4se oder Brot. Das <b>String auf dem Griff<\/b> macht das Schneidebrett leicht aufh\u00e4ngbar.<\/p>","protected":false},"excerpt":{"rendered":"<ul>\n<li><b>Marke:<\/b> Gusta<\/li>\n<li><b>Art:<\/b> Servierbrett<\/li>\n<li><b>Material:<\/b> Mango-Holz<\/li>\n<li><b>Abmessungen:<\/b> 38 x 20 x 2,5 cm<\/li>\n<li><b>Extras:<\/b> Seil am Griff (zum Aufh\u00e4ngen)<\/li>\n<\/ul>","protected":false},"featured_media":88604,"template":"","meta":[],"product_brand":[],"product_cat":[4406,340],"product_tag":[],"class_list":{"0":"post-86908","1":"product","2":"type-product","3":"status-publish","4":"has-post-thumbnail","6":"product_cat-gusta","7":"product_cat-keuken-koken","9":"first","10":"instock","11":"taxable","12":"shipping-taxable","13":"product-type-simple"},"yoast_head":"<!-- This site is optimized with the Yoast SEO plugin v26.6 - https:\/\/yoast.com\/wordpress\/plugins\/seo\/ -->\n<title>Gusta - Serveerplank - 38 x 20 x 2,5cm - Mango hout - Kooistra.com - Opkoper en verkoper restpartijen<\/title>\n<meta name=\"robots\" content=\"index, follow, max-snippet:-1, max-image-preview:large, max-video-preview:-1\" \/>\n<link rel=\"canonical\" href=\"https:\/\/kooistra.com\/de\/produkt\/mango-servierbrett-38x20x25cm\/\" \/>\n<meta property=\"og:locale\" content=\"de_DE\" \/>\n<meta property=\"og:type\" content=\"article\" \/>\n<meta property=\"og:title\" content=\"Gusta - Serveerplank - 38 x 20 x 2,5cm - Mango hout - Kooistra.com - Opkoper en verkoper restpartijen\" \/>\n<meta property=\"og:description\" content=\"Merk: Gusta  Type: Serveerplank  Materiaal: Mangohout  Afmetingen: 38 x 20 x 2,5 cm  Extra&#039;s: Touwtje aan het handvat (om op te hangen)\" \/>\n<meta property=\"og:url\" content=\"https:\/\/kooistra.com\/de\/produkt\/mango-servierbrett-38x20x25cm\/\" \/>\n<meta property=\"og:site_name\" content=\"Kooistra.com - Opkoper en verkoper restpartijen\" \/>\n<meta property=\"article:publisher\" content=\"https:\/\/www.facebook.com\/kooistracom\/?locale=nl_NL\" \/>\n<meta property=\"article:modified_time\" content=\"2026-04-17T08:07:43+00:00\" \/>\n<meta property=\"og:image\" content=\"https:\/\/kooistra.com\/wp-content\/uploads\/2025\/07\/8712628321864.jpeg\" \/>\n\t<meta property=\"og:image:width\" content=\"1000\" \/>\n\t<meta property=\"og:image:height\" content=\"1000\" \/>\n\t<meta property=\"og:image:type\" content=\"image\/jpeg\" \/>\n<meta name=\"twitter:card\" content=\"summary_large_image\" \/>\n<meta name=\"twitter:label1\" content=\"Gesch\u00e4tzte Lesezeit\" \/>\n\t<meta name=\"twitter:data1\" content=\"1\u00a0Minute\" \/>\n<script type=\"application\/ld+json\" class=\"yoast-schema-graph\">{\"@context\":\"https:\/\/schema.org\",\"@graph\":[{\"@type\":\"WebPage\",\"@id\":\"https:\/\/kooistra.com\/product\/mango-serveerplank-38x20x25cm\/\",\"url\":\"https:\/\/kooistra.com\/product\/mango-serveerplank-38x20x25cm\/\",\"name\":\"Gusta - Serveerplank - 38 x 20 x 2,5cm - Mango hout - Kooistra.com - Opkoper en verkoper restpartijen\",\"isPartOf\":{\"@id\":\"https:\/\/kooistra.com\/#website\"},\"primaryImageOfPage\":{\"@id\":\"https:\/\/kooistra.com\/product\/mango-serveerplank-38x20x25cm\/#primaryimage\"},\"image\":{\"@id\":\"https:\/\/kooistra.com\/product\/mango-serveerplank-38x20x25cm\/#primaryimage\"},\"thumbnailUrl\":\"https:\/\/kooistra.com\/wp-content\/uploads\/2025\/07\/8712628321864.jpeg\",\"datePublished\":\"2025-10-14T10:34:56+00:00\",\"dateModified\":\"2026-04-17T08:07:43+00:00\",\"breadcrumb\":{\"@id\":\"https:\/\/kooistra.com\/product\/mango-serveerplank-38x20x25cm\/#breadcrumb\"},\"inLanguage\":\"de\",\"potentialAction\":[{\"@type\":\"ReadAction\",\"target\":[\"https:\/\/kooistra.com\/product\/mango-serveerplank-38x20x25cm\/\"]}]},{\"@type\":\"ImageObject\",\"inLanguage\":\"de\",\"@id\":\"https:\/\/kooistra.com\/product\/mango-serveerplank-38x20x25cm\/#primaryimage\",\"url\":\"https:\/\/kooistra.com\/wp-content\/uploads\/2025\/07\/8712628321864.jpeg\",\"contentUrl\":\"https:\/\/kooistra.com\/wp-content\/uploads\/2025\/07\/8712628321864.jpeg\",\"width\":1000,\"height\":1000},{\"@type\":\"BreadcrumbList\",\"@id\":\"https:\/\/kooistra.com\/product\/mango-serveerplank-38x20x25cm\/#breadcrumb\",\"itemListElement\":[{\"@type\":\"ListItem\",\"position\":1,\"name\":\"Home\",\"item\":\"https:\/\/kooistra.com\/\"},{\"@type\":\"ListItem\",\"position\":2,\"name\":\"Webshop\",\"item\":\"https:\/\/kooistra.com\/webshop\/\"},{\"@type\":\"ListItem\",\"position\":3,\"name\":\"Gusta &#8211; Serveerplank &#8211; 38 x 20 x 2,5cm &#8211; Mango hout\"}]},{\"@type\":\"WebSite\",\"@id\":\"https:\/\/kooistra.com\/#website\",\"url\":\"https:\/\/kooistra.com\/\",\"name\":\"Kooistra.com Partijhandel Restpartijen\",\"description\":\"Wij kopen al uw voorraad. Partijen, retouren, restpartijen en andere voorraden.\",\"publisher\":{\"@id\":\"https:\/\/kooistra.com\/#organization\"},\"alternateName\":\"Opkoper en verkoper restpartijen\",\"potentialAction\":[{\"@type\":\"SearchAction\",\"target\":{\"@type\":\"EntryPoint\",\"urlTemplate\":\"https:\/\/kooistra.com\/?s={search_term_string}\"},\"query-input\":{\"@type\":\"PropertyValueSpecification\",\"valueRequired\":true,\"valueName\":\"search_term_string\"}}],\"inLanguage\":\"de\"},{\"@type\":\"Organization\",\"@id\":\"https:\/\/kooistra.com\/#organization\",\"name\":\"Kooistra.com BV\",\"alternateName\":\"Restpartij opkopers\",\"url\":\"https:\/\/kooistra.com\/\",\"logo\":{\"@type\":\"ImageObject\",\"inLanguage\":\"de\",\"@id\":\"https:\/\/kooistra.com\/#\/schema\/logo\/image\/\",\"url\":\"https:\/\/kooistra.com\/wp-content\/uploads\/2024\/11\/logo-Kooistra.com-nieuw-2024-kopie.png\",\"contentUrl\":\"https:\/\/kooistra.com\/wp-content\/uploads\/2024\/11\/logo-Kooistra.com-nieuw-2024-kopie.png\",\"width\":3000,\"height\":1240,\"caption\":\"Kooistra.com BV\"},\"image\":{\"@id\":\"https:\/\/kooistra.com\/#\/schema\/logo\/image\/\"},\"sameAs\":[\"https:\/\/www.facebook.com\/kooistracom\/?locale=nl_NL\",\"https:\/\/nl.linkedin.com\/company\/kooistra-com-b.v.\"]}]}<\/script>\n<!-- \/ Yoast SEO plugin. -->","yoast_head_json":{"title":"Gusta - Servierbrett - 38 x 20 x 2.5cm - Mangoholz - Kooistra.com - K\u00e4ufer und Verk\u00e4ufer von Restposten","robots":{"index":"index","follow":"follow","max-snippet":"max-snippet:-1","max-image-preview":"max-image-preview:large","max-video-preview":"max-video-preview:-1"},"canonical":"https:\/\/kooistra.com\/de\/produkt\/mango-servierbrett-38x20x25cm\/","og_locale":"de_DE","og_type":"article","og_title":"Gusta - Serveerplank - 38 x 20 x 2,5cm - Mango hout - Kooistra.com - Opkoper en verkoper restpartijen","og_description":"Merk: Gusta  Type: Serveerplank  Materiaal: Mangohout  Afmetingen: 38 x 20 x 2,5 cm  Extra's: Touwtje aan het handvat (om op te hangen)","og_url":"https:\/\/kooistra.com\/de\/produkt\/mango-servierbrett-38x20x25cm\/","og_site_name":"Kooistra.com - Opkoper en verkoper restpartijen","article_publisher":"https:\/\/www.facebook.com\/kooistracom\/?locale=nl_NL","article_modified_time":"2026-04-17T08:07:43+00:00","og_image":[{"width":1000,"height":1000,"url":"https:\/\/kooistra.com\/wp-content\/uploads\/2025\/07\/8712628321864.jpeg","type":"image\/jpeg"}],"twitter_card":"summary_large_image","twitter_misc":{"Gesch\u00e4tzte Lesezeit":"1\u00a0Minute"},"schema":{"@context":"https:\/\/schema.org","@graph":[{"@type":"WebPage","@id":"https:\/\/kooistra.com\/product\/mango-serveerplank-38x20x25cm\/","url":"https:\/\/kooistra.com\/product\/mango-serveerplank-38x20x25cm\/","name":"Gusta - Servierbrett - 38 x 20 x 2.5cm - Mangoholz - Kooistra.com - K\u00e4ufer und Verk\u00e4ufer von Restposten","isPartOf":{"@id":"https:\/\/kooistra.com\/#website"},"primaryImageOfPage":{"@id":"https:\/\/kooistra.com\/product\/mango-serveerplank-38x20x25cm\/#primaryimage"},"image":{"@id":"https:\/\/kooistra.com\/product\/mango-serveerplank-38x20x25cm\/#primaryimage"},"thumbnailUrl":"https:\/\/kooistra.com\/wp-content\/uploads\/2025\/07\/8712628321864.jpeg","datePublished":"2025-10-14T10:34:56+00:00","dateModified":"2026-04-17T08:07:43+00:00","breadcrumb":{"@id":"https:\/\/kooistra.com\/product\/mango-serveerplank-38x20x25cm\/#breadcrumb"},"inLanguage":"de","potentialAction":[{"@type":"ReadAction","target":["https:\/\/kooistra.com\/product\/mango-serveerplank-38x20x25cm\/"]}]},{"@type":"ImageObject","inLanguage":"de","@id":"https:\/\/kooistra.com\/product\/mango-serveerplank-38x20x25cm\/#primaryimage","url":"https:\/\/kooistra.com\/wp-content\/uploads\/2025\/07\/8712628321864.jpeg","contentUrl":"https:\/\/kooistra.com\/wp-content\/uploads\/2025\/07\/8712628321864.jpeg","width":1000,"height":1000},{"@type":"BreadcrumbList","@id":"https:\/\/kooistra.com\/product\/mango-serveerplank-38x20x25cm\/#breadcrumb","itemListElement":[{"@type":"ListItem","position":1,"name":"Home","item":"https:\/\/kooistra.com\/"},{"@type":"ListItem","position":2,"name":"Webshop","item":"https:\/\/kooistra.com\/webshop\/"},{"@type":"ListItem","position":3,"name":"Gusta &#8211; Serveerplank &#8211; 38 x 20 x 2,5cm &#8211; Mango hout"}]},{"@type":"WebSite","@id":"https:\/\/kooistra.com\/#website","url":"https:\/\/kooistra.com\/","name":"Kooistra.com Partei Handel Reste","description":"Wir kaufen alle Ihre Best\u00e4nde. Chargen, Retouren, Restchargen und andere Best\u00e4nde.","publisher":{"@id":"https:\/\/kooistra.com\/#organization"},"alternateName":"Opkoper en verkoper restpartijen","potentialAction":[{"@type":"SearchAction","target":{"@type":"EntryPoint","urlTemplate":"https:\/\/kooistra.com\/?s={search_term_string}"},"query-input":{"@type":"PropertyValueSpecification","valueRequired":true,"valueName":"search_term_string"}}],"inLanguage":"de"},{"@type":"Organization","@id":"https:\/\/kooistra.com\/#organization","name":"Kooistra.com BV","alternateName":"Restpartij opkopers","url":"https:\/\/kooistra.com\/","logo":{"@type":"ImageObject","inLanguage":"de","@id":"https:\/\/kooistra.com\/#\/schema\/logo\/image\/","url":"https:\/\/kooistra.com\/wp-content\/uploads\/2024\/11\/logo-Kooistra.com-nieuw-2024-kopie.png","contentUrl":"https:\/\/kooistra.com\/wp-content\/uploads\/2024\/11\/logo-Kooistra.com-nieuw-2024-kopie.png","width":3000,"height":1240,"caption":"Kooistra.com BV"},"image":{"@id":"https:\/\/kooistra.com\/#\/schema\/logo\/image\/"},"sameAs":["https:\/\/www.facebook.com\/kooistracom\/?locale=nl_NL","https:\/\/nl.linkedin.com\/company\/kooistra-com-b.v."]}]}},"_links":{"self":[{"href":"https:\/\/kooistra.com\/de\/wp-json\/wp\/v2\/product\/86908","targetHints":{"allow":["GET"]}}],"collection":[{"href":"https:\/\/kooistra.com\/de\/wp-json\/wp\/v2\/product"}],"about":[{"href":"https:\/\/kooistra.com\/de\/wp-json\/wp\/v2\/types\/product"}],"wp:featuredmedia":[{"embeddable":true,"href":"https:\/\/kooistra.com\/de\/wp-json\/wp\/v2\/media\/88604"}],"wp:attachment":[{"href":"https:\/\/kooistra.com\/de\/wp-json\/wp\/v2\/media?parent=86908"}],"wp:term":[{"taxonomy":"product_brand","embeddable":true,"href":"https:\/\/kooistra.com\/de\/wp-json\/wp\/v2\/product_brand?post=86908"},{"taxonomy":"product_cat","embeddable":true,"href":"https:\/\/kooistra.com\/de\/wp-json\/wp\/v2\/product_cat?post=86908"},{"taxonomy":"product_tag","embeddable":true,"href":"https:\/\/kooistra.com\/de\/wp-json\/wp\/v2\/product_tag?post=86908"}],"curies":[{"name":"wp","href":"https:\/\/api.w.org\/{rel}","templated":true}]}}