{"id":86920,"date":"2025-08-11T11:35:17","date_gmt":"2025-08-11T10:35:17","guid":{"rendered":"https:\/\/kooistra.com\/product\/theelichthouder-giftset-o7x8cm-paa\/"},"modified":"2026-04-08T21:36:41","modified_gmt":"2026-04-08T20:36:41","slug":"teelichthalter-geschenkset-o7x8cm-paa","status":"publish","type":"product","link":"https:\/\/kooistra.com\/de\/product\/theelichthouder-giftset-o7x8cm-paa\/","title":{"rendered":"Gusta - Teelichthalter - Geschenkset - \u00d8 7 x 8cm - Set"},"content":{"rendered":"<p>Bringen Sie Atmosph\u00e4re in Ihr Zuhause mit diesem eleganten <b>Gusta<\/b> Teelichthalter. Dieses stilvolle Zweier-Set ist aus <b>Braunglas<\/b> die ein warmes und stimmungsvolles Licht verbreiten. Sie werden in einer sch\u00f6nen Geschenkbox geliefert und sind ein perfektes Geschenk f\u00fcr jede Gelegenheit<\/p>","protected":false},"excerpt":{"rendered":"<ul>\n<li>Marke: Gusta<\/li>\n<li>Anzahl: 2 St\u00fcck<\/li>\n<li>Abmessungen: \u00d8 7 x 8 cm pro St\u00fcck<\/li>\n<li>Material: Glas<\/li>\n<li>Farbe: Braun<\/li>\n<li>Enth\u00e4lt 2 Teelichter<\/li>\n<li>Verpackt in einer luxuri\u00f6sen Geschenkbox<\/li>\n<\/ul>","protected":false},"featured_media":87395,"template":"","meta":[],"product_brand":[],"product_cat":[4406,339],"product_tag":[],"class_list":{"0":"post-86920","1":"product","2":"type-product","3":"status-publish","4":"has-post-thumbnail","6":"product_cat-gusta","7":"product_cat-wonen-decoratie","9":"first","10":"instock","11":"taxable","12":"shipping-taxable","13":"product-type-simple"},"yoast_head":"<!-- This site is optimized with the Yoast SEO plugin v27.4 - https:\/\/yoast.com\/product\/yoast-seo-wordpress\/ -->\n<title>Gusta - Theelichthouder - Giftset - \u00d8 7 x 8cm - setje - Kooistra.com - Opkoper en verkoper restpartijen<\/title>\n<meta name=\"robots\" content=\"index, follow, max-snippet:-1, max-image-preview:large, max-video-preview:-1\" \/>\n<link rel=\"canonical\" href=\"https:\/\/kooistra.com\/de\/produkt\/teelichthalter-geschenkset-o7x8cm-paa\/\" \/>\n<meta property=\"og:locale\" content=\"de_DE\" \/>\n<meta property=\"og:type\" content=\"article\" \/>\n<meta property=\"og:title\" content=\"Gusta - Theelichthouder - Giftset - \u00d8 7 x 8cm - setje - Kooistra.com - Opkoper en verkoper restpartijen\" \/>\n<meta property=\"og:description\" content=\"Merk: Gusta  Aantal: 2 stuks  Afmetingen: \u00d8 7 x 8 cm per stuk  Materiaal: Glas  Kleur: Bruin  Inclusief 2 theelichtjes  Verpakt in een luxe geschenkdoos\" \/>\n<meta property=\"og:url\" content=\"https:\/\/kooistra.com\/de\/produkt\/teelichthalter-geschenkset-o7x8cm-paa\/\" \/>\n<meta property=\"og:site_name\" content=\"Kooistra.com - Opkoper en verkoper restpartijen\" \/>\n<meta property=\"article:publisher\" content=\"https:\/\/www.facebook.com\/kooistracom\/?locale=nl_NL\" \/>\n<meta property=\"article:modified_time\" content=\"2026-04-08T20:36:41+00:00\" \/>\n<meta property=\"og:image\" content=\"https:\/\/kooistra.com\/wp-content\/uploads\/2025\/07\/8712628384104_01.jpeg\" \/>\n\t<meta property=\"og:image:width\" content=\"1000\" \/>\n\t<meta property=\"og:image:height\" content=\"1000\" \/>\n\t<meta property=\"og:image:type\" content=\"image\/jpeg\" \/>\n<meta name=\"twitter:card\" content=\"summary_large_image\" \/>\n<meta name=\"twitter:label1\" content=\"Gesch\u00e4tzte Lesezeit\" \/>\n\t<meta name=\"twitter:data1\" content=\"1\u00a0Minute\" \/>\n<script type=\"application\/ld+json\" class=\"yoast-schema-graph\">{\"@context\":\"https:\\\/\\\/schema.org\",\"@graph\":[{\"@type\":\"WebPage\",\"@id\":\"https:\\\/\\\/kooistra.com\\\/product\\\/theelichthouder-giftset-o7x8cm-paa\\\/\",\"url\":\"https:\\\/\\\/kooistra.com\\\/product\\\/theelichthouder-giftset-o7x8cm-paa\\\/\",\"name\":\"Gusta - Theelichthouder - Giftset - \u00d8 7 x 8cm - setje - Kooistra.com - Opkoper en verkoper restpartijen\",\"isPartOf\":{\"@id\":\"https:\\\/\\\/kooistra.com\\\/#website\"},\"primaryImageOfPage\":{\"@id\":\"https:\\\/\\\/kooistra.com\\\/product\\\/theelichthouder-giftset-o7x8cm-paa\\\/#primaryimage\"},\"image\":{\"@id\":\"https:\\\/\\\/kooistra.com\\\/product\\\/theelichthouder-giftset-o7x8cm-paa\\\/#primaryimage\"},\"thumbnailUrl\":\"https:\\\/\\\/kooistra.com\\\/wp-content\\\/uploads\\\/2025\\\/07\\\/8712628384104_01.jpeg\",\"datePublished\":\"2025-08-11T10:35:17+00:00\",\"dateModified\":\"2026-04-08T20:36:41+00:00\",\"breadcrumb\":{\"@id\":\"https:\\\/\\\/kooistra.com\\\/product\\\/theelichthouder-giftset-o7x8cm-paa\\\/#breadcrumb\"},\"inLanguage\":\"de\",\"potentialAction\":[{\"@type\":\"ReadAction\",\"target\":[\"https:\\\/\\\/kooistra.com\\\/product\\\/theelichthouder-giftset-o7x8cm-paa\\\/\"]}]},{\"@type\":\"ImageObject\",\"inLanguage\":\"de\",\"@id\":\"https:\\\/\\\/kooistra.com\\\/product\\\/theelichthouder-giftset-o7x8cm-paa\\\/#primaryimage\",\"url\":\"https:\\\/\\\/kooistra.com\\\/wp-content\\\/uploads\\\/2025\\\/07\\\/8712628384104_01.jpeg\",\"contentUrl\":\"https:\\\/\\\/kooistra.com\\\/wp-content\\\/uploads\\\/2025\\\/07\\\/8712628384104_01.jpeg\",\"width\":1000,\"height\":1000},{\"@type\":\"BreadcrumbList\",\"@id\":\"https:\\\/\\\/kooistra.com\\\/product\\\/theelichthouder-giftset-o7x8cm-paa\\\/#breadcrumb\",\"itemListElement\":[{\"@type\":\"ListItem\",\"position\":1,\"name\":\"Home\",\"item\":\"https:\\\/\\\/kooistra.com\\\/\"},{\"@type\":\"ListItem\",\"position\":2,\"name\":\"Webshop\",\"item\":\"https:\\\/\\\/kooistra.com\\\/webshop\\\/\"},{\"@type\":\"ListItem\",\"position\":3,\"name\":\"Gusta &#8211; Theelichthouder &#8211; Giftset &#8211; \u00d8 7 x 8cm &#8211; setje\"}]},{\"@type\":\"WebSite\",\"@id\":\"https:\\\/\\\/kooistra.com\\\/#website\",\"url\":\"https:\\\/\\\/kooistra.com\\\/\",\"name\":\"Kooistra.com Partijhandel Restpartijen\",\"description\":\"Wij kopen al uw voorraad. Partijen, retouren, restpartijen en andere voorraden.\",\"publisher\":{\"@id\":\"https:\\\/\\\/kooistra.com\\\/#organization\"},\"alternateName\":\"Opkoper en verkoper restpartijen\",\"potentialAction\":[{\"@type\":\"SearchAction\",\"target\":{\"@type\":\"EntryPoint\",\"urlTemplate\":\"https:\\\/\\\/kooistra.com\\\/?s={search_term_string}\"},\"query-input\":{\"@type\":\"PropertyValueSpecification\",\"valueRequired\":true,\"valueName\":\"search_term_string\"}}],\"inLanguage\":\"de\"},{\"@type\":\"Organization\",\"@id\":\"https:\\\/\\\/kooistra.com\\\/#organization\",\"name\":\"Kooistra.com BV\",\"alternateName\":\"Restpartij opkopers\",\"url\":\"https:\\\/\\\/kooistra.com\\\/\",\"logo\":{\"@type\":\"ImageObject\",\"inLanguage\":\"de\",\"@id\":\"https:\\\/\\\/kooistra.com\\\/#\\\/schema\\\/logo\\\/image\\\/\",\"url\":\"https:\\\/\\\/kooistra.com\\\/wp-content\\\/uploads\\\/2024\\\/11\\\/logo-Kooistra.com-nieuw-2024-kopie.png\",\"contentUrl\":\"https:\\\/\\\/kooistra.com\\\/wp-content\\\/uploads\\\/2024\\\/11\\\/logo-Kooistra.com-nieuw-2024-kopie.png\",\"width\":3000,\"height\":1240,\"caption\":\"Kooistra.com BV\"},\"image\":{\"@id\":\"https:\\\/\\\/kooistra.com\\\/#\\\/schema\\\/logo\\\/image\\\/\"},\"sameAs\":[\"https:\\\/\\\/www.facebook.com\\\/kooistracom\\\/?locale=nl_NL\",\"https:\\\/\\\/nl.linkedin.com\\\/company\\\/kooistra-com-b.v.\"]}]}<\/script>\n<!-- \/ Yoast SEO plugin. -->","yoast_head_json":{"title":"Gusta - Teelichthalter - Geschenkset - \u00d8 7 x 8cm - Set - Kooistra.de - Restposten f\u00fcr K\u00e4ufer und Verk\u00e4ufer","robots":{"index":"index","follow":"follow","max-snippet":"max-snippet:-1","max-image-preview":"max-image-preview:large","max-video-preview":"max-video-preview:-1"},"canonical":"https:\/\/kooistra.com\/de\/produkt\/teelichthalter-geschenkset-o7x8cm-paa\/","og_locale":"de_DE","og_type":"article","og_title":"Gusta - Theelichthouder - Giftset - \u00d8 7 x 8cm - setje - Kooistra.com - Opkoper en verkoper restpartijen","og_description":"Merk: Gusta  Aantal: 2 stuks  Afmetingen: \u00d8 7 x 8 cm per stuk  Materiaal: Glas  Kleur: Bruin  Inclusief 2 theelichtjes  Verpakt in een luxe geschenkdoos","og_url":"https:\/\/kooistra.com\/de\/produkt\/teelichthalter-geschenkset-o7x8cm-paa\/","og_site_name":"Kooistra.com - Opkoper en verkoper restpartijen","article_publisher":"https:\/\/www.facebook.com\/kooistracom\/?locale=nl_NL","article_modified_time":"2026-04-08T20:36:41+00:00","og_image":[{"width":1000,"height":1000,"url":"https:\/\/kooistra.com\/wp-content\/uploads\/2025\/07\/8712628384104_01.jpeg","type":"image\/jpeg"}],"twitter_card":"summary_large_image","twitter_misc":{"Gesch\u00e4tzte Lesezeit":"1\u00a0Minute"},"schema":{"@context":"https:\/\/schema.org","@graph":[{"@type":"WebPage","@id":"https:\/\/kooistra.com\/product\/theelichthouder-giftset-o7x8cm-paa\/","url":"https:\/\/kooistra.com\/product\/theelichthouder-giftset-o7x8cm-paa\/","name":"Gusta - Teelichthalter - Geschenkset - \u00d8 7 x 8cm - Set - Kooistra.de - Restposten f\u00fcr K\u00e4ufer und Verk\u00e4ufer","isPartOf":{"@id":"https:\/\/kooistra.com\/#website"},"primaryImageOfPage":{"@id":"https:\/\/kooistra.com\/product\/theelichthouder-giftset-o7x8cm-paa\/#primaryimage"},"image":{"@id":"https:\/\/kooistra.com\/product\/theelichthouder-giftset-o7x8cm-paa\/#primaryimage"},"thumbnailUrl":"https:\/\/kooistra.com\/wp-content\/uploads\/2025\/07\/8712628384104_01.jpeg","datePublished":"2025-08-11T10:35:17+00:00","dateModified":"2026-04-08T20:36:41+00:00","breadcrumb":{"@id":"https:\/\/kooistra.com\/product\/theelichthouder-giftset-o7x8cm-paa\/#breadcrumb"},"inLanguage":"de","potentialAction":[{"@type":"ReadAction","target":["https:\/\/kooistra.com\/product\/theelichthouder-giftset-o7x8cm-paa\/"]}]},{"@type":"ImageObject","inLanguage":"de","@id":"https:\/\/kooistra.com\/product\/theelichthouder-giftset-o7x8cm-paa\/#primaryimage","url":"https:\/\/kooistra.com\/wp-content\/uploads\/2025\/07\/8712628384104_01.jpeg","contentUrl":"https:\/\/kooistra.com\/wp-content\/uploads\/2025\/07\/8712628384104_01.jpeg","width":1000,"height":1000},{"@type":"BreadcrumbList","@id":"https:\/\/kooistra.com\/product\/theelichthouder-giftset-o7x8cm-paa\/#breadcrumb","itemListElement":[{"@type":"ListItem","position":1,"name":"Home","item":"https:\/\/kooistra.com\/"},{"@type":"ListItem","position":2,"name":"Webshop","item":"https:\/\/kooistra.com\/webshop\/"},{"@type":"ListItem","position":3,"name":"Gusta &#8211; Theelichthouder &#8211; Giftset &#8211; \u00d8 7 x 8cm &#8211; setje"}]},{"@type":"WebSite","@id":"https:\/\/kooistra.com\/#website","url":"https:\/\/kooistra.com\/","name":"Kooistra.com Partei Handel Reste","description":"Wir kaufen alle Ihre Best\u00e4nde. Chargen, Retouren, Restchargen und andere Best\u00e4nde.","publisher":{"@id":"https:\/\/kooistra.com\/#organization"},"alternateName":"Opkoper en verkoper restpartijen","potentialAction":[{"@type":"SearchAction","target":{"@type":"EntryPoint","urlTemplate":"https:\/\/kooistra.com\/?s={search_term_string}"},"query-input":{"@type":"PropertyValueSpecification","valueRequired":true,"valueName":"search_term_string"}}],"inLanguage":"de"},{"@type":"Organization","@id":"https:\/\/kooistra.com\/#organization","name":"Kooistra.com BV","alternateName":"Restpartij opkopers","url":"https:\/\/kooistra.com\/","logo":{"@type":"ImageObject","inLanguage":"de","@id":"https:\/\/kooistra.com\/#\/schema\/logo\/image\/","url":"https:\/\/kooistra.com\/wp-content\/uploads\/2024\/11\/logo-Kooistra.com-nieuw-2024-kopie.png","contentUrl":"https:\/\/kooistra.com\/wp-content\/uploads\/2024\/11\/logo-Kooistra.com-nieuw-2024-kopie.png","width":3000,"height":1240,"caption":"Kooistra.com BV"},"image":{"@id":"https:\/\/kooistra.com\/#\/schema\/logo\/image\/"},"sameAs":["https:\/\/www.facebook.com\/kooistracom\/?locale=nl_NL","https:\/\/nl.linkedin.com\/company\/kooistra-com-b.v."]}]}},"_links":{"self":[{"href":"https:\/\/kooistra.com\/de\/wp-json\/wp\/v2\/product\/86920","targetHints":{"allow":["GET"]}}],"collection":[{"href":"https:\/\/kooistra.com\/de\/wp-json\/wp\/v2\/product"}],"about":[{"href":"https:\/\/kooistra.com\/de\/wp-json\/wp\/v2\/types\/product"}],"wp:featuredmedia":[{"embeddable":true,"href":"https:\/\/kooistra.com\/de\/wp-json\/wp\/v2\/media\/87395"}],"wp:attachment":[{"href":"https:\/\/kooistra.com\/de\/wp-json\/wp\/v2\/media?parent=86920"}],"wp:term":[{"taxonomy":"product_brand","embeddable":true,"href":"https:\/\/kooistra.com\/de\/wp-json\/wp\/v2\/product_brand?post=86920"},{"taxonomy":"product_cat","embeddable":true,"href":"https:\/\/kooistra.com\/de\/wp-json\/wp\/v2\/product_cat?post=86920"},{"taxonomy":"product_tag","embeddable":true,"href":"https:\/\/kooistra.com\/de\/wp-json\/wp\/v2\/product_tag?post=86920"}],"curies":[{"name":"wp","href":"https:\/\/api.w.org\/{rel}","templated":true}]}}