{"id":88025,"date":"2025-09-12T11:21:37","date_gmt":"2025-09-12T10:21:37","guid":{"rendered":"https:\/\/kooistra.com\/product\/dantoy-bioplastic-plantingset-7-pieces\/"},"modified":"2026-04-24T10:01:18","modified_gmt":"2026-04-24T09:01:18","slug":"dantoy-biokunststoff-pflanzset-7-teilig","status":"publish","type":"product","link":"https:\/\/kooistra.com\/de\/product\/dantoy-bioplastic-plantingset-7-pieces\/","title":{"rendered":"Dantoy - BIOplastic - Pflanzenset - 7 Teile"},"content":{"rendered":"<p>Sch\u00f6nes Dantoy Garten-Set in sch\u00f6nen Trendfarben, hergestellt aus Biokunststoff mit dem Umweltzeichen Nordic Swan. Das Set ist perfekt f\u00fcr das Spielen drinnen und drau\u00dfen. Das Pflanzenset besteht aus Biokunststoff von Dantoy, der in D\u00e4nemark hergestellt und aus Zuckerrohr gewonnen wird. Das Produkt ist daher 100% wiederverwendbar und aus 100% nachhaltigen Ressourcen.<\/p>","protected":false},"excerpt":{"rendered":"<ul>\n<li>Das Set besteht aus 7 Teilen<\/li>\n<li>F\u00fcr die Verwendung ab 2 Jahren<\/li>\n<li>Sp\u00fclmaschinenfest<\/li>\n<li>Strapazierf\u00e4higes Material<\/li>\n<li>Biokunststoff aus Zuckerrohr<\/li>\n<li>Hergestellt in D\u00e4nemark<\/li>\n<li>Umweltzeichen Nordischer Schwan<\/li>\n<li>8 Sets im Karton<\/li>\n<\/ul>","protected":false},"featured_media":88113,"template":"","meta":[],"product_brand":[],"product_cat":[334],"product_tag":[],"class_list":{"0":"post-88025","1":"product","2":"type-product","3":"status-publish","4":"has-post-thumbnail","6":"product_cat-speelgoed","8":"first","9":"instock","10":"taxable","11":"shipping-taxable","12":"product-type-simple"},"yoast_head":"<!-- This site is optimized with the Yoast SEO plugin v27.4 - https:\/\/yoast.com\/product\/yoast-seo-wordpress\/ -->\n<title>Dantoy - BIOplastic - Plantingset - 7 pieces - Kooistra.com - Opkoper en verkoper restpartijen<\/title>\n<meta name=\"robots\" content=\"index, follow, max-snippet:-1, max-image-preview:large, max-video-preview:-1\" \/>\n<link rel=\"canonical\" href=\"https:\/\/kooistra.com\/de\/produkt\/dantoy-biokunststoff-pflanzset-7-teilig\/\" \/>\n<meta property=\"og:locale\" content=\"de_DE\" \/>\n<meta property=\"og:type\" content=\"article\" \/>\n<meta property=\"og:title\" content=\"Dantoy - BIOplastic - Plantingset - 7 pieces - Kooistra.com - Opkoper en verkoper restpartijen\" \/>\n<meta property=\"og:description\" content=\"Set bestaat uit 7 onderdelen  Te gebruiken vanaf 2 jaar  Vaatwasmachinebestendig  Duurzaam materiaal  Bioplastic gemaakt van suikerriet  Gemaakt in Denemarken  Nordic Swan Ecolabel  8 sets in omdoos\" \/>\n<meta property=\"og:url\" content=\"https:\/\/kooistra.com\/de\/produkt\/dantoy-biokunststoff-pflanzset-7-teilig\/\" \/>\n<meta property=\"og:site_name\" content=\"Kooistra.com - Opkoper en verkoper restpartijen\" \/>\n<meta property=\"article:publisher\" content=\"https:\/\/www.facebook.com\/kooistracom\/?locale=nl_NL\" \/>\n<meta property=\"article:modified_time\" content=\"2026-04-24T09:01:18+00:00\" \/>\n<meta property=\"og:image\" content=\"https:\/\/kooistra.com\/wp-content\/uploads\/2025\/09\/5701217056112.jpg\" \/>\n\t<meta property=\"og:image:width\" content=\"1000\" \/>\n\t<meta property=\"og:image:height\" content=\"1000\" \/>\n\t<meta property=\"og:image:type\" content=\"image\/jpeg\" \/>\n<meta name=\"twitter:card\" content=\"summary_large_image\" \/>\n<meta name=\"twitter:label1\" content=\"Gesch\u00e4tzte Lesezeit\" \/>\n\t<meta name=\"twitter:data1\" content=\"1\u00a0Minute\" \/>\n<script type=\"application\/ld+json\" class=\"yoast-schema-graph\">{\"@context\":\"https:\\\/\\\/schema.org\",\"@graph\":[{\"@type\":\"WebPage\",\"@id\":\"https:\\\/\\\/kooistra.com\\\/product\\\/dantoy-bioplastic-plantingset-7-pieces\\\/\",\"url\":\"https:\\\/\\\/kooistra.com\\\/product\\\/dantoy-bioplastic-plantingset-7-pieces\\\/\",\"name\":\"Dantoy - BIOplastic - Plantingset - 7 pieces - Kooistra.com - Opkoper en verkoper restpartijen\",\"isPartOf\":{\"@id\":\"https:\\\/\\\/kooistra.com\\\/#website\"},\"primaryImageOfPage\":{\"@id\":\"https:\\\/\\\/kooistra.com\\\/product\\\/dantoy-bioplastic-plantingset-7-pieces\\\/#primaryimage\"},\"image\":{\"@id\":\"https:\\\/\\\/kooistra.com\\\/product\\\/dantoy-bioplastic-plantingset-7-pieces\\\/#primaryimage\"},\"thumbnailUrl\":\"https:\\\/\\\/kooistra.com\\\/wp-content\\\/uploads\\\/2025\\\/09\\\/5701217056112.jpg\",\"datePublished\":\"2025-09-12T10:21:37+00:00\",\"dateModified\":\"2026-04-24T09:01:18+00:00\",\"breadcrumb\":{\"@id\":\"https:\\\/\\\/kooistra.com\\\/product\\\/dantoy-bioplastic-plantingset-7-pieces\\\/#breadcrumb\"},\"inLanguage\":\"de\",\"potentialAction\":[{\"@type\":\"ReadAction\",\"target\":[\"https:\\\/\\\/kooistra.com\\\/product\\\/dantoy-bioplastic-plantingset-7-pieces\\\/\"]}]},{\"@type\":\"ImageObject\",\"inLanguage\":\"de\",\"@id\":\"https:\\\/\\\/kooistra.com\\\/product\\\/dantoy-bioplastic-plantingset-7-pieces\\\/#primaryimage\",\"url\":\"https:\\\/\\\/kooistra.com\\\/wp-content\\\/uploads\\\/2025\\\/09\\\/5701217056112.jpg\",\"contentUrl\":\"https:\\\/\\\/kooistra.com\\\/wp-content\\\/uploads\\\/2025\\\/09\\\/5701217056112.jpg\",\"width\":1000,\"height\":1000},{\"@type\":\"BreadcrumbList\",\"@id\":\"https:\\\/\\\/kooistra.com\\\/product\\\/dantoy-bioplastic-plantingset-7-pieces\\\/#breadcrumb\",\"itemListElement\":[{\"@type\":\"ListItem\",\"position\":1,\"name\":\"Home\",\"item\":\"https:\\\/\\\/kooistra.com\\\/\"},{\"@type\":\"ListItem\",\"position\":2,\"name\":\"Webshop\",\"item\":\"https:\\\/\\\/kooistra.com\\\/webshop\\\/\"},{\"@type\":\"ListItem\",\"position\":3,\"name\":\"Dantoy &#8211; BIOplastic &#8211; Plantingset &#8211; 7 pieces\"}]},{\"@type\":\"WebSite\",\"@id\":\"https:\\\/\\\/kooistra.com\\\/#website\",\"url\":\"https:\\\/\\\/kooistra.com\\\/\",\"name\":\"Kooistra.com Partijhandel Restpartijen\",\"description\":\"Wij kopen al uw voorraad. Partijen, retouren, restpartijen en andere voorraden.\",\"publisher\":{\"@id\":\"https:\\\/\\\/kooistra.com\\\/#organization\"},\"alternateName\":\"Opkoper en verkoper restpartijen\",\"potentialAction\":[{\"@type\":\"SearchAction\",\"target\":{\"@type\":\"EntryPoint\",\"urlTemplate\":\"https:\\\/\\\/kooistra.com\\\/?s={search_term_string}\"},\"query-input\":{\"@type\":\"PropertyValueSpecification\",\"valueRequired\":true,\"valueName\":\"search_term_string\"}}],\"inLanguage\":\"de\"},{\"@type\":\"Organization\",\"@id\":\"https:\\\/\\\/kooistra.com\\\/#organization\",\"name\":\"Kooistra.com BV\",\"alternateName\":\"Restpartij opkopers\",\"url\":\"https:\\\/\\\/kooistra.com\\\/\",\"logo\":{\"@type\":\"ImageObject\",\"inLanguage\":\"de\",\"@id\":\"https:\\\/\\\/kooistra.com\\\/#\\\/schema\\\/logo\\\/image\\\/\",\"url\":\"https:\\\/\\\/kooistra.com\\\/wp-content\\\/uploads\\\/2024\\\/11\\\/logo-Kooistra.com-nieuw-2024-kopie.png\",\"contentUrl\":\"https:\\\/\\\/kooistra.com\\\/wp-content\\\/uploads\\\/2024\\\/11\\\/logo-Kooistra.com-nieuw-2024-kopie.png\",\"width\":3000,\"height\":1240,\"caption\":\"Kooistra.com BV\"},\"image\":{\"@id\":\"https:\\\/\\\/kooistra.com\\\/#\\\/schema\\\/logo\\\/image\\\/\"},\"sameAs\":[\"https:\\\/\\\/www.facebook.com\\\/kooistracom\\\/?locale=nl_NL\",\"https:\\\/\\\/nl.linkedin.com\\\/company\\\/kooistra-com-b.v.\"]}]}<\/script>\n<!-- \/ Yoast SEO plugin. -->","yoast_head_json":{"title":"Dantoy - BIOplastic - Pflanzenset - 7 St\u00fcck - Kooistra.de - K\u00e4ufer und Verk\u00e4ufer von Restposten","robots":{"index":"index","follow":"follow","max-snippet":"max-snippet:-1","max-image-preview":"max-image-preview:large","max-video-preview":"max-video-preview:-1"},"canonical":"https:\/\/kooistra.com\/de\/produkt\/dantoy-biokunststoff-pflanzset-7-teilig\/","og_locale":"de_DE","og_type":"article","og_title":"Dantoy - BIOplastic - Plantingset - 7 pieces - Kooistra.com - Opkoper en verkoper restpartijen","og_description":"Set bestaat uit 7 onderdelen  Te gebruiken vanaf 2 jaar  Vaatwasmachinebestendig  Duurzaam materiaal  Bioplastic gemaakt van suikerriet  Gemaakt in Denemarken  Nordic Swan Ecolabel  8 sets in omdoos","og_url":"https:\/\/kooistra.com\/de\/produkt\/dantoy-biokunststoff-pflanzset-7-teilig\/","og_site_name":"Kooistra.com - Opkoper en verkoper restpartijen","article_publisher":"https:\/\/www.facebook.com\/kooistracom\/?locale=nl_NL","article_modified_time":"2026-04-24T09:01:18+00:00","og_image":[{"width":1000,"height":1000,"url":"https:\/\/kooistra.com\/wp-content\/uploads\/2025\/09\/5701217056112.jpg","type":"image\/jpeg"}],"twitter_card":"summary_large_image","twitter_misc":{"Gesch\u00e4tzte Lesezeit":"1\u00a0Minute"},"schema":{"@context":"https:\/\/schema.org","@graph":[{"@type":"WebPage","@id":"https:\/\/kooistra.com\/product\/dantoy-bioplastic-plantingset-7-pieces\/","url":"https:\/\/kooistra.com\/product\/dantoy-bioplastic-plantingset-7-pieces\/","name":"Dantoy - BIOplastic - Pflanzenset - 7 St\u00fcck - Kooistra.de - K\u00e4ufer und Verk\u00e4ufer von Restposten","isPartOf":{"@id":"https:\/\/kooistra.com\/#website"},"primaryImageOfPage":{"@id":"https:\/\/kooistra.com\/product\/dantoy-bioplastic-plantingset-7-pieces\/#primaryimage"},"image":{"@id":"https:\/\/kooistra.com\/product\/dantoy-bioplastic-plantingset-7-pieces\/#primaryimage"},"thumbnailUrl":"https:\/\/kooistra.com\/wp-content\/uploads\/2025\/09\/5701217056112.jpg","datePublished":"2025-09-12T10:21:37+00:00","dateModified":"2026-04-24T09:01:18+00:00","breadcrumb":{"@id":"https:\/\/kooistra.com\/product\/dantoy-bioplastic-plantingset-7-pieces\/#breadcrumb"},"inLanguage":"de","potentialAction":[{"@type":"ReadAction","target":["https:\/\/kooistra.com\/product\/dantoy-bioplastic-plantingset-7-pieces\/"]}]},{"@type":"ImageObject","inLanguage":"de","@id":"https:\/\/kooistra.com\/product\/dantoy-bioplastic-plantingset-7-pieces\/#primaryimage","url":"https:\/\/kooistra.com\/wp-content\/uploads\/2025\/09\/5701217056112.jpg","contentUrl":"https:\/\/kooistra.com\/wp-content\/uploads\/2025\/09\/5701217056112.jpg","width":1000,"height":1000},{"@type":"BreadcrumbList","@id":"https:\/\/kooistra.com\/product\/dantoy-bioplastic-plantingset-7-pieces\/#breadcrumb","itemListElement":[{"@type":"ListItem","position":1,"name":"Home","item":"https:\/\/kooistra.com\/"},{"@type":"ListItem","position":2,"name":"Webshop","item":"https:\/\/kooistra.com\/webshop\/"},{"@type":"ListItem","position":3,"name":"Dantoy &#8211; BIOplastic &#8211; Plantingset &#8211; 7 pieces"}]},{"@type":"WebSite","@id":"https:\/\/kooistra.com\/#website","url":"https:\/\/kooistra.com\/","name":"Kooistra.com Partei Handel Reste","description":"Wir kaufen alle Ihre Best\u00e4nde. Chargen, Retouren, Restchargen und andere Best\u00e4nde.","publisher":{"@id":"https:\/\/kooistra.com\/#organization"},"alternateName":"Opkoper en verkoper restpartijen","potentialAction":[{"@type":"SearchAction","target":{"@type":"EntryPoint","urlTemplate":"https:\/\/kooistra.com\/?s={search_term_string}"},"query-input":{"@type":"PropertyValueSpecification","valueRequired":true,"valueName":"search_term_string"}}],"inLanguage":"de"},{"@type":"Organization","@id":"https:\/\/kooistra.com\/#organization","name":"Kooistra.com BV","alternateName":"Restpartij opkopers","url":"https:\/\/kooistra.com\/","logo":{"@type":"ImageObject","inLanguage":"de","@id":"https:\/\/kooistra.com\/#\/schema\/logo\/image\/","url":"https:\/\/kooistra.com\/wp-content\/uploads\/2024\/11\/logo-Kooistra.com-nieuw-2024-kopie.png","contentUrl":"https:\/\/kooistra.com\/wp-content\/uploads\/2024\/11\/logo-Kooistra.com-nieuw-2024-kopie.png","width":3000,"height":1240,"caption":"Kooistra.com BV"},"image":{"@id":"https:\/\/kooistra.com\/#\/schema\/logo\/image\/"},"sameAs":["https:\/\/www.facebook.com\/kooistracom\/?locale=nl_NL","https:\/\/nl.linkedin.com\/company\/kooistra-com-b.v."]}]}},"_links":{"self":[{"href":"https:\/\/kooistra.com\/de\/wp-json\/wp\/v2\/product\/88025","targetHints":{"allow":["GET"]}}],"collection":[{"href":"https:\/\/kooistra.com\/de\/wp-json\/wp\/v2\/product"}],"about":[{"href":"https:\/\/kooistra.com\/de\/wp-json\/wp\/v2\/types\/product"}],"wp:featuredmedia":[{"embeddable":true,"href":"https:\/\/kooistra.com\/de\/wp-json\/wp\/v2\/media\/88113"}],"wp:attachment":[{"href":"https:\/\/kooistra.com\/de\/wp-json\/wp\/v2\/media?parent=88025"}],"wp:term":[{"taxonomy":"product_brand","embeddable":true,"href":"https:\/\/kooistra.com\/de\/wp-json\/wp\/v2\/product_brand?post=88025"},{"taxonomy":"product_cat","embeddable":true,"href":"https:\/\/kooistra.com\/de\/wp-json\/wp\/v2\/product_cat?post=88025"},{"taxonomy":"product_tag","embeddable":true,"href":"https:\/\/kooistra.com\/de\/wp-json\/wp\/v2\/product_tag?post=88025"}],"curies":[{"name":"wp","href":"https:\/\/api.w.org\/{rel}","templated":true}]}}