{"id":88430,"date":"2025-10-06T12:47:44","date_gmt":"2025-10-06T11:47:44","guid":{"rendered":"https:\/\/kooistra.com\/?post_type=product&#038;p=88430"},"modified":"2026-04-07T09:22:35","modified_gmt":"2026-04-07T08:22:35","slug":"blocker-abfalltrenner-auf-beinen-28l-12l-mattschwarz-2","status":"publish","type":"product","link":"https:\/\/kooistra.com\/de\/product\/blokker-afvalscheider-op-pootjes-28l-12l-mat-zwart-2\/","title":{"rendered":"Blokker - M\u00fclltrenner auf Beinen - 28L + 12L - Mattschwarz"},"content":{"rendered":"<p><strong>Der Blokker Abfalltrenner auf Beinen<\/strong> ist die perfekte Mischung aus Stil und Funktionalit\u00e4t f\u00fcr jede K\u00fcche. Mit einem gro\u00dfz\u00fcgigen Fassungsverm\u00f6gen von 40 Litern (28 Liter + 12 Liter) ist er die ultimative L\u00f6sung f\u00fcr das Abfallmanagement. Das elegante mattschwarze Stahldesign verleiht Ihrer K\u00fcche einen modernen Look und f\u00fcgt sich m\u00fchelos in jeden Einrichtungsstil ein. Mit der praktischen Push-\u00d6ffnung wird das Entsorgen von Abf\u00e4llen zu einem hygienischen und einfachen Vorgang.<\/p>\n<p>Dieser Abfalltrenner verf\u00fcgt \u00fcber zwei herausnehmbare Inneneimer, mit denen Sie ganz einfach Abf\u00e4lle trennen und recyceln k\u00f6nnen, um sowohl die Umwelt als auch Ihre K\u00fcche in Ordnung zu halten.<\/p>\n<p><span style=\"color: #ff0000;\"><strong>Keine Verk\u00e4ufe in den Niederlanden<\/strong><\/span><\/p>\n<p>&nbsp;<\/p>","protected":false},"excerpt":{"rendered":"<p><span style=\"color: #ff0000;\"><strong>Keine Verk\u00e4ufe in den Niederlanden<\/strong><\/span><\/p>\n<ul>\n<li>Marke: Blokker<\/li>\n<li><span style=\"font-family: -apple-system, BlinkMacSystemFont, 'Segoe UI', Roboto, 'Helvetica Neue', Arial, 'Noto Sans', sans-serif, 'Apple Color Emoji', 'Segoe UI Emoji', 'Segoe UI Symbol', 'Noto Color Emoji';\">Artikelnummer: 0014676<\/span><\/li>\n<li><span style=\"font-family: -apple-system, BlinkMacSystemFont, 'Segoe UI', Roboto, 'Helvetica Neue', Arial, 'Noto Sans', sans-serif, 'Apple Color Emoji', 'Segoe UI Emoji', 'Segoe UI Symbol', 'Noto Color Emoji';\">Verpackungsinhalt: .<\/span><\/li>\n<li><span style=\"font-family: -apple-system, BlinkMacSystemFont, 'Segoe UI', Roboto, 'Helvetica Neue', Arial, 'Noto Sans', sans-serif, 'Apple Color Emoji', 'Segoe UI Emoji', 'Segoe UI Symbol', 'Noto Color Emoji';\">EAN: 8718827344055<\/span><\/li>\n<li><span style=\"font-family: -apple-system, BlinkMacSystemFont, 'Segoe UI', Roboto, 'Helvetica Neue', Arial, 'Noto Sans', sans-serif, 'Apple Color Emoji', 'Segoe UI Emoji', 'Segoe UI Symbol', 'Noto Color Emoji';\">Luftdicht: Ja<\/span><\/li>\n<li><span style=\"font-family: -apple-system, BlinkMacSystemFont, 'Segoe UI', Roboto, 'Helvetica Neue', Arial, 'Noto Sans', sans-serif, 'Apple Color Emoji', 'Segoe UI Emoji', 'Segoe UI Symbol', 'Noto Color Emoji';\">Aufh\u00e4ngbar: Ja<\/span><\/li>\n<li><span style=\"font-family: -apple-system, BlinkMacSystemFont, 'Segoe UI', Roboto, 'Helvetica Neue', Arial, 'Noto Sans', sans-serif, 'Apple Color Emoji', 'Segoe UI Emoji', 'Segoe UI Symbol', 'Noto Color Emoji';\">Herausnehmbare Innenschaufel: ja<\/span><\/li>\n<li><span style=\"font-family: -apple-system, BlinkMacSystemFont, 'Segoe UI', Roboto, 'Helvetica Neue', Arial, 'Noto Sans', sans-serif, 'Apple Color Emoji', 'Segoe UI Emoji', 'Segoe UI Symbol', 'Noto Color Emoji';\">Soft-Close: ja<\/span><\/li>\n<li><span style=\"font-family: -apple-system, BlinkMacSystemFont, 'Segoe UI', Roboto, 'Helvetica Neue', Arial, 'Noto Sans', sans-serif, 'Apple Color Emoji', 'Segoe UI Emoji', 'Segoe UI Symbol', 'Noto Color Emoji';\">Volumen in Liter: 40.0<\/span><\/li>\n<li><span style=\"font-family: -apple-system, BlinkMacSystemFont, 'Segoe UI', Roboto, 'Helvetica Neue', Arial, 'Noto Sans', sans-serif, 'Apple Color Emoji', 'Segoe UI Emoji', 'Segoe UI Symbol', 'Noto Color Emoji';\">Mit Deckel: ja<\/span><\/li>\n<li><span style=\"font-family: -apple-system, BlinkMacSystemFont, 'Segoe UI', Roboto, 'Helvetica Neue', Arial, 'Noto Sans', sans-serif, 'Apple Color Emoji', 'Segoe UI Emoji', 'Segoe UI Symbol', 'Noto Color Emoji';\">M\u00fclltonnensystem Typ: Push-System<\/span><\/li>\n<li><span style=\"font-family: -apple-system, BlinkMacSystemFont, 'Segoe UI', Roboto, 'Helvetica Neue', Arial, 'Noto Sans', sans-serif, 'Apple Color Emoji', 'Segoe UI Emoji', 'Segoe UI Symbol', 'Noto Color Emoji';\">Anzahl der F\u00e4cher: 2<\/span><\/li>\n<li><span style=\"font-family: -apple-system, BlinkMacSystemFont, 'Segoe UI', Roboto, 'Helvetica Neue', Arial, 'Noto Sans', sans-serif, 'Apple Color Emoji', 'Segoe UI Emoji', 'Segoe UI Symbol', 'Noto Color Emoji';\">Material des Inneneimers: Kunststoff<\/span><\/li>\n<li><span style=\"font-family: -apple-system, BlinkMacSystemFont, 'Segoe UI', Roboto, 'Helvetica Neue', Arial, 'Noto Sans', sans-serif, 'Apple Color Emoji', 'Segoe UI Emoji', 'Segoe UI Symbol', 'Noto Color Emoji';\">Frei von Fingerabdr\u00fccken: Ja<\/span><\/li>\n<li>Geeignet f\u00fcr den Wohnbereich: K\u00fcche<\/li>\n<li><span style=\"font-family: -apple-system, BlinkMacSystemFont, 'Segoe UI', Roboto, 'Helvetica Neue', Arial, 'Noto Sans', sans-serif, 'Apple Color Emoji', 'Segoe UI Emoji', 'Segoe UI Symbol', 'Noto Color Emoji';\">Form: Rechteckig<\/span><\/li>\n<li><span style=\"font-family: -apple-system, BlinkMacSystemFont, 'Segoe UI', Roboto, 'Helvetica Neue', Arial, 'Noto Sans', sans-serif, 'Apple Color Emoji', 'Segoe UI Emoji', 'Segoe UI Symbol', 'Noto Color Emoji';\">Farbe: Schwarz<\/span><\/li>\n<li><span style=\"font-family: -apple-system, BlinkMacSystemFont, 'Segoe UI', Roboto, 'Helvetica Neue', Arial, 'Noto Sans', sans-serif, 'Apple Color Emoji', 'Segoe UI Emoji', 'Segoe UI Symbol', 'Noto Color Emoji';\">Material: Eisen<\/span><\/li>\n<li><span style=\"font-family: -apple-system, BlinkMacSystemFont, 'Segoe UI', Roboto, 'Helvetica Neue', Arial, 'Noto Sans', sans-serif, 'Apple Color Emoji', 'Segoe UI Emoji', 'Segoe UI Symbol', 'Noto Color Emoji';\">Gr\u00f6\u00dfe (cm): 33,5 \u00d7 59 \u00d7 69,5 (L \u00d7 B \u00d7 H)<\/span><\/li>\n<li><span style=\"font-family: -apple-system, BlinkMacSystemFont, 'Segoe UI', Roboto, 'Helvetica Neue', Arial, 'Noto Sans', sans-serif, 'Apple Color Emoji', 'Segoe UI Emoji', 'Segoe UI Symbol', 'Noto Color Emoji';\">Durchmesser (cm): 0.0<\/span><\/li>\n<li><span style=\"font-family: -apple-system, BlinkMacSystemFont, 'Segoe UI', Roboto, 'Helvetica Neue', Arial, 'Noto Sans', sans-serif, 'Apple Color Emoji', 'Segoe UI Emoji', 'Segoe UI Symbol', 'Noto Color Emoji';\">Gewicht ohne Verpackung (g): 7210,0<\/span><\/li>\n<\/ul>","protected":false},"featured_media":88504,"template":"","meta":[],"product_brand":[],"product_cat":[336,350],"product_tag":[],"class_list":{"0":"post-88430","1":"product","2":"type-product","3":"status-publish","4":"has-post-thumbnail","6":"product_cat-huishouden-sanitair","7":"product_cat-op-aanvraag","9":"first","10":"instock","11":"taxable","12":"shipping-taxable","13":"product-type-simple"},"yoast_head":"<!-- This site is optimized with the Yoast SEO plugin v27.4 - https:\/\/yoast.com\/product\/yoast-seo-wordpress\/ -->\n<title>Blokker - Afvalscheider op Pootjes - 28L + 12L - Mat Zwart - Kooistra.com - Opkoper en verkoper restpartijen<\/title>\n<meta name=\"robots\" content=\"index, follow, max-snippet:-1, max-image-preview:large, max-video-preview:-1\" \/>\n<link rel=\"canonical\" href=\"https:\/\/kooistra.com\/de\/produkt\/blocker-abfalltrenner-auf-beinen-28l-12l-mattschwarz-2\/\" \/>\n<meta property=\"og:locale\" content=\"de_DE\" \/>\n<meta property=\"og:type\" content=\"article\" \/>\n<meta property=\"og:title\" content=\"Blokker - Afvalscheider op Pootjes - 28L + 12L - Mat Zwart - Kooistra.com - Opkoper en verkoper restpartijen\" \/>\n<meta property=\"og:description\" content=\"Geen verkoop in Nederland   Merk: Blokker  Artikelnummer: 0014676  Verpakkingsinhoud: .  EAN: 8718827344055  Luchtdicht: Ja  Ophangbaar: Ja  Uitneembare binnenemmer: Ja  Soft-Close: Ja  Inhoud in liters: 40,0  Met deksel: Ja  Type prullenbaksysteem: Push systeem  Aantal bakken: 2  Materiaal binnenemmer: Kunststof  Vingerafdruk vrij: Ja  Geschikt voor woonruimte: Keuken  Vorm: Rechthoekig  Kleur: Zwart  Materiaal: IJzer  Afmeting (cm): 33,5 \u00d7 59 \u00d7 69,5 (L \u00d7 B \u00d7 H)  Diameter (cm): 0,0  Gewicht exclusief verpakking (g): 7210,0\" \/>\n<meta property=\"og:url\" content=\"https:\/\/kooistra.com\/de\/produkt\/blocker-abfalltrenner-auf-beinen-28l-12l-mattschwarz-2\/\" \/>\n<meta property=\"og:site_name\" content=\"Kooistra.com - Opkoper en verkoper restpartijen\" \/>\n<meta property=\"article:publisher\" content=\"https:\/\/www.facebook.com\/kooistracom\/?locale=nl_NL\" \/>\n<meta property=\"article:modified_time\" content=\"2026-04-07T08:22:35+00:00\" \/>\n<meta property=\"og:image\" content=\"https:\/\/kooistra.com\/wp-content\/uploads\/2025\/10\/8718827344055_06.jpeg\" \/>\n\t<meta property=\"og:image:width\" content=\"1500\" \/>\n\t<meta property=\"og:image:height\" content=\"1500\" \/>\n\t<meta property=\"og:image:type\" content=\"image\/jpeg\" \/>\n<meta name=\"twitter:card\" content=\"summary_large_image\" \/>\n<meta name=\"twitter:label1\" content=\"Gesch\u00e4tzte Lesezeit\" \/>\n\t<meta name=\"twitter:data1\" content=\"1\u00a0Minute\" \/>\n<script type=\"application\/ld+json\" class=\"yoast-schema-graph\">{\"@context\":\"https:\\\/\\\/schema.org\",\"@graph\":[{\"@type\":\"WebPage\",\"@id\":\"https:\\\/\\\/kooistra.com\\\/product\\\/blokker-afvalscheider-op-pootjes-28l-12l-mat-zwart-2\\\/\",\"url\":\"https:\\\/\\\/kooistra.com\\\/product\\\/blokker-afvalscheider-op-pootjes-28l-12l-mat-zwart-2\\\/\",\"name\":\"Blokker - Afvalscheider op Pootjes - 28L + 12L - Mat Zwart - Kooistra.com - Opkoper en verkoper restpartijen\",\"isPartOf\":{\"@id\":\"https:\\\/\\\/kooistra.com\\\/#website\"},\"primaryImageOfPage\":{\"@id\":\"https:\\\/\\\/kooistra.com\\\/product\\\/blokker-afvalscheider-op-pootjes-28l-12l-mat-zwart-2\\\/#primaryimage\"},\"image\":{\"@id\":\"https:\\\/\\\/kooistra.com\\\/product\\\/blokker-afvalscheider-op-pootjes-28l-12l-mat-zwart-2\\\/#primaryimage\"},\"thumbnailUrl\":\"https:\\\/\\\/kooistra.com\\\/wp-content\\\/uploads\\\/2025\\\/10\\\/8718827344055_06.jpeg\",\"datePublished\":\"2025-10-06T11:47:44+00:00\",\"dateModified\":\"2026-04-07T08:22:35+00:00\",\"breadcrumb\":{\"@id\":\"https:\\\/\\\/kooistra.com\\\/product\\\/blokker-afvalscheider-op-pootjes-28l-12l-mat-zwart-2\\\/#breadcrumb\"},\"inLanguage\":\"de\",\"potentialAction\":[{\"@type\":\"ReadAction\",\"target\":[\"https:\\\/\\\/kooistra.com\\\/product\\\/blokker-afvalscheider-op-pootjes-28l-12l-mat-zwart-2\\\/\"]}]},{\"@type\":\"ImageObject\",\"inLanguage\":\"de\",\"@id\":\"https:\\\/\\\/kooistra.com\\\/product\\\/blokker-afvalscheider-op-pootjes-28l-12l-mat-zwart-2\\\/#primaryimage\",\"url\":\"https:\\\/\\\/kooistra.com\\\/wp-content\\\/uploads\\\/2025\\\/10\\\/8718827344055_06.jpeg\",\"contentUrl\":\"https:\\\/\\\/kooistra.com\\\/wp-content\\\/uploads\\\/2025\\\/10\\\/8718827344055_06.jpeg\",\"width\":1500,\"height\":1500},{\"@type\":\"BreadcrumbList\",\"@id\":\"https:\\\/\\\/kooistra.com\\\/product\\\/blokker-afvalscheider-op-pootjes-28l-12l-mat-zwart-2\\\/#breadcrumb\",\"itemListElement\":[{\"@type\":\"ListItem\",\"position\":1,\"name\":\"Home\",\"item\":\"https:\\\/\\\/kooistra.com\\\/\"},{\"@type\":\"ListItem\",\"position\":2,\"name\":\"Webshop\",\"item\":\"https:\\\/\\\/kooistra.com\\\/webshop\\\/\"},{\"@type\":\"ListItem\",\"position\":3,\"name\":\"Blokker &#8211; Afvalscheider op Pootjes &#8211; 28L + 12L &#8211; Mat Zwart\"}]},{\"@type\":\"WebSite\",\"@id\":\"https:\\\/\\\/kooistra.com\\\/#website\",\"url\":\"https:\\\/\\\/kooistra.com\\\/\",\"name\":\"Kooistra.com Partijhandel Restpartijen\",\"description\":\"Wij kopen al uw voorraad. Partijen, retouren, restpartijen en andere voorraden.\",\"publisher\":{\"@id\":\"https:\\\/\\\/kooistra.com\\\/#organization\"},\"alternateName\":\"Opkoper en verkoper restpartijen\",\"potentialAction\":[{\"@type\":\"SearchAction\",\"target\":{\"@type\":\"EntryPoint\",\"urlTemplate\":\"https:\\\/\\\/kooistra.com\\\/?s={search_term_string}\"},\"query-input\":{\"@type\":\"PropertyValueSpecification\",\"valueRequired\":true,\"valueName\":\"search_term_string\"}}],\"inLanguage\":\"de\"},{\"@type\":\"Organization\",\"@id\":\"https:\\\/\\\/kooistra.com\\\/#organization\",\"name\":\"Kooistra.com BV\",\"alternateName\":\"Restpartij opkopers\",\"url\":\"https:\\\/\\\/kooistra.com\\\/\",\"logo\":{\"@type\":\"ImageObject\",\"inLanguage\":\"de\",\"@id\":\"https:\\\/\\\/kooistra.com\\\/#\\\/schema\\\/logo\\\/image\\\/\",\"url\":\"https:\\\/\\\/kooistra.com\\\/wp-content\\\/uploads\\\/2024\\\/11\\\/logo-Kooistra.com-nieuw-2024-kopie.png\",\"contentUrl\":\"https:\\\/\\\/kooistra.com\\\/wp-content\\\/uploads\\\/2024\\\/11\\\/logo-Kooistra.com-nieuw-2024-kopie.png\",\"width\":3000,\"height\":1240,\"caption\":\"Kooistra.com BV\"},\"image\":{\"@id\":\"https:\\\/\\\/kooistra.com\\\/#\\\/schema\\\/logo\\\/image\\\/\"},\"sameAs\":[\"https:\\\/\\\/www.facebook.com\\\/kooistracom\\\/?locale=nl_NL\",\"https:\\\/\\\/nl.linkedin.com\\\/company\\\/kooistra-com-b.v.\"]}]}<\/script>\n<!-- \/ Yoast SEO plugin. -->","yoast_head_json":{"title":"Blokker - M\u00fclltrenner auf Beinen - 28L + 12L - Matt Schwarz - Kooistra.de - K\u00e4ufer und Verk\u00e4ufer von Restposten","robots":{"index":"index","follow":"follow","max-snippet":"max-snippet:-1","max-image-preview":"max-image-preview:large","max-video-preview":"max-video-preview:-1"},"canonical":"https:\/\/kooistra.com\/de\/produkt\/blocker-abfalltrenner-auf-beinen-28l-12l-mattschwarz-2\/","og_locale":"de_DE","og_type":"article","og_title":"Blokker - Afvalscheider op Pootjes - 28L + 12L - Mat Zwart - Kooistra.com - Opkoper en verkoper restpartijen","og_description":"Geen verkoop in Nederland   Merk: Blokker  Artikelnummer: 0014676  Verpakkingsinhoud: .  EAN: 8718827344055  Luchtdicht: Ja  Ophangbaar: Ja  Uitneembare binnenemmer: Ja  Soft-Close: Ja  Inhoud in liters: 40,0  Met deksel: Ja  Type prullenbaksysteem: Push systeem  Aantal bakken: 2  Materiaal binnenemmer: Kunststof  Vingerafdruk vrij: Ja  Geschikt voor woonruimte: Keuken  Vorm: Rechthoekig  Kleur: Zwart  Materiaal: IJzer  Afmeting (cm): 33,5 \u00d7 59 \u00d7 69,5 (L \u00d7 B \u00d7 H)  Diameter (cm): 0,0  Gewicht exclusief verpakking (g): 7210,0","og_url":"https:\/\/kooistra.com\/de\/produkt\/blocker-abfalltrenner-auf-beinen-28l-12l-mattschwarz-2\/","og_site_name":"Kooistra.com - Opkoper en verkoper restpartijen","article_publisher":"https:\/\/www.facebook.com\/kooistracom\/?locale=nl_NL","article_modified_time":"2026-04-07T08:22:35+00:00","og_image":[{"width":1500,"height":1500,"url":"https:\/\/kooistra.com\/wp-content\/uploads\/2025\/10\/8718827344055_06.jpeg","type":"image\/jpeg"}],"twitter_card":"summary_large_image","twitter_misc":{"Gesch\u00e4tzte Lesezeit":"1\u00a0Minute"},"schema":{"@context":"https:\/\/schema.org","@graph":[{"@type":"WebPage","@id":"https:\/\/kooistra.com\/product\/blokker-afvalscheider-op-pootjes-28l-12l-mat-zwart-2\/","url":"https:\/\/kooistra.com\/product\/blokker-afvalscheider-op-pootjes-28l-12l-mat-zwart-2\/","name":"Blokker - M\u00fclltrenner auf Beinen - 28L + 12L - Matt Schwarz - Kooistra.de - K\u00e4ufer und Verk\u00e4ufer von Restposten","isPartOf":{"@id":"https:\/\/kooistra.com\/#website"},"primaryImageOfPage":{"@id":"https:\/\/kooistra.com\/product\/blokker-afvalscheider-op-pootjes-28l-12l-mat-zwart-2\/#primaryimage"},"image":{"@id":"https:\/\/kooistra.com\/product\/blokker-afvalscheider-op-pootjes-28l-12l-mat-zwart-2\/#primaryimage"},"thumbnailUrl":"https:\/\/kooistra.com\/wp-content\/uploads\/2025\/10\/8718827344055_06.jpeg","datePublished":"2025-10-06T11:47:44+00:00","dateModified":"2026-04-07T08:22:35+00:00","breadcrumb":{"@id":"https:\/\/kooistra.com\/product\/blokker-afvalscheider-op-pootjes-28l-12l-mat-zwart-2\/#breadcrumb"},"inLanguage":"de","potentialAction":[{"@type":"ReadAction","target":["https:\/\/kooistra.com\/product\/blokker-afvalscheider-op-pootjes-28l-12l-mat-zwart-2\/"]}]},{"@type":"ImageObject","inLanguage":"de","@id":"https:\/\/kooistra.com\/product\/blokker-afvalscheider-op-pootjes-28l-12l-mat-zwart-2\/#primaryimage","url":"https:\/\/kooistra.com\/wp-content\/uploads\/2025\/10\/8718827344055_06.jpeg","contentUrl":"https:\/\/kooistra.com\/wp-content\/uploads\/2025\/10\/8718827344055_06.jpeg","width":1500,"height":1500},{"@type":"BreadcrumbList","@id":"https:\/\/kooistra.com\/product\/blokker-afvalscheider-op-pootjes-28l-12l-mat-zwart-2\/#breadcrumb","itemListElement":[{"@type":"ListItem","position":1,"name":"Home","item":"https:\/\/kooistra.com\/"},{"@type":"ListItem","position":2,"name":"Webshop","item":"https:\/\/kooistra.com\/webshop\/"},{"@type":"ListItem","position":3,"name":"Blokker &#8211; Afvalscheider op Pootjes &#8211; 28L + 12L &#8211; Mat Zwart"}]},{"@type":"WebSite","@id":"https:\/\/kooistra.com\/#website","url":"https:\/\/kooistra.com\/","name":"Kooistra.com Partei Handel Reste","description":"Wir kaufen alle Ihre Best\u00e4nde. Chargen, Retouren, Restchargen und andere Best\u00e4nde.","publisher":{"@id":"https:\/\/kooistra.com\/#organization"},"alternateName":"Opkoper en verkoper restpartijen","potentialAction":[{"@type":"SearchAction","target":{"@type":"EntryPoint","urlTemplate":"https:\/\/kooistra.com\/?s={search_term_string}"},"query-input":{"@type":"PropertyValueSpecification","valueRequired":true,"valueName":"search_term_string"}}],"inLanguage":"de"},{"@type":"Organization","@id":"https:\/\/kooistra.com\/#organization","name":"Kooistra.com BV","alternateName":"Restpartij opkopers","url":"https:\/\/kooistra.com\/","logo":{"@type":"ImageObject","inLanguage":"de","@id":"https:\/\/kooistra.com\/#\/schema\/logo\/image\/","url":"https:\/\/kooistra.com\/wp-content\/uploads\/2024\/11\/logo-Kooistra.com-nieuw-2024-kopie.png","contentUrl":"https:\/\/kooistra.com\/wp-content\/uploads\/2024\/11\/logo-Kooistra.com-nieuw-2024-kopie.png","width":3000,"height":1240,"caption":"Kooistra.com BV"},"image":{"@id":"https:\/\/kooistra.com\/#\/schema\/logo\/image\/"},"sameAs":["https:\/\/www.facebook.com\/kooistracom\/?locale=nl_NL","https:\/\/nl.linkedin.com\/company\/kooistra-com-b.v."]}]}},"_links":{"self":[{"href":"https:\/\/kooistra.com\/de\/wp-json\/wp\/v2\/product\/88430","targetHints":{"allow":["GET"]}}],"collection":[{"href":"https:\/\/kooistra.com\/de\/wp-json\/wp\/v2\/product"}],"about":[{"href":"https:\/\/kooistra.com\/de\/wp-json\/wp\/v2\/types\/product"}],"wp:featuredmedia":[{"embeddable":true,"href":"https:\/\/kooistra.com\/de\/wp-json\/wp\/v2\/media\/88504"}],"wp:attachment":[{"href":"https:\/\/kooistra.com\/de\/wp-json\/wp\/v2\/media?parent=88430"}],"wp:term":[{"taxonomy":"product_brand","embeddable":true,"href":"https:\/\/kooistra.com\/de\/wp-json\/wp\/v2\/product_brand?post=88430"},{"taxonomy":"product_cat","embeddable":true,"href":"https:\/\/kooistra.com\/de\/wp-json\/wp\/v2\/product_cat?post=88430"},{"taxonomy":"product_tag","embeddable":true,"href":"https:\/\/kooistra.com\/de\/wp-json\/wp\/v2\/product_tag?post=88430"}],"curies":[{"name":"wp","href":"https:\/\/api.w.org\/{rel}","templated":true}]}}