{"id":88681,"date":"2025-10-21T10:06:20","date_gmt":"2025-10-21T09:06:20","guid":{"rendered":"https:\/\/kooistra.com\/?post_type=product&#038;p=88681"},"modified":"2026-03-02T09:31:52","modified_gmt":"2026-03-02T08:31:52","slug":"blocker-haartrockner-bl-22004-schwarz-2200w-2","status":"publish","type":"product","link":"https:\/\/kooistra.com\/de\/product\/blokker-fohn-bl-22004-zwart-2200w-2\/","title":{"rendered":"Blokker - Haartrockner - BL-22004 - schwarz - 2200W"},"content":{"rendered":"<p>Wenn Sie es morgens oft eilig haben, aber nicht mit nassem Haar aus der T\u00fcr gehen wollen, dann ist der Blokker Haartrockner BL-22004 genau das Richtige f\u00fcr Sie. Dieser Haartrockner hat eine hohe Leistung und trocknet Ihr Haar daher besonders schnell. Bei diesem Haartrockner von Blokker haben Sie die Wahl zwischen 3 Temperatureinstellungen und 2 F\u00f6hnmodi. <span class=\"citation-171 citation-end-171\">W\u00e4hlen Sie die h\u00f6chste Temperatur in Kombination mit der h\u00e4rtesten F\u00f6hneinstellung und Ihr Haar ist im Nu trocken. Wenn Sie fertig sind, schlie\u00dfen Sie mit dem Kaltblasmodus ab. Dies fixiert Ihr Haar, so dass es l\u00e4nger in Form bleibt. <\/span><span class=\"citation-170 citation-end-170\">Bei dem Blokker Haartrockner BL-22<\/span>004 erhalten Sie eine schmale Gebl\u00e4sed\u00fcse und einen Diffusor. Damit k\u00f6nnen Sie Ihre Locken sehr pr\u00e4zise modellieren oder Ihrem Haar zus\u00e4tzliches Volumen verleihen.<\/p>\n<div class=\"source-inline-chip-container ng-star-inserted\"><\/div>\n<div class=\"source-inline-chip-container ng-star-inserted\"><\/div>\n<p>&nbsp;<\/p>","protected":false},"excerpt":{"rendered":"<p>Verpackt pro 6 St\u00fcck<br \/>\n<strong>Keine Verk\u00e4ufe innerhalb der Niederlande<\/strong><\/p>\n<ul>\n<li><b>Marke:<\/b> Blokker<\/li>\n<li><b>Garantiezeit:<\/b> 24 Monate<\/li>\n<li><b>Artikel Nummer:<\/b> 1740583<\/li>\n<li><b>EAN:<\/b> 8718827217779<\/li>\n<li><b>Modell:<\/b> BL-22004<\/li>\n<li><b>Leistung (Watt):<\/b> 2200.0<\/li>\n<li><b>Anzahl der Modi:<\/b> 3 (Temperatur)<\/li>\n<li><b>Kalter Modus:<\/b> Ja<\/li>\n<li><b>Farbe:<\/b> Rosa<\/li>\n<li><b>Gr\u00f6\u00dfe (cm):<\/b> 26.5x7x27 (LxBxH)<\/li>\n<li><b>Geeignet f\u00fcr den Haartyp:<\/b> Normales Haar<\/li>\n<li><b>Zus\u00e4tzliche Spezifikationen, die im Text erw\u00e4hnt werden:<\/b>\n<ul>\n<li>2 Gebl\u00e4segeschwindigkeiten<\/li>\n<li>Inklusive Diffusor und flacher Stylingd\u00fcse<\/li>\n<li>Aufh\u00e4ngehaken<\/li>\n<li>Herausnehmbarer Filter<\/li>\n<li>2 Jahre Garantie<\/li>\n<\/ul>\n<\/li>\n<\/ul>","protected":false},"featured_media":88701,"template":"","meta":[],"product_brand":[],"product_cat":[348,350],"product_tag":[4415],"class_list":{"0":"post-88681","1":"product","2":"type-product","3":"status-publish","4":"has-post-thumbnail","6":"product_cat-elektronica","7":"product_cat-op-aanvraag","8":"product_tag-haardroger","10":"first","11":"outofstock","12":"taxable","13":"shipping-taxable","14":"product-type-simple"},"yoast_head":"<!-- This site is optimized with the Yoast SEO plugin v27.4 - https:\/\/yoast.com\/product\/yoast-seo-wordpress\/ -->\n<title>Blokker - F\u00f6hn - BL-22004 - zwart - 2200W - Kooistra.com - Opkoper en verkoper restpartijen<\/title>\n<meta name=\"robots\" content=\"index, follow, max-snippet:-1, max-image-preview:large, max-video-preview:-1\" \/>\n<link rel=\"canonical\" href=\"https:\/\/kooistra.com\/de\/produkt\/blocker-haartrockner-bl-22004-schwarz-2200w-2\/\" \/>\n<meta property=\"og:locale\" content=\"de_DE\" \/>\n<meta property=\"og:type\" content=\"article\" \/>\n<meta property=\"og:title\" content=\"Blokker - F\u00f6hn - BL-22004 - zwart - 2200W - Kooistra.com - Opkoper en verkoper restpartijen\" \/>\n<meta property=\"og:description\" content=\"Verpakt per 6 stuks Geen verkoop binnen Nederland   Merk: Blokker  Garantietermijn: 24 maanden  Artikelnummer: 1740583  EAN: 8718827217779  Model: BL-22004  Vermogen (Watt): 2200.0  Aantal standen: 3 (temperatuur)  Koude stand: Ja  Kleur: Roze  Afmeting (cm): 26,5x7x27 (LxBxH)  Geschikt voor type haar: Normaal haar  Extra specificaties vermeld in de tekst:   2 blaassnelheden  Inclusief diffuser en platte stylingblaasmond  Ophanghaak  Afneembaar filter  2 jaar garantie\" \/>\n<meta property=\"og:url\" content=\"https:\/\/kooistra.com\/de\/produkt\/blocker-haartrockner-bl-22004-schwarz-2200w-2\/\" \/>\n<meta property=\"og:site_name\" content=\"Kooistra.com - Opkoper en verkoper restpartijen\" \/>\n<meta property=\"article:publisher\" content=\"https:\/\/www.facebook.com\/kooistracom\/?locale=nl_NL\" \/>\n<meta property=\"article:modified_time\" content=\"2026-03-02T08:31:52+00:00\" \/>\n<meta property=\"og:image\" content=\"https:\/\/kooistra.com\/wp-content\/uploads\/2025\/10\/1740583_01.jpeg\" \/>\n\t<meta property=\"og:image:width\" content=\"1500\" \/>\n\t<meta property=\"og:image:height\" content=\"1500\" \/>\n\t<meta property=\"og:image:type\" content=\"image\/jpeg\" \/>\n<meta name=\"twitter:card\" content=\"summary_large_image\" \/>\n<meta name=\"twitter:label1\" content=\"Gesch\u00e4tzte Lesezeit\" \/>\n\t<meta name=\"twitter:data1\" content=\"1\u00a0Minute\" \/>\n<script type=\"application\/ld+json\" class=\"yoast-schema-graph\">{\"@context\":\"https:\\\/\\\/schema.org\",\"@graph\":[{\"@type\":\"WebPage\",\"@id\":\"https:\\\/\\\/kooistra.com\\\/product\\\/blokker-fohn-bl-22004-zwart-2200w-2\\\/\",\"url\":\"https:\\\/\\\/kooistra.com\\\/product\\\/blokker-fohn-bl-22004-zwart-2200w-2\\\/\",\"name\":\"Blokker - F\u00f6hn - BL-22004 - zwart - 2200W - Kooistra.com - Opkoper en verkoper restpartijen\",\"isPartOf\":{\"@id\":\"https:\\\/\\\/kooistra.com\\\/#website\"},\"primaryImageOfPage\":{\"@id\":\"https:\\\/\\\/kooistra.com\\\/product\\\/blokker-fohn-bl-22004-zwart-2200w-2\\\/#primaryimage\"},\"image\":{\"@id\":\"https:\\\/\\\/kooistra.com\\\/product\\\/blokker-fohn-bl-22004-zwart-2200w-2\\\/#primaryimage\"},\"thumbnailUrl\":\"https:\\\/\\\/kooistra.com\\\/wp-content\\\/uploads\\\/2025\\\/10\\\/1740583_01.jpeg\",\"datePublished\":\"2025-10-21T09:06:20+00:00\",\"dateModified\":\"2026-03-02T08:31:52+00:00\",\"breadcrumb\":{\"@id\":\"https:\\\/\\\/kooistra.com\\\/product\\\/blokker-fohn-bl-22004-zwart-2200w-2\\\/#breadcrumb\"},\"inLanguage\":\"de\",\"potentialAction\":[{\"@type\":\"ReadAction\",\"target\":[\"https:\\\/\\\/kooistra.com\\\/product\\\/blokker-fohn-bl-22004-zwart-2200w-2\\\/\"]}]},{\"@type\":\"ImageObject\",\"inLanguage\":\"de\",\"@id\":\"https:\\\/\\\/kooistra.com\\\/product\\\/blokker-fohn-bl-22004-zwart-2200w-2\\\/#primaryimage\",\"url\":\"https:\\\/\\\/kooistra.com\\\/wp-content\\\/uploads\\\/2025\\\/10\\\/1740583_01.jpeg\",\"contentUrl\":\"https:\\\/\\\/kooistra.com\\\/wp-content\\\/uploads\\\/2025\\\/10\\\/1740583_01.jpeg\",\"width\":1500,\"height\":1500},{\"@type\":\"BreadcrumbList\",\"@id\":\"https:\\\/\\\/kooistra.com\\\/product\\\/blokker-fohn-bl-22004-zwart-2200w-2\\\/#breadcrumb\",\"itemListElement\":[{\"@type\":\"ListItem\",\"position\":1,\"name\":\"Home\",\"item\":\"https:\\\/\\\/kooistra.com\\\/\"},{\"@type\":\"ListItem\",\"position\":2,\"name\":\"Webshop\",\"item\":\"https:\\\/\\\/kooistra.com\\\/webshop\\\/\"},{\"@type\":\"ListItem\",\"position\":3,\"name\":\"Blokker &#8211; F\u00f6hn &#8211; BL-22004 &#8211; zwart &#8211; 2200W\"}]},{\"@type\":\"WebSite\",\"@id\":\"https:\\\/\\\/kooistra.com\\\/#website\",\"url\":\"https:\\\/\\\/kooistra.com\\\/\",\"name\":\"Kooistra.com Partijhandel Restpartijen\",\"description\":\"Wij kopen al uw voorraad. Partijen, retouren, restpartijen en andere voorraden.\",\"publisher\":{\"@id\":\"https:\\\/\\\/kooistra.com\\\/#organization\"},\"alternateName\":\"Opkoper en verkoper restpartijen\",\"potentialAction\":[{\"@type\":\"SearchAction\",\"target\":{\"@type\":\"EntryPoint\",\"urlTemplate\":\"https:\\\/\\\/kooistra.com\\\/?s={search_term_string}\"},\"query-input\":{\"@type\":\"PropertyValueSpecification\",\"valueRequired\":true,\"valueName\":\"search_term_string\"}}],\"inLanguage\":\"de\"},{\"@type\":\"Organization\",\"@id\":\"https:\\\/\\\/kooistra.com\\\/#organization\",\"name\":\"Kooistra.com BV\",\"alternateName\":\"Restpartij opkopers\",\"url\":\"https:\\\/\\\/kooistra.com\\\/\",\"logo\":{\"@type\":\"ImageObject\",\"inLanguage\":\"de\",\"@id\":\"https:\\\/\\\/kooistra.com\\\/#\\\/schema\\\/logo\\\/image\\\/\",\"url\":\"https:\\\/\\\/kooistra.com\\\/wp-content\\\/uploads\\\/2024\\\/11\\\/logo-Kooistra.com-nieuw-2024-kopie.png\",\"contentUrl\":\"https:\\\/\\\/kooistra.com\\\/wp-content\\\/uploads\\\/2024\\\/11\\\/logo-Kooistra.com-nieuw-2024-kopie.png\",\"width\":3000,\"height\":1240,\"caption\":\"Kooistra.com BV\"},\"image\":{\"@id\":\"https:\\\/\\\/kooistra.com\\\/#\\\/schema\\\/logo\\\/image\\\/\"},\"sameAs\":[\"https:\\\/\\\/www.facebook.com\\\/kooistracom\\\/?locale=nl_NL\",\"https:\\\/\\\/nl.linkedin.com\\\/company\\\/kooistra-com-b.v.\"]}]}<\/script>\n<!-- \/ Yoast SEO plugin. -->","yoast_head_json":{"title":"Blokker - Haartrockner - BL-22004 - schwarz - 2200W - Kooistra.de - K\u00e4ufer und Verk\u00e4ufer von Restposten","robots":{"index":"index","follow":"follow","max-snippet":"max-snippet:-1","max-image-preview":"max-image-preview:large","max-video-preview":"max-video-preview:-1"},"canonical":"https:\/\/kooistra.com\/de\/produkt\/blocker-haartrockner-bl-22004-schwarz-2200w-2\/","og_locale":"de_DE","og_type":"article","og_title":"Blokker - F\u00f6hn - BL-22004 - zwart - 2200W - Kooistra.com - Opkoper en verkoper restpartijen","og_description":"Verpakt per 6 stuks Geen verkoop binnen Nederland   Merk: Blokker  Garantietermijn: 24 maanden  Artikelnummer: 1740583  EAN: 8718827217779  Model: BL-22004  Vermogen (Watt): 2200.0  Aantal standen: 3 (temperatuur)  Koude stand: Ja  Kleur: Roze  Afmeting (cm): 26,5x7x27 (LxBxH)  Geschikt voor type haar: Normaal haar  Extra specificaties vermeld in de tekst:   2 blaassnelheden  Inclusief diffuser en platte stylingblaasmond  Ophanghaak  Afneembaar filter  2 jaar garantie","og_url":"https:\/\/kooistra.com\/de\/produkt\/blocker-haartrockner-bl-22004-schwarz-2200w-2\/","og_site_name":"Kooistra.com - Opkoper en verkoper restpartijen","article_publisher":"https:\/\/www.facebook.com\/kooistracom\/?locale=nl_NL","article_modified_time":"2026-03-02T08:31:52+00:00","og_image":[{"width":1500,"height":1500,"url":"https:\/\/kooistra.com\/wp-content\/uploads\/2025\/10\/1740583_01.jpeg","type":"image\/jpeg"}],"twitter_card":"summary_large_image","twitter_misc":{"Gesch\u00e4tzte Lesezeit":"1\u00a0Minute"},"schema":{"@context":"https:\/\/schema.org","@graph":[{"@type":"WebPage","@id":"https:\/\/kooistra.com\/product\/blokker-fohn-bl-22004-zwart-2200w-2\/","url":"https:\/\/kooistra.com\/product\/blokker-fohn-bl-22004-zwart-2200w-2\/","name":"Blokker - Haartrockner - BL-22004 - schwarz - 2200W - Kooistra.de - K\u00e4ufer und Verk\u00e4ufer von Restposten","isPartOf":{"@id":"https:\/\/kooistra.com\/#website"},"primaryImageOfPage":{"@id":"https:\/\/kooistra.com\/product\/blokker-fohn-bl-22004-zwart-2200w-2\/#primaryimage"},"image":{"@id":"https:\/\/kooistra.com\/product\/blokker-fohn-bl-22004-zwart-2200w-2\/#primaryimage"},"thumbnailUrl":"https:\/\/kooistra.com\/wp-content\/uploads\/2025\/10\/1740583_01.jpeg","datePublished":"2025-10-21T09:06:20+00:00","dateModified":"2026-03-02T08:31:52+00:00","breadcrumb":{"@id":"https:\/\/kooistra.com\/product\/blokker-fohn-bl-22004-zwart-2200w-2\/#breadcrumb"},"inLanguage":"de","potentialAction":[{"@type":"ReadAction","target":["https:\/\/kooistra.com\/product\/blokker-fohn-bl-22004-zwart-2200w-2\/"]}]},{"@type":"ImageObject","inLanguage":"de","@id":"https:\/\/kooistra.com\/product\/blokker-fohn-bl-22004-zwart-2200w-2\/#primaryimage","url":"https:\/\/kooistra.com\/wp-content\/uploads\/2025\/10\/1740583_01.jpeg","contentUrl":"https:\/\/kooistra.com\/wp-content\/uploads\/2025\/10\/1740583_01.jpeg","width":1500,"height":1500},{"@type":"BreadcrumbList","@id":"https:\/\/kooistra.com\/product\/blokker-fohn-bl-22004-zwart-2200w-2\/#breadcrumb","itemListElement":[{"@type":"ListItem","position":1,"name":"Home","item":"https:\/\/kooistra.com\/"},{"@type":"ListItem","position":2,"name":"Webshop","item":"https:\/\/kooistra.com\/webshop\/"},{"@type":"ListItem","position":3,"name":"Blokker &#8211; F\u00f6hn &#8211; BL-22004 &#8211; zwart &#8211; 2200W"}]},{"@type":"WebSite","@id":"https:\/\/kooistra.com\/#website","url":"https:\/\/kooistra.com\/","name":"Kooistra.com Partei Handel Reste","description":"Wir kaufen alle Ihre Best\u00e4nde. Chargen, Retouren, Restchargen und andere Best\u00e4nde.","publisher":{"@id":"https:\/\/kooistra.com\/#organization"},"alternateName":"Opkoper en verkoper restpartijen","potentialAction":[{"@type":"SearchAction","target":{"@type":"EntryPoint","urlTemplate":"https:\/\/kooistra.com\/?s={search_term_string}"},"query-input":{"@type":"PropertyValueSpecification","valueRequired":true,"valueName":"search_term_string"}}],"inLanguage":"de"},{"@type":"Organization","@id":"https:\/\/kooistra.com\/#organization","name":"Kooistra.com BV","alternateName":"Restpartij opkopers","url":"https:\/\/kooistra.com\/","logo":{"@type":"ImageObject","inLanguage":"de","@id":"https:\/\/kooistra.com\/#\/schema\/logo\/image\/","url":"https:\/\/kooistra.com\/wp-content\/uploads\/2024\/11\/logo-Kooistra.com-nieuw-2024-kopie.png","contentUrl":"https:\/\/kooistra.com\/wp-content\/uploads\/2024\/11\/logo-Kooistra.com-nieuw-2024-kopie.png","width":3000,"height":1240,"caption":"Kooistra.com BV"},"image":{"@id":"https:\/\/kooistra.com\/#\/schema\/logo\/image\/"},"sameAs":["https:\/\/www.facebook.com\/kooistracom\/?locale=nl_NL","https:\/\/nl.linkedin.com\/company\/kooistra-com-b.v."]}]}},"_links":{"self":[{"href":"https:\/\/kooistra.com\/de\/wp-json\/wp\/v2\/product\/88681","targetHints":{"allow":["GET"]}}],"collection":[{"href":"https:\/\/kooistra.com\/de\/wp-json\/wp\/v2\/product"}],"about":[{"href":"https:\/\/kooistra.com\/de\/wp-json\/wp\/v2\/types\/product"}],"wp:featuredmedia":[{"embeddable":true,"href":"https:\/\/kooistra.com\/de\/wp-json\/wp\/v2\/media\/88701"}],"wp:attachment":[{"href":"https:\/\/kooistra.com\/de\/wp-json\/wp\/v2\/media?parent=88681"}],"wp:term":[{"taxonomy":"product_brand","embeddable":true,"href":"https:\/\/kooistra.com\/de\/wp-json\/wp\/v2\/product_brand?post=88681"},{"taxonomy":"product_cat","embeddable":true,"href":"https:\/\/kooistra.com\/de\/wp-json\/wp\/v2\/product_cat?post=88681"},{"taxonomy":"product_tag","embeddable":true,"href":"https:\/\/kooistra.com\/de\/wp-json\/wp\/v2\/product_tag?post=88681"}],"curies":[{"name":"wp","href":"https:\/\/api.w.org\/{rel}","templated":true}]}}