{"id":88801,"date":"2025-10-23T12:25:48","date_gmt":"2025-10-23T11:25:48","guid":{"rendered":"https:\/\/kooistra.com\/?post_type=product&#038;p=88801"},"modified":"2026-04-08T19:05:37","modified_gmt":"2026-04-08T18:05:37","slug":"typischer-hollandischer-adapter-fur-hauser-und-figuren-2","status":"publish","type":"product","link":"https:\/\/kooistra.com\/de\/product\/typisch-hollands-adapter-voor-huisjes-en-figuren-2\/","title":{"rendered":"Typisch niederl\u00e4ndisch - Adapter f\u00fcr H\u00e4user und Figuren"},"content":{"rendered":"<p>ieses universelle <b>Adapter f\u00fcr H\u00e4user und Figuren<\/b> der Serie <b>'Typisch niederl\u00e4ndisch'<\/b> von <b>Blokker<\/b> versorgen Sie Ihre Miniaturfiguren einfach und zuverl\u00e4ssig mit Strom. Der Adapter wurde speziell f\u00fcr die Stromversorgung der LED-Lichter in den Miniaturh\u00e4usern und -figuren in dieser Kollektion entwickelt, so dass Sie nicht auf Batterien angewiesen sind. Der Adapter bietet eine <b>Ausgang von 3V DC<\/b> und eignet sich dank seiner Eigenschaften f\u00fcr den weltweiten Einsatz. <b>Eingang von 100-240V AC<\/b>. Ideal, um die Atmosph\u00e4re Ihres Weihnachtsdorfes oder Ihrer Winterszene kontinuierlich zu erhalten.<\/p>","protected":false},"excerpt":{"rendered":"<p>Verpackt pro 96 St\u00fcck<\/p>\n<p><strong>Keine Verk\u00e4ufe innerhalb der Niederlande<\/strong><\/p>\n<ul>\n<li><b>Marke:<\/b> Blokker<\/li>\n<li><b>Serie:<\/b> Typisch Niederl\u00e4ndisch<\/li>\n<li><b>Art:<\/b> Adapter\/Netzteil<\/li>\n<li><b>Eingabe:<\/b> <span class=\"math-inline\" data-math=\"100 - 240 \\text{V AC}, 50\/60 \\text{ Hz}, 0,15 \\text{ A}\">100 - 240 V AC 50\/60 Hz 0,15A<\/span><\/li>\n<li><b>Ausgabe:<\/b> <span class=\"math-inline\" data-math=\"3 \\text{V DC}, 0,5 \\text{ A}\">3 V DC 0,5 A<\/span><\/li>\n<li><b>Verwendung:<\/b> Geeignet f\u00fcr Miniaturh\u00e4user und Figuren aus der Serie 'Typical Dutch' mit Adapterfassung.<\/li>\n<li><b>Funktion:<\/b> Liefert Strom f\u00fcr die LED-Beleuchtung (ersetzt die Batterien).<\/li>\n<li><b>EAN:<\/b> 8718827256082<\/li>\n<\/ul>","protected":false},"featured_media":88800,"template":"","meta":[],"product_brand":[],"product_cat":[348,356,350,339],"product_tag":[],"class_list":{"0":"post-88801","1":"product","2":"type-product","3":"status-publish","4":"has-post-thumbnail","6":"product_cat-elektronica","7":"product_cat-kerst","8":"product_cat-op-aanvraag","9":"product_cat-wonen-decoratie","11":"first","12":"instock","13":"taxable","14":"shipping-taxable","15":"product-type-simple"},"yoast_head":"<!-- This site is optimized with the Yoast SEO plugin v27.4 - https:\/\/yoast.com\/product\/yoast-seo-wordpress\/ -->\n<title>Typisch Hollands - Adapter voor Huisjes en Figuren - Kooistra.com - Opkoper en verkoper restpartijen<\/title>\n<meta name=\"robots\" content=\"index, follow, max-snippet:-1, max-image-preview:large, max-video-preview:-1\" \/>\n<link rel=\"canonical\" href=\"https:\/\/kooistra.com\/de\/produkt\/typischer-hollandischer-adapter-fur-hauser-und-figuren-2\/\" \/>\n<meta property=\"og:locale\" content=\"de_DE\" \/>\n<meta property=\"og:type\" content=\"article\" \/>\n<meta property=\"og:title\" content=\"Typisch Hollands - Adapter voor Huisjes en Figuren - Kooistra.com - Opkoper en verkoper restpartijen\" \/>\n<meta property=\"og:description\" content=\"Verpakt per 96 stuks  Geen verkoop binnen Nederland   Merk: Blokker  Serie: Typisch Hollands  Type: Adapter \/ Stroomvoorziening  Input: 100 - 240 V AC 50\/60\u00a0 Hz 0,15A  Output: 3 V DC 0,5 A  Gebruik: Geschikt voor miniatuurhuisjes en figuren uit de &#039;Typisch Hollands&#039; serie met adapteraansluiting.  Functie: Levert stroom voor de LED-verlichting (vervangt batterijen).  EAN: 8718827256082\" \/>\n<meta property=\"og:url\" content=\"https:\/\/kooistra.com\/de\/produkt\/typischer-hollandischer-adapter-fur-hauser-und-figuren-2\/\" \/>\n<meta property=\"og:site_name\" content=\"Kooistra.com - Opkoper en verkoper restpartijen\" \/>\n<meta property=\"article:publisher\" content=\"https:\/\/www.facebook.com\/kooistracom\/?locale=nl_NL\" \/>\n<meta property=\"article:modified_time\" content=\"2026-04-08T18:05:37+00:00\" \/>\n<meta property=\"og:image\" content=\"https:\/\/kooistra.com\/wp-content\/uploads\/2025\/01\/0006059_01.jpeg\" \/>\n\t<meta property=\"og:image:width\" content=\"1500\" \/>\n\t<meta property=\"og:image:height\" content=\"1500\" \/>\n\t<meta property=\"og:image:type\" content=\"image\/jpeg\" \/>\n<meta name=\"twitter:card\" content=\"summary_large_image\" \/>\n<meta name=\"twitter:label1\" content=\"Gesch\u00e4tzte Lesezeit\" \/>\n\t<meta name=\"twitter:data1\" content=\"1\u00a0Minute\" \/>\n<script type=\"application\/ld+json\" class=\"yoast-schema-graph\">{\"@context\":\"https:\\\/\\\/schema.org\",\"@graph\":[{\"@type\":\"WebPage\",\"@id\":\"https:\\\/\\\/kooistra.com\\\/product\\\/typisch-hollands-adapter-voor-huisjes-en-figuren-2\\\/\",\"url\":\"https:\\\/\\\/kooistra.com\\\/product\\\/typisch-hollands-adapter-voor-huisjes-en-figuren-2\\\/\",\"name\":\"Typisch Hollands - Adapter voor Huisjes en Figuren - Kooistra.com - Opkoper en verkoper restpartijen\",\"isPartOf\":{\"@id\":\"https:\\\/\\\/kooistra.com\\\/#website\"},\"primaryImageOfPage\":{\"@id\":\"https:\\\/\\\/kooistra.com\\\/product\\\/typisch-hollands-adapter-voor-huisjes-en-figuren-2\\\/#primaryimage\"},\"image\":{\"@id\":\"https:\\\/\\\/kooistra.com\\\/product\\\/typisch-hollands-adapter-voor-huisjes-en-figuren-2\\\/#primaryimage\"},\"thumbnailUrl\":\"https:\\\/\\\/kooistra.com\\\/wp-content\\\/uploads\\\/2025\\\/01\\\/0006059_01.jpeg\",\"datePublished\":\"2025-10-23T11:25:48+00:00\",\"dateModified\":\"2026-04-08T18:05:37+00:00\",\"breadcrumb\":{\"@id\":\"https:\\\/\\\/kooistra.com\\\/product\\\/typisch-hollands-adapter-voor-huisjes-en-figuren-2\\\/#breadcrumb\"},\"inLanguage\":\"de\",\"potentialAction\":[{\"@type\":\"ReadAction\",\"target\":[\"https:\\\/\\\/kooistra.com\\\/product\\\/typisch-hollands-adapter-voor-huisjes-en-figuren-2\\\/\"]}]},{\"@type\":\"ImageObject\",\"inLanguage\":\"de\",\"@id\":\"https:\\\/\\\/kooistra.com\\\/product\\\/typisch-hollands-adapter-voor-huisjes-en-figuren-2\\\/#primaryimage\",\"url\":\"https:\\\/\\\/kooistra.com\\\/wp-content\\\/uploads\\\/2025\\\/01\\\/0006059_01.jpeg\",\"contentUrl\":\"https:\\\/\\\/kooistra.com\\\/wp-content\\\/uploads\\\/2025\\\/01\\\/0006059_01.jpeg\",\"width\":1500,\"height\":1500},{\"@type\":\"BreadcrumbList\",\"@id\":\"https:\\\/\\\/kooistra.com\\\/product\\\/typisch-hollands-adapter-voor-huisjes-en-figuren-2\\\/#breadcrumb\",\"itemListElement\":[{\"@type\":\"ListItem\",\"position\":1,\"name\":\"Home\",\"item\":\"https:\\\/\\\/kooistra.com\\\/\"},{\"@type\":\"ListItem\",\"position\":2,\"name\":\"Webshop\",\"item\":\"https:\\\/\\\/kooistra.com\\\/webshop\\\/\"},{\"@type\":\"ListItem\",\"position\":3,\"name\":\"Typisch Hollands &#8211; Adapter voor Huisjes en Figuren\"}]},{\"@type\":\"WebSite\",\"@id\":\"https:\\\/\\\/kooistra.com\\\/#website\",\"url\":\"https:\\\/\\\/kooistra.com\\\/\",\"name\":\"Kooistra.com Partijhandel Restpartijen\",\"description\":\"Wij kopen al uw voorraad. Partijen, retouren, restpartijen en andere voorraden.\",\"publisher\":{\"@id\":\"https:\\\/\\\/kooistra.com\\\/#organization\"},\"alternateName\":\"Opkoper en verkoper restpartijen\",\"potentialAction\":[{\"@type\":\"SearchAction\",\"target\":{\"@type\":\"EntryPoint\",\"urlTemplate\":\"https:\\\/\\\/kooistra.com\\\/?s={search_term_string}\"},\"query-input\":{\"@type\":\"PropertyValueSpecification\",\"valueRequired\":true,\"valueName\":\"search_term_string\"}}],\"inLanguage\":\"de\"},{\"@type\":\"Organization\",\"@id\":\"https:\\\/\\\/kooistra.com\\\/#organization\",\"name\":\"Kooistra.com BV\",\"alternateName\":\"Restpartij opkopers\",\"url\":\"https:\\\/\\\/kooistra.com\\\/\",\"logo\":{\"@type\":\"ImageObject\",\"inLanguage\":\"de\",\"@id\":\"https:\\\/\\\/kooistra.com\\\/#\\\/schema\\\/logo\\\/image\\\/\",\"url\":\"https:\\\/\\\/kooistra.com\\\/wp-content\\\/uploads\\\/2024\\\/11\\\/logo-Kooistra.com-nieuw-2024-kopie.png\",\"contentUrl\":\"https:\\\/\\\/kooistra.com\\\/wp-content\\\/uploads\\\/2024\\\/11\\\/logo-Kooistra.com-nieuw-2024-kopie.png\",\"width\":3000,\"height\":1240,\"caption\":\"Kooistra.com BV\"},\"image\":{\"@id\":\"https:\\\/\\\/kooistra.com\\\/#\\\/schema\\\/logo\\\/image\\\/\"},\"sameAs\":[\"https:\\\/\\\/www.facebook.com\\\/kooistracom\\\/?locale=nl_NL\",\"https:\\\/\\\/nl.linkedin.com\\\/company\\\/kooistra-com-b.v.\"]}]}<\/script>\n<!-- \/ Yoast SEO plugin. -->","yoast_head_json":{"title":"Typisch Niederl\u00e4ndisch - Adapter f\u00fcr H\u00e4user und Figuren - Kooistra.com - K\u00e4ufer und Verk\u00e4ufer von Restposten","robots":{"index":"index","follow":"follow","max-snippet":"max-snippet:-1","max-image-preview":"max-image-preview:large","max-video-preview":"max-video-preview:-1"},"canonical":"https:\/\/kooistra.com\/de\/produkt\/typischer-hollandischer-adapter-fur-hauser-und-figuren-2\/","og_locale":"de_DE","og_type":"article","og_title":"Typisch Hollands - Adapter voor Huisjes en Figuren - Kooistra.com - Opkoper en verkoper restpartijen","og_description":"Verpakt per 96 stuks  Geen verkoop binnen Nederland   Merk: Blokker  Serie: Typisch Hollands  Type: Adapter \/ Stroomvoorziening  Input: 100 - 240 V AC 50\/60\u00a0 Hz 0,15A  Output: 3 V DC 0,5 A  Gebruik: Geschikt voor miniatuurhuisjes en figuren uit de 'Typisch Hollands' serie met adapteraansluiting.  Functie: Levert stroom voor de LED-verlichting (vervangt batterijen).  EAN: 8718827256082","og_url":"https:\/\/kooistra.com\/de\/produkt\/typischer-hollandischer-adapter-fur-hauser-und-figuren-2\/","og_site_name":"Kooistra.com - Opkoper en verkoper restpartijen","article_publisher":"https:\/\/www.facebook.com\/kooistracom\/?locale=nl_NL","article_modified_time":"2026-04-08T18:05:37+00:00","og_image":[{"width":1500,"height":1500,"url":"https:\/\/kooistra.com\/wp-content\/uploads\/2025\/01\/0006059_01.jpeg","type":"image\/jpeg"}],"twitter_card":"summary_large_image","twitter_misc":{"Gesch\u00e4tzte Lesezeit":"1\u00a0Minute"},"schema":{"@context":"https:\/\/schema.org","@graph":[{"@type":"WebPage","@id":"https:\/\/kooistra.com\/product\/typisch-hollands-adapter-voor-huisjes-en-figuren-2\/","url":"https:\/\/kooistra.com\/product\/typisch-hollands-adapter-voor-huisjes-en-figuren-2\/","name":"Typisch Niederl\u00e4ndisch - Adapter f\u00fcr H\u00e4user und Figuren - Kooistra.com - K\u00e4ufer und Verk\u00e4ufer von Restposten","isPartOf":{"@id":"https:\/\/kooistra.com\/#website"},"primaryImageOfPage":{"@id":"https:\/\/kooistra.com\/product\/typisch-hollands-adapter-voor-huisjes-en-figuren-2\/#primaryimage"},"image":{"@id":"https:\/\/kooistra.com\/product\/typisch-hollands-adapter-voor-huisjes-en-figuren-2\/#primaryimage"},"thumbnailUrl":"https:\/\/kooistra.com\/wp-content\/uploads\/2025\/01\/0006059_01.jpeg","datePublished":"2025-10-23T11:25:48+00:00","dateModified":"2026-04-08T18:05:37+00:00","breadcrumb":{"@id":"https:\/\/kooistra.com\/product\/typisch-hollands-adapter-voor-huisjes-en-figuren-2\/#breadcrumb"},"inLanguage":"de","potentialAction":[{"@type":"ReadAction","target":["https:\/\/kooistra.com\/product\/typisch-hollands-adapter-voor-huisjes-en-figuren-2\/"]}]},{"@type":"ImageObject","inLanguage":"de","@id":"https:\/\/kooistra.com\/product\/typisch-hollands-adapter-voor-huisjes-en-figuren-2\/#primaryimage","url":"https:\/\/kooistra.com\/wp-content\/uploads\/2025\/01\/0006059_01.jpeg","contentUrl":"https:\/\/kooistra.com\/wp-content\/uploads\/2025\/01\/0006059_01.jpeg","width":1500,"height":1500},{"@type":"BreadcrumbList","@id":"https:\/\/kooistra.com\/product\/typisch-hollands-adapter-voor-huisjes-en-figuren-2\/#breadcrumb","itemListElement":[{"@type":"ListItem","position":1,"name":"Home","item":"https:\/\/kooistra.com\/"},{"@type":"ListItem","position":2,"name":"Webshop","item":"https:\/\/kooistra.com\/webshop\/"},{"@type":"ListItem","position":3,"name":"Typisch Hollands &#8211; Adapter voor Huisjes en Figuren"}]},{"@type":"WebSite","@id":"https:\/\/kooistra.com\/#website","url":"https:\/\/kooistra.com\/","name":"Kooistra.com Partei Handel Reste","description":"Wir kaufen alle Ihre Best\u00e4nde. Chargen, Retouren, Restchargen und andere Best\u00e4nde.","publisher":{"@id":"https:\/\/kooistra.com\/#organization"},"alternateName":"Opkoper en verkoper restpartijen","potentialAction":[{"@type":"SearchAction","target":{"@type":"EntryPoint","urlTemplate":"https:\/\/kooistra.com\/?s={search_term_string}"},"query-input":{"@type":"PropertyValueSpecification","valueRequired":true,"valueName":"search_term_string"}}],"inLanguage":"de"},{"@type":"Organization","@id":"https:\/\/kooistra.com\/#organization","name":"Kooistra.com BV","alternateName":"Restpartij opkopers","url":"https:\/\/kooistra.com\/","logo":{"@type":"ImageObject","inLanguage":"de","@id":"https:\/\/kooistra.com\/#\/schema\/logo\/image\/","url":"https:\/\/kooistra.com\/wp-content\/uploads\/2024\/11\/logo-Kooistra.com-nieuw-2024-kopie.png","contentUrl":"https:\/\/kooistra.com\/wp-content\/uploads\/2024\/11\/logo-Kooistra.com-nieuw-2024-kopie.png","width":3000,"height":1240,"caption":"Kooistra.com BV"},"image":{"@id":"https:\/\/kooistra.com\/#\/schema\/logo\/image\/"},"sameAs":["https:\/\/www.facebook.com\/kooistracom\/?locale=nl_NL","https:\/\/nl.linkedin.com\/company\/kooistra-com-b.v."]}]}},"_links":{"self":[{"href":"https:\/\/kooistra.com\/de\/wp-json\/wp\/v2\/product\/88801","targetHints":{"allow":["GET"]}}],"collection":[{"href":"https:\/\/kooistra.com\/de\/wp-json\/wp\/v2\/product"}],"about":[{"href":"https:\/\/kooistra.com\/de\/wp-json\/wp\/v2\/types\/product"}],"wp:featuredmedia":[{"embeddable":true,"href":"https:\/\/kooistra.com\/de\/wp-json\/wp\/v2\/media\/88800"}],"wp:attachment":[{"href":"https:\/\/kooistra.com\/de\/wp-json\/wp\/v2\/media?parent=88801"}],"wp:term":[{"taxonomy":"product_brand","embeddable":true,"href":"https:\/\/kooistra.com\/de\/wp-json\/wp\/v2\/product_brand?post=88801"},{"taxonomy":"product_cat","embeddable":true,"href":"https:\/\/kooistra.com\/de\/wp-json\/wp\/v2\/product_cat?post=88801"},{"taxonomy":"product_tag","embeddable":true,"href":"https:\/\/kooistra.com\/de\/wp-json\/wp\/v2\/product_tag?post=88801"}],"curies":[{"name":"wp","href":"https:\/\/api.w.org\/{rel}","templated":true}]}}