{"id":89910,"date":"2026-04-29T08:59:09","date_gmt":"2026-04-29T07:59:09","guid":{"rendered":"https:\/\/kooistra.com\/product\/wawa-kitchen-set-red-55x30x83cm\/"},"modified":"2026-04-30T10:18:43","modified_gmt":"2026-04-30T09:18:43","slug":"wawa-kuchenset-rot-55x30x83cm","status":"publish","type":"product","link":"https:\/\/kooistra.com\/de\/product\/wawa-kitchen-set-red-55x30x83cm\/","title":{"rendered":"Wawa \u2013 H\u00f6lzerne Spielk\u00fcche \u2013 55x30x83cm \u2013 Holz\/Rot"},"content":{"rendered":"<p>Lassen Sie die kulinarischen Tr\u00e4ume Ihres Kleinkindes mit diesem wundersch\u00f6nen <strong>Wawa Holz Spielk\u00fcche<\/strong> in einer auff\u00e4lligen roten Farbe. Dieses komplette Spielset ist ein absolutes Muss f\u00fcr jeden kleinen K\u00fcchenprinzen oder jede kleine K\u00fcchenprinzessin ab 2 Jahren. Der Rahmen der K\u00fcche ist aus hochwertigem Buchenholz gefertigt, was f\u00fcr eine \u00e4u\u00dferst stabile und langlebige Konstruktion sorgt, die beim intensiven Spielen einiges aush\u00e4lt.<\/p>\n<p>Die K\u00fcche ist mit allem Komfort ausgestattet, um die Fantasie anzuregen: ein Herd mit zwei Kochplatten, ein Backofen f\u00fcr die leckersten imagin\u00e4ren Kuchen und eine Arbeitsplatte mit Sp\u00fcle und Wasserhahn. Der praktische Aufsatz bietet Platz f\u00fcr das mitgelieferte Zubeh\u00f6r, darunter ein Pfannenwender, ein L\u00f6ffel, ein Pfeffer- und Salzstreuer und zwei kleine T\u00f6pfe. Mit einer idealen Arbeitsh\u00f6he von 48 cm k\u00f6nnen Kleinkinder und Vorschulkinder bequem arbeiten. Sicherheit steht an erster Stelle; alle verwendeten Materialien und Lacke sind 100 %% ungiftig.<\/p>","protected":false},"excerpt":{"rendered":"<h3>Produktspezifikationen<\/h3>\n<ul>\n<li><strong>Marke:<\/strong> Wawa<\/li>\n<li><strong>Produkt<\/strong> Holzk\u00fcchenspiel \/ Kinderk\u00fcche<\/li>\n<li><strong>Farbe:<\/strong> Rot mit nat\u00fcrlichen Holzakzenten<\/li>\n<li><strong>Abmessungen:<\/strong> 55 x 30 x 83,5 cm (Breite x Tiefe x H\u00f6he)<\/li>\n<li><strong>Arbeitsh\u00f6he<\/strong> 48 Zentimeter<\/li>\n<li><strong>Material:<\/strong> Nachhaltiges Buchenholz und MDF<\/li>\n<li><strong>Enth\u00e4lt:<\/strong> 2 Pfannen, Pfannenwender, L\u00f6ffel, Salz- und Pfefferstreuer<\/li>\n<li><strong>Altersfreigabe:<\/strong> Ab 2 Jahren (2+)<\/li>\n<li><strong>Sicherheit<\/strong> 100% ungiftige Materialien<\/li>\n<\/ul>","protected":false},"featured_media":91986,"template":"","meta":[],"product_brand":[],"product_cat":[334],"product_tag":[4959,4960,4908,4963,4952,4950,4947,4961,4920,4954,4968,4948,4964,4926,4962,4957,4951,4967,4966,4915,4958,4949,4965,4955,4953,4956],"class_list":{"0":"post-89910","1":"product","2":"type-product","3":"status-publish","4":"has-post-thumbnail","6":"product_cat-speelgoed","7":"product_tag-cuisine-enfant-en-bois","8":"product_tag-cuisine-jouet-rouge","9":"product_tag-duurzaam-speelgoed","10":"product_tag-holzspielkuche","11":"product_tag-houten-fornuis","12":"product_tag-houten-keukentje","13":"product_tag-houten-speelkeuken","14":"product_tag-jouets-dimitation","15":"product_tag-jouets-durables","16":"product_tag-kids-kitchen-red","17":"product_tag-kinderherd","18":"product_tag-kinderkeuken-rood","19":"product_tag-kinderkuche-rot","20":"product_tag-nachhaltiges-spielzeug","21":"product_tag-petite-cuisine-bois","22":"product_tag-role-play-toys","23":"product_tag-rollenspel-speelgoed","24":"product_tag-rollenspiel-spielzeug","25":"product_tag-spielkuche-holz","26":"product_tag-sustainable-toys","27":"product_tag-toddler-kitchen","28":"product_tag-wawa-speelgoed","29":"product_tag-wawa-spielzeug","30":"product_tag-wawa-toys","31":"product_tag-wooden-play-kitchen","32":"product_tag-wooden-toy-kitchen","34":"first","35":"instock","36":"taxable","37":"shipping-taxable","38":"product-type-simple"},"yoast_head":"<!-- This site is optimized with the Yoast SEO plugin v27.4 - https:\/\/yoast.com\/product\/yoast-seo-wordpress\/ -->\n<title>Wawa - Houten speelkeuken - 55x30x83cm - hout\/rood - Kooistra.com - Opkoper en verkoper restpartijen<\/title>\n<meta name=\"robots\" content=\"index, follow, max-snippet:-1, max-image-preview:large, max-video-preview:-1\" \/>\n<link rel=\"canonical\" href=\"https:\/\/kooistra.com\/de\/produkt\/wawa-kuchenset-rot-55x30x83cm\/\" \/>\n<meta property=\"og:locale\" content=\"de_DE\" \/>\n<meta property=\"og:type\" content=\"article\" \/>\n<meta property=\"og:title\" content=\"Wawa - Houten speelkeuken - 55x30x83cm - hout\/rood - Kooistra.com - Opkoper en verkoper restpartijen\" \/>\n<meta property=\"og:description\" content=\"Productspecificaties   Merk: Wawa  Product: Houten Speelkeuken \/ Kinderkeuken  Kleur: Rood met naturel houten accenten  Afmetingen: 55 x 30 x 83,5 cm (B x D x H)  Werkhoogte: 48 cm  Materiaal: Duurzaam beukenhout en MDF  Inclusief: 2 pannetjes, spatel, lepel, peper- en zoutstel  Leeftijdsadvies: Vanaf 2 jaar (2+)  Veiligheid: 100% non-toxic materialen\" \/>\n<meta property=\"og:url\" content=\"https:\/\/kooistra.com\/de\/produkt\/wawa-kuchenset-rot-55x30x83cm\/\" \/>\n<meta property=\"og:site_name\" content=\"Kooistra.com - Opkoper en verkoper restpartijen\" \/>\n<meta property=\"article:publisher\" content=\"https:\/\/www.facebook.com\/kooistracom\/?locale=nl_NL\" \/>\n<meta property=\"article:modified_time\" content=\"2026-04-30T09:18:43+00:00\" \/>\n<meta property=\"og:image\" content=\"https:\/\/kooistra.com\/wp-content\/uploads\/2025\/12\/4894060608155_01.jpg\" \/>\n\t<meta property=\"og:image:width\" content=\"1000\" \/>\n\t<meta property=\"og:image:height\" content=\"1000\" \/>\n\t<meta property=\"og:image:type\" content=\"image\/jpeg\" \/>\n<meta name=\"twitter:card\" content=\"summary_large_image\" \/>\n<meta name=\"twitter:label1\" content=\"Gesch\u00e4tzte Lesezeit\" \/>\n\t<meta name=\"twitter:data1\" content=\"1\u00a0Minute\" \/>\n<script type=\"application\/ld+json\" class=\"yoast-schema-graph\">{\"@context\":\"https:\\\/\\\/schema.org\",\"@graph\":[{\"@type\":\"WebPage\",\"@id\":\"https:\\\/\\\/kooistra.com\\\/product\\\/wawa-kitchen-set-red-55x30x83cm\\\/\",\"url\":\"https:\\\/\\\/kooistra.com\\\/product\\\/wawa-kitchen-set-red-55x30x83cm\\\/\",\"name\":\"Wawa - Houten speelkeuken - 55x30x83cm - hout\\\/rood - Kooistra.com - Opkoper en verkoper restpartijen\",\"isPartOf\":{\"@id\":\"https:\\\/\\\/kooistra.com\\\/#website\"},\"primaryImageOfPage\":{\"@id\":\"https:\\\/\\\/kooistra.com\\\/product\\\/wawa-kitchen-set-red-55x30x83cm\\\/#primaryimage\"},\"image\":{\"@id\":\"https:\\\/\\\/kooistra.com\\\/product\\\/wawa-kitchen-set-red-55x30x83cm\\\/#primaryimage\"},\"thumbnailUrl\":\"https:\\\/\\\/kooistra.com\\\/wp-content\\\/uploads\\\/2025\\\/12\\\/4894060608155_01.jpg\",\"datePublished\":\"2026-04-29T07:59:09+00:00\",\"dateModified\":\"2026-04-30T09:18:43+00:00\",\"breadcrumb\":{\"@id\":\"https:\\\/\\\/kooistra.com\\\/product\\\/wawa-kitchen-set-red-55x30x83cm\\\/#breadcrumb\"},\"inLanguage\":\"de\",\"potentialAction\":[{\"@type\":\"ReadAction\",\"target\":[\"https:\\\/\\\/kooistra.com\\\/product\\\/wawa-kitchen-set-red-55x30x83cm\\\/\"]}]},{\"@type\":\"ImageObject\",\"inLanguage\":\"de\",\"@id\":\"https:\\\/\\\/kooistra.com\\\/product\\\/wawa-kitchen-set-red-55x30x83cm\\\/#primaryimage\",\"url\":\"https:\\\/\\\/kooistra.com\\\/wp-content\\\/uploads\\\/2025\\\/12\\\/4894060608155_01.jpg\",\"contentUrl\":\"https:\\\/\\\/kooistra.com\\\/wp-content\\\/uploads\\\/2025\\\/12\\\/4894060608155_01.jpg\",\"width\":1000,\"height\":1000},{\"@type\":\"BreadcrumbList\",\"@id\":\"https:\\\/\\\/kooistra.com\\\/product\\\/wawa-kitchen-set-red-55x30x83cm\\\/#breadcrumb\",\"itemListElement\":[{\"@type\":\"ListItem\",\"position\":1,\"name\":\"Home\",\"item\":\"https:\\\/\\\/kooistra.com\\\/\"},{\"@type\":\"ListItem\",\"position\":2,\"name\":\"Webshop\",\"item\":\"https:\\\/\\\/kooistra.com\\\/webshop\\\/\"},{\"@type\":\"ListItem\",\"position\":3,\"name\":\"Wawa &#8211; Houten speelkeuken &#8211; 55x30x83cm &#8211; hout\\\/rood\"}]},{\"@type\":\"WebSite\",\"@id\":\"https:\\\/\\\/kooistra.com\\\/#website\",\"url\":\"https:\\\/\\\/kooistra.com\\\/\",\"name\":\"Kooistra.com Partijhandel Restpartijen\",\"description\":\"Wij kopen al uw voorraad. Partijen, retouren, restpartijen en andere voorraden.\",\"publisher\":{\"@id\":\"https:\\\/\\\/kooistra.com\\\/#organization\"},\"alternateName\":\"Opkoper en verkoper restpartijen\",\"potentialAction\":[{\"@type\":\"SearchAction\",\"target\":{\"@type\":\"EntryPoint\",\"urlTemplate\":\"https:\\\/\\\/kooistra.com\\\/?s={search_term_string}\"},\"query-input\":{\"@type\":\"PropertyValueSpecification\",\"valueRequired\":true,\"valueName\":\"search_term_string\"}}],\"inLanguage\":\"de\"},{\"@type\":\"Organization\",\"@id\":\"https:\\\/\\\/kooistra.com\\\/#organization\",\"name\":\"Kooistra.com BV\",\"alternateName\":\"Restpartij opkopers\",\"url\":\"https:\\\/\\\/kooistra.com\\\/\",\"logo\":{\"@type\":\"ImageObject\",\"inLanguage\":\"de\",\"@id\":\"https:\\\/\\\/kooistra.com\\\/#\\\/schema\\\/logo\\\/image\\\/\",\"url\":\"https:\\\/\\\/kooistra.com\\\/wp-content\\\/uploads\\\/2024\\\/11\\\/logo-Kooistra.com-nieuw-2024-kopie.png\",\"contentUrl\":\"https:\\\/\\\/kooistra.com\\\/wp-content\\\/uploads\\\/2024\\\/11\\\/logo-Kooistra.com-nieuw-2024-kopie.png\",\"width\":3000,\"height\":1240,\"caption\":\"Kooistra.com BV\"},\"image\":{\"@id\":\"https:\\\/\\\/kooistra.com\\\/#\\\/schema\\\/logo\\\/image\\\/\"},\"sameAs\":[\"https:\\\/\\\/www.facebook.com\\\/kooistracom\\\/?locale=nl_NL\",\"https:\\\/\\\/nl.linkedin.com\\\/company\\\/kooistra-com-b.v.\"]}]}<\/script>\n<!-- \/ Yoast SEO plugin. -->","yoast_head_json":{"title":"Wawa - H\u00f6lzerne Spielk\u00fcche - 55x30x83cm - Holz\/Rot - Kooistra.com - Aufk\u00e4ufer und Verk\u00e4ufer von Restposten","robots":{"index":"index","follow":"follow","max-snippet":"max-snippet:-1","max-image-preview":"max-image-preview:large","max-video-preview":"max-video-preview:-1"},"canonical":"https:\/\/kooistra.com\/de\/produkt\/wawa-kuchenset-rot-55x30x83cm\/","og_locale":"de_DE","og_type":"article","og_title":"Wawa - Houten speelkeuken - 55x30x83cm - hout\/rood - Kooistra.com - Opkoper en verkoper restpartijen","og_description":"Productspecificaties   Merk: Wawa  Product: Houten Speelkeuken \/ Kinderkeuken  Kleur: Rood met naturel houten accenten  Afmetingen: 55 x 30 x 83,5 cm (B x D x H)  Werkhoogte: 48 cm  Materiaal: Duurzaam beukenhout en MDF  Inclusief: 2 pannetjes, spatel, lepel, peper- en zoutstel  Leeftijdsadvies: Vanaf 2 jaar (2+)  Veiligheid: 100% non-toxic materialen","og_url":"https:\/\/kooistra.com\/de\/produkt\/wawa-kuchenset-rot-55x30x83cm\/","og_site_name":"Kooistra.com - Opkoper en verkoper restpartijen","article_publisher":"https:\/\/www.facebook.com\/kooistracom\/?locale=nl_NL","article_modified_time":"2026-04-30T09:18:43+00:00","og_image":[{"width":1000,"height":1000,"url":"https:\/\/kooistra.com\/wp-content\/uploads\/2025\/12\/4894060608155_01.jpg","type":"image\/jpeg"}],"twitter_card":"summary_large_image","twitter_misc":{"Gesch\u00e4tzte Lesezeit":"1\u00a0Minute"},"schema":{"@context":"https:\/\/schema.org","@graph":[{"@type":"WebPage","@id":"https:\/\/kooistra.com\/product\/wawa-kitchen-set-red-55x30x83cm\/","url":"https:\/\/kooistra.com\/product\/wawa-kitchen-set-red-55x30x83cm\/","name":"Wawa - H\u00f6lzerne Spielk\u00fcche - 55x30x83cm - Holz\/Rot - Kooistra.com - Aufk\u00e4ufer und Verk\u00e4ufer von Restposten","isPartOf":{"@id":"https:\/\/kooistra.com\/#website"},"primaryImageOfPage":{"@id":"https:\/\/kooistra.com\/product\/wawa-kitchen-set-red-55x30x83cm\/#primaryimage"},"image":{"@id":"https:\/\/kooistra.com\/product\/wawa-kitchen-set-red-55x30x83cm\/#primaryimage"},"thumbnailUrl":"https:\/\/kooistra.com\/wp-content\/uploads\/2025\/12\/4894060608155_01.jpg","datePublished":"2026-04-29T07:59:09+00:00","dateModified":"2026-04-30T09:18:43+00:00","breadcrumb":{"@id":"https:\/\/kooistra.com\/product\/wawa-kitchen-set-red-55x30x83cm\/#breadcrumb"},"inLanguage":"de","potentialAction":[{"@type":"ReadAction","target":["https:\/\/kooistra.com\/product\/wawa-kitchen-set-red-55x30x83cm\/"]}]},{"@type":"ImageObject","inLanguage":"de","@id":"https:\/\/kooistra.com\/product\/wawa-kitchen-set-red-55x30x83cm\/#primaryimage","url":"https:\/\/kooistra.com\/wp-content\/uploads\/2025\/12\/4894060608155_01.jpg","contentUrl":"https:\/\/kooistra.com\/wp-content\/uploads\/2025\/12\/4894060608155_01.jpg","width":1000,"height":1000},{"@type":"BreadcrumbList","@id":"https:\/\/kooistra.com\/product\/wawa-kitchen-set-red-55x30x83cm\/#breadcrumb","itemListElement":[{"@type":"ListItem","position":1,"name":"Home","item":"https:\/\/kooistra.com\/"},{"@type":"ListItem","position":2,"name":"Webshop","item":"https:\/\/kooistra.com\/webshop\/"},{"@type":"ListItem","position":3,"name":"Wawa &#8211; Houten speelkeuken &#8211; 55x30x83cm &#8211; hout\/rood"}]},{"@type":"WebSite","@id":"https:\/\/kooistra.com\/#website","url":"https:\/\/kooistra.com\/","name":"Kooistra.com Partei Handel Reste","description":"Wir kaufen alle Ihre Best\u00e4nde. Chargen, Retouren, Restchargen und andere Best\u00e4nde.","publisher":{"@id":"https:\/\/kooistra.com\/#organization"},"alternateName":"Opkoper en verkoper restpartijen","potentialAction":[{"@type":"SearchAction","target":{"@type":"EntryPoint","urlTemplate":"https:\/\/kooistra.com\/?s={search_term_string}"},"query-input":{"@type":"PropertyValueSpecification","valueRequired":true,"valueName":"search_term_string"}}],"inLanguage":"de"},{"@type":"Organization","@id":"https:\/\/kooistra.com\/#organization","name":"Kooistra.com BV","alternateName":"Restpartij opkopers","url":"https:\/\/kooistra.com\/","logo":{"@type":"ImageObject","inLanguage":"de","@id":"https:\/\/kooistra.com\/#\/schema\/logo\/image\/","url":"https:\/\/kooistra.com\/wp-content\/uploads\/2024\/11\/logo-Kooistra.com-nieuw-2024-kopie.png","contentUrl":"https:\/\/kooistra.com\/wp-content\/uploads\/2024\/11\/logo-Kooistra.com-nieuw-2024-kopie.png","width":3000,"height":1240,"caption":"Kooistra.com BV"},"image":{"@id":"https:\/\/kooistra.com\/#\/schema\/logo\/image\/"},"sameAs":["https:\/\/www.facebook.com\/kooistracom\/?locale=nl_NL","https:\/\/nl.linkedin.com\/company\/kooistra-com-b.v."]}]}},"_links":{"self":[{"href":"https:\/\/kooistra.com\/de\/wp-json\/wp\/v2\/product\/89910","targetHints":{"allow":["GET"]}}],"collection":[{"href":"https:\/\/kooistra.com\/de\/wp-json\/wp\/v2\/product"}],"about":[{"href":"https:\/\/kooistra.com\/de\/wp-json\/wp\/v2\/types\/product"}],"wp:featuredmedia":[{"embeddable":true,"href":"https:\/\/kooistra.com\/de\/wp-json\/wp\/v2\/media\/91986"}],"wp:attachment":[{"href":"https:\/\/kooistra.com\/de\/wp-json\/wp\/v2\/media?parent=89910"}],"wp:term":[{"taxonomy":"product_brand","embeddable":true,"href":"https:\/\/kooistra.com\/de\/wp-json\/wp\/v2\/product_brand?post=89910"},{"taxonomy":"product_cat","embeddable":true,"href":"https:\/\/kooistra.com\/de\/wp-json\/wp\/v2\/product_cat?post=89910"},{"taxonomy":"product_tag","embeddable":true,"href":"https:\/\/kooistra.com\/de\/wp-json\/wp\/v2\/product_tag?post=89910"}],"curies":[{"name":"wp","href":"https:\/\/api.w.org\/{rel}","templated":true}]}}