{"id":90085,"date":"2026-01-06T15:39:54","date_gmt":"2026-01-06T14:39:54","guid":{"rendered":"https:\/\/kooistra.com\/product\/amigo-inner-tube-french-16x1-75\/"},"modified":"2026-04-08T21:36:43","modified_gmt":"2026-04-08T20:36:43","slug":"amigo-schlauch-franzosisch-16x1-75","status":"publish","type":"product","link":"https:\/\/kooistra.com\/de\/product\/amigo-inner-tube-french-16x1-75\/","title":{"rendered":"Amigo - Innenrohr Franz\u00f6sisch 16\u00d71.75"},"content":{"rendered":"<p>Der Amigo Schlauch Franz\u00f6sisch 16\u00d71,75 ist stark und zuverl\u00e4ssig. Geeignet f\u00fcr Fahrr\u00e4der mit einem franz\u00f6sischen Ventil. Ideal f\u00fcr Kinderr\u00e4der und Citybikes. Sorgt f\u00fcr optimalen Halt und lang anhaltenden Fahrspa\u00df. Einfach zu montieren.<\/p>","protected":false},"excerpt":{"rendered":"<p>- Gr\u00f6\u00dfe: 16\u00d71.75<br \/>\n- Ventil: Franz\u00f6sisch (Presta)<br \/>\n- Material: Gummi<br \/>\n- Farbe: Schwarz<br \/>\n- Leichter Schlauch<\/p>","protected":false},"featured_media":90129,"template":"","meta":[],"product_brand":[],"product_cat":[355],"product_tag":[],"class_list":{"0":"post-90085","1":"product","2":"type-product","3":"status-publish","4":"has-post-thumbnail","6":"product_cat-auto-fietsaccessoires","8":"first","9":"instock","10":"taxable","11":"shipping-taxable","12":"product-type-simple"},"yoast_head":"<!-- This site is optimized with the Yoast SEO plugin v27.4 - https:\/\/yoast.com\/product\/yoast-seo-wordpress\/ -->\n<title>Amigo - Binnenband Frans 16x1.75 - Kooistra.com - Opkoper en verkoper restpartijen<\/title>\n<meta name=\"robots\" content=\"index, follow, max-snippet:-1, max-image-preview:large, max-video-preview:-1\" \/>\n<link rel=\"canonical\" href=\"https:\/\/kooistra.com\/de\/produkt\/amigo-schlauch-franzosisch-16x1-75\/\" \/>\n<meta property=\"og:locale\" content=\"de_DE\" \/>\n<meta property=\"og:type\" content=\"article\" \/>\n<meta property=\"og:title\" content=\"Amigo - Binnenband Frans 16x1.75 - Kooistra.com - Opkoper en verkoper restpartijen\" \/>\n<meta property=\"og:description\" content=\"\u2022 Afmeting: 16x1.75 \u2022 Ventiel: Frans (Presta) \u2022 Materiaal: Rubber \u2022 Kleur: Zwart \u2022 Lichtgewicht binnenband\" \/>\n<meta property=\"og:url\" content=\"https:\/\/kooistra.com\/de\/produkt\/amigo-schlauch-franzosisch-16x1-75\/\" \/>\n<meta property=\"og:site_name\" content=\"Kooistra.com - Opkoper en verkoper restpartijen\" \/>\n<meta property=\"article:publisher\" content=\"https:\/\/www.facebook.com\/kooistracom\/?locale=nl_NL\" \/>\n<meta property=\"article:modified_time\" content=\"2026-04-08T20:36:43+00:00\" \/>\n<meta property=\"og:image\" content=\"https:\/\/kooistra.com\/wp-content\/uploads\/2026\/01\/8719817999354.jpg\" \/>\n\t<meta property=\"og:image:width\" content=\"821\" \/>\n\t<meta property=\"og:image:height\" content=\"1200\" \/>\n\t<meta property=\"og:image:type\" content=\"image\/jpeg\" \/>\n<meta name=\"twitter:card\" content=\"summary_large_image\" \/>\n<meta name=\"twitter:label1\" content=\"Gesch\u00e4tzte Lesezeit\" \/>\n\t<meta name=\"twitter:data1\" content=\"1\u00a0Minute\" \/>\n<script type=\"application\/ld+json\" class=\"yoast-schema-graph\">{\"@context\":\"https:\\\/\\\/schema.org\",\"@graph\":[{\"@type\":\"WebPage\",\"@id\":\"https:\\\/\\\/kooistra.com\\\/product\\\/amigo-inner-tube-french-16x1-75\\\/\",\"url\":\"https:\\\/\\\/kooistra.com\\\/product\\\/amigo-inner-tube-french-16x1-75\\\/\",\"name\":\"Amigo - Binnenband Frans 16x1.75 - Kooistra.com - Opkoper en verkoper restpartijen\",\"isPartOf\":{\"@id\":\"https:\\\/\\\/kooistra.com\\\/#website\"},\"primaryImageOfPage\":{\"@id\":\"https:\\\/\\\/kooistra.com\\\/product\\\/amigo-inner-tube-french-16x1-75\\\/#primaryimage\"},\"image\":{\"@id\":\"https:\\\/\\\/kooistra.com\\\/product\\\/amigo-inner-tube-french-16x1-75\\\/#primaryimage\"},\"thumbnailUrl\":\"https:\\\/\\\/kooistra.com\\\/wp-content\\\/uploads\\\/2026\\\/01\\\/8719817999354.jpg\",\"datePublished\":\"2026-01-06T14:39:54+00:00\",\"dateModified\":\"2026-04-08T20:36:43+00:00\",\"breadcrumb\":{\"@id\":\"https:\\\/\\\/kooistra.com\\\/product\\\/amigo-inner-tube-french-16x1-75\\\/#breadcrumb\"},\"inLanguage\":\"de\",\"potentialAction\":[{\"@type\":\"ReadAction\",\"target\":[\"https:\\\/\\\/kooistra.com\\\/product\\\/amigo-inner-tube-french-16x1-75\\\/\"]}]},{\"@type\":\"ImageObject\",\"inLanguage\":\"de\",\"@id\":\"https:\\\/\\\/kooistra.com\\\/product\\\/amigo-inner-tube-french-16x1-75\\\/#primaryimage\",\"url\":\"https:\\\/\\\/kooistra.com\\\/wp-content\\\/uploads\\\/2026\\\/01\\\/8719817999354.jpg\",\"contentUrl\":\"https:\\\/\\\/kooistra.com\\\/wp-content\\\/uploads\\\/2026\\\/01\\\/8719817999354.jpg\",\"width\":821,\"height\":1200},{\"@type\":\"BreadcrumbList\",\"@id\":\"https:\\\/\\\/kooistra.com\\\/product\\\/amigo-inner-tube-french-16x1-75\\\/#breadcrumb\",\"itemListElement\":[{\"@type\":\"ListItem\",\"position\":1,\"name\":\"Home\",\"item\":\"https:\\\/\\\/kooistra.com\\\/\"},{\"@type\":\"ListItem\",\"position\":2,\"name\":\"Webshop\",\"item\":\"https:\\\/\\\/kooistra.com\\\/webshop\\\/\"},{\"@type\":\"ListItem\",\"position\":3,\"name\":\"Amigo &#8211; Binnenband Frans 16&#215;1.75\"}]},{\"@type\":\"WebSite\",\"@id\":\"https:\\\/\\\/kooistra.com\\\/#website\",\"url\":\"https:\\\/\\\/kooistra.com\\\/\",\"name\":\"Kooistra.com Partijhandel Restpartijen\",\"description\":\"Wij kopen al uw voorraad. Partijen, retouren, restpartijen en andere voorraden.\",\"publisher\":{\"@id\":\"https:\\\/\\\/kooistra.com\\\/#organization\"},\"alternateName\":\"Opkoper en verkoper restpartijen\",\"potentialAction\":[{\"@type\":\"SearchAction\",\"target\":{\"@type\":\"EntryPoint\",\"urlTemplate\":\"https:\\\/\\\/kooistra.com\\\/?s={search_term_string}\"},\"query-input\":{\"@type\":\"PropertyValueSpecification\",\"valueRequired\":true,\"valueName\":\"search_term_string\"}}],\"inLanguage\":\"de\"},{\"@type\":\"Organization\",\"@id\":\"https:\\\/\\\/kooistra.com\\\/#organization\",\"name\":\"Kooistra.com BV\",\"alternateName\":\"Restpartij opkopers\",\"url\":\"https:\\\/\\\/kooistra.com\\\/\",\"logo\":{\"@type\":\"ImageObject\",\"inLanguage\":\"de\",\"@id\":\"https:\\\/\\\/kooistra.com\\\/#\\\/schema\\\/logo\\\/image\\\/\",\"url\":\"https:\\\/\\\/kooistra.com\\\/wp-content\\\/uploads\\\/2024\\\/11\\\/logo-Kooistra.com-nieuw-2024-kopie.png\",\"contentUrl\":\"https:\\\/\\\/kooistra.com\\\/wp-content\\\/uploads\\\/2024\\\/11\\\/logo-Kooistra.com-nieuw-2024-kopie.png\",\"width\":3000,\"height\":1240,\"caption\":\"Kooistra.com BV\"},\"image\":{\"@id\":\"https:\\\/\\\/kooistra.com\\\/#\\\/schema\\\/logo\\\/image\\\/\"},\"sameAs\":[\"https:\\\/\\\/www.facebook.com\\\/kooistracom\\\/?locale=nl_NL\",\"https:\\\/\\\/nl.linkedin.com\\\/company\\\/kooistra-com-b.v.\"]}]}<\/script>\n<!-- \/ Yoast SEO plugin. -->","yoast_head_json":{"title":"Amigo - Inner Tube French 16x1.75 - Kooistra.com - K\u00e4ufer und Verk\u00e4ufer von Restposten","robots":{"index":"index","follow":"follow","max-snippet":"max-snippet:-1","max-image-preview":"max-image-preview:large","max-video-preview":"max-video-preview:-1"},"canonical":"https:\/\/kooistra.com\/de\/produkt\/amigo-schlauch-franzosisch-16x1-75\/","og_locale":"de_DE","og_type":"article","og_title":"Amigo - Binnenband Frans 16x1.75 - Kooistra.com - Opkoper en verkoper restpartijen","og_description":"\u2022 Afmeting: 16x1.75 \u2022 Ventiel: Frans (Presta) \u2022 Materiaal: Rubber \u2022 Kleur: Zwart \u2022 Lichtgewicht binnenband","og_url":"https:\/\/kooistra.com\/de\/produkt\/amigo-schlauch-franzosisch-16x1-75\/","og_site_name":"Kooistra.com - Opkoper en verkoper restpartijen","article_publisher":"https:\/\/www.facebook.com\/kooistracom\/?locale=nl_NL","article_modified_time":"2026-04-08T20:36:43+00:00","og_image":[{"width":821,"height":1200,"url":"https:\/\/kooistra.com\/wp-content\/uploads\/2026\/01\/8719817999354.jpg","type":"image\/jpeg"}],"twitter_card":"summary_large_image","twitter_misc":{"Gesch\u00e4tzte Lesezeit":"1\u00a0Minute"},"schema":{"@context":"https:\/\/schema.org","@graph":[{"@type":"WebPage","@id":"https:\/\/kooistra.com\/product\/amigo-inner-tube-french-16x1-75\/","url":"https:\/\/kooistra.com\/product\/amigo-inner-tube-french-16x1-75\/","name":"Amigo - Inner Tube French 16x1.75 - Kooistra.com - K\u00e4ufer und Verk\u00e4ufer von Restposten","isPartOf":{"@id":"https:\/\/kooistra.com\/#website"},"primaryImageOfPage":{"@id":"https:\/\/kooistra.com\/product\/amigo-inner-tube-french-16x1-75\/#primaryimage"},"image":{"@id":"https:\/\/kooistra.com\/product\/amigo-inner-tube-french-16x1-75\/#primaryimage"},"thumbnailUrl":"https:\/\/kooistra.com\/wp-content\/uploads\/2026\/01\/8719817999354.jpg","datePublished":"2026-01-06T14:39:54+00:00","dateModified":"2026-04-08T20:36:43+00:00","breadcrumb":{"@id":"https:\/\/kooistra.com\/product\/amigo-inner-tube-french-16x1-75\/#breadcrumb"},"inLanguage":"de","potentialAction":[{"@type":"ReadAction","target":["https:\/\/kooistra.com\/product\/amigo-inner-tube-french-16x1-75\/"]}]},{"@type":"ImageObject","inLanguage":"de","@id":"https:\/\/kooistra.com\/product\/amigo-inner-tube-french-16x1-75\/#primaryimage","url":"https:\/\/kooistra.com\/wp-content\/uploads\/2026\/01\/8719817999354.jpg","contentUrl":"https:\/\/kooistra.com\/wp-content\/uploads\/2026\/01\/8719817999354.jpg","width":821,"height":1200},{"@type":"BreadcrumbList","@id":"https:\/\/kooistra.com\/product\/amigo-inner-tube-french-16x1-75\/#breadcrumb","itemListElement":[{"@type":"ListItem","position":1,"name":"Home","item":"https:\/\/kooistra.com\/"},{"@type":"ListItem","position":2,"name":"Webshop","item":"https:\/\/kooistra.com\/webshop\/"},{"@type":"ListItem","position":3,"name":"Amigo &#8211; Binnenband Frans 16&#215;1.75"}]},{"@type":"WebSite","@id":"https:\/\/kooistra.com\/#website","url":"https:\/\/kooistra.com\/","name":"Kooistra.com Partei Handel Reste","description":"Wir kaufen alle Ihre Best\u00e4nde. Chargen, Retouren, Restchargen und andere Best\u00e4nde.","publisher":{"@id":"https:\/\/kooistra.com\/#organization"},"alternateName":"Opkoper en verkoper restpartijen","potentialAction":[{"@type":"SearchAction","target":{"@type":"EntryPoint","urlTemplate":"https:\/\/kooistra.com\/?s={search_term_string}"},"query-input":{"@type":"PropertyValueSpecification","valueRequired":true,"valueName":"search_term_string"}}],"inLanguage":"de"},{"@type":"Organization","@id":"https:\/\/kooistra.com\/#organization","name":"Kooistra.com BV","alternateName":"Restpartij opkopers","url":"https:\/\/kooistra.com\/","logo":{"@type":"ImageObject","inLanguage":"de","@id":"https:\/\/kooistra.com\/#\/schema\/logo\/image\/","url":"https:\/\/kooistra.com\/wp-content\/uploads\/2024\/11\/logo-Kooistra.com-nieuw-2024-kopie.png","contentUrl":"https:\/\/kooistra.com\/wp-content\/uploads\/2024\/11\/logo-Kooistra.com-nieuw-2024-kopie.png","width":3000,"height":1240,"caption":"Kooistra.com BV"},"image":{"@id":"https:\/\/kooistra.com\/#\/schema\/logo\/image\/"},"sameAs":["https:\/\/www.facebook.com\/kooistracom\/?locale=nl_NL","https:\/\/nl.linkedin.com\/company\/kooistra-com-b.v."]}]}},"_links":{"self":[{"href":"https:\/\/kooistra.com\/de\/wp-json\/wp\/v2\/product\/90085","targetHints":{"allow":["GET"]}}],"collection":[{"href":"https:\/\/kooistra.com\/de\/wp-json\/wp\/v2\/product"}],"about":[{"href":"https:\/\/kooistra.com\/de\/wp-json\/wp\/v2\/types\/product"}],"wp:featuredmedia":[{"embeddable":true,"href":"https:\/\/kooistra.com\/de\/wp-json\/wp\/v2\/media\/90129"}],"wp:attachment":[{"href":"https:\/\/kooistra.com\/de\/wp-json\/wp\/v2\/media?parent=90085"}],"wp:term":[{"taxonomy":"product_brand","embeddable":true,"href":"https:\/\/kooistra.com\/de\/wp-json\/wp\/v2\/product_brand?post=90085"},{"taxonomy":"product_cat","embeddable":true,"href":"https:\/\/kooistra.com\/de\/wp-json\/wp\/v2\/product_cat?post=90085"},{"taxonomy":"product_tag","embeddable":true,"href":"https:\/\/kooistra.com\/de\/wp-json\/wp\/v2\/product_tag?post=90085"}],"curies":[{"name":"wp","href":"https:\/\/api.w.org\/{rel}","templated":true}]}}