{"id":91329,"date":"2026-03-03T11:32:11","date_gmt":"2026-03-03T10:32:11","guid":{"rendered":"https:\/\/kooistra.com\/product\/playwood-boatpuzzel-building-blocks\/"},"modified":"2026-04-17T14:02:28","modified_gmt":"2026-04-17T13:02:28","slug":"sperrholz-boot-puzzle-bausteine","status":"publish","type":"product","link":"https:\/\/kooistra.com\/de\/product\/playwood-boatpuzzel-building-blocks\/","title":{"rendered":"Playwood \u2013 Boots-Puzzle-Bl\u00f6cke"},"content":{"rendered":"<p>Das Playwood Baupuzzle Boot ist ein kreatives und lehrreiches Set f\u00fcr junge Baumeister. Kinder k\u00f6nnen die bunten Holzkl\u00f6tze auf den St\u00e4ndern stapeln, um ihr eigenes einzigartiges Schiff zu erschaffen. Dieses fr\u00f6hliche Set f\u00f6rdert auf spielerische Weise die Feinmotorik, die Formerkennung und die Hand-Auge-Koordination.<\/p>","protected":false},"excerpt":{"rendered":"<ul>\n<li>\n<p data-path-to-node=\"3,0,0\"><b data-path-to-node=\"3,0,0\" data-index-in-node=\"0\">Marke:<\/b> Holzspielzeug<\/p>\n<\/li>\n<li>\n<p data-path-to-node=\"3,1,0\"><b data-path-to-node=\"3,1,0\" data-index-in-node=\"0\">Material:<\/b> Holz<\/p>\n<\/li>\n<li>\n<p data-path-to-node=\"3,5,0\"><b data-path-to-node=\"3,5,0\" data-index-in-node=\"0\">Alter:<\/b> Ab 3 Jahren<\/p>\n<\/li>\n<\/ul>","protected":false},"featured_media":91648,"template":"","meta":[],"product_brand":[],"product_cat":[334],"product_tag":[],"class_list":{"0":"post-91329","1":"product","2":"type-product","3":"status-publish","4":"has-post-thumbnail","6":"product_cat-speelgoed","8":"first","9":"instock","10":"featured","11":"taxable","12":"shipping-taxable","13":"product-type-simple"},"yoast_head":"<!-- This site is optimized with the Yoast SEO plugin v27.4 - https:\/\/yoast.com\/product\/yoast-seo-wordpress\/ -->\n<title>Playwood - Boat Puzzle Blocks - Kooistra.com - Opkoper en verkoper restpartijen<\/title>\n<meta name=\"robots\" content=\"index, follow, max-snippet:-1, max-image-preview:large, max-video-preview:-1\" \/>\n<link rel=\"canonical\" href=\"https:\/\/kooistra.com\/de\/produkt\/sperrholz-boot-puzzle-bausteine\/\" \/>\n<meta property=\"og:locale\" content=\"de_DE\" \/>\n<meta property=\"og:type\" content=\"article\" \/>\n<meta property=\"og:title\" content=\"Playwood - Boat Puzzle Blocks - Kooistra.com - Opkoper en verkoper restpartijen\" \/>\n<meta property=\"og:description\" content=\"Merk: Playwood    Materiaal: Hout    Leeftijd: Vanaf 3 jaar\" \/>\n<meta property=\"og:url\" content=\"https:\/\/kooistra.com\/de\/produkt\/sperrholz-boot-puzzle-bausteine\/\" \/>\n<meta property=\"og:site_name\" content=\"Kooistra.com - Opkoper en verkoper restpartijen\" \/>\n<meta property=\"article:publisher\" content=\"https:\/\/www.facebook.com\/kooistracom\/?locale=nl_NL\" \/>\n<meta property=\"article:modified_time\" content=\"2026-04-17T13:02:28+00:00\" \/>\n<meta property=\"og:image\" content=\"https:\/\/kooistra.com\/wp-content\/uploads\/2026\/03\/\u041d\u0435\u043e\u0437\u0430\u0433\u043b\u0430\u0432\u0435\u043d-\u0434\u0438\u0437\u0430\u0439\u043d-10-1.jpg\" \/>\n\t<meta property=\"og:image:width\" content=\"1000\" \/>\n\t<meta property=\"og:image:height\" content=\"1000\" \/>\n\t<meta property=\"og:image:type\" content=\"image\/jpeg\" \/>\n<meta name=\"twitter:card\" content=\"summary_large_image\" \/>\n<meta name=\"twitter:label1\" content=\"Gesch\u00e4tzte Lesezeit\" \/>\n\t<meta name=\"twitter:data1\" content=\"1\u00a0Minute\" \/>\n<script type=\"application\/ld+json\" class=\"yoast-schema-graph\">{\"@context\":\"https:\\\/\\\/schema.org\",\"@graph\":[{\"@type\":\"WebPage\",\"@id\":\"https:\\\/\\\/kooistra.com\\\/product\\\/playwood-boatpuzzel-building-blocks\\\/\",\"url\":\"https:\\\/\\\/kooistra.com\\\/product\\\/playwood-boatpuzzel-building-blocks\\\/\",\"name\":\"Playwood - Boat Puzzle Blocks - Kooistra.com - Opkoper en verkoper restpartijen\",\"isPartOf\":{\"@id\":\"https:\\\/\\\/kooistra.com\\\/#website\"},\"primaryImageOfPage\":{\"@id\":\"https:\\\/\\\/kooistra.com\\\/product\\\/playwood-boatpuzzel-building-blocks\\\/#primaryimage\"},\"image\":{\"@id\":\"https:\\\/\\\/kooistra.com\\\/product\\\/playwood-boatpuzzel-building-blocks\\\/#primaryimage\"},\"thumbnailUrl\":\"https:\\\/\\\/kooistra.com\\\/wp-content\\\/uploads\\\/2026\\\/03\\\/\u041d\u0435\u043e\u0437\u0430\u0433\u043b\u0430\u0432\u0435\u043d-\u0434\u0438\u0437\u0430\u0439\u043d-10-1.jpg\",\"datePublished\":\"2026-03-03T10:32:11+00:00\",\"dateModified\":\"2026-04-17T13:02:28+00:00\",\"breadcrumb\":{\"@id\":\"https:\\\/\\\/kooistra.com\\\/product\\\/playwood-boatpuzzel-building-blocks\\\/#breadcrumb\"},\"inLanguage\":\"de\",\"potentialAction\":[{\"@type\":\"ReadAction\",\"target\":[\"https:\\\/\\\/kooistra.com\\\/product\\\/playwood-boatpuzzel-building-blocks\\\/\"]}]},{\"@type\":\"ImageObject\",\"inLanguage\":\"de\",\"@id\":\"https:\\\/\\\/kooistra.com\\\/product\\\/playwood-boatpuzzel-building-blocks\\\/#primaryimage\",\"url\":\"https:\\\/\\\/kooistra.com\\\/wp-content\\\/uploads\\\/2026\\\/03\\\/\u041d\u0435\u043e\u0437\u0430\u0433\u043b\u0430\u0432\u0435\u043d-\u0434\u0438\u0437\u0430\u0439\u043d-10-1.jpg\",\"contentUrl\":\"https:\\\/\\\/kooistra.com\\\/wp-content\\\/uploads\\\/2026\\\/03\\\/\u041d\u0435\u043e\u0437\u0430\u0433\u043b\u0430\u0432\u0435\u043d-\u0434\u0438\u0437\u0430\u0439\u043d-10-1.jpg\",\"width\":1000,\"height\":1000},{\"@type\":\"BreadcrumbList\",\"@id\":\"https:\\\/\\\/kooistra.com\\\/product\\\/playwood-boatpuzzel-building-blocks\\\/#breadcrumb\",\"itemListElement\":[{\"@type\":\"ListItem\",\"position\":1,\"name\":\"Home\",\"item\":\"https:\\\/\\\/kooistra.com\\\/\"},{\"@type\":\"ListItem\",\"position\":2,\"name\":\"Webshop\",\"item\":\"https:\\\/\\\/kooistra.com\\\/webshop\\\/\"},{\"@type\":\"ListItem\",\"position\":3,\"name\":\"Playwood &#8211; Boat Puzzle Blocks\"}]},{\"@type\":\"WebSite\",\"@id\":\"https:\\\/\\\/kooistra.com\\\/#website\",\"url\":\"https:\\\/\\\/kooistra.com\\\/\",\"name\":\"Kooistra.com Partijhandel Restpartijen\",\"description\":\"Wij kopen al uw voorraad. Partijen, retouren, restpartijen en andere voorraden.\",\"publisher\":{\"@id\":\"https:\\\/\\\/kooistra.com\\\/#organization\"},\"alternateName\":\"Opkoper en verkoper restpartijen\",\"potentialAction\":[{\"@type\":\"SearchAction\",\"target\":{\"@type\":\"EntryPoint\",\"urlTemplate\":\"https:\\\/\\\/kooistra.com\\\/?s={search_term_string}\"},\"query-input\":{\"@type\":\"PropertyValueSpecification\",\"valueRequired\":true,\"valueName\":\"search_term_string\"}}],\"inLanguage\":\"de\"},{\"@type\":\"Organization\",\"@id\":\"https:\\\/\\\/kooistra.com\\\/#organization\",\"name\":\"Kooistra.com BV\",\"alternateName\":\"Restpartij opkopers\",\"url\":\"https:\\\/\\\/kooistra.com\\\/\",\"logo\":{\"@type\":\"ImageObject\",\"inLanguage\":\"de\",\"@id\":\"https:\\\/\\\/kooistra.com\\\/#\\\/schema\\\/logo\\\/image\\\/\",\"url\":\"https:\\\/\\\/kooistra.com\\\/wp-content\\\/uploads\\\/2024\\\/11\\\/logo-Kooistra.com-nieuw-2024-kopie.png\",\"contentUrl\":\"https:\\\/\\\/kooistra.com\\\/wp-content\\\/uploads\\\/2024\\\/11\\\/logo-Kooistra.com-nieuw-2024-kopie.png\",\"width\":3000,\"height\":1240,\"caption\":\"Kooistra.com BV\"},\"image\":{\"@id\":\"https:\\\/\\\/kooistra.com\\\/#\\\/schema\\\/logo\\\/image\\\/\"},\"sameAs\":[\"https:\\\/\\\/www.facebook.com\\\/kooistracom\\\/?locale=nl_NL\",\"https:\\\/\\\/nl.linkedin.com\\\/company\\\/kooistra-com-b.v.\"]}]}<\/script>\n<!-- \/ Yoast SEO plugin. -->","yoast_head_json":{"title":"Playwood - Boots-Puzzle-Bl\u00f6cke - Kooistra.com - Aufk\u00e4ufer und Verk\u00e4ufer von Restposten","robots":{"index":"index","follow":"follow","max-snippet":"max-snippet:-1","max-image-preview":"max-image-preview:large","max-video-preview":"max-video-preview:-1"},"canonical":"https:\/\/kooistra.com\/de\/produkt\/sperrholz-boot-puzzle-bausteine\/","og_locale":"de_DE","og_type":"article","og_title":"Playwood - Boat Puzzle Blocks - Kooistra.com - Opkoper en verkoper restpartijen","og_description":"Merk: Playwood    Materiaal: Hout    Leeftijd: Vanaf 3 jaar","og_url":"https:\/\/kooistra.com\/de\/produkt\/sperrholz-boot-puzzle-bausteine\/","og_site_name":"Kooistra.com - Opkoper en verkoper restpartijen","article_publisher":"https:\/\/www.facebook.com\/kooistracom\/?locale=nl_NL","article_modified_time":"2026-04-17T13:02:28+00:00","og_image":[{"width":1000,"height":1000,"url":"https:\/\/kooistra.com\/wp-content\/uploads\/2026\/03\/\u041d\u0435\u043e\u0437\u0430\u0433\u043b\u0430\u0432\u0435\u043d-\u0434\u0438\u0437\u0430\u0439\u043d-10-1.jpg","type":"image\/jpeg"}],"twitter_card":"summary_large_image","twitter_misc":{"Gesch\u00e4tzte Lesezeit":"1\u00a0Minute"},"schema":{"@context":"https:\/\/schema.org","@graph":[{"@type":"WebPage","@id":"https:\/\/kooistra.com\/product\/playwood-boatpuzzel-building-blocks\/","url":"https:\/\/kooistra.com\/product\/playwood-boatpuzzel-building-blocks\/","name":"Playwood - Boots-Puzzle-Bl\u00f6cke - Kooistra.com - Aufk\u00e4ufer und Verk\u00e4ufer von Restposten","isPartOf":{"@id":"https:\/\/kooistra.com\/#website"},"primaryImageOfPage":{"@id":"https:\/\/kooistra.com\/product\/playwood-boatpuzzel-building-blocks\/#primaryimage"},"image":{"@id":"https:\/\/kooistra.com\/product\/playwood-boatpuzzel-building-blocks\/#primaryimage"},"thumbnailUrl":"https:\/\/kooistra.com\/wp-content\/uploads\/2026\/03\/\u041d\u0435\u043e\u0437\u0430\u0433\u043b\u0430\u0432\u0435\u043d-\u0434\u0438\u0437\u0430\u0439\u043d-10-1.jpg","datePublished":"2026-03-03T10:32:11+00:00","dateModified":"2026-04-17T13:02:28+00:00","breadcrumb":{"@id":"https:\/\/kooistra.com\/product\/playwood-boatpuzzel-building-blocks\/#breadcrumb"},"inLanguage":"de","potentialAction":[{"@type":"ReadAction","target":["https:\/\/kooistra.com\/product\/playwood-boatpuzzel-building-blocks\/"]}]},{"@type":"ImageObject","inLanguage":"de","@id":"https:\/\/kooistra.com\/product\/playwood-boatpuzzel-building-blocks\/#primaryimage","url":"https:\/\/kooistra.com\/wp-content\/uploads\/2026\/03\/\u041d\u0435\u043e\u0437\u0430\u0433\u043b\u0430\u0432\u0435\u043d-\u0434\u0438\u0437\u0430\u0439\u043d-10-1.jpg","contentUrl":"https:\/\/kooistra.com\/wp-content\/uploads\/2026\/03\/\u041d\u0435\u043e\u0437\u0430\u0433\u043b\u0430\u0432\u0435\u043d-\u0434\u0438\u0437\u0430\u0439\u043d-10-1.jpg","width":1000,"height":1000},{"@type":"BreadcrumbList","@id":"https:\/\/kooistra.com\/product\/playwood-boatpuzzel-building-blocks\/#breadcrumb","itemListElement":[{"@type":"ListItem","position":1,"name":"Home","item":"https:\/\/kooistra.com\/"},{"@type":"ListItem","position":2,"name":"Webshop","item":"https:\/\/kooistra.com\/webshop\/"},{"@type":"ListItem","position":3,"name":"Playwood &#8211; Boat Puzzle Blocks"}]},{"@type":"WebSite","@id":"https:\/\/kooistra.com\/#website","url":"https:\/\/kooistra.com\/","name":"Kooistra.com Partei Handel Reste","description":"Wir kaufen alle Ihre Best\u00e4nde. Chargen, Retouren, Restchargen und andere Best\u00e4nde.","publisher":{"@id":"https:\/\/kooistra.com\/#organization"},"alternateName":"Opkoper en verkoper restpartijen","potentialAction":[{"@type":"SearchAction","target":{"@type":"EntryPoint","urlTemplate":"https:\/\/kooistra.com\/?s={search_term_string}"},"query-input":{"@type":"PropertyValueSpecification","valueRequired":true,"valueName":"search_term_string"}}],"inLanguage":"de"},{"@type":"Organization","@id":"https:\/\/kooistra.com\/#organization","name":"Kooistra.com BV","alternateName":"Restpartij opkopers","url":"https:\/\/kooistra.com\/","logo":{"@type":"ImageObject","inLanguage":"de","@id":"https:\/\/kooistra.com\/#\/schema\/logo\/image\/","url":"https:\/\/kooistra.com\/wp-content\/uploads\/2024\/11\/logo-Kooistra.com-nieuw-2024-kopie.png","contentUrl":"https:\/\/kooistra.com\/wp-content\/uploads\/2024\/11\/logo-Kooistra.com-nieuw-2024-kopie.png","width":3000,"height":1240,"caption":"Kooistra.com BV"},"image":{"@id":"https:\/\/kooistra.com\/#\/schema\/logo\/image\/"},"sameAs":["https:\/\/www.facebook.com\/kooistracom\/?locale=nl_NL","https:\/\/nl.linkedin.com\/company\/kooistra-com-b.v."]}]}},"_links":{"self":[{"href":"https:\/\/kooistra.com\/de\/wp-json\/wp\/v2\/product\/91329","targetHints":{"allow":["GET"]}}],"collection":[{"href":"https:\/\/kooistra.com\/de\/wp-json\/wp\/v2\/product"}],"about":[{"href":"https:\/\/kooistra.com\/de\/wp-json\/wp\/v2\/types\/product"}],"wp:featuredmedia":[{"embeddable":true,"href":"https:\/\/kooistra.com\/de\/wp-json\/wp\/v2\/media\/91648"}],"wp:attachment":[{"href":"https:\/\/kooistra.com\/de\/wp-json\/wp\/v2\/media?parent=91329"}],"wp:term":[{"taxonomy":"product_brand","embeddable":true,"href":"https:\/\/kooistra.com\/de\/wp-json\/wp\/v2\/product_brand?post=91329"},{"taxonomy":"product_cat","embeddable":true,"href":"https:\/\/kooistra.com\/de\/wp-json\/wp\/v2\/product_cat?post=91329"},{"taxonomy":"product_tag","embeddable":true,"href":"https:\/\/kooistra.com\/de\/wp-json\/wp\/v2\/product_tag?post=91329"}],"curies":[{"name":"wp","href":"https:\/\/api.w.org\/{rel}","templated":true}]}}