{"id":91669,"date":"2026-04-25T12:13:02","date_gmt":"2026-04-25T11:13:02","guid":{"rendered":"https:\/\/kooistra.com\/product\/warm-home-slipper-shoes-size-36-tm-40-8-ass\/"},"modified":"2026-04-26T19:10:10","modified_gmt":"2026-04-26T18:10:10","slug":"warme-hausschuhe-grose-36-bis-40-8-stuck","status":"publish","type":"product","link":"https:\/\/kooistra.com\/de\/product\/warm-home-slipper-shoes-size-36-tm-40-8-ass\/","title":{"rendered":"Hausschuhe \u2013 Gr\u00f6\u00dfe 36 bis 40 \u2013 8 Farben"},"content":{"rendered":"<p>Jeder Pantoffelsatz wird mit einer dezenten wei\u00dfen Satin-Schleife und zwei weichen Bommeln verziert. Ob Sie sich f\u00fcr klassisches Schwarz, trendiges Bordeauxrot oder fr\u00f6hliches Fuchsia entscheiden, es gibt immer eine Farbe, die zu Ihnen passt. Die flexible Sohle mit leichtem Halt sorgt daf\u00fcr, dass Sie sicher und bequem durch das Haus gehen k\u00f6nnen.<\/p>","protected":false},"excerpt":{"rendered":"<ul>\n<li><b data-path-to-node=\"11,1,0\" data-index-in-node=\"0\">Messungen:<\/b> 36 bis 40 (kombiniert)<\/li>\n<li>\n<p data-path-to-node=\"11,2,0\"><b data-path-to-node=\"11,2,0\" data-index-in-node=\"0\">Material:<\/b> 100% Polyester<\/p>\n<\/li>\n<li>\n<p data-path-to-node=\"11,3,0\"><span style=\"box-sizing: border-box; margin: 0px; padding: 0px;\"><strong>Farben:<\/strong> Rot, marineblau, fuchsie, bordeauxrot, Purpur, dunkelpurpur, Schwarz und Braun.<\/span><\/p>\n<\/li>\n<\/ul>","protected":false},"featured_media":91884,"template":"","meta":[],"product_brand":[],"product_cat":[346],"product_tag":[],"class_list":{"0":"post-91669","1":"product","2":"type-product","3":"status-publish","4":"has-post-thumbnail","6":"product_cat-kleding-accessoires","8":"first","9":"instock","10":"taxable","11":"shipping-taxable","12":"product-type-simple"},"yoast_head":"<!-- This site is optimized with the Yoast SEO plugin v27.4 - https:\/\/yoast.com\/product\/yoast-seo-wordpress\/ -->\n<title>Huisslippers - Maat 36 t\/m 40 - 8 kleuren - Kooistra.com - Opkoper en verkoper restpartijen<\/title>\n<meta name=\"robots\" content=\"index, follow, max-snippet:-1, max-image-preview:large, max-video-preview:-1\" \/>\n<link rel=\"canonical\" href=\"https:\/\/kooistra.com\/de\/produkt\/warme-hausschuhe-grose-36-bis-40-8-stuck\/\" \/>\n<meta property=\"og:locale\" content=\"de_DE\" \/>\n<meta property=\"og:type\" content=\"article\" \/>\n<meta property=\"og:title\" content=\"Huisslippers - Maat 36 t\/m 40 - 8 kleuren - Kooistra.com - Opkoper en verkoper restpartijen\" \/>\n<meta property=\"og:description\" content=\"Maten: 36 tot 40 (gecombineerd)   Materiaal: 100% Polyester    Kleuren: rood, marineblauw, fuchsia, bordeauxrood, paars, donkerpaars, zwart en bruin.\" \/>\n<meta property=\"og:url\" content=\"https:\/\/kooistra.com\/de\/produkt\/warme-hausschuhe-grose-36-bis-40-8-stuck\/\" \/>\n<meta property=\"og:site_name\" content=\"Kooistra.com - Opkoper en verkoper restpartijen\" \/>\n<meta property=\"article:publisher\" content=\"https:\/\/www.facebook.com\/kooistracom\/?locale=nl_NL\" \/>\n<meta property=\"article:modified_time\" content=\"2026-04-26T18:10:10+00:00\" \/>\n<meta property=\"og:image\" content=\"https:\/\/kooistra.com\/wp-content\/uploads\/2026\/04\/S8.jpg\" \/>\n\t<meta property=\"og:image:width\" content=\"1000\" \/>\n\t<meta property=\"og:image:height\" content=\"1000\" \/>\n\t<meta property=\"og:image:type\" content=\"image\/jpeg\" \/>\n<meta name=\"twitter:card\" content=\"summary_large_image\" \/>\n<meta name=\"twitter:label1\" content=\"Gesch\u00e4tzte Lesezeit\" \/>\n\t<meta name=\"twitter:data1\" content=\"1\u00a0Minute\" \/>\n<script type=\"application\/ld+json\" class=\"yoast-schema-graph\">{\"@context\":\"https:\\\/\\\/schema.org\",\"@graph\":[{\"@type\":\"WebPage\",\"@id\":\"https:\\\/\\\/kooistra.com\\\/product\\\/warm-home-slipper-shoes-size-36-tm-40-8-ass\\\/\",\"url\":\"https:\\\/\\\/kooistra.com\\\/product\\\/warm-home-slipper-shoes-size-36-tm-40-8-ass\\\/\",\"name\":\"Huisslippers - Maat 36 t\\\/m 40 - 8 kleuren - Kooistra.com - Opkoper en verkoper restpartijen\",\"isPartOf\":{\"@id\":\"https:\\\/\\\/kooistra.com\\\/#website\"},\"primaryImageOfPage\":{\"@id\":\"https:\\\/\\\/kooistra.com\\\/product\\\/warm-home-slipper-shoes-size-36-tm-40-8-ass\\\/#primaryimage\"},\"image\":{\"@id\":\"https:\\\/\\\/kooistra.com\\\/product\\\/warm-home-slipper-shoes-size-36-tm-40-8-ass\\\/#primaryimage\"},\"thumbnailUrl\":\"https:\\\/\\\/kooistra.com\\\/wp-content\\\/uploads\\\/2026\\\/04\\\/S8.jpg\",\"datePublished\":\"2026-04-25T11:13:02+00:00\",\"dateModified\":\"2026-04-26T18:10:10+00:00\",\"breadcrumb\":{\"@id\":\"https:\\\/\\\/kooistra.com\\\/product\\\/warm-home-slipper-shoes-size-36-tm-40-8-ass\\\/#breadcrumb\"},\"inLanguage\":\"de\",\"potentialAction\":[{\"@type\":\"ReadAction\",\"target\":[\"https:\\\/\\\/kooistra.com\\\/product\\\/warm-home-slipper-shoes-size-36-tm-40-8-ass\\\/\"]}]},{\"@type\":\"ImageObject\",\"inLanguage\":\"de\",\"@id\":\"https:\\\/\\\/kooistra.com\\\/product\\\/warm-home-slipper-shoes-size-36-tm-40-8-ass\\\/#primaryimage\",\"url\":\"https:\\\/\\\/kooistra.com\\\/wp-content\\\/uploads\\\/2026\\\/04\\\/S8.jpg\",\"contentUrl\":\"https:\\\/\\\/kooistra.com\\\/wp-content\\\/uploads\\\/2026\\\/04\\\/S8.jpg\",\"width\":1000,\"height\":1000},{\"@type\":\"BreadcrumbList\",\"@id\":\"https:\\\/\\\/kooistra.com\\\/product\\\/warm-home-slipper-shoes-size-36-tm-40-8-ass\\\/#breadcrumb\",\"itemListElement\":[{\"@type\":\"ListItem\",\"position\":1,\"name\":\"Home\",\"item\":\"https:\\\/\\\/kooistra.com\\\/\"},{\"@type\":\"ListItem\",\"position\":2,\"name\":\"Webshop\",\"item\":\"https:\\\/\\\/kooistra.com\\\/webshop\\\/\"},{\"@type\":\"ListItem\",\"position\":3,\"name\":\"Huisslippers &#8211; Maat 36 t\\\/m 40 &#8211; 8 kleuren\"}]},{\"@type\":\"WebSite\",\"@id\":\"https:\\\/\\\/kooistra.com\\\/#website\",\"url\":\"https:\\\/\\\/kooistra.com\\\/\",\"name\":\"Kooistra.com Partijhandel Restpartijen\",\"description\":\"Wij kopen al uw voorraad. Partijen, retouren, restpartijen en andere voorraden.\",\"publisher\":{\"@id\":\"https:\\\/\\\/kooistra.com\\\/#organization\"},\"alternateName\":\"Opkoper en verkoper restpartijen\",\"potentialAction\":[{\"@type\":\"SearchAction\",\"target\":{\"@type\":\"EntryPoint\",\"urlTemplate\":\"https:\\\/\\\/kooistra.com\\\/?s={search_term_string}\"},\"query-input\":{\"@type\":\"PropertyValueSpecification\",\"valueRequired\":true,\"valueName\":\"search_term_string\"}}],\"inLanguage\":\"de\"},{\"@type\":\"Organization\",\"@id\":\"https:\\\/\\\/kooistra.com\\\/#organization\",\"name\":\"Kooistra.com BV\",\"alternateName\":\"Restpartij opkopers\",\"url\":\"https:\\\/\\\/kooistra.com\\\/\",\"logo\":{\"@type\":\"ImageObject\",\"inLanguage\":\"de\",\"@id\":\"https:\\\/\\\/kooistra.com\\\/#\\\/schema\\\/logo\\\/image\\\/\",\"url\":\"https:\\\/\\\/kooistra.com\\\/wp-content\\\/uploads\\\/2024\\\/11\\\/logo-Kooistra.com-nieuw-2024-kopie.png\",\"contentUrl\":\"https:\\\/\\\/kooistra.com\\\/wp-content\\\/uploads\\\/2024\\\/11\\\/logo-Kooistra.com-nieuw-2024-kopie.png\",\"width\":3000,\"height\":1240,\"caption\":\"Kooistra.com BV\"},\"image\":{\"@id\":\"https:\\\/\\\/kooistra.com\\\/#\\\/schema\\\/logo\\\/image\\\/\"},\"sameAs\":[\"https:\\\/\\\/www.facebook.com\\\/kooistracom\\\/?locale=nl_NL\",\"https:\\\/\\\/nl.linkedin.com\\\/company\\\/kooistra-com-b.v.\"]}]}<\/script>\n<!-- \/ Yoast SEO plugin. -->","yoast_head_json":{"title":"Hausschuhe - Gr\u00f6\u00dfe 36 bis 40 - 8 Farben - Kooistra.com - Aufk\u00e4ufer und Verk\u00e4ufer von Restposten","robots":{"index":"index","follow":"follow","max-snippet":"max-snippet:-1","max-image-preview":"max-image-preview:large","max-video-preview":"max-video-preview:-1"},"canonical":"https:\/\/kooistra.com\/de\/produkt\/warme-hausschuhe-grose-36-bis-40-8-stuck\/","og_locale":"de_DE","og_type":"article","og_title":"Huisslippers - Maat 36 t\/m 40 - 8 kleuren - Kooistra.com - Opkoper en verkoper restpartijen","og_description":"Maten: 36 tot 40 (gecombineerd)   Materiaal: 100% Polyester    Kleuren: rood, marineblauw, fuchsia, bordeauxrood, paars, donkerpaars, zwart en bruin.","og_url":"https:\/\/kooistra.com\/de\/produkt\/warme-hausschuhe-grose-36-bis-40-8-stuck\/","og_site_name":"Kooistra.com - Opkoper en verkoper restpartijen","article_publisher":"https:\/\/www.facebook.com\/kooistracom\/?locale=nl_NL","article_modified_time":"2026-04-26T18:10:10+00:00","og_image":[{"width":1000,"height":1000,"url":"https:\/\/kooistra.com\/wp-content\/uploads\/2026\/04\/S8.jpg","type":"image\/jpeg"}],"twitter_card":"summary_large_image","twitter_misc":{"Gesch\u00e4tzte Lesezeit":"1\u00a0Minute"},"schema":{"@context":"https:\/\/schema.org","@graph":[{"@type":"WebPage","@id":"https:\/\/kooistra.com\/product\/warm-home-slipper-shoes-size-36-tm-40-8-ass\/","url":"https:\/\/kooistra.com\/product\/warm-home-slipper-shoes-size-36-tm-40-8-ass\/","name":"Hausschuhe - Gr\u00f6\u00dfe 36 bis 40 - 8 Farben - Kooistra.com - Aufk\u00e4ufer und Verk\u00e4ufer von Restposten","isPartOf":{"@id":"https:\/\/kooistra.com\/#website"},"primaryImageOfPage":{"@id":"https:\/\/kooistra.com\/product\/warm-home-slipper-shoes-size-36-tm-40-8-ass\/#primaryimage"},"image":{"@id":"https:\/\/kooistra.com\/product\/warm-home-slipper-shoes-size-36-tm-40-8-ass\/#primaryimage"},"thumbnailUrl":"https:\/\/kooistra.com\/wp-content\/uploads\/2026\/04\/S8.jpg","datePublished":"2026-04-25T11:13:02+00:00","dateModified":"2026-04-26T18:10:10+00:00","breadcrumb":{"@id":"https:\/\/kooistra.com\/product\/warm-home-slipper-shoes-size-36-tm-40-8-ass\/#breadcrumb"},"inLanguage":"de","potentialAction":[{"@type":"ReadAction","target":["https:\/\/kooistra.com\/product\/warm-home-slipper-shoes-size-36-tm-40-8-ass\/"]}]},{"@type":"ImageObject","inLanguage":"de","@id":"https:\/\/kooistra.com\/product\/warm-home-slipper-shoes-size-36-tm-40-8-ass\/#primaryimage","url":"https:\/\/kooistra.com\/wp-content\/uploads\/2026\/04\/S8.jpg","contentUrl":"https:\/\/kooistra.com\/wp-content\/uploads\/2026\/04\/S8.jpg","width":1000,"height":1000},{"@type":"BreadcrumbList","@id":"https:\/\/kooistra.com\/product\/warm-home-slipper-shoes-size-36-tm-40-8-ass\/#breadcrumb","itemListElement":[{"@type":"ListItem","position":1,"name":"Home","item":"https:\/\/kooistra.com\/"},{"@type":"ListItem","position":2,"name":"Webshop","item":"https:\/\/kooistra.com\/webshop\/"},{"@type":"ListItem","position":3,"name":"Huisslippers &#8211; Maat 36 t\/m 40 &#8211; 8 kleuren"}]},{"@type":"WebSite","@id":"https:\/\/kooistra.com\/#website","url":"https:\/\/kooistra.com\/","name":"Kooistra.com Partei Handel Reste","description":"Wir kaufen alle Ihre Best\u00e4nde. Chargen, Retouren, Restchargen und andere Best\u00e4nde.","publisher":{"@id":"https:\/\/kooistra.com\/#organization"},"alternateName":"Opkoper en verkoper restpartijen","potentialAction":[{"@type":"SearchAction","target":{"@type":"EntryPoint","urlTemplate":"https:\/\/kooistra.com\/?s={search_term_string}"},"query-input":{"@type":"PropertyValueSpecification","valueRequired":true,"valueName":"search_term_string"}}],"inLanguage":"de"},{"@type":"Organization","@id":"https:\/\/kooistra.com\/#organization","name":"Kooistra.com BV","alternateName":"Restpartij opkopers","url":"https:\/\/kooistra.com\/","logo":{"@type":"ImageObject","inLanguage":"de","@id":"https:\/\/kooistra.com\/#\/schema\/logo\/image\/","url":"https:\/\/kooistra.com\/wp-content\/uploads\/2024\/11\/logo-Kooistra.com-nieuw-2024-kopie.png","contentUrl":"https:\/\/kooistra.com\/wp-content\/uploads\/2024\/11\/logo-Kooistra.com-nieuw-2024-kopie.png","width":3000,"height":1240,"caption":"Kooistra.com BV"},"image":{"@id":"https:\/\/kooistra.com\/#\/schema\/logo\/image\/"},"sameAs":["https:\/\/www.facebook.com\/kooistracom\/?locale=nl_NL","https:\/\/nl.linkedin.com\/company\/kooistra-com-b.v."]}]}},"_links":{"self":[{"href":"https:\/\/kooistra.com\/de\/wp-json\/wp\/v2\/product\/91669","targetHints":{"allow":["GET"]}}],"collection":[{"href":"https:\/\/kooistra.com\/de\/wp-json\/wp\/v2\/product"}],"about":[{"href":"https:\/\/kooistra.com\/de\/wp-json\/wp\/v2\/types\/product"}],"wp:featuredmedia":[{"embeddable":true,"href":"https:\/\/kooistra.com\/de\/wp-json\/wp\/v2\/media\/91884"}],"wp:attachment":[{"href":"https:\/\/kooistra.com\/de\/wp-json\/wp\/v2\/media?parent=91669"}],"wp:term":[{"taxonomy":"product_brand","embeddable":true,"href":"https:\/\/kooistra.com\/de\/wp-json\/wp\/v2\/product_brand?post=91669"},{"taxonomy":"product_cat","embeddable":true,"href":"https:\/\/kooistra.com\/de\/wp-json\/wp\/v2\/product_cat?post=91669"},{"taxonomy":"product_tag","embeddable":true,"href":"https:\/\/kooistra.com\/de\/wp-json\/wp\/v2\/product_tag?post=91669"}],"curies":[{"name":"wp","href":"https:\/\/api.w.org\/{rel}","templated":true}]}}