{"id":91811,"date":"2026-04-28T08:45:04","date_gmt":"2026-04-28T07:45:04","guid":{"rendered":"https:\/\/kooistra.com\/product\/quentin-pillow-with-filling-grey-white-45x45cm-2\/"},"modified":"2026-04-29T09:49:56","modified_gmt":"2026-04-29T08:49:56","slug":"quentin-kissen-mit-fullung-grau-weis-45x45cm-2","status":"publish","type":"product","link":"https:\/\/kooistra.com\/de\/product\/quentin-pillow-with-filling-grey-white-45x45cm-2\/","title":{"rendered":"Quentin \u2013 Kussen mit F\u00fcllung Grau Wei\u00df 45x45cm"},"content":{"rendered":"<p><b data-path-to-node=\"1\" data-index-in-node=\"0\">Quentin Sierkussen \u2013 Grau Wei\u00df (45\u00d745 cm)<\/b> Bringen Sie sofort eine stilvolle und moderne Atmosph\u00e4re in Ihr Interieur mit dem Quentin Zierkissen. Dieses Kissen mit einem einzigartigen grauen geometrischen Muster auf wei\u00dfem Hintergrund ist die perfekte Art, ein Sofa oder einen Sessel auf einen Schlag einen zeitgem\u00e4\u00dfen und charaktervollen Look zu verleihen.<\/p>","protected":false},"excerpt":{"rendered":"<ul>\n<li><b data-path-to-node=\"2\" data-index-in-node=\"0\">Produkt<\/b> Sierkussen Quentin<\/li>\n<li><b data-path-to-node=\"2\" data-index-in-node=\"28\">Farbe:<\/b> Grau \/ Wei\u00df<\/li>\n<li><b data-path-to-node=\"2\" data-index-in-node=\"47\">Abmessungen:<\/b> 45 x 45 cm<\/li>\n<li><b data-path-to-node=\"2\" data-index-in-node=\"70\">Enth\u00e4lt:<\/b> Kissenf\u00fcllung<\/li>\n<\/ul>","protected":false},"featured_media":91912,"template":"","meta":[],"product_brand":[],"product_cat":[339],"product_tag":[],"class_list":{"0":"post-91811","1":"product","2":"type-product","3":"status-publish","4":"has-post-thumbnail","6":"product_cat-wonen-decoratie","8":"first","9":"instock","10":"taxable","11":"shipping-taxable","12":"product-type-simple"},"yoast_head":"<!-- This site is optimized with the Yoast SEO plugin v27.4 - https:\/\/yoast.com\/product\/yoast-seo-wordpress\/ -->\n<title>Quentin - Kussen met vulling grijs wit 45x45cm - Kooistra.com - Opkoper en verkoper restpartijen<\/title>\n<meta name=\"robots\" content=\"index, follow, max-snippet:-1, max-image-preview:large, max-video-preview:-1\" \/>\n<link rel=\"canonical\" href=\"https:\/\/kooistra.com\/de\/produkt\/quentin-kissen-mit-fullung-grau-weis-45x45cm-2\/\" \/>\n<meta property=\"og:locale\" content=\"de_DE\" \/>\n<meta property=\"og:type\" content=\"article\" \/>\n<meta property=\"og:title\" content=\"Quentin - Kussen met vulling grijs wit 45x45cm - Kooistra.com - Opkoper en verkoper restpartijen\" \/>\n<meta property=\"og:description\" content=\"Product: Sierkussen Quentin  Kleur: Grijs \/ Wit  Afmetingen: 45 x 45 cm  Inclusief: Binnen kussen (vulling)\" \/>\n<meta property=\"og:url\" content=\"https:\/\/kooistra.com\/de\/produkt\/quentin-kissen-mit-fullung-grau-weis-45x45cm-2\/\" \/>\n<meta property=\"og:site_name\" content=\"Kooistra.com - Opkoper en verkoper restpartijen\" \/>\n<meta property=\"article:publisher\" content=\"https:\/\/www.facebook.com\/kooistracom\/?locale=nl_NL\" \/>\n<meta property=\"article:modified_time\" content=\"2026-04-29T08:49:56+00:00\" \/>\n<meta property=\"og:image\" content=\"https:\/\/kooistra.com\/wp-content\/uploads\/2026\/04\/P3.jpg\" \/>\n\t<meta property=\"og:image:width\" content=\"1000\" \/>\n\t<meta property=\"og:image:height\" content=\"1000\" \/>\n\t<meta property=\"og:image:type\" content=\"image\/jpeg\" \/>\n<meta name=\"twitter:card\" content=\"summary_large_image\" \/>\n<meta name=\"twitter:label1\" content=\"Gesch\u00e4tzte Lesezeit\" \/>\n\t<meta name=\"twitter:data1\" content=\"1\u00a0Minute\" \/>\n<script type=\"application\/ld+json\" class=\"yoast-schema-graph\">{\"@context\":\"https:\\\/\\\/schema.org\",\"@graph\":[{\"@type\":\"WebPage\",\"@id\":\"https:\\\/\\\/kooistra.com\\\/product\\\/quentin-pillow-with-filling-grey-white-45x45cm-2\\\/\",\"url\":\"https:\\\/\\\/kooistra.com\\\/product\\\/quentin-pillow-with-filling-grey-white-45x45cm-2\\\/\",\"name\":\"Quentin - Kussen met vulling grijs wit 45x45cm - Kooistra.com - Opkoper en verkoper restpartijen\",\"isPartOf\":{\"@id\":\"https:\\\/\\\/kooistra.com\\\/#website\"},\"primaryImageOfPage\":{\"@id\":\"https:\\\/\\\/kooistra.com\\\/product\\\/quentin-pillow-with-filling-grey-white-45x45cm-2\\\/#primaryimage\"},\"image\":{\"@id\":\"https:\\\/\\\/kooistra.com\\\/product\\\/quentin-pillow-with-filling-grey-white-45x45cm-2\\\/#primaryimage\"},\"thumbnailUrl\":\"https:\\\/\\\/kooistra.com\\\/wp-content\\\/uploads\\\/2026\\\/04\\\/P3.jpg\",\"datePublished\":\"2026-04-28T07:45:04+00:00\",\"dateModified\":\"2026-04-29T08:49:56+00:00\",\"breadcrumb\":{\"@id\":\"https:\\\/\\\/kooistra.com\\\/product\\\/quentin-pillow-with-filling-grey-white-45x45cm-2\\\/#breadcrumb\"},\"inLanguage\":\"de\",\"potentialAction\":[{\"@type\":\"ReadAction\",\"target\":[\"https:\\\/\\\/kooistra.com\\\/product\\\/quentin-pillow-with-filling-grey-white-45x45cm-2\\\/\"]}]},{\"@type\":\"ImageObject\",\"inLanguage\":\"de\",\"@id\":\"https:\\\/\\\/kooistra.com\\\/product\\\/quentin-pillow-with-filling-grey-white-45x45cm-2\\\/#primaryimage\",\"url\":\"https:\\\/\\\/kooistra.com\\\/wp-content\\\/uploads\\\/2026\\\/04\\\/P3.jpg\",\"contentUrl\":\"https:\\\/\\\/kooistra.com\\\/wp-content\\\/uploads\\\/2026\\\/04\\\/P3.jpg\",\"width\":1000,\"height\":1000},{\"@type\":\"BreadcrumbList\",\"@id\":\"https:\\\/\\\/kooistra.com\\\/product\\\/quentin-pillow-with-filling-grey-white-45x45cm-2\\\/#breadcrumb\",\"itemListElement\":[{\"@type\":\"ListItem\",\"position\":1,\"name\":\"Home\",\"item\":\"https:\\\/\\\/kooistra.com\\\/\"},{\"@type\":\"ListItem\",\"position\":2,\"name\":\"Webshop\",\"item\":\"https:\\\/\\\/kooistra.com\\\/webshop\\\/\"},{\"@type\":\"ListItem\",\"position\":3,\"name\":\"Quentin &#8211; Kussen met vulling grijs wit 45x45cm\"}]},{\"@type\":\"WebSite\",\"@id\":\"https:\\\/\\\/kooistra.com\\\/#website\",\"url\":\"https:\\\/\\\/kooistra.com\\\/\",\"name\":\"Kooistra.com Partijhandel Restpartijen\",\"description\":\"Wij kopen al uw voorraad. Partijen, retouren, restpartijen en andere voorraden.\",\"publisher\":{\"@id\":\"https:\\\/\\\/kooistra.com\\\/#organization\"},\"alternateName\":\"Opkoper en verkoper restpartijen\",\"potentialAction\":[{\"@type\":\"SearchAction\",\"target\":{\"@type\":\"EntryPoint\",\"urlTemplate\":\"https:\\\/\\\/kooistra.com\\\/?s={search_term_string}\"},\"query-input\":{\"@type\":\"PropertyValueSpecification\",\"valueRequired\":true,\"valueName\":\"search_term_string\"}}],\"inLanguage\":\"de\"},{\"@type\":\"Organization\",\"@id\":\"https:\\\/\\\/kooistra.com\\\/#organization\",\"name\":\"Kooistra.com BV\",\"alternateName\":\"Restpartij opkopers\",\"url\":\"https:\\\/\\\/kooistra.com\\\/\",\"logo\":{\"@type\":\"ImageObject\",\"inLanguage\":\"de\",\"@id\":\"https:\\\/\\\/kooistra.com\\\/#\\\/schema\\\/logo\\\/image\\\/\",\"url\":\"https:\\\/\\\/kooistra.com\\\/wp-content\\\/uploads\\\/2024\\\/11\\\/logo-Kooistra.com-nieuw-2024-kopie.png\",\"contentUrl\":\"https:\\\/\\\/kooistra.com\\\/wp-content\\\/uploads\\\/2024\\\/11\\\/logo-Kooistra.com-nieuw-2024-kopie.png\",\"width\":3000,\"height\":1240,\"caption\":\"Kooistra.com BV\"},\"image\":{\"@id\":\"https:\\\/\\\/kooistra.com\\\/#\\\/schema\\\/logo\\\/image\\\/\"},\"sameAs\":[\"https:\\\/\\\/www.facebook.com\\\/kooistracom\\\/?locale=nl_NL\",\"https:\\\/\\\/nl.linkedin.com\\\/company\\\/kooistra-com-b.v.\"]}]}<\/script>\n<!-- \/ Yoast SEO plugin. -->","yoast_head_json":{"title":"Quentin - Kissen mit F\u00fcllung grau wei\u00df 45x45cm - Kooistra.com - Aufk\u00e4ufer und Verk\u00e4ufer von Restposten","robots":{"index":"index","follow":"follow","max-snippet":"max-snippet:-1","max-image-preview":"max-image-preview:large","max-video-preview":"max-video-preview:-1"},"canonical":"https:\/\/kooistra.com\/de\/produkt\/quentin-kissen-mit-fullung-grau-weis-45x45cm-2\/","og_locale":"de_DE","og_type":"article","og_title":"Quentin - Kussen met vulling grijs wit 45x45cm - Kooistra.com - Opkoper en verkoper restpartijen","og_description":"Product: Sierkussen Quentin  Kleur: Grijs \/ Wit  Afmetingen: 45 x 45 cm  Inclusief: Binnen kussen (vulling)","og_url":"https:\/\/kooistra.com\/de\/produkt\/quentin-kissen-mit-fullung-grau-weis-45x45cm-2\/","og_site_name":"Kooistra.com - Opkoper en verkoper restpartijen","article_publisher":"https:\/\/www.facebook.com\/kooistracom\/?locale=nl_NL","article_modified_time":"2026-04-29T08:49:56+00:00","og_image":[{"width":1000,"height":1000,"url":"https:\/\/kooistra.com\/wp-content\/uploads\/2026\/04\/P3.jpg","type":"image\/jpeg"}],"twitter_card":"summary_large_image","twitter_misc":{"Gesch\u00e4tzte Lesezeit":"1\u00a0Minute"},"schema":{"@context":"https:\/\/schema.org","@graph":[{"@type":"WebPage","@id":"https:\/\/kooistra.com\/product\/quentin-pillow-with-filling-grey-white-45x45cm-2\/","url":"https:\/\/kooistra.com\/product\/quentin-pillow-with-filling-grey-white-45x45cm-2\/","name":"Quentin - Kissen mit F\u00fcllung grau wei\u00df 45x45cm - Kooistra.com - Aufk\u00e4ufer und Verk\u00e4ufer von Restposten","isPartOf":{"@id":"https:\/\/kooistra.com\/#website"},"primaryImageOfPage":{"@id":"https:\/\/kooistra.com\/product\/quentin-pillow-with-filling-grey-white-45x45cm-2\/#primaryimage"},"image":{"@id":"https:\/\/kooistra.com\/product\/quentin-pillow-with-filling-grey-white-45x45cm-2\/#primaryimage"},"thumbnailUrl":"https:\/\/kooistra.com\/wp-content\/uploads\/2026\/04\/P3.jpg","datePublished":"2026-04-28T07:45:04+00:00","dateModified":"2026-04-29T08:49:56+00:00","breadcrumb":{"@id":"https:\/\/kooistra.com\/product\/quentin-pillow-with-filling-grey-white-45x45cm-2\/#breadcrumb"},"inLanguage":"de","potentialAction":[{"@type":"ReadAction","target":["https:\/\/kooistra.com\/product\/quentin-pillow-with-filling-grey-white-45x45cm-2\/"]}]},{"@type":"ImageObject","inLanguage":"de","@id":"https:\/\/kooistra.com\/product\/quentin-pillow-with-filling-grey-white-45x45cm-2\/#primaryimage","url":"https:\/\/kooistra.com\/wp-content\/uploads\/2026\/04\/P3.jpg","contentUrl":"https:\/\/kooistra.com\/wp-content\/uploads\/2026\/04\/P3.jpg","width":1000,"height":1000},{"@type":"BreadcrumbList","@id":"https:\/\/kooistra.com\/product\/quentin-pillow-with-filling-grey-white-45x45cm-2\/#breadcrumb","itemListElement":[{"@type":"ListItem","position":1,"name":"Home","item":"https:\/\/kooistra.com\/"},{"@type":"ListItem","position":2,"name":"Webshop","item":"https:\/\/kooistra.com\/webshop\/"},{"@type":"ListItem","position":3,"name":"Quentin &#8211; Kussen met vulling grijs wit 45x45cm"}]},{"@type":"WebSite","@id":"https:\/\/kooistra.com\/#website","url":"https:\/\/kooistra.com\/","name":"Kooistra.com Partei Handel Reste","description":"Wir kaufen alle Ihre Best\u00e4nde. Chargen, Retouren, Restchargen und andere Best\u00e4nde.","publisher":{"@id":"https:\/\/kooistra.com\/#organization"},"alternateName":"Opkoper en verkoper restpartijen","potentialAction":[{"@type":"SearchAction","target":{"@type":"EntryPoint","urlTemplate":"https:\/\/kooistra.com\/?s={search_term_string}"},"query-input":{"@type":"PropertyValueSpecification","valueRequired":true,"valueName":"search_term_string"}}],"inLanguage":"de"},{"@type":"Organization","@id":"https:\/\/kooistra.com\/#organization","name":"Kooistra.com BV","alternateName":"Restpartij opkopers","url":"https:\/\/kooistra.com\/","logo":{"@type":"ImageObject","inLanguage":"de","@id":"https:\/\/kooistra.com\/#\/schema\/logo\/image\/","url":"https:\/\/kooistra.com\/wp-content\/uploads\/2024\/11\/logo-Kooistra.com-nieuw-2024-kopie.png","contentUrl":"https:\/\/kooistra.com\/wp-content\/uploads\/2024\/11\/logo-Kooistra.com-nieuw-2024-kopie.png","width":3000,"height":1240,"caption":"Kooistra.com BV"},"image":{"@id":"https:\/\/kooistra.com\/#\/schema\/logo\/image\/"},"sameAs":["https:\/\/www.facebook.com\/kooistracom\/?locale=nl_NL","https:\/\/nl.linkedin.com\/company\/kooistra-com-b.v."]}]}},"_links":{"self":[{"href":"https:\/\/kooistra.com\/de\/wp-json\/wp\/v2\/product\/91811","targetHints":{"allow":["GET"]}}],"collection":[{"href":"https:\/\/kooistra.com\/de\/wp-json\/wp\/v2\/product"}],"about":[{"href":"https:\/\/kooistra.com\/de\/wp-json\/wp\/v2\/types\/product"}],"wp:featuredmedia":[{"embeddable":true,"href":"https:\/\/kooistra.com\/de\/wp-json\/wp\/v2\/media\/91912"}],"wp:attachment":[{"href":"https:\/\/kooistra.com\/de\/wp-json\/wp\/v2\/media?parent=91811"}],"wp:term":[{"taxonomy":"product_brand","embeddable":true,"href":"https:\/\/kooistra.com\/de\/wp-json\/wp\/v2\/product_brand?post=91811"},{"taxonomy":"product_cat","embeddable":true,"href":"https:\/\/kooistra.com\/de\/wp-json\/wp\/v2\/product_cat?post=91811"},{"taxonomy":"product_tag","embeddable":true,"href":"https:\/\/kooistra.com\/de\/wp-json\/wp\/v2\/product_tag?post=91811"}],"curies":[{"name":"wp","href":"https:\/\/api.w.org\/{rel}","templated":true}]}}