{"id":92078,"date":"2026-05-04T10:16:41","date_gmt":"2026-05-04T09:16:41","guid":{"rendered":"https:\/\/kooistra.com\/product\/wonderworld-motor-skills-frame-circus-beads-30x26x25cm\/"},"modified":"2026-05-04T14:48:19","modified_gmt":"2026-05-04T13:48:19","slug":"wunderwelt-motorikgestell-zirkus-perlen-30x26x25cm","status":"publish","type":"product","link":"https:\/\/kooistra.com\/de\/product\/wonderworld-motor-skills-frame-circus-beads-30x26x25cm\/","title":{"rendered":"Wonderworld \u2013 Motorikspielzeug Zirkus Perlen \u2013 30x26x25cm"},"content":{"rendered":"<p>Betreten Sie die fr\u00f6hliche Welt des Zirkus mit diesem interaktiven Wunderwelt-Zirkus-Perlenrahmen. Dieses bunte Holzspielzeug wurde entwickelt, um die Sinne Ihres Kindes zu stimulieren und die Feinmotorik spielerisch zu entwickeln. Schieben Sie die verschiedenen Perlen, Sterne und den Fu\u00dfball \u00fcber die gewundenen Metallbahnen und helfen Sie dem \u00c4ffchen auf seinem Einrad durch die Manege!<\/p>","protected":false},"excerpt":{"rendered":"<ul>\n<li>\n<p data-path-to-node=\"3,0,0\"><b data-path-to-node=\"3,0,0\" data-index-in-node=\"0\">Marke:<\/b> Wunderwelt<\/p>\n<\/li>\n<li>\n<p data-path-to-node=\"3,1,0\"><b data-path-to-node=\"3,1,0\" data-index-in-node=\"0\">Thema:<\/b> Zirkus<\/p>\n<\/li>\n<li>\n<p data-path-to-node=\"3,3,0\"><b data-path-to-node=\"3,3,0\" data-index-in-node=\"0\">Material:<\/b> Hochwertiges Holz und stabile Metallrahmen<\/p>\n<\/li>\n<li>\n<p data-path-to-node=\"3,4,0\"><b data-path-to-node=\"3,4,0\" data-index-in-node=\"0\">Entwicklung.<\/b> F\u00f6rdert die Hand-Auge-Koordination, die Formerkennung und die Feinmotorik<\/p>\n<\/li>\n<li>\n<p data-path-to-node=\"3,5,0\"><b data-path-to-node=\"3,5,0\" data-index-in-node=\"0\">Merkmale:<\/b> Einschlie\u00dflich eines sich bewegenden \u00c4ffchens auf einem Fahrrad und diversen bunten Perlen<\/p>\n<\/li>\n<li>\n<p data-path-to-node=\"3,6,0\"><b data-path-to-node=\"3,6,0\" data-index-in-node=\"0\">Alter:<\/b> Ab 18 Monaten<\/p>\n<\/li>\n<\/ul>","protected":false},"featured_media":92101,"template":"","meta":[],"product_brand":[],"product_cat":[334],"product_tag":[5149,5151,5145,5150,4908,4931,5148,5147,5152,4932,5153,5146,5144,5143,5142],"class_list":{"0":"post-92078","1":"product","2":"type-product","3":"status-publish","4":"has-post-thumbnail","6":"product_cat-speelgoed","7":"product_tag-babyspeelgoed","8":"product_tag-circus-kralen","9":"product_tag-circusspeelgoed","10":"product_tag-dreumes-speelgoed","11":"product_tag-duurzaam-speelgoed","12":"product_tag-educatief-speelgoed","13":"product_tag-fijne-motoriek","14":"product_tag-hand-oogcoordinatie","15":"product_tag-houten-motoriekframe","16":"product_tag-houten-speelgoed","17":"product_tag-kraamcadeau","18":"product_tag-kralenbaan","19":"product_tag-kralenframe","20":"product_tag-motoriekframe","21":"product_tag-wonderworld","23":"first","24":"instock","25":"taxable","26":"shipping-taxable","27":"product-type-simple"},"yoast_head":"<!-- This site is optimized with the Yoast SEO plugin v27.4 - https:\/\/yoast.com\/product\/yoast-seo-wordpress\/ -->\n<title>Wonderworld - Motoriekframe Circus kralen - 30x26x25cm - Kooistra.com - Opkoper en verkoper restpartijen<\/title>\n<meta name=\"robots\" content=\"index, follow, max-snippet:-1, max-image-preview:large, max-video-preview:-1\" \/>\n<link rel=\"canonical\" href=\"https:\/\/kooistra.com\/de\/produkt\/wunderwelt-motorikgestell-zirkus-perlen-30x26x25cm\/\" \/>\n<meta property=\"og:locale\" content=\"de_DE\" \/>\n<meta property=\"og:type\" content=\"article\" \/>\n<meta property=\"og:title\" content=\"Wonderworld - Motoriekframe Circus kralen - 30x26x25cm - Kooistra.com - Opkoper en verkoper restpartijen\" \/>\n<meta property=\"og:description\" content=\"Merk: Wonderworld    Thema: Circus    Materiaal: Hoogwaardig hout en stevige metalen frames    Ontwikkeling: Stimuleert de hand-oogco\u00f6rdinatie, vormherkenning en fijne motoriek    Kenmerken: Inclusief een bewegend aapje op een fietsje en diverse kleurrijke kralen    Leeftijd: Vanaf 18 maanden\" \/>\n<meta property=\"og:url\" content=\"https:\/\/kooistra.com\/de\/produkt\/wunderwelt-motorikgestell-zirkus-perlen-30x26x25cm\/\" \/>\n<meta property=\"og:site_name\" content=\"Kooistra.com - Opkoper en verkoper restpartijen\" \/>\n<meta property=\"article:publisher\" content=\"https:\/\/www.facebook.com\/kooistracom\/?locale=nl_NL\" \/>\n<meta property=\"article:modified_time\" content=\"2026-05-04T13:48:19+00:00\" \/>\n<meta property=\"og:image\" content=\"https:\/\/kooistra.com\/wp-content\/uploads\/2026\/05\/Toy1.jpg\" \/>\n\t<meta property=\"og:image:width\" content=\"1000\" \/>\n\t<meta property=\"og:image:height\" content=\"1000\" \/>\n\t<meta property=\"og:image:type\" content=\"image\/jpeg\" \/>\n<meta name=\"twitter:card\" content=\"summary_large_image\" \/>\n<meta name=\"twitter:label1\" content=\"Gesch\u00e4tzte Lesezeit\" \/>\n\t<meta name=\"twitter:data1\" content=\"1\u00a0Minute\" \/>\n<script type=\"application\/ld+json\" class=\"yoast-schema-graph\">{\"@context\":\"https:\\\/\\\/schema.org\",\"@graph\":[{\"@type\":\"WebPage\",\"@id\":\"https:\\\/\\\/kooistra.com\\\/product\\\/wonderworld-motor-skills-frame-circus-beads-30x26x25cm\\\/\",\"url\":\"https:\\\/\\\/kooistra.com\\\/product\\\/wonderworld-motor-skills-frame-circus-beads-30x26x25cm\\\/\",\"name\":\"Wonderworld - Motoriekframe Circus kralen - 30x26x25cm - Kooistra.com - Opkoper en verkoper restpartijen\",\"isPartOf\":{\"@id\":\"https:\\\/\\\/kooistra.com\\\/#website\"},\"primaryImageOfPage\":{\"@id\":\"https:\\\/\\\/kooistra.com\\\/product\\\/wonderworld-motor-skills-frame-circus-beads-30x26x25cm\\\/#primaryimage\"},\"image\":{\"@id\":\"https:\\\/\\\/kooistra.com\\\/product\\\/wonderworld-motor-skills-frame-circus-beads-30x26x25cm\\\/#primaryimage\"},\"thumbnailUrl\":\"https:\\\/\\\/kooistra.com\\\/wp-content\\\/uploads\\\/2026\\\/05\\\/Toy1.jpg\",\"datePublished\":\"2026-05-04T09:16:41+00:00\",\"dateModified\":\"2026-05-04T13:48:19+00:00\",\"breadcrumb\":{\"@id\":\"https:\\\/\\\/kooistra.com\\\/product\\\/wonderworld-motor-skills-frame-circus-beads-30x26x25cm\\\/#breadcrumb\"},\"inLanguage\":\"de\",\"potentialAction\":[{\"@type\":\"ReadAction\",\"target\":[\"https:\\\/\\\/kooistra.com\\\/product\\\/wonderworld-motor-skills-frame-circus-beads-30x26x25cm\\\/\"]}]},{\"@type\":\"ImageObject\",\"inLanguage\":\"de\",\"@id\":\"https:\\\/\\\/kooistra.com\\\/product\\\/wonderworld-motor-skills-frame-circus-beads-30x26x25cm\\\/#primaryimage\",\"url\":\"https:\\\/\\\/kooistra.com\\\/wp-content\\\/uploads\\\/2026\\\/05\\\/Toy1.jpg\",\"contentUrl\":\"https:\\\/\\\/kooistra.com\\\/wp-content\\\/uploads\\\/2026\\\/05\\\/Toy1.jpg\",\"width\":1000,\"height\":1000},{\"@type\":\"BreadcrumbList\",\"@id\":\"https:\\\/\\\/kooistra.com\\\/product\\\/wonderworld-motor-skills-frame-circus-beads-30x26x25cm\\\/#breadcrumb\",\"itemListElement\":[{\"@type\":\"ListItem\",\"position\":1,\"name\":\"Home\",\"item\":\"https:\\\/\\\/kooistra.com\\\/\"},{\"@type\":\"ListItem\",\"position\":2,\"name\":\"Webshop\",\"item\":\"https:\\\/\\\/kooistra.com\\\/webshop\\\/\"},{\"@type\":\"ListItem\",\"position\":3,\"name\":\"Wonderworld &#8211; Motoriekframe Circus kralen &#8211; 30x26x25cm\"}]},{\"@type\":\"WebSite\",\"@id\":\"https:\\\/\\\/kooistra.com\\\/#website\",\"url\":\"https:\\\/\\\/kooistra.com\\\/\",\"name\":\"Kooistra.com Partijhandel Restpartijen\",\"description\":\"Wij kopen al uw voorraad. Partijen, retouren, restpartijen en andere voorraden.\",\"publisher\":{\"@id\":\"https:\\\/\\\/kooistra.com\\\/#organization\"},\"alternateName\":\"Opkoper en verkoper restpartijen\",\"potentialAction\":[{\"@type\":\"SearchAction\",\"target\":{\"@type\":\"EntryPoint\",\"urlTemplate\":\"https:\\\/\\\/kooistra.com\\\/?s={search_term_string}\"},\"query-input\":{\"@type\":\"PropertyValueSpecification\",\"valueRequired\":true,\"valueName\":\"search_term_string\"}}],\"inLanguage\":\"de\"},{\"@type\":\"Organization\",\"@id\":\"https:\\\/\\\/kooistra.com\\\/#organization\",\"name\":\"Kooistra.com BV\",\"alternateName\":\"Restpartij opkopers\",\"url\":\"https:\\\/\\\/kooistra.com\\\/\",\"logo\":{\"@type\":\"ImageObject\",\"inLanguage\":\"de\",\"@id\":\"https:\\\/\\\/kooistra.com\\\/#\\\/schema\\\/logo\\\/image\\\/\",\"url\":\"https:\\\/\\\/kooistra.com\\\/wp-content\\\/uploads\\\/2024\\\/11\\\/logo-Kooistra.com-nieuw-2024-kopie.png\",\"contentUrl\":\"https:\\\/\\\/kooistra.com\\\/wp-content\\\/uploads\\\/2024\\\/11\\\/logo-Kooistra.com-nieuw-2024-kopie.png\",\"width\":3000,\"height\":1240,\"caption\":\"Kooistra.com BV\"},\"image\":{\"@id\":\"https:\\\/\\\/kooistra.com\\\/#\\\/schema\\\/logo\\\/image\\\/\"},\"sameAs\":[\"https:\\\/\\\/www.facebook.com\\\/kooistracom\\\/?locale=nl_NL\",\"https:\\\/\\\/nl.linkedin.com\\\/company\\\/kooistra-com-b.v.\"]}]}<\/script>\n<!-- \/ Yoast SEO plugin. -->","yoast_head_json":{"title":"Wonderwereld - Motoriekringloop Kermis Kralen - 30x26x25cm - Kooistra.com - Aufk\u00e4ufer und Verk\u00e4ufer von Restposten","robots":{"index":"index","follow":"follow","max-snippet":"max-snippet:-1","max-image-preview":"max-image-preview:large","max-video-preview":"max-video-preview:-1"},"canonical":"https:\/\/kooistra.com\/de\/produkt\/wunderwelt-motorikgestell-zirkus-perlen-30x26x25cm\/","og_locale":"de_DE","og_type":"article","og_title":"Wonderworld - Motoriekframe Circus kralen - 30x26x25cm - Kooistra.com - Opkoper en verkoper restpartijen","og_description":"Merk: Wonderworld    Thema: Circus    Materiaal: Hoogwaardig hout en stevige metalen frames    Ontwikkeling: Stimuleert de hand-oogco\u00f6rdinatie, vormherkenning en fijne motoriek    Kenmerken: Inclusief een bewegend aapje op een fietsje en diverse kleurrijke kralen    Leeftijd: Vanaf 18 maanden","og_url":"https:\/\/kooistra.com\/de\/produkt\/wunderwelt-motorikgestell-zirkus-perlen-30x26x25cm\/","og_site_name":"Kooistra.com - Opkoper en verkoper restpartijen","article_publisher":"https:\/\/www.facebook.com\/kooistracom\/?locale=nl_NL","article_modified_time":"2026-05-04T13:48:19+00:00","og_image":[{"width":1000,"height":1000,"url":"https:\/\/kooistra.com\/wp-content\/uploads\/2026\/05\/Toy1.jpg","type":"image\/jpeg"}],"twitter_card":"summary_large_image","twitter_misc":{"Gesch\u00e4tzte Lesezeit":"1\u00a0Minute"},"schema":{"@context":"https:\/\/schema.org","@graph":[{"@type":"WebPage","@id":"https:\/\/kooistra.com\/product\/wonderworld-motor-skills-frame-circus-beads-30x26x25cm\/","url":"https:\/\/kooistra.com\/product\/wonderworld-motor-skills-frame-circus-beads-30x26x25cm\/","name":"Wonderwereld - Motoriekringloop Kermis Kralen - 30x26x25cm - Kooistra.com - Aufk\u00e4ufer und Verk\u00e4ufer von Restposten","isPartOf":{"@id":"https:\/\/kooistra.com\/#website"},"primaryImageOfPage":{"@id":"https:\/\/kooistra.com\/product\/wonderworld-motor-skills-frame-circus-beads-30x26x25cm\/#primaryimage"},"image":{"@id":"https:\/\/kooistra.com\/product\/wonderworld-motor-skills-frame-circus-beads-30x26x25cm\/#primaryimage"},"thumbnailUrl":"https:\/\/kooistra.com\/wp-content\/uploads\/2026\/05\/Toy1.jpg","datePublished":"2026-05-04T09:16:41+00:00","dateModified":"2026-05-04T13:48:19+00:00","breadcrumb":{"@id":"https:\/\/kooistra.com\/product\/wonderworld-motor-skills-frame-circus-beads-30x26x25cm\/#breadcrumb"},"inLanguage":"de","potentialAction":[{"@type":"ReadAction","target":["https:\/\/kooistra.com\/product\/wonderworld-motor-skills-frame-circus-beads-30x26x25cm\/"]}]},{"@type":"ImageObject","inLanguage":"de","@id":"https:\/\/kooistra.com\/product\/wonderworld-motor-skills-frame-circus-beads-30x26x25cm\/#primaryimage","url":"https:\/\/kooistra.com\/wp-content\/uploads\/2026\/05\/Toy1.jpg","contentUrl":"https:\/\/kooistra.com\/wp-content\/uploads\/2026\/05\/Toy1.jpg","width":1000,"height":1000},{"@type":"BreadcrumbList","@id":"https:\/\/kooistra.com\/product\/wonderworld-motor-skills-frame-circus-beads-30x26x25cm\/#breadcrumb","itemListElement":[{"@type":"ListItem","position":1,"name":"Home","item":"https:\/\/kooistra.com\/"},{"@type":"ListItem","position":2,"name":"Webshop","item":"https:\/\/kooistra.com\/webshop\/"},{"@type":"ListItem","position":3,"name":"Wonderworld &#8211; Motoriekframe Circus kralen &#8211; 30x26x25cm"}]},{"@type":"WebSite","@id":"https:\/\/kooistra.com\/#website","url":"https:\/\/kooistra.com\/","name":"Kooistra.com Partei Handel Reste","description":"Wir kaufen alle Ihre Best\u00e4nde. Chargen, Retouren, Restchargen und andere Best\u00e4nde.","publisher":{"@id":"https:\/\/kooistra.com\/#organization"},"alternateName":"Opkoper en verkoper restpartijen","potentialAction":[{"@type":"SearchAction","target":{"@type":"EntryPoint","urlTemplate":"https:\/\/kooistra.com\/?s={search_term_string}"},"query-input":{"@type":"PropertyValueSpecification","valueRequired":true,"valueName":"search_term_string"}}],"inLanguage":"de"},{"@type":"Organization","@id":"https:\/\/kooistra.com\/#organization","name":"Kooistra.com BV","alternateName":"Restpartij opkopers","url":"https:\/\/kooistra.com\/","logo":{"@type":"ImageObject","inLanguage":"de","@id":"https:\/\/kooistra.com\/#\/schema\/logo\/image\/","url":"https:\/\/kooistra.com\/wp-content\/uploads\/2024\/11\/logo-Kooistra.com-nieuw-2024-kopie.png","contentUrl":"https:\/\/kooistra.com\/wp-content\/uploads\/2024\/11\/logo-Kooistra.com-nieuw-2024-kopie.png","width":3000,"height":1240,"caption":"Kooistra.com BV"},"image":{"@id":"https:\/\/kooistra.com\/#\/schema\/logo\/image\/"},"sameAs":["https:\/\/www.facebook.com\/kooistracom\/?locale=nl_NL","https:\/\/nl.linkedin.com\/company\/kooistra-com-b.v."]}]}},"_links":{"self":[{"href":"https:\/\/kooistra.com\/de\/wp-json\/wp\/v2\/product\/92078","targetHints":{"allow":["GET"]}}],"collection":[{"href":"https:\/\/kooistra.com\/de\/wp-json\/wp\/v2\/product"}],"about":[{"href":"https:\/\/kooistra.com\/de\/wp-json\/wp\/v2\/types\/product"}],"wp:featuredmedia":[{"embeddable":true,"href":"https:\/\/kooistra.com\/de\/wp-json\/wp\/v2\/media\/92101"}],"wp:attachment":[{"href":"https:\/\/kooistra.com\/de\/wp-json\/wp\/v2\/media?parent=92078"}],"wp:term":[{"taxonomy":"product_brand","embeddable":true,"href":"https:\/\/kooistra.com\/de\/wp-json\/wp\/v2\/product_brand?post=92078"},{"taxonomy":"product_cat","embeddable":true,"href":"https:\/\/kooistra.com\/de\/wp-json\/wp\/v2\/product_cat?post=92078"},{"taxonomy":"product_tag","embeddable":true,"href":"https:\/\/kooistra.com\/de\/wp-json\/wp\/v2\/product_tag?post=92078"}],"curies":[{"name":"wp","href":"https:\/\/api.w.org\/{rel}","templated":true}]}}